{"id":413,"date":"2020-04-15T18:32:17","date_gmt":"2020-04-15T16:32:17","guid":{"rendered":"http:\/\/blocs.xtec.cat\/escolabages6e\/?page_id=413"},"modified":"2020-07-29T18:05:46","modified_gmt":"2020-07-29T16:05:46","slug":"english-3","status":"publish","type":"page","link":"https:\/\/agora.xtec.cat\/ceip-bages\/arees\/english-3\/","title":{"rendered":"ENGLISH"},"content":{"rendered":"<h2 class=\"entry-title\">JA TENIM EL CODI DELS LLIBRES D\u2019ANGL\u00c8S!<\/h2>\n<p>&nbsp;<\/p>\n<p>Bon dia!!!<\/p>\n<p>Finalment ja tenim el codi per poder accedir als llibres!<\/p>\n<p>Registra\u2019t a Blink Learning des d\u2019aquest enlla\u00e7:<\/p>\n<p><a href=\"https:\/\/www.blinklearning.com\/home\">https:\/\/www.blinklearning.com\/home<\/a><\/p>\n<ul>\n<li>Un cop dins introdueix el codi : CL27246155 a l\u2019espai senyalat en groc a la imatge. Escriu les tev\u00e9s dades personals i la contrasenya que tu vulguis.<\/li>\n<li>Ara ja et podr\u00e9 acceptar i ja tindr\u00e0s acc\u00e9s als llibres i altres recursos.<\/li>\n<\/ul>\n<p>Recorda que el dilluns al mat\u00ed ja comen\u00e7arem les activitats! Per qualsevol cosa, escriu-me un correu. \u00a0Bon cap de semana a tothom!<\/p>\n<p>Marta G.<\/p>\n<p>&nbsp;<\/p>\n<p style=\"text-align: center;\"><strong>WELCOME EVERYBODY!<\/strong><\/p>\n<p style=\"text-align: justify;\">Hola nois i noies! Espero que tots i totes estigueu s\u00faper b\u00e9! Ara us explicar\u00e9 com enfocarem aquest 3r trimestre tan especial. Mireu, hem decidit, juntament amb 5\u00e8, seguir treballant amb el llibre de classe \u201c<strong>EXPLORERS<\/strong>\u201d, \u00a0ja que pensem que \u00e9s la millor manera de complimentar els objectius del curs d\u2019una manera estructurada. D\u2019aquesta manera per a vosaltres tamb\u00e9 ser\u00e0 m\u00e9s senzill , ja que esteu molt familiaritzats amb aquest format. De cada tema podrem afegir material de suport que us ajudin a entendre els continguts (v\u00eddeos, jocs, \u00a0diccionaris\u2026). L\u2019editorial ens facilitar\u00e0 llic\u00e8ncies gratu\u00eftes per a tots vosaltres. Tan aviat com tinguem el codi per entrar us ho farem saber. El llibre, per\u00f2, no \u00e9s interactiu, \u00e9s a dir, no podreu fer els exercicis de l\u2019Activity Book on line. Podreu triar dues maneres de presentar la feina:<\/p>\n<ul>\n<li>Fer els exercicis programats a l\u2019<strong>Activity Book<\/strong> , fer una captura de pantalla i penjar-la al google classroom o enviar-la al meu correu (si no podeu disposar de massa estona a l\u2019ordinador).<\/li>\n<li>Fer els <strong>exercicis al google classroom<\/strong> (si podeu disposar de m\u00e9s estona)<\/li>\n<\/ul>\n<p style=\"text-align: justify;\">Aix\u00ed doncs, cada <strong>dilluns<\/strong> rebreu les activitats que haureu de fer durant la setmana i que hauran de ser lliurades com a m\u00e0xim el <strong>dilluns seg\u00fcent<\/strong>. Us deixo el meu correu per si em voleu enviar la feina, plantejar preguntes, suggeriments o qualsevol problema que pugui sorgir.<\/p>\n<p style=\"text-align: justify;\">Us animo a treballar amb esfor\u00e7\u00a0 i alegria. Ja sabeu que quan voleu ho feu molt b\u00e9!<\/p>\n<p style=\"text-align: justify;\">Una abra\u00e7ada! Estem en contacte!<\/p>\n<p style=\"text-align: justify;\">El meu e-mail \u00e9s: <a href=\"mailto:marta.guitart@escolabages.cat\">marta.guitart@escolabages.cat<\/a><\/p>\n<p style=\"text-align: justify;\">Marta G.<\/p>\n","protected":false},"excerpt":{"rendered":"<p>JA TENIM EL CODI DELS LLIBRES D\u2019ANGL\u00c8S!<br \/>\n&nbsp;<br \/>\nBon dia!!!<br \/>\nFinalment ja tenim el codi per poder accedir als llibres!<br \/>\nRegistra\u2019t a Blink Learning des d\u2019aquest enlla\u00e7:<br \/>\n<a href=\"https:\/\/www.blinklearning.com\/home\">https:\/\/www.blinklearning.com\/home<\/a><\/p>\n<ul>\n<li>Un cop dins introdueix el codi : CL27246155 a l\u2019espai senyalat en groc a la imatge. Escriu les tev\u00e9s dades personals i&hellip;  <a href=\"https:\/\/agora.xtec.cat\/ceip-bages\/arees\/english-3\/\" title=\"Read ENGLISH\">Llegeix m\u00e9s\u00bb<\/a><br \/>\n","protected":false},"author":1,"featured_media":0,"parent":42,"menu_order":30,"comment_status":"closed","ping_status":"closed","template":"page-templates\/side-menu.php","meta":{"_bbp_topic_count":0,"_bbp_reply_count":0,"_bbp_total_topic_count":0,"_bbp_total_reply_count":0,"_bbp_voice_count":0,"_bbp_anonymous_reply_count":0,"_bbp_topic_count_hidden":0,"_bbp_reply_count_hidden":0,"_bbp_forum_subforum_count":0,"footnotes":""},"class_list":["post-413","page","type-page","status-publish","hentry"],"post_mailing_queue_ids":[],"_links":{"self":[{"href":"https:\/\/agora.xtec.cat\/ceip-bages\/wp-json\/wp\/v2\/pages\/413","targetHints":{"allow":["GET"]}}],"collection":[{"href":"https:\/\/agora.xtec.cat\/ceip-bages\/wp-json\/wp\/v2\/pages"}],"about":[{"href":"https:\/\/agora.xtec.cat\/ceip-bages\/wp-json\/wp\/v2\/types\/page"}],"author":[{"embeddable":true,"href":"https:\/\/agora.xtec.cat\/ceip-bages\/wp-json\/wp\/v2\/users\/1"}],"replies":[{"embeddable":true,"href":"https:\/\/agora.xtec.cat\/ceip-bages\/wp-json\/wp\/v2\/comments?post=413"}],"version-history":[{"count":1,"href":"https:\/\/agora.xtec.cat\/ceip-bages\/wp-json\/wp\/v2\/pages\/413\/revisions"}],"predecessor-version":[{"id":1852,"href":"https:\/\/agora.xtec.cat\/ceip-bages\/wp-json\/wp\/v2\/pages\/413\/revisions\/1852"}],"up":[{"embeddable":true,"href":"https:\/\/agora.xtec.cat\/ceip-bages\/wp-json\/wp\/v2\/pages\/42"}],"wp:attachment":[{"href":"https:\/\/agora.xtec.cat\/ceip-bages\/wp-json\/wp\/v2\/media?parent=413"}],"curies":[{"name":"wp","href":"https:\/\/api.w.org\/{rel}","templated":true}]}}