{"id":20,"date":"2013-09-30T19:08:16","date_gmt":"2013-09-30T17:08:16","guid":{"rendered":"http:\/\/blocs.xtec.cat\/escolabages5e\/?page_id=20"},"modified":"2020-07-29T18:13:17","modified_gmt":"2020-07-29T16:13:17","slug":"disseny-amb-ordinador","status":"publish","type":"page","link":"https:\/\/agora.xtec.cat\/ceip-bages\/arees\/tallers\/disseny-amb-ordinador\/","title":{"rendered":"Disseny amb ordinador"},"content":{"rendered":"<p>Aqu\u00ed teniu l&#8217;enlla\u00e7 a algunes webs on trobareu informaci\u00f3 de Pablo Picasso.<\/p>\n<ul>\n<li><a href=\"http:\/\/www.xtec.cat\/~mmoron\/L'ARTdelsegleXXal'ESCOLA\/Artistes\/Picasso\/Obra.htm\" target=\"_blank\" rel=\"noopener noreferrer\"><span style=\"line-height: 16px;\">Obres i etapes.<\/span><\/a><\/li>\n<li><\/li>\n<\/ul>\n<p>[youtube]https:\/\/www.youtube.com\/watch?v=cF75sxtCXVM[\/youtube]<\/p>\n","protected":false},"excerpt":{"rendered":"<p>Aqu\u00ed teniu l&#8217;enlla\u00e7 a algunes webs on trobareu informaci\u00f3 de Pablo Picasso.<\/p>\n<ul>\n<li><a href=\"http:\/\/www.xtec.cat\/~mmoron\/L'ARTdelsegleXXal'ESCOLA\/Artistes\/Picasso\/Obra.htm\" target=\"_blank\" rel=\"noopener noreferrer\">Obres i etapes.<\/a><\/li>\n<li><\/li>\n<\/ul>\n<p>[youtube]https:\/\/www.youtube.com\/watch?v=cF75sxtCXVM[\/youtube]<\/p>\n","protected":false},"author":1,"featured_media":0,"parent":548,"menu_order":10,"comment_status":"closed","ping_status":"closed","template":"page-templates\/side-menu.php","meta":{"_bbp_topic_count":0,"_bbp_reply_count":0,"_bbp_total_topic_count":0,"_bbp_total_reply_count":0,"_bbp_voice_count":0,"_bbp_anonymous_reply_count":0,"_bbp_topic_count_hidden":0,"_bbp_reply_count_hidden":0,"_bbp_forum_subforum_count":0,"footnotes":""},"class_list":["post-20","page","type-page","status-publish","hentry"],"post_mailing_queue_ids":[],"_links":{"self":[{"href":"https:\/\/agora.xtec.cat\/ceip-bages\/wp-json\/wp\/v2\/pages\/20","targetHints":{"allow":["GET"]}}],"collection":[{"href":"https:\/\/agora.xtec.cat\/ceip-bages\/wp-json\/wp\/v2\/pages"}],"about":[{"href":"https:\/\/agora.xtec.cat\/ceip-bages\/wp-json\/wp\/v2\/types\/page"}],"author":[{"embeddable":true,"href":"https:\/\/agora.xtec.cat\/ceip-bages\/wp-json\/wp\/v2\/users\/1"}],"replies":[{"embeddable":true,"href":"https:\/\/agora.xtec.cat\/ceip-bages\/wp-json\/wp\/v2\/comments?post=20"}],"version-history":[{"count":1,"href":"https:\/\/agora.xtec.cat\/ceip-bages\/wp-json\/wp\/v2\/pages\/20\/revisions"}],"predecessor-version":[{"id":1844,"href":"https:\/\/agora.xtec.cat\/ceip-bages\/wp-json\/wp\/v2\/pages\/20\/revisions\/1844"}],"up":[{"embeddable":true,"href":"https:\/\/agora.xtec.cat\/ceip-bages\/wp-json\/wp\/v2\/pages\/548"}],"wp:attachment":[{"href":"https:\/\/agora.xtec.cat\/ceip-bages\/wp-json\/wp\/v2\/media?parent=20"}],"curies":[{"name":"wp","href":"https:\/\/api.w.org\/{rel}","templated":true}]}}