{"id":1733,"date":"2014-09-10T11:03:56","date_gmt":"2014-09-10T11:03:56","guid":{"rendered":"http:\/\/blocs.xtec.cat\/escolabages6e\/?page_id=129"},"modified":"2020-07-30T17:59:22","modified_gmt":"2020-07-30T15:59:22","slug":"castella-2","status":"publish","type":"page","link":"https:\/\/agora.xtec.cat\/ceip-bages\/arees\/castella-2\/","title":{"rendered":"CASTELL\u00c0"},"content":{"rendered":"<p style=\"text-align: center;\"><strong><span style=\"color: #ff0000;\">Atenci\u00f3 fam\u00edlies!<\/span><\/strong><\/p>\n<p>Adjuntem l&#8217;enlla\u00e7 del llibre digital utilitzat a castell\u00e0 per a que els i les alumnes hi puguin tenir acc\u00e9s:<\/p>\n<p><strong><a href=\"https:\/\/login.educamos.sm\/\" target=\"_blank\" rel=\"noopener noreferrer\">CASTELL\u00c0<\/a><\/strong><\/p>\n<p>Haureu d&#8217;introduir l&#8217;usuari: <strong>Bages.6e<\/strong>\u00a0 \/ Contrasenya: <strong>Bages.6e<\/strong><\/p>\n<p>&nbsp;<\/p>\n<p><code><iframe loading=\"lazy\" src=\"https:\/\/www.symbaloo.com\/embed\/castella6e5?bgcolor=000000\" width=\"750px\" height=\"600px\" name=\"_symFrame\" frameborder=\"0\"><\/iframe> <\/code><\/p>\n","protected":false},"excerpt":{"rendered":"<p>Atenci\u00f3 fam\u00edlies!<br \/>\nAdjuntem l&#8217;enlla\u00e7 del llibre digital utilitzat a castell\u00e0 per a que els i les alumnes hi puguin tenir acc\u00e9s:<br \/>\n<a href=\"https:\/\/login.educamos.sm\/\" target=\"_blank\" rel=\"noopener noreferrer\">CASTELL\u00c0<\/a><br \/>\nHaureu d&#8217;introduir l&#8217;usuari: Bages.6e\u00a0 \/ Contrasenya: Bages.6e<br \/>\n&nbsp;<\/p>\n","protected":false},"author":1,"featured_media":0,"parent":42,"menu_order":20,"comment_status":"open","ping_status":"open","template":"page-templates\/side-menu.php","meta":{"_bbp_topic_count":0,"_bbp_reply_count":0,"_bbp_total_topic_count":0,"_bbp_total_reply_count":0,"_bbp_voice_count":0,"_bbp_anonymous_reply_count":0,"_bbp_topic_count_hidden":0,"_bbp_reply_count_hidden":0,"_bbp_forum_subforum_count":0,"footnotes":""},"class_list":["post-1733","page","type-page","status-publish","hentry"],"post_mailing_queue_ids":[],"_links":{"self":[{"href":"https:\/\/agora.xtec.cat\/ceip-bages\/wp-json\/wp\/v2\/pages\/1733","targetHints":{"allow":["GET"]}}],"collection":[{"href":"https:\/\/agora.xtec.cat\/ceip-bages\/wp-json\/wp\/v2\/pages"}],"about":[{"href":"https:\/\/agora.xtec.cat\/ceip-bages\/wp-json\/wp\/v2\/types\/page"}],"author":[{"embeddable":true,"href":"https:\/\/agora.xtec.cat\/ceip-bages\/wp-json\/wp\/v2\/users\/1"}],"replies":[{"embeddable":true,"href":"https:\/\/agora.xtec.cat\/ceip-bages\/wp-json\/wp\/v2\/comments?post=1733"}],"version-history":[{"count":3,"href":"https:\/\/agora.xtec.cat\/ceip-bages\/wp-json\/wp\/v2\/pages\/1733\/revisions"}],"predecessor-version":[{"id":2064,"href":"https:\/\/agora.xtec.cat\/ceip-bages\/wp-json\/wp\/v2\/pages\/1733\/revisions\/2064"}],"up":[{"embeddable":true,"href":"https:\/\/agora.xtec.cat\/ceip-bages\/wp-json\/wp\/v2\/pages\/42"}],"wp:attachment":[{"href":"https:\/\/agora.xtec.cat\/ceip-bages\/wp-json\/wp\/v2\/media?parent=1733"}],"curies":[{"name":"wp","href":"https:\/\/api.w.org\/{rel}","templated":true}]}}