{"id":77,"date":"2014-09-18T14:05:08","date_gmt":"2014-09-18T13:05:08","guid":{"rendered":"http:\/\/agora.xtec.cat\/ceip-ausiasmarch-hospitalet\/?page_id=77"},"modified":"2025-11-17T18:39:48","modified_gmt":"2025-11-17T17:39:48","slug":"acollida","status":"publish","type":"page","link":"https:\/\/agora.xtec.cat\/ceip-ausiasmarch-hospitalet\/serveis\/acollida\/","title":{"rendered":"Acollida"},"content":{"rendered":"<p data-start=\"121\" data-end=\"263\"><strong data-start=\"121\" data-end=\"175\">Continua el servei d\u2019Acollida Matinal de 8 h a 9 h<\/strong>, que inclou esmorzar (llet amb cacau, cereals o galetes i fruita tallada de temporada).<\/p>\n<p data-start=\"265\" data-end=\"394\">El servei d\u2019acollida fix \u00e9s un servei mensual i es facturar\u00e0 el mes complet, independentment de si es produeixen faltes avisades.<\/p>\n<table style=\"border-collapse: collapse; width: 69.6149%; height: 144px;\">\n<tbody>\n<tr style=\"height: 46px;\">\n<td style=\"border-top: none; border-left: none; border-right: 1px solid #000000; border-bottom: 1px solid #000000; padding: 8px; width: 28.0556%; height: 46px;\"><\/td>\n<td style=\"border: 1px solid #000000; padding: 8px; width: 23.0103%; text-align: center; height: 46px;\"><strong>Horari 8:00-9:00h<\/strong><\/td>\n<td style=\"border: 1px solid #000000; padding: 8px; width: 27.4292%; text-align: center; height: 46px;\"><strong>Horari 8:30-9:00h<\/strong><\/td>\n<\/tr>\n<tr style=\"height: 46px;\">\n<td style=\"border: 1px solid #000000; padding: 8px; width: 28.0556%; text-align: right; height: 46px;\"><strong>Preu mensual usuari\/a fix<\/strong><\/td>\n<td style=\"border: 1px solid #000000; padding: 8px; width: 23.0103%; text-align: center; height: 46px;\">39,31\u20ac<\/td>\n<td style=\"border: 1px solid #000000; padding: 8px; width: 27.4292%; text-align: center; height: 46px;\">28,39\u20ac<\/td>\n<\/tr>\n<tr style=\"height: 46px;\">\n<td style=\"border: 1px solid #000000; padding: 8px; width: 28.0556%; text-align: right; height: 46px;\"><strong>Preu\/dia espor\u00e0dic<\/strong><\/td>\n<td style=\"border: 1px solid #000000; padding: 8px; width: 23.0103%; text-align: center; height: 46px;\">4,06\u20ac<\/td>\n<td style=\"border: 1px solid #000000; padding: 8px; width: 27.4292%; text-align: center; height: 46px;\">2,96\u20ac<\/td>\n<\/tr>\n<\/tbody>\n<\/table>\n<p data-start=\"396\" data-end=\"623\">Podeu contactar amb la coordinadora, <strong data-start=\"433\" data-end=\"443\">Raquel<\/strong>, de dilluns a divendres de 9 h a 11 h mitjan\u00e7ant trucada, WhatsApp o correu electr\u00f2nic:<br data-start=\"531\" data-end=\"534\" \/><strong data-start=\"534\" data-end=\"558\">Tel\u00e8fon de contacte:<\/strong> 671 548 926<br data-start=\"570\" data-end=\"573\" \/><strong data-start=\"573\" data-end=\"595\">Correu electr\u00f2nic:<\/strong> <a href=\"mailto:ausiasmarch@recreagastronomia.com\">ausiasmarch@recreagastronomia.com<\/a><\/p>\n<hr data-start=\"625\" data-end=\"628\" \/>\n<h3 data-start=\"630\" data-end=\"670\"><strong data-start=\"634\" data-end=\"670\">CONDICIONS DEL SERVEI D\u2019ACOLLIDA<\/strong><\/h3>\n<h4 data-start=\"672\" data-end=\"705\"><strong data-start=\"677\" data-end=\"705\">USUARI\/A FIX I ESPOR\u00c0DIC<\/strong><\/h4>\n<ul data-start=\"706\" data-end=\"930\">\n<li data-start=\"706\" data-end=\"821\">\n<p data-start=\"708\" data-end=\"821\"><strong data-start=\"708\" data-end=\"725\">USUARI\/A FIX:<\/strong> es considera usuari\/a fix aquell que fa \u00fas del servei d\u2019acollida tots els dies de la setmana.<\/p>\n<\/li>\n<li data-start=\"822\" data-end=\"930\">\n<p data-start=\"824\" data-end=\"930\"><strong data-start=\"824\" data-end=\"847\">USUARI\/A ESPOR\u00c0DIC:<\/strong> es considera espor\u00e0dic aquell que no fa \u00fas del servei tots els dies de la setmana.<\/p>\n<\/li>\n<\/ul>\n<hr data-start=\"932\" data-end=\"935\" \/>\n<h3 data-start=\"937\" data-end=\"962\"><strong data-start=\"941\" data-end=\"962\">FORMA DE PAGAMENT<\/strong><\/h3>\n<ul data-start=\"963\" data-end=\"1686\">\n<li data-start=\"963\" data-end=\"1111\">\n<p data-start=\"965\" data-end=\"1111\">El pagament es realitzar\u00e0 <strong data-start=\"991\" data-end=\"1027\">mitjan\u00e7ant domiciliaci\u00f3 banc\u00e0ria<\/strong>, que es tramitar\u00e0 del dia 1 al 5 de cada mes. El cobrament ser\u00e0 <strong data-start=\"1092\" data-end=\"1108\">a mes ven\u00e7ut<\/strong>.<\/p>\n<\/li>\n<li data-start=\"1112\" data-end=\"1249\">\n<p data-start=\"1114\" data-end=\"1249\">Tamb\u00e9 es pot fer el pagament <strong data-start=\"1143\" data-end=\"1164\">per transfer\u00e8ncia<\/strong>, enviant el comprovant a la coordinaci\u00f3 del menjador entre l\u20191 i el 5 de cada mes.<\/p>\n<\/li>\n<li data-start=\"1250\" data-end=\"1327\">\n<p data-start=\"1252\" data-end=\"1327\"><strong data-start=\"1252\" data-end=\"1295\">N\u00famero de compte del servei d\u2019acollida:<\/strong> ES64 0182 1013 1602 0156 8984<\/p>\n<\/li>\n<li data-start=\"1328\" data-end=\"1462\">\n<p data-start=\"1330\" data-end=\"1462\">Els alumnes que sol\u00b7licitin el servei d&#8217;acollida per al curs 2021-2022 han d\u2019estar <strong data-start=\"1413\" data-end=\"1439\">al corrent de pagament<\/strong> per poder-ne fer \u00fas.<\/p>\n<\/li>\n<li data-start=\"1463\" data-end=\"1587\">\n<p data-start=\"1465\" data-end=\"1587\"><strong data-start=\"1465\" data-end=\"1499\">L\u2019impagament d\u2019una mensualitat<\/strong> del servei de menjador i\/o d\u2019acollida impossibilitar\u00e0 l\u2019\u00fas del servei el mes seg\u00fcent.<\/p>\n<\/li>\n<li data-start=\"1588\" data-end=\"1686\">\n<p data-start=\"1590\" data-end=\"1686\">Els <strong data-start=\"1594\" data-end=\"1614\">rebuts retornats<\/strong> es carregaran en la seg\u00fcent emissi\u00f3, amb les despeses que se\u2019n derivin.<\/p>\n<\/li>\n<\/ul>\n<hr data-start=\"1688\" data-end=\"1691\" \/>\n<h3 data-start=\"1693\" data-end=\"1735\"><strong data-start=\"1697\" data-end=\"1735\">CONDICIONS PER A CANVIS D\u2019ACOLLIDA<\/strong><\/h3>\n<p data-start=\"1736\" data-end=\"1962\">Tots els canvis relacionats amb el servei d\u2019acollida (baixes, modificaci\u00f3 de dies, etc.) s\u2019hauran de comunicar a la coordinaci\u00f3 del centre <strong data-start=\"1875\" data-end=\"1907\">abans del dia 20 de cada mes<\/strong>, i s\u2019aplicaran <strong data-start=\"1923\" data-end=\"1961\">a partir del dia 1 del mes seg\u00fcent<\/strong>.<\/p>\n","protected":false},"excerpt":{"rendered":"<p>Continua el servei d\u2019Acollida Matinal de 8 h a 9 h, que inclou esmorzar (llet amb cacau, cereals o galetes i fruita tallada de temporada). El servei d\u2019acollida fix \u00e9s un servei mensual i es facturar\u00e0 el mes complet, independentment de si es produeixen faltes avisades. Horari 8:00-9:00h Horari 8:30-9:00h Preu mensual usuari\/a fix 39,31\u20ac [&hellip;]<\/p>\n","protected":false},"author":1,"featured_media":0,"parent":66,"menu_order":20,"comment_status":"closed","ping_status":"closed","template":"","meta":{"_bbp_topic_count":0,"_bbp_reply_count":0,"_bbp_total_topic_count":0,"_bbp_total_reply_count":0,"_bbp_voice_count":0,"_bbp_anonymous_reply_count":0,"_bbp_topic_count_hidden":0,"_bbp_reply_count_hidden":0,"_bbp_forum_subforum_count":0,"site-sidebar-layout":"default","site-content-layout":"","ast-site-content-layout":"default","site-content-style":"default","site-sidebar-style":"default","ast-global-header-display":"","ast-banner-title-visibility":"","ast-main-header-display":"","ast-hfb-above-header-display":"","ast-hfb-below-header-display":"","ast-hfb-mobile-header-display":"","site-post-title":"","ast-breadcrumbs-content":"","ast-featured-img":"","footer-sml-layout":"","theme-transparent-header-meta":"default","adv-header-id-meta":"","stick-header-meta":"","header-above-stick-meta":"","header-main-stick-meta":"","header-below-stick-meta":"","astra-migrate-meta-layouts":"set","ast-page-background-enabled":"default","ast-page-background-meta":{"desktop":{"background-color":"var(--ast-global-color-4)","background-image":"","background-repeat":"repeat","background-position":"center center","background-size":"auto","background-attachment":"scroll","background-type":"","background-media":"","overlay-type":"","overlay-color":"","overlay-opacity":"","overlay-gradient":""},"tablet":{"background-color":"","background-image":"","background-repeat":"repeat","background-position":"center center","background-size":"auto","background-attachment":"scroll","background-type":"","background-media":"","overlay-type":"","overlay-color":"","overlay-opacity":"","overlay-gradient":""},"mobile":{"background-color":"","background-image":"","background-repeat":"repeat","background-position":"center center","background-size":"auto","background-attachment":"scroll","background-type":"","background-media":"","overlay-type":"","overlay-color":"","overlay-opacity":"","overlay-gradient":""}},"ast-content-background-meta":{"desktop":{"background-color":"var(--ast-global-color-5)","background-image":"","background-repeat":"repeat","background-position":"center center","background-size":"auto","background-attachment":"scroll","background-type":"","background-media":"","overlay-type":"","overlay-color":"","overlay-opacity":"","overlay-gradient":""},"tablet":{"background-color":"var(--ast-global-color-5)","background-image":"","background-repeat":"repeat","background-position":"center center","background-size":"auto","background-attachment":"scroll","background-type":"","background-media":"","overlay-type":"","overlay-color":"","overlay-opacity":"","overlay-gradient":""},"mobile":{"background-color":"var(--ast-global-color-5)","background-image":"","background-repeat":"repeat","background-position":"center center","background-size":"auto","background-attachment":"scroll","background-type":"","background-media":"","overlay-type":"","overlay-color":"","overlay-opacity":"","overlay-gradient":""}},"footnotes":""},"class_list":["post-77","page","type-page","status-publish","hentry"],"post_mailing_queue_ids":[],"_links":{"self":[{"href":"https:\/\/agora.xtec.cat\/ceip-ausiasmarch-hospitalet\/wp-json\/wp\/v2\/pages\/77","targetHints":{"allow":["GET"]}}],"collection":[{"href":"https:\/\/agora.xtec.cat\/ceip-ausiasmarch-hospitalet\/wp-json\/wp\/v2\/pages"}],"about":[{"href":"https:\/\/agora.xtec.cat\/ceip-ausiasmarch-hospitalet\/wp-json\/wp\/v2\/types\/page"}],"author":[{"embeddable":true,"href":"https:\/\/agora.xtec.cat\/ceip-ausiasmarch-hospitalet\/wp-json\/wp\/v2\/users\/1"}],"replies":[{"embeddable":true,"href":"https:\/\/agora.xtec.cat\/ceip-ausiasmarch-hospitalet\/wp-json\/wp\/v2\/comments?post=77"}],"version-history":[{"count":7,"href":"https:\/\/agora.xtec.cat\/ceip-ausiasmarch-hospitalet\/wp-json\/wp\/v2\/pages\/77\/revisions"}],"predecessor-version":[{"id":3645,"href":"https:\/\/agora.xtec.cat\/ceip-ausiasmarch-hospitalet\/wp-json\/wp\/v2\/pages\/77\/revisions\/3645"}],"up":[{"embeddable":true,"href":"https:\/\/agora.xtec.cat\/ceip-ausiasmarch-hospitalet\/wp-json\/wp\/v2\/pages\/66"}],"wp:attachment":[{"href":"https:\/\/agora.xtec.cat\/ceip-ausiasmarch-hospitalet\/wp-json\/wp\/v2\/media?parent=77"}],"curies":[{"name":"wp","href":"https:\/\/api.w.org\/{rel}","templated":true}]}}