{"id":73,"date":"2014-09-18T14:01:51","date_gmt":"2014-09-18T13:01:51","guid":{"rendered":"http:\/\/agora.xtec.cat\/ceip-ausiasmarch-hospitalet\/?page_id=73"},"modified":"2026-01-26T15:42:22","modified_gmt":"2026-01-26T14:42:22","slug":"menjador-escolar","status":"publish","type":"page","link":"https:\/\/agora.xtec.cat\/ceip-ausiasmarch-hospitalet\/serveis\/menjador-escolar\/","title":{"rendered":"Menjador escolar"},"content":{"rendered":"<p>El menjar i el monitoratge del menjador el realitza l&#8217;empresa <b>ReCrea<\/b>.<\/p>\n<p><strong>MEN\u00da DEL MES<\/strong><\/p>\n<p><a href=\"https:\/\/agora.xtec.cat\/ceip-ausiasmarch-hospitalet\/wp-content\/uploads\/usu643\/2026\/01\/Menu-gener.png\"><img loading=\"lazy\" decoding=\"async\" class=\"alignnone size-full wp-image-3675\" src=\"https:\/\/agora.xtec.cat\/ceip-ausiasmarch-hospitalet\/wp-content\/uploads\/usu643\/2026\/01\/Menu-gener.png\" alt=\"\" width=\"956\" height=\"671\" srcset=\"https:\/\/agora.xtec.cat\/ceip-ausiasmarch-hospitalet\/wp-content\/uploads\/usu643\/2026\/01\/Menu-gener.png 956w, https:\/\/agora.xtec.cat\/ceip-ausiasmarch-hospitalet\/wp-content\/uploads\/usu643\/2026\/01\/Menu-gener-300x211.png 300w, https:\/\/agora.xtec.cat\/ceip-ausiasmarch-hospitalet\/wp-content\/uploads\/usu643\/2026\/01\/Menu-gener-768x539.png 768w\" sizes=\"auto, (max-width: 956px) 100vw, 956px\" \/><\/a><\/p>\n<p><a href=\"https:\/\/agora.xtec.cat\/ceip-ausiasmarch-hospitalet\/wp-content\/uploads\/usu643\/2026\/01\/menu-febrer.png\"><img loading=\"lazy\" decoding=\"async\" class=\"alignnone size-full wp-image-3674\" src=\"https:\/\/agora.xtec.cat\/ceip-ausiasmarch-hospitalet\/wp-content\/uploads\/usu643\/2026\/01\/menu-febrer.png\" alt=\"\" width=\"958\" height=\"680\" srcset=\"https:\/\/agora.xtec.cat\/ceip-ausiasmarch-hospitalet\/wp-content\/uploads\/usu643\/2026\/01\/menu-febrer.png 958w, https:\/\/agora.xtec.cat\/ceip-ausiasmarch-hospitalet\/wp-content\/uploads\/usu643\/2026\/01\/menu-febrer-300x213.png 300w, https:\/\/agora.xtec.cat\/ceip-ausiasmarch-hospitalet\/wp-content\/uploads\/usu643\/2026\/01\/menu-febrer-768x545.png 768w\" sizes=\"auto, (max-width: 958px) 100vw, 958px\" \/><\/a><\/p>\n<p>&nbsp;<\/p>\n<p><span style=\"font-size: 2em; font-weight: bold;\">Normativa Servei de Menjador Curs 2025-2026 \/ Escola Ausi\u00e0s March<\/span><\/p>\n<section>\n<section>\n<h2>Condicions del Servei de Menjador<\/h2>\n<ul>\n<li style=\"list-style-type: none;\">\n<ul>\n<li><strong>Modalitat Fixa:<\/strong> Formeu part d\u2019aquesta modalitat si feu \u00fas del servei de menjador escolar 3 o m\u00e9s dies a la setmana durant tot el mes.<\/li>\n<li><strong>Modalitat Espor\u00e0dica:<\/strong> Formeu part d\u2019aquesta modalitat si feu \u00fas del servei de menjador menys de 3 dies a la setmana. En aquest cas, cal avisar abans els dies previs o com a molt tard el mateix mat\u00ed de 9 a 9:30 hores del mateix dia per poder reservar pla\u00e7a.<\/li>\n<li>Els\/les usuaris\/\u00e0ries en modalitat fixa del menjador escolar (becats i no becats) que avisin que no es queden a dinar a la coordinaci\u00f3 del menjador abans de les 9:30 hores, se\u2019ls hi cobrar\u00e0 la part corresponent al servei de monitoratge.<\/li>\n<li>Els\/les usuaris\/\u00e0ries en modalitat fixa del menjador escolar (becats i no becats) que NO avisin que no es queden a dinar a la coordinaci\u00f3 del menjador abans de les 9:30 hores, se\u2019ls hi cobrar\u00e0 el men\u00fa \u00edntegre.<\/li>\n<li>Els\/les usuaris\/es en modalitat fixa del menjador escolar (becats i no becats), per defecte, disposaran del p\u00edcnic per a les sortides. En el cas que no vulguin el p\u00edcnic, hauran de comunicar-ho amb 3 dies d&#8217;antelaci\u00f3 a la coordinaci\u00f3 del servei de menjador nom\u00e9s via WhatsApp.<\/li>\n<li>Els alumnes d\u2019Educaci\u00f3 Infantil hauran de portar una bata que utilitzaran nom\u00e9s per dinar.<\/li>\n<\/ul>\n<\/li>\n<\/ul>\n<h2>Preu del Servei de Menjador<\/h2>\n<ul>\n<li style=\"list-style-type: none;\">\n<ul>\n<li style=\"list-style-type: none;\">\n<ul>\n<li><strong>Preu men\u00fa usuari\/\u00e0ria en Modalitat Fixa:<\/strong> 7,70 euros (iva incl\u00f2s)<\/li>\n<li><strong>Preu men\u00fa usuari\/\u00e0ria en Modalitat Espor\u00e0dica:<\/strong> 8,45 euros (iva incl\u00f2s)<\/li>\n<\/ul>\n<\/li>\n<\/ul>\n<\/li>\n<\/ul>\n<h2>Forma de pagament dels serveis<\/h2>\n<p>Mitjan\u00e7ant domiciliaci\u00f3 banc\u00e0ria, que es tramitar\u00e0 durant els cinc primers dies h\u00e0bils de cada mes. El cobrament per domiciliaci\u00f3 ser\u00e0 a mes ven\u00e7ut. Tamb\u00e9 es podr\u00e0 realitzar per transfer\u00e8ncia banc\u00e0ria o ingr\u00e9s al compte corrent indicant el nom de l\u2019alumne\/a:<\/p>\n<p><strong>N\u00famero de compte corrent menjador:<\/strong> ES64 0182 1013 1602 0156 8984<\/p>\n<p>Les fam\u00edlies que sol\u00b7licitin el servei de menjador escolar i el servei d\u2019acollida del curs 2025-2026 han d\u2019estar al corrent de pagament per fer \u00fas del mateix. L\u2019impagament d\u2019una mensualitat impossibilita l\u2019\u00fas del servei de menjador escolar i del servei d\u2019acollida al mes seg\u00fcent. Es carregaran els rebuts tornats, amb les despeses que es generin, en la seg\u00fcent emissi\u00f3.<\/p>\n<p><strong>Nota:<\/strong> Els\/les usuaris\/\u00e0ries en modalitat espor\u00e0dica poden efectuar el pagament fent l\u2019ingr\u00e9s o transfer\u00e8ncia banc\u00e0ria de l\u2019import amb antelaci\u00f3, en el n\u00famero de compte pr\u00e8viament indicat. El justificant, a nom de l\u2019alumne\/a comensal, s&#8217;enviar\u00e0 a la coordinaci\u00f3 del menjador.<\/p>\n<h2>Canvis condicions dels serveis<\/h2>\n<p>Tots els canvis que es vulguin realitzar en les condicions del servei (canvi de compte corrent, baixes, dies, etc.), s\u2019han de notificar a la persona responsable de coordinaci\u00f3 del servei, mitjan\u00e7ant correu electr\u00f2nic abans del dia 20 de cada mes i s\u2019aplicaran a partir del dia 1 del mes seg\u00fcent.<\/p>\n<h2>Atenci\u00f3 a les fam\u00edlies<\/h2>\n<p>L\u2019horari d\u2019atenci\u00f3 a les fam\u00edlies ser\u00e0 de 9:00 a 10:00 hores, de dilluns a divendres, i ser\u00e0 via telef\u00f2nica, WhatsApp o per correu electr\u00f2nic.<\/p>\n<p><strong>Tel\u00e8fon de contacte:<\/strong> 671 548 926<br \/>\n<strong>e-mail:<\/strong> ausiasmarch@recreagastronomia.com<\/p>\n<\/section>\n<p>del curs 2025-2026 han d\u2019estar al corrent de pagament per fer \u00fas del mateix. L\u2019impagament d\u2019una mensualitat impossibilita l\u2019\u00fas del servei de menjador escolar i del servei d\u2019acollida al mes seg\u00fcent. Es carregaran els rebuts tornats, amb les despeses que es generin, en la seg\u00fcent emissi\u00f3.<strong>Nota:<\/strong> Els\/les usuaris\/\u00e0ries en modalitat espor\u00e0dica poden efectuar el pagament fent l\u2019ingr\u00e9s o transfer\u00e8ncia banc\u00e0ria de l\u2019import amb antelaci\u00f3, en el n\u00famero de compte pr\u00e8viament indicat. El justificant, a nom de l\u2019alumne\/a comensal, s&#8217;enviar\u00e0 a la coordinaci\u00f3 del menjador.<\/p>\n<p><span style=\"font-size: 1.7em; font-weight: bold;\">Projecte Pedag\u00f2gic<\/span><\/p>\n<\/section>\n<p>A continuaci\u00f3 s\u2019adjunten dos documents relacionats amb el projecte pedag\u00f2gic de l\u2019escola:<\/p>\n<ul>\n<li><a href=\"https:\/\/agora.xtec.cat\/ceip-ausiasmarch-hospitalet\/wp-content\/uploads\/usu643\/2025\/11\/Presentacio_CentreInteres_TeatreEnAccio.pdf\">Presentaci\u00f3 del centre d&#8217;inter\u00e8s: Teatre en acci\u00f3<\/a><\/li>\n<li><a href=\"https:\/\/agora.xtec.cat\/ceip-ausiasmarch-hospitalet\/wp-content\/uploads\/usu643\/2025\/11\/Conte-final.pdf\">Conte\u00a0<\/a><\/li>\n<\/ul>\n<p><iframe loading=\"lazy\" style=\"border: 1px solid #ccc;\" src=\"https:\/\/agora.xtec.cat\/ceip-ausiasmarch-hospitalet\/wp-content\/uploads\/usu643\/2025\/11\/Presentacio_CentreInteres_TeatreEnAccio.pdf\" width=\"100%\" height=\"600px\"><br \/>\nEl teu navegador no suporta la visualitzaci\u00f3 de PDF.<\/iframe><\/p>\n<p>&nbsp;<\/p>\n<p>&nbsp;<\/p>\n<div style=\"position: relative; width: 100%; padding-bottom: 75%; height: 0; overflow: hidden; border: 1px solid #ccc; margin-bottom: 20px;\"><iframe style=\"position: absolute; top: 0; left: 0; width: 100%; height: 100%; border: 0;\" src=\"https:\/\/agora.xtec.cat\/ceip-ausiasmarch-hospitalet\/wp-content\/uploads\/usu643\/2025\/11\/Conte-final.pdf\" frameborder=\"0\"><br \/>\nEl teu navegador no suporta la visualitzaci\u00f3 de PDF.<br \/>\n<\/iframe><\/div>\n","protected":false},"excerpt":{"rendered":"<p>El menjar i el monitoratge del menjador el realitza l&#8217;empresa ReCrea. MEN\u00da DEL MES &nbsp; Normativa Servei de Menjador Curs 2025-2026 \/ Escola Ausi\u00e0s March Condicions del Servei de Menjador Modalitat Fixa: Formeu part d\u2019aquesta modalitat si feu \u00fas del servei de menjador escolar 3 o m\u00e9s dies a la setmana durant tot el mes. [&hellip;]<\/p>\n","protected":false},"author":1,"featured_media":0,"parent":66,"menu_order":30,"comment_status":"closed","ping_status":"closed","template":"","meta":{"_bbp_topic_count":0,"_bbp_reply_count":0,"_bbp_total_topic_count":0,"_bbp_total_reply_count":0,"_bbp_voice_count":0,"_bbp_anonymous_reply_count":0,"_bbp_topic_count_hidden":0,"_bbp_reply_count_hidden":0,"_bbp_forum_subforum_count":0,"site-sidebar-layout":"default","site-content-layout":"","ast-site-content-layout":"default","site-content-style":"default","site-sidebar-style":"default","ast-global-header-display":"","ast-banner-title-visibility":"","ast-main-header-display":"","ast-hfb-above-header-display":"","ast-hfb-below-header-display":"","ast-hfb-mobile-header-display":"","site-post-title":"","ast-breadcrumbs-content":"","ast-featured-img":"","footer-sml-layout":"","theme-transparent-header-meta":"default","adv-header-id-meta":"","stick-header-meta":"","header-above-stick-meta":"","header-main-stick-meta":"","header-below-stick-meta":"","astra-migrate-meta-layouts":"set","ast-page-background-enabled":"default","ast-page-background-meta":{"desktop":{"background-color":"var(--ast-global-color-4)","background-image":"","background-repeat":"repeat","background-position":"center center","background-size":"auto","background-attachment":"scroll","background-type":"","background-media":"","overlay-type":"","overlay-color":"","overlay-opacity":"","overlay-gradient":""},"tablet":{"background-color":"","background-image":"","background-repeat":"repeat","background-position":"center center","background-size":"auto","background-attachment":"scroll","background-type":"","background-media":"","overlay-type":"","overlay-color":"","overlay-opacity":"","overlay-gradient":""},"mobile":{"background-color":"","background-image":"","background-repeat":"repeat","background-position":"center center","background-size":"auto","background-attachment":"scroll","background-type":"","background-media":"","overlay-type":"","overlay-color":"","overlay-opacity":"","overlay-gradient":""}},"ast-content-background-meta":{"desktop":{"background-color":"var(--ast-global-color-5)","background-image":"","background-repeat":"repeat","background-position":"center center","background-size":"auto","background-attachment":"scroll","background-type":"","background-media":"","overlay-type":"","overlay-color":"","overlay-opacity":"","overlay-gradient":""},"tablet":{"background-color":"var(--ast-global-color-5)","background-image":"","background-repeat":"repeat","background-position":"center center","background-size":"auto","background-attachment":"scroll","background-type":"","background-media":"","overlay-type":"","overlay-color":"","overlay-opacity":"","overlay-gradient":""},"mobile":{"background-color":"var(--ast-global-color-5)","background-image":"","background-repeat":"repeat","background-position":"center center","background-size":"auto","background-attachment":"scroll","background-type":"","background-media":"","overlay-type":"","overlay-color":"","overlay-opacity":"","overlay-gradient":""}},"footnotes":""},"class_list":["post-73","page","type-page","status-publish","hentry"],"post_mailing_queue_ids":[],"_links":{"self":[{"href":"https:\/\/agora.xtec.cat\/ceip-ausiasmarch-hospitalet\/wp-json\/wp\/v2\/pages\/73","targetHints":{"allow":["GET"]}}],"collection":[{"href":"https:\/\/agora.xtec.cat\/ceip-ausiasmarch-hospitalet\/wp-json\/wp\/v2\/pages"}],"about":[{"href":"https:\/\/agora.xtec.cat\/ceip-ausiasmarch-hospitalet\/wp-json\/wp\/v2\/types\/page"}],"author":[{"embeddable":true,"href":"https:\/\/agora.xtec.cat\/ceip-ausiasmarch-hospitalet\/wp-json\/wp\/v2\/users\/1"}],"replies":[{"embeddable":true,"href":"https:\/\/agora.xtec.cat\/ceip-ausiasmarch-hospitalet\/wp-json\/wp\/v2\/comments?post=73"}],"version-history":[{"count":9,"href":"https:\/\/agora.xtec.cat\/ceip-ausiasmarch-hospitalet\/wp-json\/wp\/v2\/pages\/73\/revisions"}],"predecessor-version":[{"id":3676,"href":"https:\/\/agora.xtec.cat\/ceip-ausiasmarch-hospitalet\/wp-json\/wp\/v2\/pages\/73\/revisions\/3676"}],"up":[{"embeddable":true,"href":"https:\/\/agora.xtec.cat\/ceip-ausiasmarch-hospitalet\/wp-json\/wp\/v2\/pages\/66"}],"wp:attachment":[{"href":"https:\/\/agora.xtec.cat\/ceip-ausiasmarch-hospitalet\/wp-json\/wp\/v2\/media?parent=73"}],"curies":[{"name":"wp","href":"https:\/\/api.w.org\/{rel}","templated":true}]}}