{"id":3787,"date":"2026-02-12T16:42:02","date_gmt":"2026-02-12T15:42:02","guid":{"rendered":"https:\/\/agora.xtec.cat\/ceip-ausiasmarch-hospitalet\/?page_id=3787"},"modified":"2026-02-12T16:42:02","modified_gmt":"2026-02-12T15:42:02","slug":"escacs-2","status":"publish","type":"page","link":"https:\/\/agora.xtec.cat\/ceip-ausiasmarch-hospitalet\/com-treballem\/escacs-2\/","title":{"rendered":"Escacs"},"content":{"rendered":"<p data-path-to-node=\"1\">L\u2019activitat d\u2019escacs es realitza setmanalment amb l\u2019alumnat de 3r, 4t i 5\u00e8 de prim\u00e0ria com una part fonamental del nostre projecte educatiu. Aquesta proposta, que t\u00e9 una durada de mitja hora per sessi\u00f3, es duu a terme en col\u00b7laboraci\u00f3 amb el Consell Esportiu de l\u2019Hospitalet i t\u00e9 com a objectiu principal potenciar la concentraci\u00f3, el raonament l\u00f2gic i la capacitat de prendre decisions de manera reflexiva.<\/p>\n<p data-path-to-node=\"2\">A trav\u00e9s del joc, els infants desenvolupen habilitats de pensament estrat\u00e8gic i aprenen valors essencials com el respecte per les normes i la gesti\u00f3 de la vict\u00f2ria i la derrota. Els escacs es converteixen, aix\u00ed, en una eina l\u00fadica i educativa de primer ordre que contribueix directament al creixement personal i intel\u00b7lectual del nostre alumnat.<\/p>\n","protected":false},"excerpt":{"rendered":"<p>L\u2019activitat d\u2019escacs es realitza setmanalment amb l\u2019alumnat de 3r, 4t i 5\u00e8 de prim\u00e0ria com una part fonamental del nostre projecte educatiu. Aquesta proposta, que t\u00e9 una durada de mitja hora per sessi\u00f3, es duu a terme en col\u00b7laboraci\u00f3 amb el Consell Esportiu de l\u2019Hospitalet i t\u00e9 com a objectiu principal potenciar la concentraci\u00f3, el [&hellip;]<\/p>\n","protected":false},"author":1,"featured_media":0,"parent":3677,"menu_order":0,"comment_status":"closed","ping_status":"closed","template":"","meta":{"_bbp_topic_count":0,"_bbp_reply_count":0,"_bbp_total_topic_count":0,"_bbp_total_reply_count":0,"_bbp_voice_count":0,"_bbp_anonymous_reply_count":0,"_bbp_topic_count_hidden":0,"_bbp_reply_count_hidden":0,"_bbp_forum_subforum_count":0,"site-sidebar-layout":"default","site-content-layout":"","ast-site-content-layout":"default","site-content-style":"default","site-sidebar-style":"default","ast-global-header-display":"","ast-banner-title-visibility":"","ast-main-header-display":"","ast-hfb-above-header-display":"","ast-hfb-below-header-display":"","ast-hfb-mobile-header-display":"","site-post-title":"","ast-breadcrumbs-content":"","ast-featured-img":"","footer-sml-layout":"","theme-transparent-header-meta":"default","adv-header-id-meta":"","stick-header-meta":"","header-above-stick-meta":"","header-main-stick-meta":"","header-below-stick-meta":"","astra-migrate-meta-layouts":"set","ast-page-background-enabled":"default","ast-page-background-meta":{"desktop":{"background-color":"var(--ast-global-color-4)","background-image":"","background-repeat":"repeat","background-position":"center center","background-size":"auto","background-attachment":"scroll","background-type":"","background-media":"","overlay-type":"","overlay-color":"","overlay-opacity":"","overlay-gradient":""},"tablet":{"background-color":"","background-image":"","background-repeat":"repeat","background-position":"center center","background-size":"auto","background-attachment":"scroll","background-type":"","background-media":"","overlay-type":"","overlay-color":"","overlay-opacity":"","overlay-gradient":""},"mobile":{"background-color":"","background-image":"","background-repeat":"repeat","background-position":"center center","background-size":"auto","background-attachment":"scroll","background-type":"","background-media":"","overlay-type":"","overlay-color":"","overlay-opacity":"","overlay-gradient":""}},"ast-content-background-meta":{"desktop":{"background-color":"var(--ast-global-color-5)","background-image":"","background-repeat":"repeat","background-position":"center center","background-size":"auto","background-attachment":"scroll","background-type":"","background-media":"","overlay-type":"","overlay-color":"","overlay-opacity":"","overlay-gradient":""},"tablet":{"background-color":"var(--ast-global-color-5)","background-image":"","background-repeat":"repeat","background-position":"center center","background-size":"auto","background-attachment":"scroll","background-type":"","background-media":"","overlay-type":"","overlay-color":"","overlay-opacity":"","overlay-gradient":""},"mobile":{"background-color":"var(--ast-global-color-5)","background-image":"","background-repeat":"repeat","background-position":"center center","background-size":"auto","background-attachment":"scroll","background-type":"","background-media":"","overlay-type":"","overlay-color":"","overlay-opacity":"","overlay-gradient":""}},"footnotes":""},"class_list":["post-3787","page","type-page","status-publish","hentry"],"post_mailing_queue_ids":[],"_links":{"self":[{"href":"https:\/\/agora.xtec.cat\/ceip-ausiasmarch-hospitalet\/wp-json\/wp\/v2\/pages\/3787","targetHints":{"allow":["GET"]}}],"collection":[{"href":"https:\/\/agora.xtec.cat\/ceip-ausiasmarch-hospitalet\/wp-json\/wp\/v2\/pages"}],"about":[{"href":"https:\/\/agora.xtec.cat\/ceip-ausiasmarch-hospitalet\/wp-json\/wp\/v2\/types\/page"}],"author":[{"embeddable":true,"href":"https:\/\/agora.xtec.cat\/ceip-ausiasmarch-hospitalet\/wp-json\/wp\/v2\/users\/1"}],"replies":[{"embeddable":true,"href":"https:\/\/agora.xtec.cat\/ceip-ausiasmarch-hospitalet\/wp-json\/wp\/v2\/comments?post=3787"}],"version-history":[{"count":1,"href":"https:\/\/agora.xtec.cat\/ceip-ausiasmarch-hospitalet\/wp-json\/wp\/v2\/pages\/3787\/revisions"}],"predecessor-version":[{"id":3788,"href":"https:\/\/agora.xtec.cat\/ceip-ausiasmarch-hospitalet\/wp-json\/wp\/v2\/pages\/3787\/revisions\/3788"}],"up":[{"embeddable":true,"href":"https:\/\/agora.xtec.cat\/ceip-ausiasmarch-hospitalet\/wp-json\/wp\/v2\/pages\/3677"}],"wp:attachment":[{"href":"https:\/\/agora.xtec.cat\/ceip-ausiasmarch-hospitalet\/wp-json\/wp\/v2\/media?parent=3787"}],"curies":[{"name":"wp","href":"https:\/\/api.w.org\/{rel}","templated":true}]}}