{"id":3785,"date":"2026-02-12T16:30:20","date_gmt":"2026-02-12T15:30:20","guid":{"rendered":"https:\/\/agora.xtec.cat\/ceip-ausiasmarch-hospitalet\/?page_id=3785"},"modified":"2026-02-12T16:30:20","modified_gmt":"2026-02-12T15:30:20","slug":"final-de-curs","status":"publish","type":"page","link":"https:\/\/agora.xtec.cat\/ceip-ausiasmarch-hospitalet\/com-treballem\/festes\/final-de-curs\/","title":{"rendered":"Final de curs"},"content":{"rendered":"<p data-path-to-node=\"3\">El final de curs \u00e9s un moment molt especial a la nostra escola, marcat per celebracions plenes d\u2019emoci\u00f3 i significat per a tothom.<\/p>\n<p data-path-to-node=\"4\">A l\u2019educaci\u00f3 infantil, la cloenda pren forma de graduaci\u00f3 de l\u2019alumnat d\u2019I5. \u00c9s un acte senzill per\u00f2 molt emotiu en qu\u00e8 els infants reben el seu diploma i comparteixen una petita festa amb mestres i companys de l&#8217;etapa. Aquest moment simbolitza el tancament d\u2019un cicle fonamental i l\u2019inici d\u2019un nou cam\u00ed cap a la prim\u00e0ria, ple d\u2019aprenentatges i il\u00b7lusions.<\/p>\n<p data-path-to-node=\"5\">A l\u2019etapa de prim\u00e0ria, el protagonisme recau en l\u2019alumnat de 6\u00e8, que s\u2019acomiada del centre. Com a culminaci\u00f3 d\u2019aquests anys, se celebra el tradicional ball de final de curs de tota l\u2019escola. Despr\u00e9s de tant de temps participant-hi activament, aquest cop s\u00f3n ells i elles qui es converteixen en els espectadors d\u2019honor del seu propi ball de comiat, un moment carregat de records i emocions compartides.<\/p>\n<p data-path-to-node=\"6\">La celebraci\u00f3 continua amb el partit m\u00e9s esperat: el matx entre mestres i alumnes de 6\u00e8. Aquesta tradici\u00f3, tan arrelada a la nostra escola, engresca tota la comunitat educativa i posa el punt final al curs en un ambient festiu i de gran conviv\u00e8ncia. El final de curs \u00e9s, aix\u00ed, una celebraci\u00f3 col\u00b7lectiva que ens permet acomiadar-nos, celebrar el cam\u00ed recorregut i mirar cap al futur amb orgull.<\/p>\n","protected":false},"excerpt":{"rendered":"<p>El final de curs \u00e9s un moment molt especial a la nostra escola, marcat per celebracions plenes d\u2019emoci\u00f3 i significat per a tothom. A l\u2019educaci\u00f3 infantil, la cloenda pren forma de graduaci\u00f3 de l\u2019alumnat d\u2019I5. \u00c9s un acte senzill per\u00f2 molt emotiu en qu\u00e8 els infants reben el seu diploma i comparteixen una petita festa [&hellip;]<\/p>\n","protected":false},"author":1,"featured_media":0,"parent":3757,"menu_order":0,"comment_status":"closed","ping_status":"closed","template":"","meta":{"_bbp_topic_count":0,"_bbp_reply_count":0,"_bbp_total_topic_count":0,"_bbp_total_reply_count":0,"_bbp_voice_count":0,"_bbp_anonymous_reply_count":0,"_bbp_topic_count_hidden":0,"_bbp_reply_count_hidden":0,"_bbp_forum_subforum_count":0,"site-sidebar-layout":"default","site-content-layout":"","ast-site-content-layout":"default","site-content-style":"default","site-sidebar-style":"default","ast-global-header-display":"","ast-banner-title-visibility":"","ast-main-header-display":"","ast-hfb-above-header-display":"","ast-hfb-below-header-display":"","ast-hfb-mobile-header-display":"","site-post-title":"","ast-breadcrumbs-content":"","ast-featured-img":"","footer-sml-layout":"","theme-transparent-header-meta":"default","adv-header-id-meta":"","stick-header-meta":"","header-above-stick-meta":"","header-main-stick-meta":"","header-below-stick-meta":"","astra-migrate-meta-layouts":"set","ast-page-background-enabled":"default","ast-page-background-meta":{"desktop":{"background-color":"var(--ast-global-color-4)","background-image":"","background-repeat":"repeat","background-position":"center center","background-size":"auto","background-attachment":"scroll","background-type":"","background-media":"","overlay-type":"","overlay-color":"","overlay-opacity":"","overlay-gradient":""},"tablet":{"background-color":"","background-image":"","background-repeat":"repeat","background-position":"center center","background-size":"auto","background-attachment":"scroll","background-type":"","background-media":"","overlay-type":"","overlay-color":"","overlay-opacity":"","overlay-gradient":""},"mobile":{"background-color":"","background-image":"","background-repeat":"repeat","background-position":"center center","background-size":"auto","background-attachment":"scroll","background-type":"","background-media":"","overlay-type":"","overlay-color":"","overlay-opacity":"","overlay-gradient":""}},"ast-content-background-meta":{"desktop":{"background-color":"var(--ast-global-color-5)","background-image":"","background-repeat":"repeat","background-position":"center center","background-size":"auto","background-attachment":"scroll","background-type":"","background-media":"","overlay-type":"","overlay-color":"","overlay-opacity":"","overlay-gradient":""},"tablet":{"background-color":"var(--ast-global-color-5)","background-image":"","background-repeat":"repeat","background-position":"center center","background-size":"auto","background-attachment":"scroll","background-type":"","background-media":"","overlay-type":"","overlay-color":"","overlay-opacity":"","overlay-gradient":""},"mobile":{"background-color":"var(--ast-global-color-5)","background-image":"","background-repeat":"repeat","background-position":"center center","background-size":"auto","background-attachment":"scroll","background-type":"","background-media":"","overlay-type":"","overlay-color":"","overlay-opacity":"","overlay-gradient":""}},"footnotes":""},"class_list":["post-3785","page","type-page","status-publish","hentry"],"post_mailing_queue_ids":[],"_links":{"self":[{"href":"https:\/\/agora.xtec.cat\/ceip-ausiasmarch-hospitalet\/wp-json\/wp\/v2\/pages\/3785","targetHints":{"allow":["GET"]}}],"collection":[{"href":"https:\/\/agora.xtec.cat\/ceip-ausiasmarch-hospitalet\/wp-json\/wp\/v2\/pages"}],"about":[{"href":"https:\/\/agora.xtec.cat\/ceip-ausiasmarch-hospitalet\/wp-json\/wp\/v2\/types\/page"}],"author":[{"embeddable":true,"href":"https:\/\/agora.xtec.cat\/ceip-ausiasmarch-hospitalet\/wp-json\/wp\/v2\/users\/1"}],"replies":[{"embeddable":true,"href":"https:\/\/agora.xtec.cat\/ceip-ausiasmarch-hospitalet\/wp-json\/wp\/v2\/comments?post=3785"}],"version-history":[{"count":1,"href":"https:\/\/agora.xtec.cat\/ceip-ausiasmarch-hospitalet\/wp-json\/wp\/v2\/pages\/3785\/revisions"}],"predecessor-version":[{"id":3786,"href":"https:\/\/agora.xtec.cat\/ceip-ausiasmarch-hospitalet\/wp-json\/wp\/v2\/pages\/3785\/revisions\/3786"}],"up":[{"embeddable":true,"href":"https:\/\/agora.xtec.cat\/ceip-ausiasmarch-hospitalet\/wp-json\/wp\/v2\/pages\/3757"}],"wp:attachment":[{"href":"https:\/\/agora.xtec.cat\/ceip-ausiasmarch-hospitalet\/wp-json\/wp\/v2\/media?parent=3785"}],"curies":[{"name":"wp","href":"https:\/\/api.w.org\/{rel}","templated":true}]}}