{"id":3782,"date":"2026-02-12T16:25:03","date_gmt":"2026-02-12T15:25:03","guid":{"rendered":"https:\/\/agora.xtec.cat\/ceip-ausiasmarch-hospitalet\/?page_id=3782"},"modified":"2026-02-12T16:29:17","modified_gmt":"2026-02-12T15:29:17","slug":"sant-jordi","status":"publish","type":"page","link":"https:\/\/agora.xtec.cat\/ceip-ausiasmarch-hospitalet\/com-treballem\/festes\/sant-jordi\/","title":{"rendered":"Sant Jordi"},"content":{"rendered":"<p data-path-to-node=\"2\">Amb motiu de l\u2019arribada d\u2019una de les festivitats m\u00e9s significatives de Catalunya, la diada de Sant Jordi, l\u2019escola organitza el tradicional concurs de Jocs Florals. En aquesta celebraci\u00f3, cada grup prepara una producci\u00f3 escrita o art\u00edstica, a partir d&#8217;una tipologia textual, adaptada a la seva etapa educativa:<\/p>\n<ul data-path-to-node=\"3\">\n<li>\n<ul>\n<li>\n<p data-path-to-node=\"4,0,0\">Educaci\u00f3 infantil: Il\u00b7lustracions i portades de contes<\/p>\n<\/li>\n<li>\n<p data-path-to-node=\"4,1,0\">1r: Rodolins<\/p>\n<\/li>\n<li>\n<p data-path-to-node=\"4,2,0\">2n: Endevinalles<\/p>\n<\/li>\n<li>\n<p data-path-to-node=\"4,3,0\">3r: Poesies<\/p>\n<\/li>\n<li>\n<p data-path-to-node=\"4,4,0\">4t: Cartes<\/p>\n<\/li>\n<li>\n<p data-path-to-node=\"4,5,0\">5\u00e8: Faules<\/p>\n<\/li>\n<li>\n<p data-path-to-node=\"4,6,0\">6\u00e8: Relats curts<\/p>\n<\/li>\n<\/ul>\n<\/li>\n<\/ul>\n<p data-path-to-node=\"4\">D\u2019entre totes les produccions presentades, es seleccionen tres finalistes per cada curs. Posteriorment, tota la comunitat educativa participa en l&#8217;elecci\u00f3 del guanyador o guanyadora de cada classe. Com a reconeixement, l&#8217;alumnat guardonat rep una rosa.<\/p>\n<p data-path-to-node=\"5\">A m\u00e9s del certamen literari, la festivitat inclou altres moments destacats. L&#8217;alumnat de segon curs protagonitza la representaci\u00f3 teatral de la llegenda de Sant Jordi, una posada en escena que ofereixen tant a les seves fam\u00edlies com a la resta de companys i companyes de l\u2019escola.<\/p>\n","protected":false},"excerpt":{"rendered":"<p>Amb motiu de l\u2019arribada d\u2019una de les festivitats m\u00e9s significatives de Catalunya, la diada de Sant Jordi, l\u2019escola organitza el tradicional concurs de Jocs Florals. En aquesta celebraci\u00f3, cada grup prepara una producci\u00f3 escrita o art\u00edstica, a partir d&#8217;una tipologia textual, adaptada a la seva etapa educativa: Educaci\u00f3 infantil: Il\u00b7lustracions i portades de contes 1r: [&hellip;]<\/p>\n","protected":false},"author":1,"featured_media":0,"parent":3757,"menu_order":0,"comment_status":"closed","ping_status":"closed","template":"","meta":{"_bbp_topic_count":0,"_bbp_reply_count":0,"_bbp_total_topic_count":0,"_bbp_total_reply_count":0,"_bbp_voice_count":0,"_bbp_anonymous_reply_count":0,"_bbp_topic_count_hidden":0,"_bbp_reply_count_hidden":0,"_bbp_forum_subforum_count":0,"site-sidebar-layout":"default","site-content-layout":"","ast-site-content-layout":"default","site-content-style":"default","site-sidebar-style":"default","ast-global-header-display":"","ast-banner-title-visibility":"","ast-main-header-display":"","ast-hfb-above-header-display":"","ast-hfb-below-header-display":"","ast-hfb-mobile-header-display":"","site-post-title":"","ast-breadcrumbs-content":"","ast-featured-img":"","footer-sml-layout":"","theme-transparent-header-meta":"default","adv-header-id-meta":"","stick-header-meta":"","header-above-stick-meta":"","header-main-stick-meta":"","header-below-stick-meta":"","astra-migrate-meta-layouts":"set","ast-page-background-enabled":"default","ast-page-background-meta":{"desktop":{"background-color":"var(--ast-global-color-4)","background-image":"","background-repeat":"repeat","background-position":"center center","background-size":"auto","background-attachment":"scroll","background-type":"","background-media":"","overlay-type":"","overlay-color":"","overlay-opacity":"","overlay-gradient":""},"tablet":{"background-color":"","background-image":"","background-repeat":"repeat","background-position":"center center","background-size":"auto","background-attachment":"scroll","background-type":"","background-media":"","overlay-type":"","overlay-color":"","overlay-opacity":"","overlay-gradient":""},"mobile":{"background-color":"","background-image":"","background-repeat":"repeat","background-position":"center center","background-size":"auto","background-attachment":"scroll","background-type":"","background-media":"","overlay-type":"","overlay-color":"","overlay-opacity":"","overlay-gradient":""}},"ast-content-background-meta":{"desktop":{"background-color":"var(--ast-global-color-5)","background-image":"","background-repeat":"repeat","background-position":"center center","background-size":"auto","background-attachment":"scroll","background-type":"","background-media":"","overlay-type":"","overlay-color":"","overlay-opacity":"","overlay-gradient":""},"tablet":{"background-color":"var(--ast-global-color-5)","background-image":"","background-repeat":"repeat","background-position":"center center","background-size":"auto","background-attachment":"scroll","background-type":"","background-media":"","overlay-type":"","overlay-color":"","overlay-opacity":"","overlay-gradient":""},"mobile":{"background-color":"var(--ast-global-color-5)","background-image":"","background-repeat":"repeat","background-position":"center center","background-size":"auto","background-attachment":"scroll","background-type":"","background-media":"","overlay-type":"","overlay-color":"","overlay-opacity":"","overlay-gradient":""}},"footnotes":""},"class_list":["post-3782","page","type-page","status-publish","hentry"],"post_mailing_queue_ids":[],"_links":{"self":[{"href":"https:\/\/agora.xtec.cat\/ceip-ausiasmarch-hospitalet\/wp-json\/wp\/v2\/pages\/3782","targetHints":{"allow":["GET"]}}],"collection":[{"href":"https:\/\/agora.xtec.cat\/ceip-ausiasmarch-hospitalet\/wp-json\/wp\/v2\/pages"}],"about":[{"href":"https:\/\/agora.xtec.cat\/ceip-ausiasmarch-hospitalet\/wp-json\/wp\/v2\/types\/page"}],"author":[{"embeddable":true,"href":"https:\/\/agora.xtec.cat\/ceip-ausiasmarch-hospitalet\/wp-json\/wp\/v2\/users\/1"}],"replies":[{"embeddable":true,"href":"https:\/\/agora.xtec.cat\/ceip-ausiasmarch-hospitalet\/wp-json\/wp\/v2\/comments?post=3782"}],"version-history":[{"count":2,"href":"https:\/\/agora.xtec.cat\/ceip-ausiasmarch-hospitalet\/wp-json\/wp\/v2\/pages\/3782\/revisions"}],"predecessor-version":[{"id":3784,"href":"https:\/\/agora.xtec.cat\/ceip-ausiasmarch-hospitalet\/wp-json\/wp\/v2\/pages\/3782\/revisions\/3784"}],"up":[{"embeddable":true,"href":"https:\/\/agora.xtec.cat\/ceip-ausiasmarch-hospitalet\/wp-json\/wp\/v2\/pages\/3757"}],"wp:attachment":[{"href":"https:\/\/agora.xtec.cat\/ceip-ausiasmarch-hospitalet\/wp-json\/wp\/v2\/media?parent=3782"}],"curies":[{"name":"wp","href":"https:\/\/api.w.org\/{rel}","templated":true}]}}