{"id":3780,"date":"2026-02-12T16:21:09","date_gmt":"2026-02-12T15:21:09","guid":{"rendered":"https:\/\/agora.xtec.cat\/ceip-ausiasmarch-hospitalet\/?page_id=3780"},"modified":"2026-02-12T16:21:09","modified_gmt":"2026-02-12T15:21:09","slug":"nadal","status":"publish","type":"page","link":"https:\/\/agora.xtec.cat\/ceip-ausiasmarch-hospitalet\/com-treballem\/festes\/nadal\/","title":{"rendered":"Nadal"},"content":{"rendered":"<p data-path-to-node=\"1\">Amb l\u2019arribada del desembre, l\u2019escola s\u2019omple d\u2019il\u00b7lusi\u00f3, m\u00fasica i esperit nadalenc. Durant les darreres setmanes del trimestre, tota la comunitat educativa participa en un seguit d\u2019activitats que fan del Nadal un moment especial, compartit i ple de significat. A cada aula es treballa el calendari d\u2019advent, personalitzat segons les din\u00e0miques de cada grup, i s\u2019elabora una postal de Nadal que inclou el poema apr\u00e8s durant el trimestre. A m\u00e9s, cada curs participa en la creaci\u00f3 d\u2019una carta que es lliura als patges reials, un moment ple de m\u00e0gia per als m\u00e9s petits.<\/p>\n<p data-path-to-node=\"2\">Les activitats s\u2019adapten a les diferents edats de l&#8217;alumnat. Aix\u00ed, els infants d\u2019infantil i de la comunitat de mitjans\u00a0 gaudeixen del\u00a0 Ti\u00f3 de Nadal, mentre que els grups de quart, cinqu\u00e8 i sis\u00e8 organitzen un amic invisible molt especial basat en construccions personals i compartides.<\/p>\n<p data-path-to-node=\"3\">Pel que fa als actes culturals, la m\u00fasica \u00e9s la gran protagonista. L\u2019alumnat de segon a sis\u00e8 participa en el concert d&#8217;Hivern de l\u2019EMMCA, mostrant el treball realitzat a l\u2019aula. Com a cloenda, l\u2019\u00faltima tarda abans de les vacances, se celebra el concert de l\u2019escola on els infants reciten poemes i canten per a les fam\u00edlies. Tamb\u00e9 destaca la representaci\u00f3 dels Pastorets a c\u00e0rrec de l\u2019alumnat de sis\u00e8, que fa gaudir tant els companys com les fam\u00edlies, i el lliurament de premis de la biblioteca com a reconeixement a l\u2019esfor\u00e7 lector.<\/p>\n<p data-path-to-node=\"4\">En aquesta celebraci\u00f3 tamb\u00e9 hi participa l\u2019AFA, que col\u00b7labora amb la realitzaci\u00f3 de les fotografies de Nadal per a tothom.<\/p>\n<p data-path-to-node=\"4\">Finalment, a la tornada de les vacances, els Reis d\u2019Orient deixen regals a les aules i es tanca el cicle nadalenc amb una tarda de jocs compartida on cada alumne porta un joc de casa per gaudir-ne amb la resta de companys.<\/p>\n","protected":false},"excerpt":{"rendered":"<p>Amb l\u2019arribada del desembre, l\u2019escola s\u2019omple d\u2019il\u00b7lusi\u00f3, m\u00fasica i esperit nadalenc. Durant les darreres setmanes del trimestre, tota la comunitat educativa participa en un seguit d\u2019activitats que fan del Nadal un moment especial, compartit i ple de significat. A cada aula es treballa el calendari d\u2019advent, personalitzat segons les din\u00e0miques de cada grup, i s\u2019elabora [&hellip;]<\/p>\n","protected":false},"author":1,"featured_media":0,"parent":3757,"menu_order":0,"comment_status":"closed","ping_status":"closed","template":"","meta":{"_bbp_topic_count":0,"_bbp_reply_count":0,"_bbp_total_topic_count":0,"_bbp_total_reply_count":0,"_bbp_voice_count":0,"_bbp_anonymous_reply_count":0,"_bbp_topic_count_hidden":0,"_bbp_reply_count_hidden":0,"_bbp_forum_subforum_count":0,"site-sidebar-layout":"default","site-content-layout":"","ast-site-content-layout":"default","site-content-style":"default","site-sidebar-style":"default","ast-global-header-display":"","ast-banner-title-visibility":"","ast-main-header-display":"","ast-hfb-above-header-display":"","ast-hfb-below-header-display":"","ast-hfb-mobile-header-display":"","site-post-title":"","ast-breadcrumbs-content":"","ast-featured-img":"","footer-sml-layout":"","theme-transparent-header-meta":"default","adv-header-id-meta":"","stick-header-meta":"","header-above-stick-meta":"","header-main-stick-meta":"","header-below-stick-meta":"","astra-migrate-meta-layouts":"set","ast-page-background-enabled":"default","ast-page-background-meta":{"desktop":{"background-color":"var(--ast-global-color-4)","background-image":"","background-repeat":"repeat","background-position":"center center","background-size":"auto","background-attachment":"scroll","background-type":"","background-media":"","overlay-type":"","overlay-color":"","overlay-opacity":"","overlay-gradient":""},"tablet":{"background-color":"","background-image":"","background-repeat":"repeat","background-position":"center center","background-size":"auto","background-attachment":"scroll","background-type":"","background-media":"","overlay-type":"","overlay-color":"","overlay-opacity":"","overlay-gradient":""},"mobile":{"background-color":"","background-image":"","background-repeat":"repeat","background-position":"center center","background-size":"auto","background-attachment":"scroll","background-type":"","background-media":"","overlay-type":"","overlay-color":"","overlay-opacity":"","overlay-gradient":""}},"ast-content-background-meta":{"desktop":{"background-color":"var(--ast-global-color-5)","background-image":"","background-repeat":"repeat","background-position":"center center","background-size":"auto","background-attachment":"scroll","background-type":"","background-media":"","overlay-type":"","overlay-color":"","overlay-opacity":"","overlay-gradient":""},"tablet":{"background-color":"var(--ast-global-color-5)","background-image":"","background-repeat":"repeat","background-position":"center center","background-size":"auto","background-attachment":"scroll","background-type":"","background-media":"","overlay-type":"","overlay-color":"","overlay-opacity":"","overlay-gradient":""},"mobile":{"background-color":"var(--ast-global-color-5)","background-image":"","background-repeat":"repeat","background-position":"center center","background-size":"auto","background-attachment":"scroll","background-type":"","background-media":"","overlay-type":"","overlay-color":"","overlay-opacity":"","overlay-gradient":""}},"footnotes":""},"class_list":["post-3780","page","type-page","status-publish","hentry"],"post_mailing_queue_ids":[],"_links":{"self":[{"href":"https:\/\/agora.xtec.cat\/ceip-ausiasmarch-hospitalet\/wp-json\/wp\/v2\/pages\/3780","targetHints":{"allow":["GET"]}}],"collection":[{"href":"https:\/\/agora.xtec.cat\/ceip-ausiasmarch-hospitalet\/wp-json\/wp\/v2\/pages"}],"about":[{"href":"https:\/\/agora.xtec.cat\/ceip-ausiasmarch-hospitalet\/wp-json\/wp\/v2\/types\/page"}],"author":[{"embeddable":true,"href":"https:\/\/agora.xtec.cat\/ceip-ausiasmarch-hospitalet\/wp-json\/wp\/v2\/users\/1"}],"replies":[{"embeddable":true,"href":"https:\/\/agora.xtec.cat\/ceip-ausiasmarch-hospitalet\/wp-json\/wp\/v2\/comments?post=3780"}],"version-history":[{"count":1,"href":"https:\/\/agora.xtec.cat\/ceip-ausiasmarch-hospitalet\/wp-json\/wp\/v2\/pages\/3780\/revisions"}],"predecessor-version":[{"id":3781,"href":"https:\/\/agora.xtec.cat\/ceip-ausiasmarch-hospitalet\/wp-json\/wp\/v2\/pages\/3780\/revisions\/3781"}],"up":[{"embeddable":true,"href":"https:\/\/agora.xtec.cat\/ceip-ausiasmarch-hospitalet\/wp-json\/wp\/v2\/pages\/3757"}],"wp:attachment":[{"href":"https:\/\/agora.xtec.cat\/ceip-ausiasmarch-hospitalet\/wp-json\/wp\/v2\/media?parent=3780"}],"curies":[{"name":"wp","href":"https:\/\/api.w.org\/{rel}","templated":true}]}}