{"id":3773,"date":"2026-02-04T17:19:26","date_gmt":"2026-02-04T16:19:26","guid":{"rendered":"https:\/\/agora.xtec.cat\/ceip-ausiasmarch-hospitalet\/?page_id=3773"},"modified":"2026-02-04T17:19:26","modified_gmt":"2026-02-04T16:19:26","slug":"tallers","status":"publish","type":"page","link":"https:\/\/agora.xtec.cat\/ceip-ausiasmarch-hospitalet\/com-treballem\/tallers\/","title":{"rendered":"Tallers"},"content":{"rendered":"<p><span style=\"font-weight: 400;\">A l\u2019escola donem molta import\u00e0ncia a l\u2019aprenentatge vivencial, la cooperaci\u00f3 i la creativitat. Per aix\u00f2, a l\u2019educaci\u00f3 prim\u00e0ria, oferim tallers internivell dins de cada comunitat (mitjans i grans) que permeten als infants compartir experi\u00e8ncies i aprendre els uns dels altres, independentment del curs al qual pertanyen.<\/span><\/p>\n<p><span style=\"font-weight: 400;\">Els tallers es duen a terme en dues sessions de 1 hora i 30 minuts, i roten cada 15 dies, de manera que tots els infants poden participar en diferents propostes al llarg del trimestre o del curs.<\/span><\/p>\n<p><span style=\"font-weight: 400;\">Les tem\u00e0tiques dels tallers s\u00f3n variades i responen als interessos i necessitats dels alumnes. Alguns exemples s\u00f3n: arts pl\u00e0stiques, rob\u00f2tica, biblioteca, experiments cient\u00edfics, expressi\u00f3 corporal, cuina o jocs matem\u00e0tics, entre d\u2019altres.<\/span><\/p>\n<p><span style=\"font-weight: 400;\">A m\u00e9s, els tallers canvien cada curs, per tal que els infants visquin noves experi\u00e8ncies i ampli\u00efn els seus aprenentatges sense repetir activitats d\u2019un any per l\u2019altre.<\/span><\/p>\n<p><span style=\"font-weight: 400;\">Aquest espai de tallers afavoreix la col\u00b7laboraci\u00f3, la descoberta i l\u2019autonomia, tot potenciant la curiositat i el plaer per aprendre en un entorn compartit i enriquidor.<\/span><\/p>\n","protected":false},"excerpt":{"rendered":"<p>A l\u2019escola donem molta import\u00e0ncia a l\u2019aprenentatge vivencial, la cooperaci\u00f3 i la creativitat. Per aix\u00f2, a l\u2019educaci\u00f3 prim\u00e0ria, oferim tallers internivell dins de cada comunitat (mitjans i grans) que permeten als infants compartir experi\u00e8ncies i aprendre els uns dels altres, independentment del curs al qual pertanyen. Els tallers es duen a terme en dues sessions [&hellip;]<\/p>\n","protected":false},"author":1,"featured_media":0,"parent":3677,"menu_order":0,"comment_status":"closed","ping_status":"closed","template":"","meta":{"_bbp_topic_count":0,"_bbp_reply_count":0,"_bbp_total_topic_count":0,"_bbp_total_reply_count":0,"_bbp_voice_count":0,"_bbp_anonymous_reply_count":0,"_bbp_topic_count_hidden":0,"_bbp_reply_count_hidden":0,"_bbp_forum_subforum_count":0,"site-sidebar-layout":"default","site-content-layout":"","ast-site-content-layout":"default","site-content-style":"default","site-sidebar-style":"default","ast-global-header-display":"","ast-banner-title-visibility":"","ast-main-header-display":"","ast-hfb-above-header-display":"","ast-hfb-below-header-display":"","ast-hfb-mobile-header-display":"","site-post-title":"","ast-breadcrumbs-content":"","ast-featured-img":"","footer-sml-layout":"","theme-transparent-header-meta":"default","adv-header-id-meta":"","stick-header-meta":"","header-above-stick-meta":"","header-main-stick-meta":"","header-below-stick-meta":"","astra-migrate-meta-layouts":"set","ast-page-background-enabled":"default","ast-page-background-meta":{"desktop":{"background-color":"var(--ast-global-color-4)","background-image":"","background-repeat":"repeat","background-position":"center center","background-size":"auto","background-attachment":"scroll","background-type":"","background-media":"","overlay-type":"","overlay-color":"","overlay-opacity":"","overlay-gradient":""},"tablet":{"background-color":"","background-image":"","background-repeat":"repeat","background-position":"center center","background-size":"auto","background-attachment":"scroll","background-type":"","background-media":"","overlay-type":"","overlay-color":"","overlay-opacity":"","overlay-gradient":""},"mobile":{"background-color":"","background-image":"","background-repeat":"repeat","background-position":"center center","background-size":"auto","background-attachment":"scroll","background-type":"","background-media":"","overlay-type":"","overlay-color":"","overlay-opacity":"","overlay-gradient":""}},"ast-content-background-meta":{"desktop":{"background-color":"var(--ast-global-color-5)","background-image":"","background-repeat":"repeat","background-position":"center center","background-size":"auto","background-attachment":"scroll","background-type":"","background-media":"","overlay-type":"","overlay-color":"","overlay-opacity":"","overlay-gradient":""},"tablet":{"background-color":"var(--ast-global-color-5)","background-image":"","background-repeat":"repeat","background-position":"center center","background-size":"auto","background-attachment":"scroll","background-type":"","background-media":"","overlay-type":"","overlay-color":"","overlay-opacity":"","overlay-gradient":""},"mobile":{"background-color":"var(--ast-global-color-5)","background-image":"","background-repeat":"repeat","background-position":"center center","background-size":"auto","background-attachment":"scroll","background-type":"","background-media":"","overlay-type":"","overlay-color":"","overlay-opacity":"","overlay-gradient":""}},"footnotes":""},"class_list":["post-3773","page","type-page","status-publish","hentry"],"post_mailing_queue_ids":[],"_links":{"self":[{"href":"https:\/\/agora.xtec.cat\/ceip-ausiasmarch-hospitalet\/wp-json\/wp\/v2\/pages\/3773","targetHints":{"allow":["GET"]}}],"collection":[{"href":"https:\/\/agora.xtec.cat\/ceip-ausiasmarch-hospitalet\/wp-json\/wp\/v2\/pages"}],"about":[{"href":"https:\/\/agora.xtec.cat\/ceip-ausiasmarch-hospitalet\/wp-json\/wp\/v2\/types\/page"}],"author":[{"embeddable":true,"href":"https:\/\/agora.xtec.cat\/ceip-ausiasmarch-hospitalet\/wp-json\/wp\/v2\/users\/1"}],"replies":[{"embeddable":true,"href":"https:\/\/agora.xtec.cat\/ceip-ausiasmarch-hospitalet\/wp-json\/wp\/v2\/comments?post=3773"}],"version-history":[{"count":1,"href":"https:\/\/agora.xtec.cat\/ceip-ausiasmarch-hospitalet\/wp-json\/wp\/v2\/pages\/3773\/revisions"}],"predecessor-version":[{"id":3774,"href":"https:\/\/agora.xtec.cat\/ceip-ausiasmarch-hospitalet\/wp-json\/wp\/v2\/pages\/3773\/revisions\/3774"}],"up":[{"embeddable":true,"href":"https:\/\/agora.xtec.cat\/ceip-ausiasmarch-hospitalet\/wp-json\/wp\/v2\/pages\/3677"}],"wp:attachment":[{"href":"https:\/\/agora.xtec.cat\/ceip-ausiasmarch-hospitalet\/wp-json\/wp\/v2\/media?parent=3773"}],"curies":[{"name":"wp","href":"https:\/\/api.w.org\/{rel}","templated":true}]}}