{"id":3770,"date":"2026-02-04T17:13:39","date_gmt":"2026-02-04T16:13:39","guid":{"rendered":"https:\/\/agora.xtec.cat\/ceip-ausiasmarch-hospitalet\/?page_id=3770"},"modified":"2026-02-04T17:15:42","modified_gmt":"2026-02-04T16:15:42","slug":"sortides-i-colonies","status":"publish","type":"page","link":"https:\/\/agora.xtec.cat\/ceip-ausiasmarch-hospitalet\/com-treballem\/sortides-i-colonies\/","title":{"rendered":"Sortides i col\u00f2nies"},"content":{"rendered":"<p data-path-to-node=\"4\">A l\u2019escola donem un gran valor a les sortides i les col\u00f2nies, ja que s\u00f3n una part essencial del nostre projecte educatiu. Aquestes experi\u00e8ncies permeten aprendre fora de l\u2019aula, descobrir l\u2019entorn i compartir moments inoblidables amb els companys i companyes.<\/p>\n<p data-path-to-node=\"5\">Planifiquem amb cura activitats de tots els \u00e0mbits per enriquir l&#8217;aprenentatge:<\/p>\n<ul data-path-to-node=\"6\">\n<li>\n<p data-path-to-node=\"6,0,0\"><b data-path-to-node=\"6,0,0\" data-index-in-node=\"0\">Llengua:<\/b> per viure la lectura i la comunicaci\u00f3 a trav\u00e9s de les visites a les biblioteques del barri, la roda de contes i el teatre en angl\u00e8s.<\/p>\n<\/li>\n<li>\n<p data-path-to-node=\"6,1,0\"><b data-path-to-node=\"6,1,0\" data-index-in-node=\"0\">Coneixement del medi:<\/b> per comprendre el m\u00f3n visitant el Museu de les Matem\u00e0tiques, el Museu Blau, el Delta del Llobregat o la Sagrada Fam\u00edlia. Tamb\u00e9 fomentem el comprom\u00eds social amb les visites a la resid\u00e8ncia d&#8217;avis SAR Can Buixeres.<\/p>\n<\/li>\n<li>\n<p data-path-to-node=\"6,2,0\"><b data-path-to-node=\"6,2,0\" data-index-in-node=\"0\">Educaci\u00f3 f\u00edsica i art\u00edstica:<\/b> per promoure l\u2019activitat i la sensibilitat amb trobades d&#8217;atletisme, curses d&#8217;orientaci\u00f3, tallers de l&#8217;EMMCA i grans projectes musicals com la Cant\u00e0nia o la Clika.<\/p>\n<\/li>\n<li>\n<p data-path-to-node=\"6,3,0\"><b data-path-to-node=\"6,3,0\" data-index-in-node=\"0\">Sortida l\u00fadica:<\/b> un dia de conviv\u00e8ncia molt especial on tots els alumnes de prim\u00e0ria gaudeixen de la platja compartint jocs i rialles.<\/p>\n<\/li>\n<\/ul>\n<h3 data-path-to-node=\"7\">Les col\u00f2nies<\/h3>\n<p data-path-to-node=\"8\">Cada any, els infants des d\u2019I5 fins a 6\u00e8 marxen tres dies fora de l\u2019escola. S\u00f3n uns dies plens d\u2019aventures i natura que reforcen els vincles entre companys i fomenten l\u2019autonomia, la responsabilitat i la conviv\u00e8ncia.<\/p>\n<p data-path-to-node=\"9\">Les sortides i les col\u00f2nies s\u00f3n, sens dubte, una manera de fer realitat el nostre lema: aprendre vivint i viure aprenent!<\/p>\n","protected":false},"excerpt":{"rendered":"<p>A l\u2019escola donem un gran valor a les sortides i les col\u00f2nies, ja que s\u00f3n una part essencial del nostre projecte educatiu. Aquestes experi\u00e8ncies permeten aprendre fora de l\u2019aula, descobrir l\u2019entorn i compartir moments inoblidables amb els companys i companyes. Planifiquem amb cura activitats de tots els \u00e0mbits per enriquir l&#8217;aprenentatge: Llengua: per viure la [&hellip;]<\/p>\n","protected":false},"author":1,"featured_media":0,"parent":3677,"menu_order":0,"comment_status":"closed","ping_status":"closed","template":"","meta":{"_bbp_topic_count":0,"_bbp_reply_count":0,"_bbp_total_topic_count":0,"_bbp_total_reply_count":0,"_bbp_voice_count":0,"_bbp_anonymous_reply_count":0,"_bbp_topic_count_hidden":0,"_bbp_reply_count_hidden":0,"_bbp_forum_subforum_count":0,"site-sidebar-layout":"default","site-content-layout":"","ast-site-content-layout":"default","site-content-style":"default","site-sidebar-style":"default","ast-global-header-display":"","ast-banner-title-visibility":"","ast-main-header-display":"","ast-hfb-above-header-display":"","ast-hfb-below-header-display":"","ast-hfb-mobile-header-display":"","site-post-title":"","ast-breadcrumbs-content":"","ast-featured-img":"","footer-sml-layout":"","theme-transparent-header-meta":"default","adv-header-id-meta":"","stick-header-meta":"","header-above-stick-meta":"","header-main-stick-meta":"","header-below-stick-meta":"","astra-migrate-meta-layouts":"set","ast-page-background-enabled":"default","ast-page-background-meta":{"desktop":{"background-color":"var(--ast-global-color-4)","background-image":"","background-repeat":"repeat","background-position":"center center","background-size":"auto","background-attachment":"scroll","background-type":"","background-media":"","overlay-type":"","overlay-color":"","overlay-opacity":"","overlay-gradient":""},"tablet":{"background-color":"","background-image":"","background-repeat":"repeat","background-position":"center center","background-size":"auto","background-attachment":"scroll","background-type":"","background-media":"","overlay-type":"","overlay-color":"","overlay-opacity":"","overlay-gradient":""},"mobile":{"background-color":"","background-image":"","background-repeat":"repeat","background-position":"center center","background-size":"auto","background-attachment":"scroll","background-type":"","background-media":"","overlay-type":"","overlay-color":"","overlay-opacity":"","overlay-gradient":""}},"ast-content-background-meta":{"desktop":{"background-color":"var(--ast-global-color-5)","background-image":"","background-repeat":"repeat","background-position":"center center","background-size":"auto","background-attachment":"scroll","background-type":"","background-media":"","overlay-type":"","overlay-color":"","overlay-opacity":"","overlay-gradient":""},"tablet":{"background-color":"var(--ast-global-color-5)","background-image":"","background-repeat":"repeat","background-position":"center center","background-size":"auto","background-attachment":"scroll","background-type":"","background-media":"","overlay-type":"","overlay-color":"","overlay-opacity":"","overlay-gradient":""},"mobile":{"background-color":"var(--ast-global-color-5)","background-image":"","background-repeat":"repeat","background-position":"center center","background-size":"auto","background-attachment":"scroll","background-type":"","background-media":"","overlay-type":"","overlay-color":"","overlay-opacity":"","overlay-gradient":""}},"footnotes":""},"class_list":["post-3770","page","type-page","status-publish","hentry"],"post_mailing_queue_ids":[],"_links":{"self":[{"href":"https:\/\/agora.xtec.cat\/ceip-ausiasmarch-hospitalet\/wp-json\/wp\/v2\/pages\/3770","targetHints":{"allow":["GET"]}}],"collection":[{"href":"https:\/\/agora.xtec.cat\/ceip-ausiasmarch-hospitalet\/wp-json\/wp\/v2\/pages"}],"about":[{"href":"https:\/\/agora.xtec.cat\/ceip-ausiasmarch-hospitalet\/wp-json\/wp\/v2\/types\/page"}],"author":[{"embeddable":true,"href":"https:\/\/agora.xtec.cat\/ceip-ausiasmarch-hospitalet\/wp-json\/wp\/v2\/users\/1"}],"replies":[{"embeddable":true,"href":"https:\/\/agora.xtec.cat\/ceip-ausiasmarch-hospitalet\/wp-json\/wp\/v2\/comments?post=3770"}],"version-history":[{"count":2,"href":"https:\/\/agora.xtec.cat\/ceip-ausiasmarch-hospitalet\/wp-json\/wp\/v2\/pages\/3770\/revisions"}],"predecessor-version":[{"id":3772,"href":"https:\/\/agora.xtec.cat\/ceip-ausiasmarch-hospitalet\/wp-json\/wp\/v2\/pages\/3770\/revisions\/3772"}],"up":[{"embeddable":true,"href":"https:\/\/agora.xtec.cat\/ceip-ausiasmarch-hospitalet\/wp-json\/wp\/v2\/pages\/3677"}],"wp:attachment":[{"href":"https:\/\/agora.xtec.cat\/ceip-ausiasmarch-hospitalet\/wp-json\/wp\/v2\/media?parent=3770"}],"curies":[{"name":"wp","href":"https:\/\/api.w.org\/{rel}","templated":true}]}}