{"id":3767,"date":"2026-02-04T16:21:17","date_gmt":"2026-02-04T15:21:17","guid":{"rendered":"https:\/\/agora.xtec.cat\/ceip-ausiasmarch-hospitalet\/?page_id=3767"},"modified":"2026-02-04T16:21:17","modified_gmt":"2026-02-04T15:21:17","slug":"siei","status":"publish","type":"page","link":"https:\/\/agora.xtec.cat\/ceip-ausiasmarch-hospitalet\/lescola\/siei\/","title":{"rendered":"SIEI"},"content":{"rendered":"<p><span style=\"font-weight: 400;\">El SIEI (Suport Intensiu a l\u2019Escolaritzaci\u00f3 Inclusiva) \u00e9s un espai on s\u2019ofereix una atenci\u00f3 individualitzada i intensiva, tant en l\u2019\u00e0mbit curricular com emocional, amb l\u2019objectiu d\u2019afavorir el desenvolupament integral de l\u2019alumnat i la seva participaci\u00f3 activa en la vida del centre.<\/span><\/p>\n<p><span style=\"font-weight: 400;\">Disposem d\u2019una aula acollidora i funcional, amb diferents espais que permeten adaptar les activitats a les necessitats i ritmes de cada alumne: zones de treball, joc, calma i una terrassa que complementa els espais interiors. Aquesta organitzaci\u00f3 afavoreix un ambient proper, estructurat i segur.<\/span><\/p>\n<p><span style=\"font-weight: 400;\">Al llarg de la setmana fem propostes variades i significatives, com activitats de cuina i piscina, que fomenten l\u2019autonomia, la comunicaci\u00f3 i la relaci\u00f3 amb l\u2019entorn. Tamb\u00e9 treballem l\u2019actualitat a trav\u00e9s de not\u00edcies adaptades, per mantenir-nos connectats amb el que passa al nostre dia a dia i la nostra vida personal.<\/span><\/p>\n<p><span style=\"font-weight: 400;\">Al SIEI donem molta import\u00e0ncia a l\u2019anticipaci\u00f3 i a l\u2019estructura del temps. Cada alumne disposa d\u2019un horari personalitzat que l\u2019ajuda a comprendre i participar en el desenvolupament de les activitats amb confian\u00e7a i seguretat.<\/span><\/p>\n<p><span style=\"font-weight: 400;\">La nostra aula \u00e9s un espai viu i din\u00e0mic, on cada petit pas \u00e9s important. Treballem perqu\u00e8 els alumnes se sentin acollits, valorats i amb ganes d\u2019aprendre, compartint experi\u00e8ncies que ens fan cr\u00e9ixer junts dia a dia.<\/span><\/p>\n","protected":false},"excerpt":{"rendered":"<p>El SIEI (Suport Intensiu a l\u2019Escolaritzaci\u00f3 Inclusiva) \u00e9s un espai on s\u2019ofereix una atenci\u00f3 individualitzada i intensiva, tant en l\u2019\u00e0mbit curricular com emocional, amb l\u2019objectiu d\u2019afavorir el desenvolupament integral de l\u2019alumnat i la seva participaci\u00f3 activa en la vida del centre. Disposem d\u2019una aula acollidora i funcional, amb diferents espais que permeten adaptar les activitats [&hellip;]<\/p>\n","protected":false},"author":1,"featured_media":0,"parent":22,"menu_order":0,"comment_status":"closed","ping_status":"closed","template":"","meta":{"_bbp_topic_count":0,"_bbp_reply_count":0,"_bbp_total_topic_count":0,"_bbp_total_reply_count":0,"_bbp_voice_count":0,"_bbp_anonymous_reply_count":0,"_bbp_topic_count_hidden":0,"_bbp_reply_count_hidden":0,"_bbp_forum_subforum_count":0,"site-sidebar-layout":"default","site-content-layout":"","ast-site-content-layout":"default","site-content-style":"default","site-sidebar-style":"default","ast-global-header-display":"","ast-banner-title-visibility":"","ast-main-header-display":"","ast-hfb-above-header-display":"","ast-hfb-below-header-display":"","ast-hfb-mobile-header-display":"","site-post-title":"","ast-breadcrumbs-content":"","ast-featured-img":"","footer-sml-layout":"","theme-transparent-header-meta":"default","adv-header-id-meta":"","stick-header-meta":"","header-above-stick-meta":"","header-main-stick-meta":"","header-below-stick-meta":"","astra-migrate-meta-layouts":"set","ast-page-background-enabled":"default","ast-page-background-meta":{"desktop":{"background-color":"var(--ast-global-color-4)","background-image":"","background-repeat":"repeat","background-position":"center center","background-size":"auto","background-attachment":"scroll","background-type":"","background-media":"","overlay-type":"","overlay-color":"","overlay-opacity":"","overlay-gradient":""},"tablet":{"background-color":"","background-image":"","background-repeat":"repeat","background-position":"center center","background-size":"auto","background-attachment":"scroll","background-type":"","background-media":"","overlay-type":"","overlay-color":"","overlay-opacity":"","overlay-gradient":""},"mobile":{"background-color":"","background-image":"","background-repeat":"repeat","background-position":"center center","background-size":"auto","background-attachment":"scroll","background-type":"","background-media":"","overlay-type":"","overlay-color":"","overlay-opacity":"","overlay-gradient":""}},"ast-content-background-meta":{"desktop":{"background-color":"var(--ast-global-color-5)","background-image":"","background-repeat":"repeat","background-position":"center center","background-size":"auto","background-attachment":"scroll","background-type":"","background-media":"","overlay-type":"","overlay-color":"","overlay-opacity":"","overlay-gradient":""},"tablet":{"background-color":"var(--ast-global-color-5)","background-image":"","background-repeat":"repeat","background-position":"center center","background-size":"auto","background-attachment":"scroll","background-type":"","background-media":"","overlay-type":"","overlay-color":"","overlay-opacity":"","overlay-gradient":""},"mobile":{"background-color":"var(--ast-global-color-5)","background-image":"","background-repeat":"repeat","background-position":"center center","background-size":"auto","background-attachment":"scroll","background-type":"","background-media":"","overlay-type":"","overlay-color":"","overlay-opacity":"","overlay-gradient":""}},"footnotes":""},"class_list":["post-3767","page","type-page","status-publish","hentry"],"post_mailing_queue_ids":[],"_links":{"self":[{"href":"https:\/\/agora.xtec.cat\/ceip-ausiasmarch-hospitalet\/wp-json\/wp\/v2\/pages\/3767","targetHints":{"allow":["GET"]}}],"collection":[{"href":"https:\/\/agora.xtec.cat\/ceip-ausiasmarch-hospitalet\/wp-json\/wp\/v2\/pages"}],"about":[{"href":"https:\/\/agora.xtec.cat\/ceip-ausiasmarch-hospitalet\/wp-json\/wp\/v2\/types\/page"}],"author":[{"embeddable":true,"href":"https:\/\/agora.xtec.cat\/ceip-ausiasmarch-hospitalet\/wp-json\/wp\/v2\/users\/1"}],"replies":[{"embeddable":true,"href":"https:\/\/agora.xtec.cat\/ceip-ausiasmarch-hospitalet\/wp-json\/wp\/v2\/comments?post=3767"}],"version-history":[{"count":1,"href":"https:\/\/agora.xtec.cat\/ceip-ausiasmarch-hospitalet\/wp-json\/wp\/v2\/pages\/3767\/revisions"}],"predecessor-version":[{"id":3769,"href":"https:\/\/agora.xtec.cat\/ceip-ausiasmarch-hospitalet\/wp-json\/wp\/v2\/pages\/3767\/revisions\/3769"}],"up":[{"embeddable":true,"href":"https:\/\/agora.xtec.cat\/ceip-ausiasmarch-hospitalet\/wp-json\/wp\/v2\/pages\/22"}],"wp:attachment":[{"href":"https:\/\/agora.xtec.cat\/ceip-ausiasmarch-hospitalet\/wp-json\/wp\/v2\/media?parent=3767"}],"curies":[{"name":"wp","href":"https:\/\/api.w.org\/{rel}","templated":true}]}}