{"id":3753,"date":"2026-02-04T16:00:05","date_gmt":"2026-02-04T15:00:05","guid":{"rendered":"https:\/\/agora.xtec.cat\/ceip-ausiasmarch-hospitalet\/?page_id=3753"},"modified":"2026-02-04T16:00:05","modified_gmt":"2026-02-04T15:00:05","slug":"ambients","status":"publish","type":"page","link":"https:\/\/agora.xtec.cat\/ceip-ausiasmarch-hospitalet\/com-treballem\/ambients\/","title":{"rendered":"Ambients"},"content":{"rendered":"<p><span style=\"font-weight: 400;\">Els ambients s\u00f3n una proposta educativa on es creen diferents espais d\u2019aprenentatge, de relaci\u00f3 i de comunicaci\u00f3. Amb aquesta metodologia l\u2019infant es converteix en el constructor del seu propi aprenentatge. A partir del joc, la investigaci\u00f3 i les relacions amb els companys i les companyes, l\u2019infant explora amb llibertat segons els seus interessos i motivacions. \u00c9s ell qui pren les decisions i cerca les seves pr\u00f2pies estrat\u00e8gies per trobar les solucions davant dels reptes. En aquesta proposta el paper de l\u2019adult \u00e9s acompanyar i observar els infants. Cada ambient ofereix un entorn on poden actuar, observar, manipular, experimentar, imaginar, compartir, relacionant-se en un espai de confian\u00e7a i benestar.<\/span><\/p>\n<p><span style=\"font-weight: 400;\">A l\u2019escola oferim cinc espais d\u2019aprenentatge: el taller, l\u2019estudi, el gimn\u00e0s, el laboratori i el teatre durant dos tardes a la setmana.<\/span><\/p>\n","protected":false},"excerpt":{"rendered":"<p>Els ambients s\u00f3n una proposta educativa on es creen diferents espais d\u2019aprenentatge, de relaci\u00f3 i de comunicaci\u00f3. Amb aquesta metodologia l\u2019infant es converteix en el constructor del seu propi aprenentatge. A partir del joc, la investigaci\u00f3 i les relacions amb els companys i les companyes, l\u2019infant explora amb llibertat segons els seus interessos i motivacions. [&hellip;]<\/p>\n","protected":false},"author":1,"featured_media":0,"parent":3677,"menu_order":0,"comment_status":"closed","ping_status":"closed","template":"","meta":{"_bbp_topic_count":0,"_bbp_reply_count":0,"_bbp_total_topic_count":0,"_bbp_total_reply_count":0,"_bbp_voice_count":0,"_bbp_anonymous_reply_count":0,"_bbp_topic_count_hidden":0,"_bbp_reply_count_hidden":0,"_bbp_forum_subforum_count":0,"site-sidebar-layout":"default","site-content-layout":"","ast-site-content-layout":"default","site-content-style":"default","site-sidebar-style":"default","ast-global-header-display":"","ast-banner-title-visibility":"","ast-main-header-display":"","ast-hfb-above-header-display":"","ast-hfb-below-header-display":"","ast-hfb-mobile-header-display":"","site-post-title":"","ast-breadcrumbs-content":"","ast-featured-img":"","footer-sml-layout":"","theme-transparent-header-meta":"default","adv-header-id-meta":"","stick-header-meta":"","header-above-stick-meta":"","header-main-stick-meta":"","header-below-stick-meta":"","astra-migrate-meta-layouts":"set","ast-page-background-enabled":"default","ast-page-background-meta":{"desktop":{"background-color":"var(--ast-global-color-4)","background-image":"","background-repeat":"repeat","background-position":"center center","background-size":"auto","background-attachment":"scroll","background-type":"","background-media":"","overlay-type":"","overlay-color":"","overlay-opacity":"","overlay-gradient":""},"tablet":{"background-color":"","background-image":"","background-repeat":"repeat","background-position":"center center","background-size":"auto","background-attachment":"scroll","background-type":"","background-media":"","overlay-type":"","overlay-color":"","overlay-opacity":"","overlay-gradient":""},"mobile":{"background-color":"","background-image":"","background-repeat":"repeat","background-position":"center center","background-size":"auto","background-attachment":"scroll","background-type":"","background-media":"","overlay-type":"","overlay-color":"","overlay-opacity":"","overlay-gradient":""}},"ast-content-background-meta":{"desktop":{"background-color":"var(--ast-global-color-5)","background-image":"","background-repeat":"repeat","background-position":"center center","background-size":"auto","background-attachment":"scroll","background-type":"","background-media":"","overlay-type":"","overlay-color":"","overlay-opacity":"","overlay-gradient":""},"tablet":{"background-color":"var(--ast-global-color-5)","background-image":"","background-repeat":"repeat","background-position":"center center","background-size":"auto","background-attachment":"scroll","background-type":"","background-media":"","overlay-type":"","overlay-color":"","overlay-opacity":"","overlay-gradient":""},"mobile":{"background-color":"var(--ast-global-color-5)","background-image":"","background-repeat":"repeat","background-position":"center center","background-size":"auto","background-attachment":"scroll","background-type":"","background-media":"","overlay-type":"","overlay-color":"","overlay-opacity":"","overlay-gradient":""}},"footnotes":""},"class_list":["post-3753","page","type-page","status-publish","hentry"],"post_mailing_queue_ids":[],"_links":{"self":[{"href":"https:\/\/agora.xtec.cat\/ceip-ausiasmarch-hospitalet\/wp-json\/wp\/v2\/pages\/3753","targetHints":{"allow":["GET"]}}],"collection":[{"href":"https:\/\/agora.xtec.cat\/ceip-ausiasmarch-hospitalet\/wp-json\/wp\/v2\/pages"}],"about":[{"href":"https:\/\/agora.xtec.cat\/ceip-ausiasmarch-hospitalet\/wp-json\/wp\/v2\/types\/page"}],"author":[{"embeddable":true,"href":"https:\/\/agora.xtec.cat\/ceip-ausiasmarch-hospitalet\/wp-json\/wp\/v2\/users\/1"}],"replies":[{"embeddable":true,"href":"https:\/\/agora.xtec.cat\/ceip-ausiasmarch-hospitalet\/wp-json\/wp\/v2\/comments?post=3753"}],"version-history":[{"count":1,"href":"https:\/\/agora.xtec.cat\/ceip-ausiasmarch-hospitalet\/wp-json\/wp\/v2\/pages\/3753\/revisions"}],"predecessor-version":[{"id":3754,"href":"https:\/\/agora.xtec.cat\/ceip-ausiasmarch-hospitalet\/wp-json\/wp\/v2\/pages\/3753\/revisions\/3754"}],"up":[{"embeddable":true,"href":"https:\/\/agora.xtec.cat\/ceip-ausiasmarch-hospitalet\/wp-json\/wp\/v2\/pages\/3677"}],"wp:attachment":[{"href":"https:\/\/agora.xtec.cat\/ceip-ausiasmarch-hospitalet\/wp-json\/wp\/v2\/media?parent=3753"}],"curies":[{"name":"wp","href":"https:\/\/api.w.org\/{rel}","templated":true}]}}