{"id":3729,"date":"2026-01-30T10:33:26","date_gmt":"2026-01-30T09:33:26","guid":{"rendered":"https:\/\/agora.xtec.cat\/ceip-ausiasmarch-hospitalet\/?page_id=3729"},"modified":"2026-01-30T10:33:26","modified_gmt":"2026-01-30T09:33:26","slug":"educacio-fisica","status":"publish","type":"page","link":"https:\/\/agora.xtec.cat\/ceip-ausiasmarch-hospitalet\/com-treballem\/educacio-fisica\/","title":{"rendered":"Educaci\u00f3 f\u00edsica"},"content":{"rendered":"<p data-path-to-node=\"4\">A l\u2019\u00e0rea d\u2019Educaci\u00f3 F\u00edsica no nom\u00e9s treballem el cos, sin\u00f3 tamb\u00e9 el <b data-path-to-node=\"4\" data-index-in-node=\"68\">treball en equip<\/b> i el <b data-path-to-node=\"4\" data-index-in-node=\"90\">pensament cr\u00edtic<\/b>. A trav\u00e9s de l&#8217;aprenentatge cooperatiu, els nostres alumnes aprenen a col\u00b7laborar i a construir solucions junts.<\/p>\n<h4 data-path-to-node=\"5\">Un cam\u00ed de progressi\u00f3<\/h4>\n<p data-path-to-node=\"6\">L&#8217;activitat f\u00edsica s\u2019adapta al moment evolutiu de cada infant per garantir un aprenentatge s\u00f2lid:<\/p>\n<ul data-path-to-node=\"7\">\n<li>\n<p data-path-to-node=\"7,0,0\"><b data-path-to-node=\"7,0,0\" data-index-in-node=\"0\">Cicle Inicial:<\/b> Consolidem la lateralitat i els diferents tipus de despla\u00e7aments.<\/p>\n<\/li>\n<li>\n<p data-path-to-node=\"7,1,0\"><b data-path-to-node=\"7,1,0\" data-index-in-node=\"0\">Cicle Mitj\u00e0:<\/b> Ens centrem en els equilibris, els salts i els llan\u00e7aments.<\/p>\n<\/li>\n<li>\n<p data-path-to-node=\"7,2,0\"><b data-path-to-node=\"7,2,0\" data-index-in-node=\"0\">Cicle Superior:<\/b> Introdu\u00efm la iniciaci\u00f3 esportiva amb esports com el b\u00e0squet, l\u2019handbol o el futbol.<\/p>\n<\/li>\n<\/ul>\n<h4 data-path-to-node=\"8\">L&#8217;esport m\u00e9s enll\u00e0 de l&#8217;escola<\/h4>\n<p data-path-to-node=\"9\">L&#8217;activitat f\u00edsica connecta el nostre alumnat amb l\u2019entorn i amb altres centres de la ciutat. Cada curs participem en trobades esportives destacades:<\/p>\n<ul data-path-to-node=\"10\">\n<li>\n<p data-path-to-node=\"10,0,0\"><b data-path-to-node=\"10,0,0\" data-index-in-node=\"0\">Cursa d\u2019orientaci\u00f3<\/b> al parc de Can Boixeres (4t de Prim\u00e0ria).<\/p>\n<\/li>\n<li>\n<p data-path-to-node=\"10,1,0\"><b data-path-to-node=\"10,1,0\" data-index-in-node=\"0\">Trobada de jocs tradicionals<\/b> amb diverses escoles de l\u2019Hospitalet (5\u00e8 de Prim\u00e0ria).<\/p>\n<\/li>\n<li>\n<p data-path-to-node=\"10,2,0\"><b data-path-to-node=\"10,2,0\" data-index-in-node=\"0\">Nataci\u00f3:<\/b> Gr\u00e0cies a l\u2019Ajuntament de l&#8217;Hospitalet, l\u2019alumnat de 3r i 4t realitza un curs de nataci\u00f3 durant el primer trimestre.<\/p>\n<\/li>\n<\/ul>\n<p data-path-to-node=\"11\">A m\u00e9s, cada grup gaudeix d&#8217;una activitat especial cada curs relacionada amb el m\u00f3n de l&#8217;esport, com ara l&#8217;<b data-path-to-node=\"11\" data-index-in-node=\"106\">escalada<\/b>, el <b data-path-to-node=\"11\" data-index-in-node=\"119\">p\u00e0del<\/b> o el <b data-path-to-node=\"11\" data-index-in-node=\"130\">ball<\/b>, obrint el ventall de possibilitats f\u00edsiques i l\u00fadiques.<\/p>\n","protected":false},"excerpt":{"rendered":"<p>A l\u2019\u00e0rea d\u2019Educaci\u00f3 F\u00edsica no nom\u00e9s treballem el cos, sin\u00f3 tamb\u00e9 el treball en equip i el pensament cr\u00edtic. A trav\u00e9s de l&#8217;aprenentatge cooperatiu, els nostres alumnes aprenen a col\u00b7laborar i a construir solucions junts. Un cam\u00ed de progressi\u00f3 L&#8217;activitat f\u00edsica s\u2019adapta al moment evolutiu de cada infant per garantir un aprenentatge s\u00f2lid: Cicle Inicial: [&hellip;]<\/p>\n","protected":false},"author":1,"featured_media":0,"parent":3677,"menu_order":0,"comment_status":"closed","ping_status":"closed","template":"","meta":{"_bbp_topic_count":0,"_bbp_reply_count":0,"_bbp_total_topic_count":0,"_bbp_total_reply_count":0,"_bbp_voice_count":0,"_bbp_anonymous_reply_count":0,"_bbp_topic_count_hidden":0,"_bbp_reply_count_hidden":0,"_bbp_forum_subforum_count":0,"site-sidebar-layout":"default","site-content-layout":"","ast-site-content-layout":"default","site-content-style":"default","site-sidebar-style":"default","ast-global-header-display":"","ast-banner-title-visibility":"","ast-main-header-display":"","ast-hfb-above-header-display":"","ast-hfb-below-header-display":"","ast-hfb-mobile-header-display":"","site-post-title":"","ast-breadcrumbs-content":"","ast-featured-img":"","footer-sml-layout":"","theme-transparent-header-meta":"default","adv-header-id-meta":"","stick-header-meta":"","header-above-stick-meta":"","header-main-stick-meta":"","header-below-stick-meta":"","astra-migrate-meta-layouts":"set","ast-page-background-enabled":"default","ast-page-background-meta":{"desktop":{"background-color":"var(--ast-global-color-4)","background-image":"","background-repeat":"repeat","background-position":"center center","background-size":"auto","background-attachment":"scroll","background-type":"","background-media":"","overlay-type":"","overlay-color":"","overlay-opacity":"","overlay-gradient":""},"tablet":{"background-color":"","background-image":"","background-repeat":"repeat","background-position":"center center","background-size":"auto","background-attachment":"scroll","background-type":"","background-media":"","overlay-type":"","overlay-color":"","overlay-opacity":"","overlay-gradient":""},"mobile":{"background-color":"","background-image":"","background-repeat":"repeat","background-position":"center center","background-size":"auto","background-attachment":"scroll","background-type":"","background-media":"","overlay-type":"","overlay-color":"","overlay-opacity":"","overlay-gradient":""}},"ast-content-background-meta":{"desktop":{"background-color":"var(--ast-global-color-5)","background-image":"","background-repeat":"repeat","background-position":"center center","background-size":"auto","background-attachment":"scroll","background-type":"","background-media":"","overlay-type":"","overlay-color":"","overlay-opacity":"","overlay-gradient":""},"tablet":{"background-color":"var(--ast-global-color-5)","background-image":"","background-repeat":"repeat","background-position":"center center","background-size":"auto","background-attachment":"scroll","background-type":"","background-media":"","overlay-type":"","overlay-color":"","overlay-opacity":"","overlay-gradient":""},"mobile":{"background-color":"var(--ast-global-color-5)","background-image":"","background-repeat":"repeat","background-position":"center center","background-size":"auto","background-attachment":"scroll","background-type":"","background-media":"","overlay-type":"","overlay-color":"","overlay-opacity":"","overlay-gradient":""}},"footnotes":""},"class_list":["post-3729","page","type-page","status-publish","hentry"],"post_mailing_queue_ids":[],"_links":{"self":[{"href":"https:\/\/agora.xtec.cat\/ceip-ausiasmarch-hospitalet\/wp-json\/wp\/v2\/pages\/3729","targetHints":{"allow":["GET"]}}],"collection":[{"href":"https:\/\/agora.xtec.cat\/ceip-ausiasmarch-hospitalet\/wp-json\/wp\/v2\/pages"}],"about":[{"href":"https:\/\/agora.xtec.cat\/ceip-ausiasmarch-hospitalet\/wp-json\/wp\/v2\/types\/page"}],"author":[{"embeddable":true,"href":"https:\/\/agora.xtec.cat\/ceip-ausiasmarch-hospitalet\/wp-json\/wp\/v2\/users\/1"}],"replies":[{"embeddable":true,"href":"https:\/\/agora.xtec.cat\/ceip-ausiasmarch-hospitalet\/wp-json\/wp\/v2\/comments?post=3729"}],"version-history":[{"count":1,"href":"https:\/\/agora.xtec.cat\/ceip-ausiasmarch-hospitalet\/wp-json\/wp\/v2\/pages\/3729\/revisions"}],"predecessor-version":[{"id":3730,"href":"https:\/\/agora.xtec.cat\/ceip-ausiasmarch-hospitalet\/wp-json\/wp\/v2\/pages\/3729\/revisions\/3730"}],"up":[{"embeddable":true,"href":"https:\/\/agora.xtec.cat\/ceip-ausiasmarch-hospitalet\/wp-json\/wp\/v2\/pages\/3677"}],"wp:attachment":[{"href":"https:\/\/agora.xtec.cat\/ceip-ausiasmarch-hospitalet\/wp-json\/wp\/v2\/media?parent=3729"}],"curies":[{"name":"wp","href":"https:\/\/api.w.org\/{rel}","templated":true}]}}