{"id":34,"date":"2014-09-18T12:32:18","date_gmt":"2014-09-18T11:32:18","guid":{"rendered":"http:\/\/agora.xtec.cat\/ceip-ausiasmarch-hospitalet\/?page_id=34"},"modified":"2020-05-12T00:09:51","modified_gmt":"2020-05-11T22:09:51","slug":"oferta-educativa","status":"publish","type":"page","link":"https:\/\/agora.xtec.cat\/ceip-ausiasmarch-hospitalet\/lescola\/oferta-educativa\/","title":{"rendered":"Oferta educativa"},"content":{"rendered":"<p style=\"text-align: justify;\"><span style=\"font-size: medium;\">Som una escola p\u00fablica, catalana, inclusiva i arrelada al seu entorn. El nostre objectiu educatiu \u00e9s el desenvolupament integral de l&#8217;alumne a partir d&#8217;una formaci\u00f3 humana basada en els valors democr\u00e0tics de la nostra societat. Fonamentem l&#8217;aprenentatge en la recerca per tal que els alumnes puguin investigar, descobrir i comunicar el coneixement. <\/span><\/p>\n<p><a href=\"https:\/\/dl.dropboxusercontent.com\/s\/zvxconbm6nhh6hl\/Oferta%20educativa%201.png\"><img loading=\"lazy\" decoding=\"async\" class=\"alignnone\" src=\"https:\/\/dl.dropboxusercontent.com\/s\/zvxconbm6nhh6hl\/Oferta%20educativa%201.png\" alt=\"\" width=\"1000\" height=\"3504\" \/><\/a><\/p>\n<p style=\"text-align: justify;\"><span style=\"font-size: medium;\">Treballem en vista a l&#8217;assoliment de les compet\u00e8ncies necess\u00e0ries perqu\u00e8 l&#8217;alumnat pugui utilitzar els coneixements apresos per a la comprensi\u00f3 i resoluci\u00f3 de situacions noves. Potenciem l&#8217;esfor\u00e7 i el treball cooperatiu a trav\u00e9s de metodologies i formes de treball interdisciplin\u00e0ries i globalitzades.\u00a0<\/span><\/p>\n<p style=\"text-align: justify;\"><span style=\"font-size: medium;\">En la nostra escola hi aprenen junts alumnes diferents als quals se&#8217;ls proporciona un aprenentatge personalitzat d&#8217;acord amb les seves necessitats educatives.<\/span><\/p>\n<p style=\"text-align: justify;\"><span style=\"font-size: medium;\">Participem del projecte Orquestra a l&#8217;escola en col.laboraci\u00f3 amb l&#8217;Escola de m\u00fasica-Centre de les Arts (EMMCA). La pr\u00e0ctica de l&#8217;aprenentatge dels instruments de corda (viol\u00ed, viola i violoncel) facilita al nostre alumnat una millor cohesi\u00f3 social i un augment de l&#8217;atenci\u00f3 i la concentraci\u00f3 escolars.<\/span><\/p>\n<p><a href=\"https:\/\/dl.dropboxusercontent.com\/s\/ti0ekkyxo9v1v5k\/Oferta%20educativa%202-1.png\"><img loading=\"lazy\" decoding=\"async\" class=\"alignnone\" src=\"https:\/\/dl.dropboxusercontent.com\/s\/ti0ekkyxo9v1v5k\/Oferta%20educativa%202-1.png\" alt=\"\" width=\"1000\" height=\"3504\" \/><\/a><\/p>\n","protected":false},"excerpt":{"rendered":"<p>Som una escola p\u00fablica, catalana, inclusiva i arrelada al seu entorn. El nostre objectiu educatiu \u00e9s el desenvolupament integral de l&#8217;alumne a partir d&#8217;una formaci\u00f3 humana basada en els valors democr\u00e0tics de la nostra societat. Fonamentem l&#8217;aprenentatge en la recerca per tal que els alumnes puguin investigar, descobrir i comunicar el coneixement. Treballem en vista [&hellip;]<\/p>\n","protected":false},"author":1,"featured_media":0,"parent":22,"menu_order":45,"comment_status":"closed","ping_status":"closed","template":"page-templates\/side-menu.php","meta":{"_bbp_topic_count":0,"_bbp_reply_count":0,"_bbp_total_topic_count":0,"_bbp_total_reply_count":0,"_bbp_voice_count":0,"_bbp_anonymous_reply_count":0,"_bbp_topic_count_hidden":0,"_bbp_reply_count_hidden":0,"_bbp_forum_subforum_count":0,"site-sidebar-layout":"default","site-content-layout":"","ast-site-content-layout":"","site-content-style":"default","site-sidebar-style":"default","ast-global-header-display":"","ast-banner-title-visibility":"","ast-main-header-display":"","ast-hfb-above-header-display":"","ast-hfb-below-header-display":"","ast-hfb-mobile-header-display":"","site-post-title":"","ast-breadcrumbs-content":"","ast-featured-img":"","footer-sml-layout":"","theme-transparent-header-meta":"","adv-header-id-meta":"","stick-header-meta":"","header-above-stick-meta":"","header-main-stick-meta":"","header-below-stick-meta":"","astra-migrate-meta-layouts":"default","ast-page-background-enabled":"default","ast-page-background-meta":{"desktop":{"background-color":"var(--ast-global-color-4)","background-image":"","background-repeat":"repeat","background-position":"center center","background-size":"auto","background-attachment":"scroll","background-type":"","background-media":"","overlay-type":"","overlay-color":"","overlay-opacity":"","overlay-gradient":""},"tablet":{"background-color":"","background-image":"","background-repeat":"repeat","background-position":"center center","background-size":"auto","background-attachment":"scroll","background-type":"","background-media":"","overlay-type":"","overlay-color":"","overlay-opacity":"","overlay-gradient":""},"mobile":{"background-color":"","background-image":"","background-repeat":"repeat","background-position":"center center","background-size":"auto","background-attachment":"scroll","background-type":"","background-media":"","overlay-type":"","overlay-color":"","overlay-opacity":"","overlay-gradient":""}},"ast-content-background-meta":{"desktop":{"background-color":"var(--ast-global-color-5)","background-image":"","background-repeat":"repeat","background-position":"center center","background-size":"auto","background-attachment":"scroll","background-type":"","background-media":"","overlay-type":"","overlay-color":"","overlay-opacity":"","overlay-gradient":""},"tablet":{"background-color":"var(--ast-global-color-5)","background-image":"","background-repeat":"repeat","background-position":"center center","background-size":"auto","background-attachment":"scroll","background-type":"","background-media":"","overlay-type":"","overlay-color":"","overlay-opacity":"","overlay-gradient":""},"mobile":{"background-color":"var(--ast-global-color-5)","background-image":"","background-repeat":"repeat","background-position":"center center","background-size":"auto","background-attachment":"scroll","background-type":"","background-media":"","overlay-type":"","overlay-color":"","overlay-opacity":"","overlay-gradient":""}},"footnotes":""},"class_list":["post-34","page","type-page","status-publish","hentry"],"post_mailing_queue_ids":[],"_links":{"self":[{"href":"https:\/\/agora.xtec.cat\/ceip-ausiasmarch-hospitalet\/wp-json\/wp\/v2\/pages\/34","targetHints":{"allow":["GET"]}}],"collection":[{"href":"https:\/\/agora.xtec.cat\/ceip-ausiasmarch-hospitalet\/wp-json\/wp\/v2\/pages"}],"about":[{"href":"https:\/\/agora.xtec.cat\/ceip-ausiasmarch-hospitalet\/wp-json\/wp\/v2\/types\/page"}],"author":[{"embeddable":true,"href":"https:\/\/agora.xtec.cat\/ceip-ausiasmarch-hospitalet\/wp-json\/wp\/v2\/users\/1"}],"replies":[{"embeddable":true,"href":"https:\/\/agora.xtec.cat\/ceip-ausiasmarch-hospitalet\/wp-json\/wp\/v2\/comments?post=34"}],"version-history":[{"count":4,"href":"https:\/\/agora.xtec.cat\/ceip-ausiasmarch-hospitalet\/wp-json\/wp\/v2\/pages\/34\/revisions"}],"predecessor-version":[{"id":2490,"href":"https:\/\/agora.xtec.cat\/ceip-ausiasmarch-hospitalet\/wp-json\/wp\/v2\/pages\/34\/revisions\/2490"}],"up":[{"embeddable":true,"href":"https:\/\/agora.xtec.cat\/ceip-ausiasmarch-hospitalet\/wp-json\/wp\/v2\/pages\/22"}],"wp:attachment":[{"href":"https:\/\/agora.xtec.cat\/ceip-ausiasmarch-hospitalet\/wp-json\/wp\/v2\/media?parent=34"}],"curies":[{"name":"wp","href":"https:\/\/api.w.org\/{rel}","templated":true}]}}