{"id":2302,"date":"2020-02-13T20:21:51","date_gmt":"2020-02-13T19:21:51","guid":{"rendered":"http:\/\/agora.xtec.cat\/ceip-ausiasmarch-hospitalet\/?page_id=2302"},"modified":"2025-11-17T18:15:27","modified_gmt":"2025-11-17T17:15:27","slug":"documents-inici-de-curs-19-20","status":"publish","type":"page","link":"https:\/\/agora.xtec.cat\/ceip-ausiasmarch-hospitalet\/documents\/documents-inici-de-curs-19-20\/","title":{"rendered":"Documents inici de curs 25\/26"},"content":{"rendered":"<p>Podeu consultar la documentaci\u00f3 de principi de curs clicant al document:<\/p>\n<ul>\n<li><a href=\"https:\/\/agora.xtec.cat\/ceip-ausiasmarch-hospitalet\/wp-content\/uploads\/usu643\/2025\/11\/Administracio-medicaments.pdf\">Administraci\u00f3 medicaments<\/a><\/li>\n<li><a style=\"font-size: 16px; background-color: #ffffff;\" href=\"https:\/\/agora.xtec.cat\/ceip-ausiasmarch-hospitalet\/wp-content\/uploads\/usu643\/2025\/11\/Autoritzacio-marxar-sol-a-casa.pdf\">Autoritzaci\u00f3 marxar sol a casa<\/a><\/li>\n<li><a style=\"font-size: 16px; background-color: #ffffff;\" href=\"https:\/\/agora.xtec.cat\/ceip-ausiasmarch-hospitalet\/wp-content\/uploads\/usu643\/2025\/11\/Autoritzacio-recollida-alumnes.pdf\">Autoritzaci\u00f3 recollida alumnes<\/a><\/li>\n<li><a style=\"font-size: 16px; background-color: #ffffff;\" href=\"https:\/\/agora.xtec.cat\/ceip-ausiasmarch-hospitalet\/wp-content\/uploads\/usu643\/2025\/11\/Autoritzacio-Sortides-dun-dia.pdf\">Autoritzaci\u00f3 Sortides d&#8217;un dia<\/a><\/li>\n<\/ul>\n<p>&nbsp;<\/p>\n","protected":false},"excerpt":{"rendered":"<p>Podeu consultar la documentaci\u00f3 de principi de curs clicant al document: Administraci\u00f3 medicaments Autoritzaci\u00f3 marxar sol a casa Autoritzaci\u00f3 recollida alumnes Autoritzaci\u00f3 Sortides d&#8217;un dia &nbsp;<\/p>\n","protected":false},"author":3,"featured_media":0,"parent":1272,"menu_order":5,"comment_status":"closed","ping_status":"closed","template":"","meta":{"_bbp_topic_count":0,"_bbp_reply_count":0,"_bbp_total_topic_count":0,"_bbp_total_reply_count":0,"_bbp_voice_count":0,"_bbp_anonymous_reply_count":0,"_bbp_topic_count_hidden":0,"_bbp_reply_count_hidden":0,"_bbp_forum_subforum_count":0,"site-sidebar-layout":"default","site-content-layout":"","ast-site-content-layout":"default","site-content-style":"default","site-sidebar-style":"default","ast-global-header-display":"","ast-banner-title-visibility":"","ast-main-header-display":"","ast-hfb-above-header-display":"","ast-hfb-below-header-display":"","ast-hfb-mobile-header-display":"","site-post-title":"","ast-breadcrumbs-content":"","ast-featured-img":"","footer-sml-layout":"","theme-transparent-header-meta":"default","adv-header-id-meta":"","stick-header-meta":"","header-above-stick-meta":"","header-main-stick-meta":"","header-below-stick-meta":"","astra-migrate-meta-layouts":"set","ast-page-background-enabled":"default","ast-page-background-meta":{"desktop":{"background-color":"var(--ast-global-color-4)","background-image":"","background-repeat":"repeat","background-position":"center center","background-size":"auto","background-attachment":"scroll","background-type":"","background-media":"","overlay-type":"","overlay-color":"","overlay-opacity":"","overlay-gradient":""},"tablet":{"background-color":"","background-image":"","background-repeat":"repeat","background-position":"center center","background-size":"auto","background-attachment":"scroll","background-type":"","background-media":"","overlay-type":"","overlay-color":"","overlay-opacity":"","overlay-gradient":""},"mobile":{"background-color":"","background-image":"","background-repeat":"repeat","background-position":"center center","background-size":"auto","background-attachment":"scroll","background-type":"","background-media":"","overlay-type":"","overlay-color":"","overlay-opacity":"","overlay-gradient":""}},"ast-content-background-meta":{"desktop":{"background-color":"var(--ast-global-color-5)","background-image":"","background-repeat":"repeat","background-position":"center center","background-size":"auto","background-attachment":"scroll","background-type":"","background-media":"","overlay-type":"","overlay-color":"","overlay-opacity":"","overlay-gradient":""},"tablet":{"background-color":"var(--ast-global-color-5)","background-image":"","background-repeat":"repeat","background-position":"center center","background-size":"auto","background-attachment":"scroll","background-type":"","background-media":"","overlay-type":"","overlay-color":"","overlay-opacity":"","overlay-gradient":""},"mobile":{"background-color":"var(--ast-global-color-5)","background-image":"","background-repeat":"repeat","background-position":"center center","background-size":"auto","background-attachment":"scroll","background-type":"","background-media":"","overlay-type":"","overlay-color":"","overlay-opacity":"","overlay-gradient":""}},"footnotes":""},"class_list":["post-2302","page","type-page","status-publish","hentry"],"post_mailing_queue_ids":[],"_links":{"self":[{"href":"https:\/\/agora.xtec.cat\/ceip-ausiasmarch-hospitalet\/wp-json\/wp\/v2\/pages\/2302","targetHints":{"allow":["GET"]}}],"collection":[{"href":"https:\/\/agora.xtec.cat\/ceip-ausiasmarch-hospitalet\/wp-json\/wp\/v2\/pages"}],"about":[{"href":"https:\/\/agora.xtec.cat\/ceip-ausiasmarch-hospitalet\/wp-json\/wp\/v2\/types\/page"}],"author":[{"embeddable":true,"href":"https:\/\/agora.xtec.cat\/ceip-ausiasmarch-hospitalet\/wp-json\/wp\/v2\/users\/3"}],"replies":[{"embeddable":true,"href":"https:\/\/agora.xtec.cat\/ceip-ausiasmarch-hospitalet\/wp-json\/wp\/v2\/comments?post=2302"}],"version-history":[{"count":5,"href":"https:\/\/agora.xtec.cat\/ceip-ausiasmarch-hospitalet\/wp-json\/wp\/v2\/pages\/2302\/revisions"}],"predecessor-version":[{"id":3637,"href":"https:\/\/agora.xtec.cat\/ceip-ausiasmarch-hospitalet\/wp-json\/wp\/v2\/pages\/2302\/revisions\/3637"}],"up":[{"embeddable":true,"href":"https:\/\/agora.xtec.cat\/ceip-ausiasmarch-hospitalet\/wp-json\/wp\/v2\/pages\/1272"}],"wp:attachment":[{"href":"https:\/\/agora.xtec.cat\/ceip-ausiasmarch-hospitalet\/wp-json\/wp\/v2\/media?parent=2302"}],"curies":[{"name":"wp","href":"https:\/\/api.w.org\/{rel}","templated":true}]}}