{"id":2293,"date":"2020-02-13T19:26:18","date_gmt":"2020-02-13T18:26:18","guid":{"rendered":"http:\/\/agora.xtec.cat\/ceip-ausiasmarch-hospitalet\/?page_id=2293"},"modified":"2025-11-17T16:16:41","modified_gmt":"2025-11-17T15:16:41","slug":"equip-docent","status":"publish","type":"page","link":"https:\/\/agora.xtec.cat\/ceip-ausiasmarch-hospitalet\/lescola\/equip-docent\/","title":{"rendered":"Equip docent"},"content":{"rendered":"<p style=\"text-align: center;\"><strong>COMUNITAT DE PETITS<\/strong><\/p>\n<table style=\"height: 104px; width: 100%; border-collapse: collapse; border-style: solid; border-color: #000000;\">\n<tbody>\n<tr style=\"height: 52px;\">\n<td style=\"width: 33.3333%; height: 52px; border-style: solid; border-color: #000000; text-align: center; background-color: #ffcc6e;\"><strong>I3<\/strong><\/td>\n<td style=\"width: 33.3333%; height: 52px; border-style: solid; border-color: #000000; text-align: center; background-color: #ffcc6e;\"><strong>I4<\/strong><\/td>\n<td style=\"width: 33.3333%; height: 52px; border-style: solid; border-color: #000000; background-color: #ffcc6e; text-align: center;\"><strong>I5<\/strong><\/td>\n<\/tr>\n<tr style=\"height: 52px;\">\n<td style=\"width: 33.3333%; height: 52px; border-style: solid; border-color: #000000; text-align: center;\">S\u00edlvia H.<\/td>\n<td style=\"width: 33.3333%; height: 52px; border-style: solid; border-color: #000000; text-align: center;\">Diamar L. i Judit C.<\/td>\n<td style=\"width: 33.3333%; height: 52px; border-color: #000000; border-style: solid; text-align: center;\">Anna G.<\/td>\n<\/tr>\n<\/tbody>\n<\/table>\n<table style=\"height: 104px; width: 100%; border-collapse: collapse; border-style: solid; border-color: #000000;\">\n<tbody>\n<tr style=\"height: 52px;\">\n<td style=\"width: 50%; height: 52px; background-color: #ffcc6e; border-style: solid; border-color: #000000; text-align: center;\"><strong>Biblioteca i psicomotricitat<\/strong><\/td>\n<td style=\"width: 50%; height: 52px; background-color: #ffcc6e; border-style: solid; border-color: #000000; text-align: center;\"><strong>T\u00e8cnica Especialista d&#8217;Educaci\u00f3 Infantil (TEEI)<\/strong><\/td>\n<\/tr>\n<tr style=\"height: 52px;\">\n<td style=\"width: 50%; height: 52px; border-style: solid; border-color: #000000; text-align: center;\">Raquel S.<\/td>\n<td style=\"width: 50%; height: 52px; text-align: center; border-style: solid; border-color: #000000;\">Maribel G.<\/td>\n<\/tr>\n<\/tbody>\n<\/table>\n<p style=\"text-align: center;\"><strong>COMUNITAT DE MITJANS<\/strong><\/p>\n<table style=\"height: 104px; width: 100%; border-collapse: collapse; border-color: #000000; border-style: solid;\">\n<tbody>\n<tr style=\"height: 52px;\">\n<td style=\"width: 33.3333%; height: 52px; border-style: solid; border-color: #000000; background-color: #82f2fa; text-align: center;\"><strong>1r<\/strong><\/td>\n<td style=\"width: 33.3333%; height: 52px; border-style: solid; border-color: #000000; background-color: #82f2fa; text-align: center;\"><strong>2n<\/strong><\/td>\n<td style=\"width: 33.3333%; height: 52px; border-style: solid; border-color: #000000; background-color: #82f2fa; text-align: center;\"><strong>3r<\/strong><\/td>\n<\/tr>\n<tr style=\"height: 52px;\">\n<td style=\"width: 33.3333%; height: 52px; border-style: solid; border-color: #000000; text-align: center;\">Jordi L.<\/td>\n<td style=\"width: 33.3333%; height: 52px; border-style: solid; border-color: #000000; text-align: center;\">Marta O.<\/td>\n<td style=\"width: 33.3333%; height: 52px; border-style: solid; border-color: #000000; text-align: center;\">Marta L.<\/td>\n<\/tr>\n<\/tbody>\n<\/table>\n<p style=\"text-align: center;\"><strong>COMUNITAT DE GRANS<\/strong><\/p>\n<table style=\"height: 104px; width: 100%; border-collapse: collapse; border-color: #000000; border-style: solid;\">\n<tbody>\n<tr style=\"height: 52px;\">\n<td style=\"width: 33.3333%; height: 52px; border-style: solid; border-color: #000000; background-color: #8cff9c; text-align: center;\"><strong>4t<\/strong><\/td>\n<td style=\"width: 33.3333%; height: 52px; border-style: solid; border-color: #000000; background-color: #8cff9c; text-align: center;\"><strong>5\u00e8<\/strong><\/td>\n<td style=\"width: 33.3333%; height: 52px; border-style: solid; border-color: #000000; background-color: #8cff9c; text-align: center;\"><strong>6\u00e8<\/strong><\/td>\n<\/tr>\n<tr style=\"height: 52px;\">\n<td style=\"width: 33.3333%; height: 52px; border-style: solid; border-color: #000000; text-align: center;\">Alba V.<\/td>\n<td style=\"width: 33.3333%; height: 52px; border-style: solid; border-color: #000000; text-align: center;\">Ari C.<\/td>\n<td style=\"width: 33.3333%; height: 52px; border-style: solid; border-color: #000000; text-align: center;\">Anna M.<\/td>\n<\/tr>\n<\/tbody>\n<\/table>\n<p style=\"text-align: center;\"><strong>ESPECIALISTES<\/strong><\/p>\n<table style=\"height: 104px; width: 100%; border-collapse: collapse; border-color: #000000; border-style: solid;\">\n<tbody>\n<tr style=\"height: 52px;\">\n<td style=\"width: 33.3333%; height: 52px; border-style: solid; border-color: #000000; text-align: center; background-color: #dab3ff;\"><strong>Angl\u00e8s<\/strong><\/td>\n<td style=\"width: 33.3333%; height: 52px; border-style: solid; border-color: #000000; text-align: center; background-color: #dab3ff;\"><strong>M\u00fasica<\/strong><\/td>\n<td style=\"width: 33.3333%; height: 52px; border-style: solid; border-color: #000000; text-align: center; background-color: #dab3ff;\"><strong>Educaci\u00f3 F\u00edsica<\/strong><\/td>\n<\/tr>\n<tr style=\"height: 52px;\">\n<td style=\"width: 33.3333%; height: 52px; border-style: solid; border-color: #000000; text-align: center;\">Carla J.<\/td>\n<td style=\"width: 33.3333%; height: 52px; border-style: solid; border-color: #000000; text-align: center;\">Lourdes R.<\/td>\n<td style=\"width: 33.3333%; height: 52px; border-style: solid; border-color: #000000; text-align: center;\">Cristian A.<\/td>\n<\/tr>\n<\/tbody>\n<\/table>\n<table style=\"height: 104px; width: 100%; border-collapse: collapse; border-color: #000000; border-style: solid;\">\n<tbody>\n<tr style=\"height: 52px;\">\n<td style=\"width: 33.3333%; height: 52px; border-style: solid; border-color: #000000; text-align: center; background-color: #dab3ff;\"><strong>Biblioteca i Valors<\/strong><\/td>\n<td style=\"width: 33.3333%; height: 52px; border-style: solid; border-color: #000000; text-align: center; background-color: #dab3ff;\"><strong>Biblioteca i Valors<\/strong><\/td>\n<td style=\"width: 33.3333%; height: 52px; border-style: solid; border-color: #000000; text-align: center; background-color: #dab3ff;\"><strong>Religi\u00f3 cat\u00f2lica<\/strong><\/td>\n<\/tr>\n<tr style=\"height: 52px;\">\n<td style=\"width: 33.3333%; height: 52px; border-style: solid; border-color: #000000; text-align: center;\">Teresa C.<\/td>\n<td style=\"width: 33.3333%; height: 52px; border-style: solid; border-color: #000000; text-align: center;\">N\u00faria T.<\/td>\n<td style=\"width: 33.3333%; height: 52px; border-style: solid; border-color: #000000; text-align: center;\">Cristina G.<\/td>\n<\/tr>\n<\/tbody>\n<\/table>\n<p style=\"text-align: center;\"><strong>ATENCI\u00d3 A LA DIVERSITAT<\/strong><\/p>\n<table style=\"height: 104px; width: 100%; border-collapse: collapse; border-color: #000000; border-style: solid;\">\n<tbody>\n<tr style=\"height: 52px;\">\n<td style=\"width: 33.3333%; height: 52px; border-style: solid; border-color: #000000; text-align: center; background-color: #ff9e9e;\"><strong>Educaci\u00f3 Especial<\/strong><\/td>\n<td style=\"width: 33.3333%; height: 52px; border-style: solid; border-color: #000000; text-align: center; background-color: #ff9e9e;\"><strong>Aula d&#8217;acollida<\/strong><\/td>\n<td style=\"width: 33.3333%; height: 52px; border-style: solid; border-color: #000000; text-align: center; background-color: #ff9e9e;\"><strong>Tutoria SIEI<\/strong><\/td>\n<\/tr>\n<tr style=\"height: 52px;\">\n<td style=\"width: 33.3333%; height: 52px; border-style: solid; border-color: #000000; text-align: center;\">Neus M.<\/td>\n<td style=\"width: 33.3333%; height: 52px; border-style: solid; border-color: #000000; text-align: center;\">Marina P.<\/td>\n<td style=\"width: 33.3333%; height: 52px; border-style: solid; border-color: #000000; text-align: center;\">Rosa E.<\/td>\n<\/tr>\n<\/tbody>\n<\/table>\n<table style=\"height: 104px; width: 100%; border-collapse: collapse; border-color: #000000; border-style: solid;\">\n<tbody>\n<tr style=\"height: 52px;\">\n<td style=\"width: 33.3333%; height: 52px; border-style: solid; border-color: #000000; text-align: center; background-color: #ff9e9e;\"><strong>Educador d&#8217;Educaci\u00f3 Especial (EEE)<\/strong><\/td>\n<td style=\"width: 33.3333%; height: 52px; border-style: solid; border-color: #000000; text-align: center; background-color: #ff9e9e;\"><strong>Educador d&#8217;Educaci\u00f3 Especial (EEE)<\/strong><\/td>\n<td style=\"width: 33.3333%; height: 52px; border-style: solid; border-color: #000000; text-align: center; background-color: #ff9e9e;\"><strong>Vetllador<\/strong><\/td>\n<\/tr>\n<tr style=\"height: 52px;\">\n<td style=\"width: 33.3333%; height: 52px; border-style: solid; border-color: #000000; text-align: center;\">Joan C.<\/td>\n<td style=\"width: 33.3333%; height: 52px; border-style: solid; border-color: #000000; text-align: center;\">Alfredo G.<\/td>\n<td style=\"width: 33.3333%; height: 52px; border-style: solid; border-color: #000000; text-align: center;\">Dani P.<\/td>\n<\/tr>\n<\/tbody>\n<\/table>\n<p>&nbsp;<\/p>\n<p><!--a=1--><!--a=1--><!--a=1--><!--a=1--><!--a=1--><!--a=1--><\/p>\n","protected":false},"excerpt":{"rendered":"<p>COMUNITAT DE PETITS I3 I4 I5 S\u00edlvia H. Diamar L. i Judit C. Anna G. Biblioteca i psicomotricitat T\u00e8cnica Especialista d&#8217;Educaci\u00f3 Infantil (TEEI) Raquel S. Maribel G. COMUNITAT DE MITJANS 1r 2n 3r Jordi L. Marta O. Marta L. COMUNITAT DE GRANS 4t 5\u00e8 6\u00e8 Alba V. Ari C. Anna M. ESPECIALISTES Angl\u00e8s M\u00fasica Educaci\u00f3 [&hellip;]<\/p>\n","protected":false},"author":3,"featured_media":0,"parent":22,"menu_order":35,"comment_status":"closed","ping_status":"closed","template":"","meta":{"_bbp_topic_count":0,"_bbp_reply_count":0,"_bbp_total_topic_count":0,"_bbp_total_reply_count":0,"_bbp_voice_count":0,"_bbp_anonymous_reply_count":0,"_bbp_topic_count_hidden":0,"_bbp_reply_count_hidden":0,"_bbp_forum_subforum_count":0,"site-sidebar-layout":"default","site-content-layout":"","ast-site-content-layout":"default","site-content-style":"default","site-sidebar-style":"default","ast-global-header-display":"","ast-banner-title-visibility":"","ast-main-header-display":"","ast-hfb-above-header-display":"","ast-hfb-below-header-display":"","ast-hfb-mobile-header-display":"","site-post-title":"","ast-breadcrumbs-content":"","ast-featured-img":"","footer-sml-layout":"","theme-transparent-header-meta":"default","adv-header-id-meta":"","stick-header-meta":"","header-above-stick-meta":"","header-main-stick-meta":"","header-below-stick-meta":"","astra-migrate-meta-layouts":"set","ast-page-background-enabled":"default","ast-page-background-meta":{"desktop":{"background-color":"var(--ast-global-color-4)","background-image":"","background-repeat":"repeat","background-position":"center center","background-size":"auto","background-attachment":"scroll","background-type":"","background-media":"","overlay-type":"","overlay-color":"","overlay-opacity":"","overlay-gradient":""},"tablet":{"background-color":"","background-image":"","background-repeat":"repeat","background-position":"center center","background-size":"auto","background-attachment":"scroll","background-type":"","background-media":"","overlay-type":"","overlay-color":"","overlay-opacity":"","overlay-gradient":""},"mobile":{"background-color":"","background-image":"","background-repeat":"repeat","background-position":"center center","background-size":"auto","background-attachment":"scroll","background-type":"","background-media":"","overlay-type":"","overlay-color":"","overlay-opacity":"","overlay-gradient":""}},"ast-content-background-meta":{"desktop":{"background-color":"var(--ast-global-color-5)","background-image":"","background-repeat":"repeat","background-position":"center center","background-size":"auto","background-attachment":"scroll","background-type":"","background-media":"","overlay-type":"","overlay-color":"","overlay-opacity":"","overlay-gradient":""},"tablet":{"background-color":"var(--ast-global-color-5)","background-image":"","background-repeat":"repeat","background-position":"center center","background-size":"auto","background-attachment":"scroll","background-type":"","background-media":"","overlay-type":"","overlay-color":"","overlay-opacity":"","overlay-gradient":""},"mobile":{"background-color":"var(--ast-global-color-5)","background-image":"","background-repeat":"repeat","background-position":"center center","background-size":"auto","background-attachment":"scroll","background-type":"","background-media":"","overlay-type":"","overlay-color":"","overlay-opacity":"","overlay-gradient":""}},"footnotes":""},"class_list":["post-2293","page","type-page","status-publish","hentry"],"post_mailing_queue_ids":[],"_links":{"self":[{"href":"https:\/\/agora.xtec.cat\/ceip-ausiasmarch-hospitalet\/wp-json\/wp\/v2\/pages\/2293","targetHints":{"allow":["GET"]}}],"collection":[{"href":"https:\/\/agora.xtec.cat\/ceip-ausiasmarch-hospitalet\/wp-json\/wp\/v2\/pages"}],"about":[{"href":"https:\/\/agora.xtec.cat\/ceip-ausiasmarch-hospitalet\/wp-json\/wp\/v2\/types\/page"}],"author":[{"embeddable":true,"href":"https:\/\/agora.xtec.cat\/ceip-ausiasmarch-hospitalet\/wp-json\/wp\/v2\/users\/3"}],"replies":[{"embeddable":true,"href":"https:\/\/agora.xtec.cat\/ceip-ausiasmarch-hospitalet\/wp-json\/wp\/v2\/comments?post=2293"}],"version-history":[{"count":6,"href":"https:\/\/agora.xtec.cat\/ceip-ausiasmarch-hospitalet\/wp-json\/wp\/v2\/pages\/2293\/revisions"}],"predecessor-version":[{"id":3630,"href":"https:\/\/agora.xtec.cat\/ceip-ausiasmarch-hospitalet\/wp-json\/wp\/v2\/pages\/2293\/revisions\/3630"}],"up":[{"embeddable":true,"href":"https:\/\/agora.xtec.cat\/ceip-ausiasmarch-hospitalet\/wp-json\/wp\/v2\/pages\/22"}],"wp:attachment":[{"href":"https:\/\/agora.xtec.cat\/ceip-ausiasmarch-hospitalet\/wp-json\/wp\/v2\/media?parent=2293"}],"curies":[{"name":"wp","href":"https:\/\/api.w.org\/{rel}","templated":true}]}}