{"id":26,"date":"2014-09-18T12:24:32","date_gmt":"2014-09-18T11:24:32","guid":{"rendered":"http:\/\/agora.xtec.cat\/ceip-arnau-berenguer\/?page_id=26"},"modified":"2019-10-24T13:17:47","modified_gmt":"2019-10-24T11:17:47","slug":"historia","status":"publish","type":"page","link":"https:\/\/agora.xtec.cat\/ceip-arnau-berenguer\/lescola\/historia\/","title":{"rendered":"Hist\u00f2ria"},"content":{"rendered":"<p>L\u00b4 Escola Arnau Berenguer \u00e9s una escola situada en un entorn rural. El fet que el poble estigui<br \/>\nmolt a prop de Mollerussa i l\u2019autovia Lleida- Barcelona ha fet que en els \u00faltims anys hagi<br \/>\naugmentat considerablement el nombre d\u2019habitants. Tot i aix\u00f2, el nombre d\u2019alumnes continua<br \/>\nessent for\u00e7a estable i la majoria de l\u2019alumnat prov\u00e9 de les fam\u00edlies del poble o d\u2019alguna fam\u00edlia<br \/>\nnouvinguda.<br \/>\nEl nivell econ\u00f2mic i cultural de la zona \u00e9s mitj\u00e0 i el nombre de fam\u00edlies amb necessitats<br \/>\nsocioecon\u00f2miques o socioculturals \u00e9s una minoria. La immigraci\u00f3 ha estat poc considerable.<br \/>\nEn aquests moments, tenim alumnes d\u2019altres nacionalitats, la majoria dels quals, han estat<br \/>\nescolaritzats des d\u2019infantil i la majoria dels quals s\u2019han integrat amb facilitat.<br \/>\nLa llengua usual dels alumnes \u00e9s el catal\u00e0 i per tant el nombre d\u2019alumnes que utilitzen<br \/>\nel catal\u00e0 com a llengua familiar \u00e9s for\u00e7a alt.<br \/>\nEntre les moltes entitats del nostre poble destaquem una estreta col\u00b7laboraci\u00f3 amb la Revista<br \/>\nAven\u00e7, C\u00e0rites, la Llar d\u2019infants, la Llar de jubilats, la Resid\u00e8ncia d\u2019avis \u201cCal Cileta\u201di<br \/>\nL\u2019Agrupament Escolta i Guia \u201cLo Merlet\u201d<\/p>\n","protected":false},"excerpt":{"rendered":"<p>L\u00b4 Escola Arnau Berenguer \u00e9s una escola situada en un entorn rural. El fet que el poble estigui molt a prop de Mollerussa i l\u2019autovia Lleida- Barcelona ha fet que en els \u00faltims anys hagi augmentat considerablement el nombre d\u2019habitants. Tot i aix\u00f2, el nombre d\u2019alumnes continua essent for\u00e7a estable i la majoria de l\u2019alumnat [&hellip;]<\/p>\n","protected":false},"author":1,"featured_media":0,"parent":22,"menu_order":20,"comment_status":"closed","ping_status":"closed","template":"page-templates\/side-menu.php","meta":{"_bbp_topic_count":0,"_bbp_reply_count":0,"_bbp_total_topic_count":0,"_bbp_total_reply_count":0,"_bbp_voice_count":0,"_bbp_anonymous_reply_count":0,"_bbp_topic_count_hidden":0,"_bbp_reply_count_hidden":0,"_bbp_forum_subforum_count":0,"site-sidebar-layout":"default","site-content-layout":"","ast-site-content-layout":"","site-content-style":"default","site-sidebar-style":"default","ast-global-header-display":"","ast-banner-title-visibility":"","ast-main-header-display":"","ast-hfb-above-header-display":"","ast-hfb-below-header-display":"","ast-hfb-mobile-header-display":"","site-post-title":"","ast-breadcrumbs-content":"","ast-featured-img":"","footer-sml-layout":"","theme-transparent-header-meta":"","adv-header-id-meta":"","stick-header-meta":"","header-above-stick-meta":"","header-main-stick-meta":"","header-below-stick-meta":"","astra-migrate-meta-layouts":"default","ast-page-background-enabled":"default","ast-page-background-meta":{"desktop":{"background-color":"var(--ast-global-color-4)","background-image":"","background-repeat":"repeat","background-position":"center center","background-size":"auto","background-attachment":"scroll","background-type":"","background-media":"","overlay-type":"","overlay-color":"","overlay-opacity":"","overlay-gradient":""},"tablet":{"background-color":"","background-image":"","background-repeat":"repeat","background-position":"center center","background-size":"auto","background-attachment":"scroll","background-type":"","background-media":"","overlay-type":"","overlay-color":"","overlay-opacity":"","overlay-gradient":""},"mobile":{"background-color":"","background-image":"","background-repeat":"repeat","background-position":"center center","background-size":"auto","background-attachment":"scroll","background-type":"","background-media":"","overlay-type":"","overlay-color":"","overlay-opacity":"","overlay-gradient":""}},"ast-content-background-meta":{"desktop":{"background-color":"var(--ast-global-color-5)","background-image":"","background-repeat":"repeat","background-position":"center center","background-size":"auto","background-attachment":"scroll","background-type":"","background-media":"","overlay-type":"","overlay-color":"","overlay-opacity":"","overlay-gradient":""},"tablet":{"background-color":"var(--ast-global-color-5)","background-image":"","background-repeat":"repeat","background-position":"center center","background-size":"auto","background-attachment":"scroll","background-type":"","background-media":"","overlay-type":"","overlay-color":"","overlay-opacity":"","overlay-gradient":""},"mobile":{"background-color":"var(--ast-global-color-5)","background-image":"","background-repeat":"repeat","background-position":"center center","background-size":"auto","background-attachment":"scroll","background-type":"","background-media":"","overlay-type":"","overlay-color":"","overlay-opacity":"","overlay-gradient":""}},"footnotes":""},"class_list":["post-26","page","type-page","status-publish","hentry"],"post_mailing_queue_ids":[],"_links":{"self":[{"href":"https:\/\/agora.xtec.cat\/ceip-arnau-berenguer\/wp-json\/wp\/v2\/pages\/26","targetHints":{"allow":["GET"]}}],"collection":[{"href":"https:\/\/agora.xtec.cat\/ceip-arnau-berenguer\/wp-json\/wp\/v2\/pages"}],"about":[{"href":"https:\/\/agora.xtec.cat\/ceip-arnau-berenguer\/wp-json\/wp\/v2\/types\/page"}],"author":[{"embeddable":true,"href":"https:\/\/agora.xtec.cat\/ceip-arnau-berenguer\/wp-json\/wp\/v2\/users\/1"}],"replies":[{"embeddable":true,"href":"https:\/\/agora.xtec.cat\/ceip-arnau-berenguer\/wp-json\/wp\/v2\/comments?post=26"}],"version-history":[{"count":1,"href":"https:\/\/agora.xtec.cat\/ceip-arnau-berenguer\/wp-json\/wp\/v2\/pages\/26\/revisions"}],"predecessor-version":[{"id":546,"href":"https:\/\/agora.xtec.cat\/ceip-arnau-berenguer\/wp-json\/wp\/v2\/pages\/26\/revisions\/546"}],"up":[{"embeddable":true,"href":"https:\/\/agora.xtec.cat\/ceip-arnau-berenguer\/wp-json\/wp\/v2\/pages\/22"}],"wp:attachment":[{"href":"https:\/\/agora.xtec.cat\/ceip-arnau-berenguer\/wp-json\/wp\/v2\/media?parent=26"}],"curies":[{"name":"wp","href":"https:\/\/api.w.org\/{rel}","templated":true}]}}