{"id":2451,"date":"2022-06-07T13:50:38","date_gmt":"2022-06-07T11:50:38","guid":{"rendered":"https:\/\/agora.xtec.cat\/ceip-arnau-berenguer\/?page_id=2451"},"modified":"2022-06-07T13:54:10","modified_gmt":"2022-06-07T11:54:10","slug":"cartes-de-compromis","status":"publish","type":"page","link":"https:\/\/agora.xtec.cat\/ceip-arnau-berenguer\/cartes-de-compromis\/","title":{"rendered":"Cartes de comprom\u00eds"},"content":{"rendered":"<p><a href=\"https:\/\/agora.xtec.cat\/ceip-arnau-berenguer\/wp-content\/uploads\/usu1536\/2022\/06\/images-1.jpg\"><img loading=\"lazy\" decoding=\"async\" class=\"aligncenter size-full wp-image-2457\" src=\"https:\/\/agora.xtec.cat\/ceip-arnau-berenguer\/wp-content\/uploads\/usu1536\/2022\/06\/images-1.jpg\" alt=\"\" width=\"390\" height=\"129\" srcset=\"https:\/\/agora.xtec.cat\/ceip-arnau-berenguer\/wp-content\/uploads\/usu1536\/2022\/06\/images-1.jpg 390w, https:\/\/agora.xtec.cat\/ceip-arnau-berenguer\/wp-content\/uploads\/usu1536\/2022\/06\/images-1-300x99.jpg 300w\" sizes=\"auto, (max-width: 390px) 100vw, 390px\" \/><\/a><\/p>\n<p>&nbsp;<\/p>\n<p style=\"text-align: center;\"><a href=\"https:\/\/agora.xtec.cat\/ceip-arnau-berenguer\/wp-content\/uploads\/usu1536\/2022\/06\/15.Carta-de-Compromis-INF.doc\">CARTA COMPROM\u00cdS EDUCACI\u00d3 INFANITL\u00a0<\/a><\/p>\n<p style=\"text-align: center;\"><a href=\"https:\/\/agora.xtec.cat\/ceip-arnau-berenguer\/wp-content\/uploads\/usu1536\/2022\/06\/16.Carta-de-Compromis-PRIM.doc\">CARTA COMPROM\u00cdS EDUCACI\u00d3 PRIM\u00c0RIA<\/a><\/p>\n","protected":false},"excerpt":{"rendered":"<p>&nbsp; CARTA COMPROM\u00cdS EDUCACI\u00d3 INFANITL\u00a0 CARTA COMPROM\u00cdS EDUCACI\u00d3 PRIM\u00c0RIA<\/p>\n","protected":false},"author":1,"featured_media":0,"parent":0,"menu_order":0,"comment_status":"closed","ping_status":"closed","template":"","meta":{"_bbp_topic_count":0,"_bbp_reply_count":0,"_bbp_total_topic_count":0,"_bbp_total_reply_count":0,"_bbp_voice_count":0,"_bbp_anonymous_reply_count":0,"_bbp_topic_count_hidden":0,"_bbp_reply_count_hidden":0,"_bbp_forum_subforum_count":0,"site-sidebar-layout":"default","site-content-layout":"","ast-site-content-layout":"","site-content-style":"default","site-sidebar-style":"default","ast-global-header-display":"","ast-banner-title-visibility":"","ast-main-header-display":"","ast-hfb-above-header-display":"","ast-hfb-below-header-display":"","ast-hfb-mobile-header-display":"","site-post-title":"","ast-breadcrumbs-content":"","ast-featured-img":"","footer-sml-layout":"","theme-transparent-header-meta":"","adv-header-id-meta":"","stick-header-meta":"","header-above-stick-meta":"","header-main-stick-meta":"","header-below-stick-meta":"","astra-migrate-meta-layouts":"default","ast-page-background-enabled":"default","ast-page-background-meta":{"desktop":{"background-color":"var(--ast-global-color-4)","background-image":"","background-repeat":"repeat","background-position":"center center","background-size":"auto","background-attachment":"scroll","background-type":"","background-media":"","overlay-type":"","overlay-color":"","overlay-opacity":"","overlay-gradient":""},"tablet":{"background-color":"","background-image":"","background-repeat":"repeat","background-position":"center center","background-size":"auto","background-attachment":"scroll","background-type":"","background-media":"","overlay-type":"","overlay-color":"","overlay-opacity":"","overlay-gradient":""},"mobile":{"background-color":"","background-image":"","background-repeat":"repeat","background-position":"center center","background-size":"auto","background-attachment":"scroll","background-type":"","background-media":"","overlay-type":"","overlay-color":"","overlay-opacity":"","overlay-gradient":""}},"ast-content-background-meta":{"desktop":{"background-color":"var(--ast-global-color-5)","background-image":"","background-repeat":"repeat","background-position":"center center","background-size":"auto","background-attachment":"scroll","background-type":"","background-media":"","overlay-type":"","overlay-color":"","overlay-opacity":"","overlay-gradient":""},"tablet":{"background-color":"var(--ast-global-color-5)","background-image":"","background-repeat":"repeat","background-position":"center center","background-size":"auto","background-attachment":"scroll","background-type":"","background-media":"","overlay-type":"","overlay-color":"","overlay-opacity":"","overlay-gradient":""},"mobile":{"background-color":"var(--ast-global-color-5)","background-image":"","background-repeat":"repeat","background-position":"center center","background-size":"auto","background-attachment":"scroll","background-type":"","background-media":"","overlay-type":"","overlay-color":"","overlay-opacity":"","overlay-gradient":""}},"footnotes":""},"class_list":["post-2451","page","type-page","status-publish","hentry"],"post_mailing_queue_ids":[],"_links":{"self":[{"href":"https:\/\/agora.xtec.cat\/ceip-arnau-berenguer\/wp-json\/wp\/v2\/pages\/2451","targetHints":{"allow":["GET"]}}],"collection":[{"href":"https:\/\/agora.xtec.cat\/ceip-arnau-berenguer\/wp-json\/wp\/v2\/pages"}],"about":[{"href":"https:\/\/agora.xtec.cat\/ceip-arnau-berenguer\/wp-json\/wp\/v2\/types\/page"}],"author":[{"embeddable":true,"href":"https:\/\/agora.xtec.cat\/ceip-arnau-berenguer\/wp-json\/wp\/v2\/users\/1"}],"replies":[{"embeddable":true,"href":"https:\/\/agora.xtec.cat\/ceip-arnau-berenguer\/wp-json\/wp\/v2\/comments?post=2451"}],"version-history":[{"count":2,"href":"https:\/\/agora.xtec.cat\/ceip-arnau-berenguer\/wp-json\/wp\/v2\/pages\/2451\/revisions"}],"predecessor-version":[{"id":2458,"href":"https:\/\/agora.xtec.cat\/ceip-arnau-berenguer\/wp-json\/wp\/v2\/pages\/2451\/revisions\/2458"}],"wp:attachment":[{"href":"https:\/\/agora.xtec.cat\/ceip-arnau-berenguer\/wp-json\/wp\/v2\/media?parent=2451"}],"curies":[{"name":"wp","href":"https:\/\/api.w.org\/{rel}","templated":true}]}}