{"id":5154,"date":"2020-04-07T09:32:45","date_gmt":"2020-04-07T07:32:45","guid":{"rendered":"http:\/\/agora.xtec.cat\/ceip-antonigaudi-cornella\/?page_id=5154"},"modified":"2021-01-01T13:19:14","modified_gmt":"2021-01-01T12:19:14","slug":"religio","status":"publish","type":"page","link":"https:\/\/agora.xtec.cat\/ceip-antonigaudi-cornella\/nivells\/religio\/","title":{"rendered":"Religi\u00f3"},"content":{"rendered":"<p><em><strong><a href=\"https:\/\/agora.xtec.cat\/ceip-antonigaudi-cornella\/wp-content\/uploads\/usu1240\/2020\/12\/WhatsApp-Image-2020-12-24-at-16.43.42.jpeg\"><img loading=\"lazy\" decoding=\"async\" class=\" wp-image-7502 aligncenter\" src=\"https:\/\/agora.xtec.cat\/ceip-antonigaudi-cornella\/wp-content\/uploads\/usu1240\/2020\/12\/WhatsApp-Image-2020-12-24-at-16.43.42-1024x768.jpeg\" alt=\"\" width=\"600\" height=\"450\" srcset=\"https:\/\/agora.xtec.cat\/ceip-antonigaudi-cornella\/wp-content\/uploads\/usu1240\/2020\/12\/WhatsApp-Image-2020-12-24-at-16.43.42-1024x768.jpeg 1024w, https:\/\/agora.xtec.cat\/ceip-antonigaudi-cornella\/wp-content\/uploads\/usu1240\/2020\/12\/WhatsApp-Image-2020-12-24-at-16.43.42-300x225.jpeg 300w, https:\/\/agora.xtec.cat\/ceip-antonigaudi-cornella\/wp-content\/uploads\/usu1240\/2020\/12\/WhatsApp-Image-2020-12-24-at-16.43.42-768x576.jpeg 768w, https:\/\/agora.xtec.cat\/ceip-antonigaudi-cornella\/wp-content\/uploads\/usu1240\/2020\/12\/WhatsApp-Image-2020-12-24-at-16.43.42-200x150.jpeg 200w, https:\/\/agora.xtec.cat\/ceip-antonigaudi-cornella\/wp-content\/uploads\/usu1240\/2020\/12\/WhatsApp-Image-2020-12-24-at-16.43.42.jpeg 2048w\" sizes=\"auto, (max-width: 600px) 100vw, 600px\" \/><\/a>L\u2019ESPERIT DE NADAL A L\u2019ESCOLA!<\/strong><\/em><\/p>\n<p>En aquestes dates tan especials, l\u2019escola engalana el centre amb llums, garlandes, ninots de neu i decoraci\u00f3 nadalenca per solemnitzar les festes. I el pessebre?<\/p>\n<p>Els infants matriculats a l\u2019\u00e0rea de religi\u00f3 de car\u00e0cter optatiu, s\u00f3n els especialistes en el muntatge de la representaci\u00f3 del naixement de Jes\u00fas. El recorregut hist\u00f2ric sobre aquest costum, ens explica que a Catalunya, el pessebre tradicional es construeix a partir d\u2019elements vegetals, un estable que actua d\u2019escena principal, les figures centrals Maria, Josep, l\u2019infant Jes\u00fas i, els tres reis que contemplen el relat del Misteri de Nadal. \u00a0Alhora, el pessebre pot contenir m\u00e9s escenes i personatges, alguns de singulars que susciten controv\u00e8rsia com \u00e9s la figura del caganer.<\/p>\n<p>Per seguir la l\u00ednia de la Xarxa d\u2019Escoles per a la Sostenibilitat de Catalunya (XESC) \u00a0vam consensuar fer un pessebre amb material reciclat (capses de cart\u00f3 de diferents mides, estovalles i tapets en des\u00fas). \u00a0Durant les primeres setmanes de desembre els nens i les nenes de 6\u00e8 van estar recopilant capses de cart\u00f3 de diverses mides per construir l\u2019escena del naixement de l\u2019Infant. Ha estat un treball feixuc, per\u00f2 molt pedag\u00f2gic i sobretot meravell\u00f3s.\u00a0 El fet de treballar en comunitat per un mateix objectiu, ens ha fet assignar-hi un espai, fer un esb\u00f3s determinant per escrit de les caracter\u00edstiques de cada personatge i repartir les tasques que cadasc\u00fa havia de dur a terme sota les directrius del seg\u00fcent repte; FEM UN PESSEBRE COMUNITARI I SOSTENIBLE PER L\u2019ESCOLA!<\/p>\n<p>L\u2019art sempre ha representat la fam\u00edlia de Natzaret amb un clima de joia serena, on hi ha somriures, mirades de complicitat i bon humor. Us desitjo, de tot cor, un Bon Nadal i que la llum de Betlem us ompli a tots i totes del seu goig!<\/p>\n<p>Aprofito per agrair a totes les fam\u00edlies que han col\u00b7laborat en portar el material i han fet possible la construcci\u00f3 del pessebre. Aqu\u00ed teniu el resultat final! Esperem que us agradi tan com a nosaltres!<\/p>\n<p><a href=\"https:\/\/agora.xtec.cat\/ceip-antonigaudi-cornella\/wp-content\/uploads\/usu1240\/2020\/12\/WhatsApp-Image-2020-12-24-at-16.57.41-1.jpeg\"><img loading=\"lazy\" decoding=\"async\" class=\"wp-image-7509 aligncenter\" src=\"https:\/\/agora.xtec.cat\/ceip-antonigaudi-cornella\/wp-content\/uploads\/usu1240\/2020\/12\/WhatsApp-Image-2020-12-24-at-16.57.41-1-768x1024.jpeg\" alt=\"\" width=\"595\" height=\"793\" srcset=\"https:\/\/agora.xtec.cat\/ceip-antonigaudi-cornella\/wp-content\/uploads\/usu1240\/2020\/12\/WhatsApp-Image-2020-12-24-at-16.57.41-1-768x1024.jpeg 768w, https:\/\/agora.xtec.cat\/ceip-antonigaudi-cornella\/wp-content\/uploads\/usu1240\/2020\/12\/WhatsApp-Image-2020-12-24-at-16.57.41-1-225x300.jpeg 225w, https:\/\/agora.xtec.cat\/ceip-antonigaudi-cornella\/wp-content\/uploads\/usu1240\/2020\/12\/WhatsApp-Image-2020-12-24-at-16.57.41-1.jpeg 1536w\" sizes=\"auto, (max-width: 595px) 100vw, 595px\" \/><\/a><a href=\"https:\/\/agora.xtec.cat\/ceip-antonigaudi-cornella\/wp-content\/uploads\/usu1240\/2020\/12\/WhatsApp-Image-2020-12-24-at-16.43.44-1.jpeg\"><img loading=\"lazy\" decoding=\"async\" class=\" wp-image-7507 aligncenter\" src=\"https:\/\/agora.xtec.cat\/ceip-antonigaudi-cornella\/wp-content\/uploads\/usu1240\/2020\/12\/WhatsApp-Image-2020-12-24-at-16.43.44-1-768x1024.jpeg\" alt=\"\" width=\"592\" height=\"790\" srcset=\"https:\/\/agora.xtec.cat\/ceip-antonigaudi-cornella\/wp-content\/uploads\/usu1240\/2020\/12\/WhatsApp-Image-2020-12-24-at-16.43.44-1-768x1024.jpeg 768w, https:\/\/agora.xtec.cat\/ceip-antonigaudi-cornella\/wp-content\/uploads\/usu1240\/2020\/12\/WhatsApp-Image-2020-12-24-at-16.43.44-1-225x300.jpeg 225w, https:\/\/agora.xtec.cat\/ceip-antonigaudi-cornella\/wp-content\/uploads\/usu1240\/2020\/12\/WhatsApp-Image-2020-12-24-at-16.43.44-1.jpeg 1536w\" sizes=\"auto, (max-width: 592px) 100vw, 592px\" \/><\/a><a href=\"https:\/\/agora.xtec.cat\/ceip-antonigaudi-cornella\/wp-content\/uploads\/usu1240\/2020\/12\/WhatsApp-Image-2020-12-24-at-16.43.44-2.jpeg\"><img loading=\"lazy\" decoding=\"async\" class=\" wp-image-7505 aligncenter\" src=\"https:\/\/agora.xtec.cat\/ceip-antonigaudi-cornella\/wp-content\/uploads\/usu1240\/2020\/12\/WhatsApp-Image-2020-12-24-at-16.43.44-2-768x1024.jpeg\" alt=\"\" width=\"590\" height=\"785\" \/><\/a><a href=\"https:\/\/agora.xtec.cat\/ceip-antonigaudi-cornella\/wp-content\/uploads\/usu1240\/2020\/12\/WhatsApp-Image-2020-12-24-at-16.43.43-2.jpeg\"><img loading=\"lazy\" decoding=\"async\" class=\" wp-image-7506 aligncenter\" src=\"https:\/\/agora.xtec.cat\/ceip-antonigaudi-cornella\/wp-content\/uploads\/usu1240\/2020\/12\/WhatsApp-Image-2020-12-24-at-16.43.43-2-768x1024.jpeg\" alt=\"\" width=\"576\" height=\"768\" srcset=\"https:\/\/agora.xtec.cat\/ceip-antonigaudi-cornella\/wp-content\/uploads\/usu1240\/2020\/12\/WhatsApp-Image-2020-12-24-at-16.43.43-2-768x1024.jpeg 768w, https:\/\/agora.xtec.cat\/ceip-antonigaudi-cornella\/wp-content\/uploads\/usu1240\/2020\/12\/WhatsApp-Image-2020-12-24-at-16.43.43-2-225x300.jpeg 225w, https:\/\/agora.xtec.cat\/ceip-antonigaudi-cornella\/wp-content\/uploads\/usu1240\/2020\/12\/WhatsApp-Image-2020-12-24-at-16.43.43-2.jpeg 1536w\" sizes=\"auto, (max-width: 576px) 100vw, 576px\" \/><\/a><a href=\"https:\/\/agora.xtec.cat\/ceip-antonigaudi-cornella\/wp-content\/uploads\/usu1240\/2020\/12\/WhatsApp-Image-2020-12-24-at-15.51.22.jpeg\"><img loading=\"lazy\" decoding=\"async\" class=\" wp-image-7515 aligncenter\" src=\"https:\/\/agora.xtec.cat\/ceip-antonigaudi-cornella\/wp-content\/uploads\/usu1240\/2020\/12\/WhatsApp-Image-2020-12-24-at-15.51.22-768x1024.jpeg\" alt=\"\" width=\"581\" height=\"775\" srcset=\"https:\/\/agora.xtec.cat\/ceip-antonigaudi-cornella\/wp-content\/uploads\/usu1240\/2020\/12\/WhatsApp-Image-2020-12-24-at-15.51.22-768x1024.jpeg 768w, https:\/\/agora.xtec.cat\/ceip-antonigaudi-cornella\/wp-content\/uploads\/usu1240\/2020\/12\/WhatsApp-Image-2020-12-24-at-15.51.22-225x300.jpeg 225w, https:\/\/agora.xtec.cat\/ceip-antonigaudi-cornella\/wp-content\/uploads\/usu1240\/2020\/12\/WhatsApp-Image-2020-12-24-at-15.51.22.jpeg 1536w\" sizes=\"auto, (max-width: 581px) 100vw, 581px\" \/><\/a><a href=\"https:\/\/agora.xtec.cat\/ceip-antonigaudi-cornella\/wp-content\/uploads\/usu1240\/2020\/12\/WhatsApp-Image-2020-12-24-at-16.43.43.jpeg\"><img loading=\"lazy\" decoding=\"async\" class=\" wp-image-7504 aligncenter\" src=\"https:\/\/agora.xtec.cat\/ceip-antonigaudi-cornella\/wp-content\/uploads\/usu1240\/2020\/12\/WhatsApp-Image-2020-12-24-at-16.43.43-768x1024.jpeg\" alt=\"\" width=\"578\" height=\"770\" srcset=\"https:\/\/agora.xtec.cat\/ceip-antonigaudi-cornella\/wp-content\/uploads\/usu1240\/2020\/12\/WhatsApp-Image-2020-12-24-at-16.43.43-768x1024.jpeg 768w, https:\/\/agora.xtec.cat\/ceip-antonigaudi-cornella\/wp-content\/uploads\/usu1240\/2020\/12\/WhatsApp-Image-2020-12-24-at-16.43.43-225x300.jpeg 225w, https:\/\/agora.xtec.cat\/ceip-antonigaudi-cornella\/wp-content\/uploads\/usu1240\/2020\/12\/WhatsApp-Image-2020-12-24-at-16.43.43.jpeg 1536w\" sizes=\"auto, (max-width: 578px) 100vw, 578px\" \/><\/a><a href=\"https:\/\/agora.xtec.cat\/ceip-antonigaudi-cornella\/wp-content\/uploads\/usu1240\/2020\/12\/WhatsApp-Image-2020-12-24-at-16.43.43-1.jpeg\"><img loading=\"lazy\" decoding=\"async\" class=\" wp-image-7503 aligncenter\" src=\"https:\/\/agora.xtec.cat\/ceip-antonigaudi-cornella\/wp-content\/uploads\/usu1240\/2020\/12\/WhatsApp-Image-2020-12-24-at-16.43.43-1-768x1024.jpeg\" alt=\"\" width=\"582\" height=\"774\" \/><\/a><\/p>\n","protected":false},"excerpt":{"rendered":"<p><a href=\"https:\/\/agora.xtec.cat\/ceip-antonigaudi-cornella\/wp-content\/uploads\/usu1240\/2020\/12\/WhatsApp-Image-2020-12-24-at-16.43.42.jpeg\"><\/a>L\u2019ESPERIT DE NADAL A L\u2019ESCOLA!<br \/>\nEn aquestes dates tan especials, l\u2019escola engalana el centre amb llums, garlandes, ninots de neu i decoraci\u00f3 nadalenca per solemnitzar les festes. I el pessebre?<br \/>\nEls infants matriculats a l\u2019\u00e0rea de religi\u00f3 de car\u00e0cter optatiu, s\u00f3n els especialistes en el muntatge&hellip;  <a href=\"https:\/\/agora.xtec.cat\/ceip-antonigaudi-cornella\/nivells\/religio\/\" title=\"Read Religi\u00f3\">Llegeix m\u00e9s\u00bb<\/a><\/p>\n","protected":false},"author":1,"featured_media":0,"parent":87,"menu_order":0,"comment_status":"closed","ping_status":"closed","template":"page-templates\/side-menu.php","meta":{"_bbp_topic_count":0,"_bbp_reply_count":0,"_bbp_total_topic_count":0,"_bbp_total_reply_count":0,"_bbp_voice_count":0,"_bbp_anonymous_reply_count":0,"_bbp_topic_count_hidden":0,"_bbp_reply_count_hidden":0,"_bbp_forum_subforum_count":0,"footnotes":""},"class_list":["post-5154","page","type-page","status-publish","hentry"],"post_mailing_queue_ids":[],"_links":{"self":[{"href":"https:\/\/agora.xtec.cat\/ceip-antonigaudi-cornella\/wp-json\/wp\/v2\/pages\/5154","targetHints":{"allow":["GET"]}}],"collection":[{"href":"https:\/\/agora.xtec.cat\/ceip-antonigaudi-cornella\/wp-json\/wp\/v2\/pages"}],"about":[{"href":"https:\/\/agora.xtec.cat\/ceip-antonigaudi-cornella\/wp-json\/wp\/v2\/types\/page"}],"author":[{"embeddable":true,"href":"https:\/\/agora.xtec.cat\/ceip-antonigaudi-cornella\/wp-json\/wp\/v2\/users\/1"}],"replies":[{"embeddable":true,"href":"https:\/\/agora.xtec.cat\/ceip-antonigaudi-cornella\/wp-json\/wp\/v2\/comments?post=5154"}],"version-history":[{"count":3,"href":"https:\/\/agora.xtec.cat\/ceip-antonigaudi-cornella\/wp-json\/wp\/v2\/pages\/5154\/revisions"}],"predecessor-version":[{"id":8436,"href":"https:\/\/agora.xtec.cat\/ceip-antonigaudi-cornella\/wp-json\/wp\/v2\/pages\/5154\/revisions\/8436"}],"up":[{"embeddable":true,"href":"https:\/\/agora.xtec.cat\/ceip-antonigaudi-cornella\/wp-json\/wp\/v2\/pages\/87"}],"wp:attachment":[{"href":"https:\/\/agora.xtec.cat\/ceip-antonigaudi-cornella\/wp-json\/wp\/v2\/media?parent=5154"}],"curies":[{"name":"wp","href":"https:\/\/api.w.org\/{rel}","templated":true}]}}