{"id":28,"date":"2014-09-18T12:29:35","date_gmt":"2014-09-18T11:29:35","guid":{"rendered":"http:\/\/agora.xtec.cat\/ceip-antonigaudi-cornella\/?page_id=28"},"modified":"2025-12-03T09:55:15","modified_gmt":"2025-12-03T08:55:15","slug":"consell-escolar","status":"publish","type":"page","link":"https:\/\/agora.xtec.cat\/ceip-antonigaudi-cornella\/lescola\/consell-escolar\/","title":{"rendered":"Consell escolar"},"content":{"rendered":"<div id=\"parent-fieldname-description\" class=\"documentDescription\">\n<p>El <strong>CONSELL ESCOLAR DEL CENTRE\u00a0<\/strong>\u00a0\u00e9s l&#8217;<strong>\u00f2rgan col\u00b7legiat de participaci\u00f3<\/strong>\u00a0de la comunitat escolar en el govern del centre.<\/p>\n<p>En el consell escolar estan representats tots els col\u00b7lectius que intervenen en la comunitat educativa: equip directiu (directora, cap d&#8217;estudis i secretari), representants dels mestres (5), representants de pares i mares (4), representant de l&#8217;AFA (1), personal d&#8217;administraci\u00f3 i serveis (1), personal de l&#8217;Ajuntament (1).<\/p>\n<p>La seva funci\u00f3 \u00e9s participar en la presa de decisions en relaci\u00f3 amb aquells temes importants per al funcionament i l&#8217;organitzaci\u00f3 del centre: el projecte educatiu, la programaci\u00f3 general, la gesti\u00f3 econ\u00f2mica, etc.<\/p>\n<p>Els seus membres del consell escolar s\u00f3n elegits per un per\u00edode de quatre anys i es renoven per meitats cada dos anys. Es reuneix com a m\u00ednim un cop al trimestre.<\/p>\n<p style=\"text-align: center;\">Els representats del consell escolar de la nostra escola s\u00f3n els seg\u00fcents:<\/p>\n<table class=\" aligncenter\" style=\"height: 485px; width: 614px;\">\n<tbody>\n<tr style=\"height: 31px;\">\n<td style=\"height: 31px; width: 336.25px;\">DIRECTORA<\/td>\n<td style=\"height: 31px; width: 271.25px;\">ALBA RAVENT\u00d3S<\/td>\n<\/tr>\n<tr style=\"height: 31px;\">\n<td style=\"height: 31px; width: 336.25px;\">CAP D&#8217;ESTUDIS<\/td>\n<td style=\"height: 31px; width: 271.25px;\">CRISTINA PAREDES<\/td>\n<\/tr>\n<tr style=\"height: 31px;\">\n<td style=\"height: 31px; width: 336.25px;\">REPRESENTANT DEL PROFESSORAT<\/td>\n<td style=\"height: 31px; width: 271.25px;\">SELENE MALDONADO<\/td>\n<\/tr>\n<tr style=\"height: 31px;\">\n<td style=\"height: 31px; width: 336.25px;\">REPRESENTANT DEL PROFESSORAT<\/td>\n<td style=\"height: 31px; width: 271.25px;\">SERGIO BLANCO<\/td>\n<\/tr>\n<tr style=\"height: 31px;\">\n<td style=\"height: 31px; width: 336.25px;\">REPRESENTANT DEL PROFESSORAT<\/td>\n<td style=\"height: 31px; width: 271.25px;\">ESTHER RENEDO<\/td>\n<\/tr>\n<tr style=\"height: 31px;\">\n<td style=\"height: 31px; width: 336.25px;\">REPRESENTANT DEL PROFESSORAT<\/td>\n<td style=\"height: 31px; width: 271.25px;\">REBECA V\u00c1ZQUEZ<\/td>\n<\/tr>\n<tr style=\"height: 31px;\">\n<td style=\"height: 31px; width: 336.25px;\">REPRESENTANT DEL PROFESSORAT<\/td>\n<td style=\"height: 31px; width: 271.25px;\">TERESA GARRIGA<\/td>\n<\/tr>\n<tr style=\"height: 31px;\">\n<td style=\"height: 31px; width: 336.25px;\">REPRESENTANT DE PARES I MARES<\/td>\n<td style=\"height: 31px; width: 271.25px;\">JESICA MORENO<\/td>\n<\/tr>\n<tr style=\"height: 33px;\">\n<td style=\"width: 336.25px; height: 33px;\">REPRESENTANT DE PARES I MARES<\/td>\n<td style=\"width: 271.25px; height: 33px;\">SHEILA BELLO<\/td>\n<\/tr>\n<tr style=\"height: 33px;\">\n<td style=\"width: 336.25px; height: 33px;\">REPRESENTANT DE PARES I MARES<\/td>\n<td style=\"width: 271.25px; height: 33px;\">M\u00d3NICA MERCADO P\u00c9REZ<\/td>\n<\/tr>\n<tr>\n<td style=\"width: 336.25px;\">REPRESENTANT DE PARES I MARES<\/td>\n<td style=\"width: 271.25px;\">CAROLINA GARC\u00cdA<\/td>\n<\/tr>\n<tr style=\"height: 33px;\">\n<td style=\"width: 336.25px; height: 33px;\">REPRESENTANT DE L&#8217;AMPA<\/td>\n<td style=\"width: 271.25px; height: 33px;\">SANDRA SEVILLANO<\/td>\n<\/tr>\n<tr style=\"height: 33px;\">\n<td style=\"width: 336.25px; height: 33px;\">REPRESENTANT DEL PAS<\/td>\n<td style=\"width: 271.25px; height: 33px;\">INMACULADA CLEMOT<\/td>\n<\/tr>\n<tr style=\"height: 33px;\">\n<td style=\"width: 336.25px; height: 33px;\">REPRESENTANT DE L&#8217;AJUNTAMENT<\/td>\n<td style=\"width: 271.25px; height: 33px;\">OT GARC\u00cdA<\/td>\n<\/tr>\n<tr style=\"height: 10px;\">\n<td style=\"width: 336.25px; height: 10px;\">SECRET\u00c0RIA<\/td>\n<td style=\"width: 271.25px; height: 10px;\">PAULA APARICIO<\/td>\n<\/tr>\n<\/tbody>\n<\/table>\n<p>&nbsp;<\/p>\n<\/div>\n","protected":false},"excerpt":{"rendered":"<p>El CONSELL ESCOLAR DEL CENTRE\u00a0\u00a0\u00e9s l&#8217;\u00f2rgan col\u00b7legiat de participaci\u00f3\u00a0de la comunitat escolar en el govern del centre.<br \/>\nEn el consell escolar estan representats tots els col\u00b7lectius que intervenen en la comunitat educativa: equip directiu (directora, cap d&#8217;estudis i secretari), representants dels mestres (5), representants de pares&hellip;  <a href=\"https:\/\/agora.xtec.cat\/ceip-antonigaudi-cornella\/lescola\/consell-escolar\/\" title=\"Read Consell escolar\">Llegeix m\u00e9s\u00bb<\/a><\/p>\n","protected":false},"author":1,"featured_media":0,"parent":22,"menu_order":30,"comment_status":"closed","ping_status":"closed","template":"page-templates\/side-menu.php","meta":{"_bbp_topic_count":0,"_bbp_reply_count":0,"_bbp_total_topic_count":0,"_bbp_total_reply_count":0,"_bbp_voice_count":0,"_bbp_anonymous_reply_count":0,"_bbp_topic_count_hidden":0,"_bbp_reply_count_hidden":0,"_bbp_forum_subforum_count":0,"footnotes":""},"class_list":["post-28","page","type-page","status-publish","hentry"],"post_mailing_queue_ids":[],"_links":{"self":[{"href":"https:\/\/agora.xtec.cat\/ceip-antonigaudi-cornella\/wp-json\/wp\/v2\/pages\/28","targetHints":{"allow":["GET"]}}],"collection":[{"href":"https:\/\/agora.xtec.cat\/ceip-antonigaudi-cornella\/wp-json\/wp\/v2\/pages"}],"about":[{"href":"https:\/\/agora.xtec.cat\/ceip-antonigaudi-cornella\/wp-json\/wp\/v2\/types\/page"}],"author":[{"embeddable":true,"href":"https:\/\/agora.xtec.cat\/ceip-antonigaudi-cornella\/wp-json\/wp\/v2\/users\/1"}],"replies":[{"embeddable":true,"href":"https:\/\/agora.xtec.cat\/ceip-antonigaudi-cornella\/wp-json\/wp\/v2\/comments?post=28"}],"version-history":[{"count":7,"href":"https:\/\/agora.xtec.cat\/ceip-antonigaudi-cornella\/wp-json\/wp\/v2\/pages\/28\/revisions"}],"predecessor-version":[{"id":12697,"href":"https:\/\/agora.xtec.cat\/ceip-antonigaudi-cornella\/wp-json\/wp\/v2\/pages\/28\/revisions\/12697"}],"up":[{"embeddable":true,"href":"https:\/\/agora.xtec.cat\/ceip-antonigaudi-cornella\/wp-json\/wp\/v2\/pages\/22"}],"wp:attachment":[{"href":"https:\/\/agora.xtec.cat\/ceip-antonigaudi-cornella\/wp-json\/wp\/v2\/media?parent=28"}],"curies":[{"name":"wp","href":"https:\/\/api.w.org\/{rel}","templated":true}]}}