{"id":26,"date":"2014-09-18T12:24:32","date_gmt":"2014-09-18T11:24:32","guid":{"rendered":"http:\/\/agora.xtec.cat\/ceip-antonigaudi-cornella\/?page_id=26"},"modified":"2023-08-25T13:33:48","modified_gmt":"2023-08-25T11:33:48","slug":"historia","status":"publish","type":"page","link":"https:\/\/agora.xtec.cat\/ceip-antonigaudi-cornella\/lescola\/historia\/","title":{"rendered":"Hist\u00f2ria"},"content":{"rendered":"<p style=\"text-align: justify;\"><strong>L\u2019Escola Antoni Gaud\u00ed<\/strong> est\u00e0 situada al barri de la Gavarra de Cornell\u00e0. Fou creada l\u2019any 1974 com a necessitat d\u2019escolaritzaci\u00f3 del barri i l\u2019expansi\u00f3 de poblaci\u00f3 de la d\u00e8cada dels anys 60 i 70.<\/p>\n<p style=\"text-align: justify;\">La majoria d\u2019alumnes procedeixen del barri Gavarra i del barri Sant Ildefons per la seva proximitat.<\/p>\n<p style=\"text-align: justify;\"><strong>L\u2019escola \u00e9s present al barri<\/strong>: cantem Nadales a l\u2019Escola bressol Lindavista, a la resid\u00e8ncia Jaume Nualart, col\u00b7laborem amb l&#8217;esplai Gavina amb el projecte ProInf\u00e0ncia del Centre diari, col\u00b7laboracions\u00a0 amb l\u2019Institut Esteve Terradas; som escola de pr\u00e0ctiques per l\u2019Institut, col\u00b7laborem conjuntamet amb el programa Sharing to learn, pr\u00e0ctiques de laboratori a l\u2019institut, etc.<\/p>\n","protected":false},"excerpt":{"rendered":"<p>L\u2019Escola Antoni Gaud\u00ed est\u00e0 situada al barri de la Gavarra de Cornell\u00e0. Fou creada l\u2019any 1974 com a necessitat d\u2019escolaritzaci\u00f3 del barri i l\u2019expansi\u00f3 de poblaci\u00f3 de la d\u00e8cada dels anys 60 i 70.<br \/>\nLa majoria d\u2019alumnes procedeixen del barri Gavarra i del barri Sant Ildefons&hellip;  <a href=\"https:\/\/agora.xtec.cat\/ceip-antonigaudi-cornella\/lescola\/historia\/\" title=\"Read Hist\u00f2ria\">Llegeix m\u00e9s\u00bb<\/a><\/p>\n","protected":false},"author":1,"featured_media":0,"parent":22,"menu_order":20,"comment_status":"closed","ping_status":"closed","template":"page-templates\/side-menu.php","meta":{"_bbp_topic_count":0,"_bbp_reply_count":0,"_bbp_total_topic_count":0,"_bbp_total_reply_count":0,"_bbp_voice_count":0,"_bbp_anonymous_reply_count":0,"_bbp_topic_count_hidden":0,"_bbp_reply_count_hidden":0,"_bbp_forum_subforum_count":0,"footnotes":""},"class_list":["post-26","page","type-page","status-publish","hentry"],"post_mailing_queue_ids":[],"_links":{"self":[{"href":"https:\/\/agora.xtec.cat\/ceip-antonigaudi-cornella\/wp-json\/wp\/v2\/pages\/26","targetHints":{"allow":["GET"]}}],"collection":[{"href":"https:\/\/agora.xtec.cat\/ceip-antonigaudi-cornella\/wp-json\/wp\/v2\/pages"}],"about":[{"href":"https:\/\/agora.xtec.cat\/ceip-antonigaudi-cornella\/wp-json\/wp\/v2\/types\/page"}],"author":[{"embeddable":true,"href":"https:\/\/agora.xtec.cat\/ceip-antonigaudi-cornella\/wp-json\/wp\/v2\/users\/1"}],"replies":[{"embeddable":true,"href":"https:\/\/agora.xtec.cat\/ceip-antonigaudi-cornella\/wp-json\/wp\/v2\/comments?post=26"}],"version-history":[{"count":3,"href":"https:\/\/agora.xtec.cat\/ceip-antonigaudi-cornella\/wp-json\/wp\/v2\/pages\/26\/revisions"}],"predecessor-version":[{"id":11093,"href":"https:\/\/agora.xtec.cat\/ceip-antonigaudi-cornella\/wp-json\/wp\/v2\/pages\/26\/revisions\/11093"}],"up":[{"embeddable":true,"href":"https:\/\/agora.xtec.cat\/ceip-antonigaudi-cornella\/wp-json\/wp\/v2\/pages\/22"}],"wp:attachment":[{"href":"https:\/\/agora.xtec.cat\/ceip-antonigaudi-cornella\/wp-json\/wp\/v2\/media?parent=26"}],"curies":[{"name":"wp","href":"https:\/\/api.w.org\/{rel}","templated":true}]}}