{"id":1979,"date":"2018-11-24T13:47:17","date_gmt":"2018-11-24T12:47:17","guid":{"rendered":"http:\/\/agora.xtec.cat\/ceip-antonigaudi-cornella\/?page_id=1979"},"modified":"2018-11-25T01:21:35","modified_gmt":"2018-11-25T00:21:35","slug":"sostenibilitat","status":"publish","type":"page","link":"https:\/\/agora.xtec.cat\/ceip-antonigaudi-cornella\/sostenibilitat\/","title":{"rendered":"Sostenibilitat"},"content":{"rendered":"<p>Benvolgudes fam\u00edlies,<\/p>\n<p>Com ja sabeu i com us hem anat recordant al llarg de les diferents reunions d&#8217;inici de curs i en els anys que portem, som escola per la Sostenibilitat que pertanyem a la XESC ( Xarxa d&#8217;Escoles per la Sostenibilitat de Catalunya ).<\/p>\n<p>Aquest curs estrenem apartat a la web on anirem fent resenya de les novetats i\/o campanyes m\u00e9s rellevants a recordar tan si es porten dins de l&#8217;escola com a Cornell\u00e0:<\/p>\n<ul>\n<li>Dies de la fruita a la nostra escola: Dimarts i Dijous. Hem comen\u00e7at amb les gr\u00e0fiques dels m\u00e9s &#8220;menjafruites de l&#8217;escola&#8221; en el nostre panell informatiu. Quin grup o grups seran els m\u00e9s regulars i alhora els m\u00e9s saludables?<\/li>\n<\/ul>\n<ul>\n<li>Dia sense cotxes. Bici al poder.<\/li>\n<\/ul>\n<p>L&#8217;escola disposa des de fa un parell d&#8217;anys de parking per bicis i patinets en l&#8217;espai de jard\u00ed, per\u00f2 sense vigil\u00e0ncia. Per tots aquells alumnes, sobretot els m\u00e9s grans que volen venir a escolar fem una mica d&#8217;activitat f\u00edsica.<\/p>\n<ul>\n<li>Setmana de la Prevenci\u00f3 Europea dels residus del 17 al 29 de novembre.<img loading=\"lazy\" decoding=\"async\" class=\"alignnone\" src=\"http:\/\/www.navas.cat\/uploads\/media\/default\/0001\/05\/8d9165d6ba2a9e85d60752758e4aa81e58d982a6.jpg\" alt=\"Resultat d'imatges de setmana europea de la prevenci\u00c3\u00b3 de residus\" width=\"49\" height=\"67\" \/><\/li>\n<\/ul>\n<p>L&#8217;escola des de P3 fins a 6\u00e8 portem treballant de maneres ben diferents la prevenci\u00f3 de residus.<span style=\"font-family: inherit; font-size: 1em;\">Infantil a partir de videos i petits experiments vivencials que vol dir preservar i cuidar el medi. Prim\u00e0ria a partir del treball cooperatiu i per projectes en l&#8217;\u00e0rea de medi s&#8217;ha preparat per cada curs uns reptes on han d&#8217;enraonar, pensar i cercar\u00a0 solucions a problemes derivats dels residus que generem per un mal \u00fas o no conscienciaci\u00f3 del mal que li fem al nostre planeta.<\/span><\/p>\n<p>Amb totes les aportacions de tots els grups estem preparant una exposici\u00f3 de tots els treballs creats pels diferents alumnes i tamb\u00e9 a partir de la nostra web exposant opinions i idees de com podem solucionar aquest exc\u00e8s de residus i com gestionar-los de la millor manera. En breu podrem oferir-vos una galeria de fotos.<\/p>\n<p>Comissi\u00f3 per la Sostenibilitat<\/p>\n","protected":false},"excerpt":{"rendered":"<p>Benvolgudes fam\u00edlies,<br \/>\nCom ja sabeu i com us hem anat recordant al llarg de les diferents reunions d&#8217;inici de curs i en els anys que portem, som escola per la Sostenibilitat que pertanyem a la XESC ( Xarxa d&#8217;Escoles per la Sostenibilitat de Catalunya ).<br \/>\nAquest curs&hellip;  <a href=\"https:\/\/agora.xtec.cat\/ceip-antonigaudi-cornella\/sostenibilitat\/\" title=\"Read Sostenibilitat\">Llegeix m\u00e9s\u00bb<\/a><\/p>\n","protected":false},"author":5,"featured_media":0,"parent":0,"menu_order":0,"comment_status":"closed","ping_status":"closed","template":"","meta":{"_bbp_topic_count":0,"_bbp_reply_count":0,"_bbp_total_topic_count":0,"_bbp_total_reply_count":0,"_bbp_voice_count":0,"_bbp_anonymous_reply_count":0,"_bbp_topic_count_hidden":0,"_bbp_reply_count_hidden":0,"_bbp_forum_subforum_count":0,"footnotes":""},"class_list":["post-1979","page","type-page","status-publish","hentry"],"post_mailing_queue_ids":[],"_links":{"self":[{"href":"https:\/\/agora.xtec.cat\/ceip-antonigaudi-cornella\/wp-json\/wp\/v2\/pages\/1979","targetHints":{"allow":["GET"]}}],"collection":[{"href":"https:\/\/agora.xtec.cat\/ceip-antonigaudi-cornella\/wp-json\/wp\/v2\/pages"}],"about":[{"href":"https:\/\/agora.xtec.cat\/ceip-antonigaudi-cornella\/wp-json\/wp\/v2\/types\/page"}],"author":[{"embeddable":true,"href":"https:\/\/agora.xtec.cat\/ceip-antonigaudi-cornella\/wp-json\/wp\/v2\/users\/5"}],"replies":[{"embeddable":true,"href":"https:\/\/agora.xtec.cat\/ceip-antonigaudi-cornella\/wp-json\/wp\/v2\/comments?post=1979"}],"version-history":[{"count":3,"href":"https:\/\/agora.xtec.cat\/ceip-antonigaudi-cornella\/wp-json\/wp\/v2\/pages\/1979\/revisions"}],"predecessor-version":[{"id":2201,"href":"https:\/\/agora.xtec.cat\/ceip-antonigaudi-cornella\/wp-json\/wp\/v2\/pages\/1979\/revisions\/2201"}],"wp:attachment":[{"href":"https:\/\/agora.xtec.cat\/ceip-antonigaudi-cornella\/wp-json\/wp\/v2\/media?parent=1979"}],"curies":[{"name":"wp","href":"https:\/\/api.w.org\/{rel}","templated":true}]}}