{"id":12304,"date":"2025-05-06T16:29:01","date_gmt":"2025-05-06T14:29:01","guid":{"rendered":"https:\/\/agora.xtec.cat\/ceip-antonigaudi-cornella\/?page_id=12304"},"modified":"2025-05-06T16:29:01","modified_gmt":"2025-05-06T14:29:01","slug":"edudansa","status":"publish","type":"page","link":"https:\/\/agora.xtec.cat\/ceip-antonigaudi-cornella\/edudansa\/","title":{"rendered":"Edudansa"},"content":{"rendered":"<p>Mestres i professorat de m\u00fasica de Sant Joan Desp\u00ed i Cornell\u00e0 de Llobregat es reuneixen des de fa uns anys amb la intenci\u00f3 de coordinar-se, formar-se i fer un treball conjunt\u00a0 que repercuteixi en la tasca di\u00e0ria que desenvolupen a l\u2019aula.<\/p>\n<p>A les sessions de coordinaci\u00f3 es parla de formes de treballar l\u2019\u00e0mbit art\u00edstic, intercanviar material i experi\u00e8ncies, replantejar-se d\u2019acci\u00f3 did\u00e0ctica i, com a cloenda del curs, dissenyar\u00a0una actuaci\u00f3 a l\u2019aire lliure, a una de les places de la ciutat.<\/p>\n<p>Aquest acte consisteix a ballar diferents danses tant de la ciutat, del Baix Llobregat, de Catalunya com d\u2019arreu del m\u00f3n. Cada centre balla una dansa individualment i posteriorment es passa a, en grups i de forma barrejada entre tots els centres, ballar una dansa en com\u00fa.<\/p>\n","protected":false},"excerpt":{"rendered":"<p>Mestres i professorat de m\u00fasica de Sant Joan Desp\u00ed i Cornell\u00e0 de Llobregat es reuneixen des de fa uns anys amb la intenci\u00f3 de coordinar-se, formar-se i fer un treball conjunt\u00a0 que repercuteixi en la tasca di\u00e0ria que desenvolupen a l\u2019aula.<br \/>\nA les sessions de coordinaci\u00f3&hellip;  <a href=\"https:\/\/agora.xtec.cat\/ceip-antonigaudi-cornella\/edudansa\/\" title=\"Read Edudansa\">Llegeix m\u00e9s\u00bb<\/a><\/p>\n","protected":false},"author":37,"featured_media":0,"parent":0,"menu_order":0,"comment_status":"closed","ping_status":"closed","template":"","meta":{"_bbp_topic_count":0,"_bbp_reply_count":0,"_bbp_total_topic_count":0,"_bbp_total_reply_count":0,"_bbp_voice_count":0,"_bbp_anonymous_reply_count":0,"_bbp_topic_count_hidden":0,"_bbp_reply_count_hidden":0,"_bbp_forum_subforum_count":0,"footnotes":""},"class_list":["post-12304","page","type-page","status-publish","hentry"],"post_mailing_queue_ids":[],"_links":{"self":[{"href":"https:\/\/agora.xtec.cat\/ceip-antonigaudi-cornella\/wp-json\/wp\/v2\/pages\/12304","targetHints":{"allow":["GET"]}}],"collection":[{"href":"https:\/\/agora.xtec.cat\/ceip-antonigaudi-cornella\/wp-json\/wp\/v2\/pages"}],"about":[{"href":"https:\/\/agora.xtec.cat\/ceip-antonigaudi-cornella\/wp-json\/wp\/v2\/types\/page"}],"author":[{"embeddable":true,"href":"https:\/\/agora.xtec.cat\/ceip-antonigaudi-cornella\/wp-json\/wp\/v2\/users\/37"}],"replies":[{"embeddable":true,"href":"https:\/\/agora.xtec.cat\/ceip-antonigaudi-cornella\/wp-json\/wp\/v2\/comments?post=12304"}],"version-history":[{"count":1,"href":"https:\/\/agora.xtec.cat\/ceip-antonigaudi-cornella\/wp-json\/wp\/v2\/pages\/12304\/revisions"}],"predecessor-version":[{"id":12307,"href":"https:\/\/agora.xtec.cat\/ceip-antonigaudi-cornella\/wp-json\/wp\/v2\/pages\/12304\/revisions\/12307"}],"wp:attachment":[{"href":"https:\/\/agora.xtec.cat\/ceip-antonigaudi-cornella\/wp-json\/wp\/v2\/media?parent=12304"}],"curies":[{"name":"wp","href":"https:\/\/api.w.org\/{rel}","templated":true}]}}