{"id":12298,"date":"2025-05-06T16:22:40","date_gmt":"2025-05-06T14:22:40","guid":{"rendered":"https:\/\/agora.xtec.cat\/ceip-antonigaudi-cornella\/?page_id=12298"},"modified":"2025-05-06T16:22:40","modified_gmt":"2025-05-06T14:22:40","slug":"crenco","status":"publish","type":"page","link":"https:\/\/agora.xtec.cat\/ceip-antonigaudi-cornella\/crenco\/","title":{"rendered":"CRENCO"},"content":{"rendered":"<p>El projecte CRENCO \u00e9s un projecte sense \u00e0nim de lucre que pret\u00e9n crear un model\/programa educatiu Inter generacional que es pugui implantar a totes les escoles en horari lectiu, adaptant la programaci\u00f3 de les activitats l\u00fadiques i educatives als objectius i projectes de cada escola. Un projecte multic\u00e8ntric i multidisciplinar on participen els diversos centres amb els seus equips de professionals i col\u00b7laboradors.<\/p>\n<p>Enguany participem amb la Resid\u00e8ncia Teresa Duran.<\/p>\n","protected":false},"excerpt":{"rendered":"<p>El projecte CRENCO \u00e9s un projecte sense \u00e0nim de lucre que pret\u00e9n crear un model\/programa educatiu Inter generacional que es pugui implantar a totes les escoles en horari lectiu, adaptant la programaci\u00f3 de les activitats l\u00fadiques i educatives als objectius i projectes de cada escola.&hellip;  <a href=\"https:\/\/agora.xtec.cat\/ceip-antonigaudi-cornella\/crenco\/\" title=\"Read CRENCO\">Llegeix m\u00e9s\u00bb<\/a><\/p>\n","protected":false},"author":37,"featured_media":0,"parent":0,"menu_order":0,"comment_status":"closed","ping_status":"closed","template":"","meta":{"_bbp_topic_count":0,"_bbp_reply_count":0,"_bbp_total_topic_count":0,"_bbp_total_reply_count":0,"_bbp_voice_count":0,"_bbp_anonymous_reply_count":0,"_bbp_topic_count_hidden":0,"_bbp_reply_count_hidden":0,"_bbp_forum_subforum_count":0,"footnotes":""},"class_list":["post-12298","page","type-page","status-publish","hentry"],"post_mailing_queue_ids":[],"_links":{"self":[{"href":"https:\/\/agora.xtec.cat\/ceip-antonigaudi-cornella\/wp-json\/wp\/v2\/pages\/12298","targetHints":{"allow":["GET"]}}],"collection":[{"href":"https:\/\/agora.xtec.cat\/ceip-antonigaudi-cornella\/wp-json\/wp\/v2\/pages"}],"about":[{"href":"https:\/\/agora.xtec.cat\/ceip-antonigaudi-cornella\/wp-json\/wp\/v2\/types\/page"}],"author":[{"embeddable":true,"href":"https:\/\/agora.xtec.cat\/ceip-antonigaudi-cornella\/wp-json\/wp\/v2\/users\/37"}],"replies":[{"embeddable":true,"href":"https:\/\/agora.xtec.cat\/ceip-antonigaudi-cornella\/wp-json\/wp\/v2\/comments?post=12298"}],"version-history":[{"count":1,"href":"https:\/\/agora.xtec.cat\/ceip-antonigaudi-cornella\/wp-json\/wp\/v2\/pages\/12298\/revisions"}],"predecessor-version":[{"id":12301,"href":"https:\/\/agora.xtec.cat\/ceip-antonigaudi-cornella\/wp-json\/wp\/v2\/pages\/12298\/revisions\/12301"}],"wp:attachment":[{"href":"https:\/\/agora.xtec.cat\/ceip-antonigaudi-cornella\/wp-json\/wp\/v2\/media?parent=12298"}],"curies":[{"name":"wp","href":"https:\/\/api.w.org\/{rel}","templated":true}]}}