{"id":12291,"date":"2025-05-06T16:16:31","date_gmt":"2025-05-06T14:16:31","guid":{"rendered":"https:\/\/agora.xtec.cat\/ceip-antonigaudi-cornella\/?page_id=12291"},"modified":"2025-05-06T16:16:31","modified_gmt":"2025-05-06T14:16:31","slug":"steamcat","status":"publish","type":"page","link":"https:\/\/agora.xtec.cat\/ceip-antonigaudi-cornella\/steamcat\/","title":{"rendered":"STEAMcat"},"content":{"rendered":"<p>&nbsp;<\/p>\n<p>Enguany participem en el <strong><a title=\"Programa d\u2019Innovaci\u00f3 STEMcat\" href=\"https:\/\/espai.educacio.gencat.cat\/Centres\/Innovacio-pedagogica\/Programes\/Programa-STEAMcat\/Pagines\/default.aspx\" target=\"_blank\" rel=\"noopener\">Programa d\u2019Innovaci\u00f3 STEMcat. Aquest, <\/a><\/strong>neix amb la finalitat d&#8217;impulsar les vocacions cient\u00edfiques, tecnol\u00f2giques, en enginyeria i matem\u00e0tiques en estudiants de Catalunya, tamb\u00e9 amb la creativitat a trav\u00e9s del disseny i de l&#8217;art es crea el programa d&#8217;innovaci\u00f3 pedag\u00f2gica STEAMcat, impulsat per la Direcci\u00f3 General\u00a0d\u2019Innovaci\u00f3, Digitalitzaci\u00f3, Curr\u00edculum i Lleng\u00fces. El programa s&#8217;emmarca en el suport a la innovaci\u00f3 i a la recerca que constitueix una de les l\u00ednies d&#8217;acci\u00f3 en relaci\u00f3 amb els objectius espec\u00edfics esmentats i que tamb\u00e9 ha de contribuir a la millora global de la resta d&#8217;accions del\u00a0<strong><a title=\"Pla STEAMcat\" href=\"https:\/\/projectes.xtec.cat\/steamcat\/wp-content\/uploads\/usu1760\/2019\/09\/pla-stem.pdf\" target=\"_blank\" rel=\"noopener\">Pla STEMcat<\/a><\/strong>.<\/p>\n<p>El treball conjunt d&#8217;unes metodologies actives, participatives i d&#8217;aprendre fent, el treball competencial dels continguts de les diferents disciplines STEM, l&#8217;avaluaci\u00f3 reguladora dels aprenentatges en l&#8217;extensi\u00f3 del centre, juntament amb l&#8217;orientaci\u00f3 educativa, ha de contribuir en el foment de les vocacions STEM i a aconseguir tamb\u00e9 l&#8217;augment d&#8217;aquestes vocacions en les dones.<\/p>\n<p>&nbsp;<\/p>\n","protected":false},"excerpt":{"rendered":"<p>&nbsp;<br \/>\nEnguany participem en el <a title=\"Programa d\u2019Innovaci\u00f3 STEMcat\" href=\"https:\/\/espai.educacio.gencat.cat\/Centres\/Innovacio-pedagogica\/Programes\/Programa-STEAMcat\/Pagines\/default.aspx\" target=\"_blank\" rel=\"noopener\">Programa d\u2019Innovaci\u00f3 STEMcat. Aquest, <\/a>neix amb la finalitat d&#8217;impulsar les vocacions cient\u00edfiques, tecnol\u00f2giques, en enginyeria i matem\u00e0tiques en estudiants de Catalunya, tamb\u00e9 amb la creativitat a trav\u00e9s del disseny i de l&#8217;art es crea el&hellip;  <a href=\"https:\/\/agora.xtec.cat\/ceip-antonigaudi-cornella\/steamcat\/\" title=\"Read STEAMcat\">Llegeix m\u00e9s\u00bb<\/a><\/p>\n","protected":false},"author":37,"featured_media":0,"parent":0,"menu_order":0,"comment_status":"closed","ping_status":"closed","template":"","meta":{"_bbp_topic_count":0,"_bbp_reply_count":0,"_bbp_total_topic_count":0,"_bbp_total_reply_count":0,"_bbp_voice_count":0,"_bbp_anonymous_reply_count":0,"_bbp_topic_count_hidden":0,"_bbp_reply_count_hidden":0,"_bbp_forum_subforum_count":0,"footnotes":""},"class_list":["post-12291","page","type-page","status-publish","hentry"],"post_mailing_queue_ids":[],"_links":{"self":[{"href":"https:\/\/agora.xtec.cat\/ceip-antonigaudi-cornella\/wp-json\/wp\/v2\/pages\/12291","targetHints":{"allow":["GET"]}}],"collection":[{"href":"https:\/\/agora.xtec.cat\/ceip-antonigaudi-cornella\/wp-json\/wp\/v2\/pages"}],"about":[{"href":"https:\/\/agora.xtec.cat\/ceip-antonigaudi-cornella\/wp-json\/wp\/v2\/types\/page"}],"author":[{"embeddable":true,"href":"https:\/\/agora.xtec.cat\/ceip-antonigaudi-cornella\/wp-json\/wp\/v2\/users\/37"}],"replies":[{"embeddable":true,"href":"https:\/\/agora.xtec.cat\/ceip-antonigaudi-cornella\/wp-json\/wp\/v2\/comments?post=12291"}],"version-history":[{"count":1,"href":"https:\/\/agora.xtec.cat\/ceip-antonigaudi-cornella\/wp-json\/wp\/v2\/pages\/12291\/revisions"}],"predecessor-version":[{"id":12294,"href":"https:\/\/agora.xtec.cat\/ceip-antonigaudi-cornella\/wp-json\/wp\/v2\/pages\/12291\/revisions\/12294"}],"wp:attachment":[{"href":"https:\/\/agora.xtec.cat\/ceip-antonigaudi-cornella\/wp-json\/wp\/v2\/media?parent=12291"}],"curies":[{"name":"wp","href":"https:\/\/api.w.org\/{rel}","templated":true}]}}