{"id":11104,"date":"2023-08-25T13:59:50","date_gmt":"2023-08-25T11:59:50","guid":{"rendered":"https:\/\/agora.xtec.cat\/ceip-antonigaudi-cornella\/?page_id=11104"},"modified":"2024-02-23T09:27:14","modified_gmt":"2024-02-23T08:27:14","slug":"sharing-to-learn","status":"publish","type":"page","link":"https:\/\/agora.xtec.cat\/ceip-antonigaudi-cornella\/sharing-to-learn\/","title":{"rendered":"Sharing to learn"},"content":{"rendered":"<p><a href=\"https:\/\/agora.xtec.cat\/ceip-antonigaudi-cornella\/sharing-to-learn\/\">Sharing to learn<\/a><\/p>\n<p><img loading=\"lazy\" decoding=\"async\" class=\"aligncenter\" src=\"http:\/\/3.bp.blogspot.com\/-VDws1FVnvy4\/T3q0jIg4jkI\/AAAAAAAAA64\/zlnRisDcRow\/s512\/img03058.jpg\" width=\"222\" height=\"90\" \/><\/p>\n<p><strong>L\u2019escola, juntament amb l\u2019institut Esteve Terradas participa al projecte Sharing to Learn. L\u2019alumnat de secund\u00e0ria interv\u00e9 als cursos de 2n, 3r i 4t per a promocionar l\u2019us de l\u2019angl\u00e8s oral a prim\u00e0ria. Es realitzen jocs de taula, es canten can\u00e7ons, es fan racons i activitats orals en angl\u00e8s.<\/strong><\/p>\n<p>&nbsp;<\/p>\n<p>&nbsp;<\/p>\n<p>&nbsp;<\/p>\n<p>&nbsp;<\/p>\n<p><a href=\"https:\/\/agora.xtec.cat\/ceip-antonigaudi-cornella\/wp-content\/uploads\/usu1240\/2024\/01\/WhatsApp-Image-2024-01-19-at-09.23.41.jpeg\">Activites with the language assistants from Esteve Terradas.<br \/>\n<img loading=\"lazy\" decoding=\"async\" class=\"wp-image-11254 alignleft\" src=\"https:\/\/agora.xtec.cat\/ceip-antonigaudi-cornella\/wp-content\/uploads\/usu1240\/2024\/01\/WhatsApp-Image-2024-01-19-at-09.23.41-1024x771.jpeg\" alt=\"\" width=\"349\" height=\"263\" srcset=\"https:\/\/agora.xtec.cat\/ceip-antonigaudi-cornella\/wp-content\/uploads\/usu1240\/2024\/01\/WhatsApp-Image-2024-01-19-at-09.23.41-1024x771.jpeg 1024w, https:\/\/agora.xtec.cat\/ceip-antonigaudi-cornella\/wp-content\/uploads\/usu1240\/2024\/01\/WhatsApp-Image-2024-01-19-at-09.23.41-300x226.jpeg 300w, https:\/\/agora.xtec.cat\/ceip-antonigaudi-cornella\/wp-content\/uploads\/usu1240\/2024\/01\/WhatsApp-Image-2024-01-19-at-09.23.41-768x578.jpeg 768w, https:\/\/agora.xtec.cat\/ceip-antonigaudi-cornella\/wp-content\/uploads\/usu1240\/2024\/01\/WhatsApp-Image-2024-01-19-at-09.23.41-1536x1157.jpeg 1536w, https:\/\/agora.xtec.cat\/ceip-antonigaudi-cornella\/wp-content\/uploads\/usu1240\/2024\/01\/WhatsApp-Image-2024-01-19-at-09.23.41-200x150.jpeg 200w, https:\/\/agora.xtec.cat\/ceip-antonigaudi-cornella\/wp-content\/uploads\/usu1240\/2024\/01\/WhatsApp-Image-2024-01-19-at-09.23.41.jpeg 2040w\" sizes=\"auto, (max-width: 349px) 100vw, 349px\" \/><\/a><\/p>\n<p>&nbsp;<\/p>\n<p>&nbsp;<\/p>\n<p>&nbsp;<\/p>\n<p>&nbsp;<\/p>\n<p>&nbsp;<\/p>\n<p>&nbsp;<\/p>\n<p><a href=\"https:\/\/agora.xtec.cat\/ceip-antonigaudi-cornella\/wp-content\/uploads\/usu1240\/2024\/01\/WhatsApp-Image-2024-01-19-at-09.23.43-5.jpeg\"><img loading=\"lazy\" decoding=\"async\" class=\"wp-image-11257 alignleft\" src=\"https:\/\/agora.xtec.cat\/ceip-antonigaudi-cornella\/wp-content\/uploads\/usu1240\/2024\/01\/WhatsApp-Image-2024-01-19-at-09.23.43-5-1024x771.jpeg\" alt=\"\" width=\"345\" height=\"260\" srcset=\"https:\/\/agora.xtec.cat\/ceip-antonigaudi-cornella\/wp-content\/uploads\/usu1240\/2024\/01\/WhatsApp-Image-2024-01-19-at-09.23.43-5-1024x771.jpeg 1024w, https:\/\/agora.xtec.cat\/ceip-antonigaudi-cornella\/wp-content\/uploads\/usu1240\/2024\/01\/WhatsApp-Image-2024-01-19-at-09.23.43-5-300x226.jpeg 300w, https:\/\/agora.xtec.cat\/ceip-antonigaudi-cornella\/wp-content\/uploads\/usu1240\/2024\/01\/WhatsApp-Image-2024-01-19-at-09.23.43-5-768x578.jpeg 768w, https:\/\/agora.xtec.cat\/ceip-antonigaudi-cornella\/wp-content\/uploads\/usu1240\/2024\/01\/WhatsApp-Image-2024-01-19-at-09.23.43-5-1536x1157.jpeg 1536w, https:\/\/agora.xtec.cat\/ceip-antonigaudi-cornella\/wp-content\/uploads\/usu1240\/2024\/01\/WhatsApp-Image-2024-01-19-at-09.23.43-5-200x150.jpeg 200w, https:\/\/agora.xtec.cat\/ceip-antonigaudi-cornella\/wp-content\/uploads\/usu1240\/2024\/01\/WhatsApp-Image-2024-01-19-at-09.23.43-5.jpeg 2040w\" sizes=\"auto, (max-width: 345px) 100vw, 345px\" \/><\/a><\/p>\n<p>&nbsp;<\/p>\n<p>&nbsp;<\/p>\n<p>&nbsp;<\/p>\n<p>&nbsp;<\/p>\n<p>&nbsp;<\/p>\n<p>&nbsp;<\/p>\n<p><a href=\"https:\/\/agora.xtec.cat\/ceip-antonigaudi-cornella\/wp-content\/uploads\/usu1240\/2024\/01\/WhatsApp-Image-2024-01-19-at-09.23.43-3.jpeg\"><img loading=\"lazy\" decoding=\"async\" class=\"wp-image-11256 alignleft\" src=\"https:\/\/agora.xtec.cat\/ceip-antonigaudi-cornella\/wp-content\/uploads\/usu1240\/2024\/01\/WhatsApp-Image-2024-01-19-at-09.23.43-3-1024x771.jpeg\" alt=\"\" width=\"350\" height=\"264\" srcset=\"https:\/\/agora.xtec.cat\/ceip-antonigaudi-cornella\/wp-content\/uploads\/usu1240\/2024\/01\/WhatsApp-Image-2024-01-19-at-09.23.43-3-1024x771.jpeg 1024w, https:\/\/agora.xtec.cat\/ceip-antonigaudi-cornella\/wp-content\/uploads\/usu1240\/2024\/01\/WhatsApp-Image-2024-01-19-at-09.23.43-3-300x226.jpeg 300w, https:\/\/agora.xtec.cat\/ceip-antonigaudi-cornella\/wp-content\/uploads\/usu1240\/2024\/01\/WhatsApp-Image-2024-01-19-at-09.23.43-3-768x578.jpeg 768w, https:\/\/agora.xtec.cat\/ceip-antonigaudi-cornella\/wp-content\/uploads\/usu1240\/2024\/01\/WhatsApp-Image-2024-01-19-at-09.23.43-3-1536x1157.jpeg 1536w, https:\/\/agora.xtec.cat\/ceip-antonigaudi-cornella\/wp-content\/uploads\/usu1240\/2024\/01\/WhatsApp-Image-2024-01-19-at-09.23.43-3-200x150.jpeg 200w, https:\/\/agora.xtec.cat\/ceip-antonigaudi-cornella\/wp-content\/uploads\/usu1240\/2024\/01\/WhatsApp-Image-2024-01-19-at-09.23.43-3.jpeg 2040w\" sizes=\"auto, (max-width: 350px) 100vw, 350px\" \/><\/a><\/p>\n<p>&nbsp;<\/p>\n<p>&nbsp;<\/p>\n<p>&nbsp;<\/p>\n<p>&nbsp;<\/p>\n<p>&nbsp;<\/p>\n<p>&nbsp;<\/p>\n<p><a href=\"https:\/\/agora.xtec.cat\/ceip-antonigaudi-cornella\/wp-content\/uploads\/usu1240\/2024\/01\/gente.jpeg\"><img loading=\"lazy\" decoding=\"async\" class=\"wp-image-11258 alignleft\" src=\"https:\/\/agora.xtec.cat\/ceip-antonigaudi-cornella\/wp-content\/uploads\/usu1240\/2024\/01\/gente-300x226.jpeg\" alt=\"\" width=\"350\" height=\"264\" srcset=\"https:\/\/agora.xtec.cat\/ceip-antonigaudi-cornella\/wp-content\/uploads\/usu1240\/2024\/01\/gente-300x226.jpeg 300w, https:\/\/agora.xtec.cat\/ceip-antonigaudi-cornella\/wp-content\/uploads\/usu1240\/2024\/01\/gente-1024x771.jpeg 1024w, https:\/\/agora.xtec.cat\/ceip-antonigaudi-cornella\/wp-content\/uploads\/usu1240\/2024\/01\/gente-768x578.jpeg 768w, https:\/\/agora.xtec.cat\/ceip-antonigaudi-cornella\/wp-content\/uploads\/usu1240\/2024\/01\/gente-1536x1157.jpeg 1536w, https:\/\/agora.xtec.cat\/ceip-antonigaudi-cornella\/wp-content\/uploads\/usu1240\/2024\/01\/gente-200x150.jpeg 200w, https:\/\/agora.xtec.cat\/ceip-antonigaudi-cornella\/wp-content\/uploads\/usu1240\/2024\/01\/gente.jpeg 2040w\" sizes=\"auto, (max-width: 350px) 100vw, 350px\" \/><\/a><\/p>\n<p>&nbsp;<\/p>\n","protected":false},"excerpt":{"rendered":"<p><a href=\"https:\/\/agora.xtec.cat\/ceip-antonigaudi-cornella\/sharing-to-learn\/\">Sharing to learn<\/a><\/p>\n<p>L\u2019escola, juntament amb l\u2019institut Esteve Terradas participa al projecte Sharing to Learn. L\u2019alumnat de secund\u00e0ria interv\u00e9 als cursos de 2n, 3r i 4t per a promocionar l\u2019us de l\u2019angl\u00e8s oral a prim\u00e0ria. Es realitzen jocs de taula, es canten can\u00e7ons, es fan&hellip;  <a href=\"https:\/\/agora.xtec.cat\/ceip-antonigaudi-cornella\/sharing-to-learn\/\" title=\"Read Sharing to learn\">Llegeix m\u00e9s\u00bb<\/a><\/p>\n","protected":false},"author":37,"featured_media":0,"parent":0,"menu_order":0,"comment_status":"closed","ping_status":"closed","template":"","meta":{"_bbp_topic_count":0,"_bbp_reply_count":0,"_bbp_total_topic_count":0,"_bbp_total_reply_count":0,"_bbp_voice_count":0,"_bbp_anonymous_reply_count":0,"_bbp_topic_count_hidden":0,"_bbp_reply_count_hidden":0,"_bbp_forum_subforum_count":0,"footnotes":""},"class_list":["post-11104","page","type-page","status-publish","hentry"],"post_mailing_queue_ids":[],"_links":{"self":[{"href":"https:\/\/agora.xtec.cat\/ceip-antonigaudi-cornella\/wp-json\/wp\/v2\/pages\/11104","targetHints":{"allow":["GET"]}}],"collection":[{"href":"https:\/\/agora.xtec.cat\/ceip-antonigaudi-cornella\/wp-json\/wp\/v2\/pages"}],"about":[{"href":"https:\/\/agora.xtec.cat\/ceip-antonigaudi-cornella\/wp-json\/wp\/v2\/types\/page"}],"author":[{"embeddable":true,"href":"https:\/\/agora.xtec.cat\/ceip-antonigaudi-cornella\/wp-json\/wp\/v2\/users\/37"}],"replies":[{"embeddable":true,"href":"https:\/\/agora.xtec.cat\/ceip-antonigaudi-cornella\/wp-json\/wp\/v2\/comments?post=11104"}],"version-history":[{"count":4,"href":"https:\/\/agora.xtec.cat\/ceip-antonigaudi-cornella\/wp-json\/wp\/v2\/pages\/11104\/revisions"}],"predecessor-version":[{"id":11423,"href":"https:\/\/agora.xtec.cat\/ceip-antonigaudi-cornella\/wp-json\/wp\/v2\/pages\/11104\/revisions\/11423"}],"wp:attachment":[{"href":"https:\/\/agora.xtec.cat\/ceip-antonigaudi-cornella\/wp-json\/wp\/v2\/media?parent=11104"}],"curies":[{"name":"wp","href":"https:\/\/api.w.org\/{rel}","templated":true}]}}