{"id":26,"date":"2014-09-18T12:24:32","date_gmt":"2014-09-18T11:24:32","guid":{"rendered":"http:\/\/agora.xtec.cat\/ceip-antoni-gaudi\/?page_id=26"},"modified":"2017-12-04T13:55:04","modified_gmt":"2017-12-04T12:55:04","slug":"historia","status":"publish","type":"page","link":"https:\/\/agora.xtec.cat\/ceip-antoni-gaudi\/lescola\/historia\/","title":{"rendered":"Qui va ser?"},"content":{"rendered":"<p><strong>Antoni Gaud\u00ed<\/strong>\u00a0(Reus, 25 de juny de 1852 &#8211; Barcelona, 10 de juny de 1926) va ser un <strong>arquitecte<\/strong> catal\u00e0 que ha estat reconegut internacionalment com un dels genis m\u00e9s rellevants de la seva disciplina. Gaud\u00ed es va traslladar per realitzar els seus estudis d&#8217;arquitectura a la ciutat de Barcelona on les seves primeres obres van estar influ\u00efdes per diversos estils com el neog\u00f2tic, mud\u00e8jar, barroc, fins a arribar a l&#8217;explosi\u00f3 del <strong>modernisme<\/strong> on va aconseguir implantar un estil propi utilitzant els mosaics transformats per Gaud\u00ed en <strong>trencad\u00eds<\/strong>. Des de la infantesa Gaud\u00ed va ser un atent observador de la natura, de la qual l&#8217;atreien les formes, els colors i la geometria. Antoni fou el cinqu\u00e8 fill del matrimoni format per Francesc Gaud\u00ed i Antonia Cornet i des de petit va tenir un problema reum\u00e0tic que li va impedir portar una vida normal per la seva edat i que l&#8217;acompany\u00e0 per sempre. Aix\u00f2 li va comportar tenir un car\u00e0cter retret i reservat. Els metges li van recomanar una dieta vegetariana i que passeg\u00e9s de tant en tant, i per aquest motiu es va convertir en un vegetari\u00e0 i gran caminador. A causa de la seva malaltia no podia jugar amb els altres nens i va faltar a for\u00e7a classes, a les que hi arribava a lloms d&#8217;una burra. Aquests fets li van permetre passar moltes hores <strong>observant els animals, les plantes i les pedres<\/strong>. Va estudiar el Batxillerat al col\u00b7legi dels Escolapis de Reus, on va mostrar els seus dots de dibuixant en encarregar-se de les decoracions per les funcions teatrals escolars, tamb\u00e9 va realitzar dibuixos per la revista El Arlequ\u00edn de la que no es conserva cap exemplar. Es trasllada a Barcelona el 1870 per estudiar arquitectura a l&#8217;Escola de la Llotja i l&#8217;Escola Provincial d&#8217;Arquitectura de Barcelona. Va rebre el 1878 l&#8217;enc\u00e0rrec municipal per part de l&#8217;ajuntament de Barcelona de realitzar el disseny d&#8217;uns <strong>fanals<\/strong> de sis bra\u00e7os per la pla\u00e7a Reial. Despr\u00e9s de molts altres projectes interessants com el <strong>parc G\u00fcell<\/strong>, <strong>la Pedrera<\/strong>, <strong>la casa Batll\u00f3<\/strong> entre d&#8217;altres. Gaud\u00ed amb 31 anys es va encarregar del Temple Expiatori de la <strong>Sagrada Fam\u00edlia<\/strong>. El dia 10 de juny de 1926, Antoni Gaud\u00ed caminava per la Gran Via de les Corts Catalanes de Barcelona. Un tramvia el va atropellar i el va deixar sense sentit. Va morir el dia 10 de juny de 1926 a l&#8217;hospital de la Santa Creu. El seu f\u00e8retre va ser dut a la cripta de la Sagrada Fam\u00edlia.<\/p>\n","protected":false},"excerpt":{"rendered":"<p>Antoni Gaud\u00ed\u00a0(Reus, 25 de juny de 1852 &#8211; Barcelona, 10 de juny de 1926) va ser un arquitecte catal\u00e0 que ha estat reconegut internacionalment com un dels genis m\u00e9s rellevants de la seva disciplina. Gaud\u00ed es va traslladar per realitzar els seus estudis d&#8217;arquitectura a&hellip;  <a href=\"https:\/\/agora.xtec.cat\/ceip-antoni-gaudi\/lescola\/historia\/\" title=\"Read Qui va ser?\">Llegeix m\u00e9s\u00bb<\/a><\/p>\n","protected":false},"author":1,"featured_media":0,"parent":22,"menu_order":20,"comment_status":"closed","ping_status":"closed","template":"page-templates\/side-menu.php","meta":{"_bbp_topic_count":0,"_bbp_reply_count":0,"_bbp_total_topic_count":0,"_bbp_total_reply_count":0,"_bbp_voice_count":0,"_bbp_anonymous_reply_count":0,"_bbp_topic_count_hidden":0,"_bbp_reply_count_hidden":0,"_bbp_forum_subforum_count":0,"footnotes":""},"class_list":["post-26","page","type-page","status-publish","hentry"],"post_mailing_queue_ids":[],"_links":{"self":[{"href":"https:\/\/agora.xtec.cat\/ceip-antoni-gaudi\/wp-json\/wp\/v2\/pages\/26","targetHints":{"allow":["GET"]}}],"collection":[{"href":"https:\/\/agora.xtec.cat\/ceip-antoni-gaudi\/wp-json\/wp\/v2\/pages"}],"about":[{"href":"https:\/\/agora.xtec.cat\/ceip-antoni-gaudi\/wp-json\/wp\/v2\/types\/page"}],"author":[{"embeddable":true,"href":"https:\/\/agora.xtec.cat\/ceip-antoni-gaudi\/wp-json\/wp\/v2\/users\/1"}],"replies":[{"embeddable":true,"href":"https:\/\/agora.xtec.cat\/ceip-antoni-gaudi\/wp-json\/wp\/v2\/comments?post=26"}],"version-history":[{"count":3,"href":"https:\/\/agora.xtec.cat\/ceip-antoni-gaudi\/wp-json\/wp\/v2\/pages\/26\/revisions"}],"predecessor-version":[{"id":251,"href":"https:\/\/agora.xtec.cat\/ceip-antoni-gaudi\/wp-json\/wp\/v2\/pages\/26\/revisions\/251"}],"up":[{"embeddable":true,"href":"https:\/\/agora.xtec.cat\/ceip-antoni-gaudi\/wp-json\/wp\/v2\/pages\/22"}],"wp:attachment":[{"href":"https:\/\/agora.xtec.cat\/ceip-antoni-gaudi\/wp-json\/wp\/v2\/media?parent=26"}],"curies":[{"name":"wp","href":"https:\/\/api.w.org\/{rel}","templated":true}]}}