{"id":8301,"date":"2026-01-09T15:35:20","date_gmt":"2026-01-09T14:35:20","guid":{"rendered":"https:\/\/agora.xtec.cat\/ceip-annexa-jp\/?page_id=8301"},"modified":"2026-01-26T22:49:34","modified_gmt":"2026-01-26T21:49:34","slug":"transparencia","status":"publish","type":"page","link":"https:\/\/agora.xtec.cat\/ceip-annexa-jp\/lescola\/transparencia\/","title":{"rendered":"Transpar\u00e8ncia"},"content":{"rendered":"<p>En aquest apartat es poden consultar els diferents aspectes relacionats amb la gesti\u00f3 econ\u00f2mica del centre:<br \/>\n&#8211; <a href=\"https:\/\/drive.google.com\/file\/d\/1a7qrLy8xfmhKeDNK-VGllcv5V-KzlmRz\/view?usp=sharing\">Tancament econ\u00f2mic de l&#8217;any 2025<\/a>, en qu\u00e8 hi consten els ingressos i despeses per partides i les subvencions i ajuts rebuts durant aquest any, aix\u00ed com l&#8217;estat dels comptes (banc, tarja i efectiu) a data 31 de desembre de 2025.<br \/>\n&#8211; <a href=\"https:\/\/drive.google.com\/file\/d\/1yhT3RYQESbK-C61K3jm2PJOWDKQMm_KD\/view?usp=sharing\">Tancament econ\u00f2mic del curs 2024-2025<\/a>, en qu\u00e8 hi consten els ingressos i despeses per partides i les subvencions i ajuts rebuts referents a aquest curs.<br \/>\n&#8211; <a href=\"https:\/\/drive.google.com\/file\/d\/15irSW3DAVt2Z0ZREsCmhk0nlnCxR17WZ\/view?usp=sharing\">Pressupost inicial estimat per al 2026<\/a>, aprovat en sessi\u00f3 de Consell Escolar del 26 de gener de 2026. Cal tenir en compte que aquest pressupost \u00e9s orientatiu i que la majoria de subvencions que hi consten a inici d&#8217;any han de ser pressupostades a 0 perqu\u00e8 encara no estan confirmades ni aprovades.<\/p>\n","protected":false},"excerpt":{"rendered":"<p>En aquest apartat es poden consultar els diferents aspectes relacionats amb la gesti\u00f3 econ\u00f2mica del centre: &#8211; Tancament econ\u00f2mic de [&hellip;]<\/p>\n","protected":false},"author":1,"featured_media":0,"parent":22,"menu_order":0,"comment_status":"closed","ping_status":"closed","template":"","meta":{"_bbp_topic_count":0,"_bbp_reply_count":0,"_bbp_total_topic_count":0,"_bbp_total_reply_count":0,"_bbp_voice_count":0,"_bbp_anonymous_reply_count":0,"_bbp_topic_count_hidden":0,"_bbp_reply_count_hidden":0,"_bbp_forum_subforum_count":0,"site-sidebar-layout":"default","site-content-layout":"","ast-site-content-layout":"default","site-content-style":"default","site-sidebar-style":"default","ast-global-header-display":"","ast-banner-title-visibility":"","ast-main-header-display":"","ast-hfb-above-header-display":"","ast-hfb-below-header-display":"","ast-hfb-mobile-header-display":"","site-post-title":"","ast-breadcrumbs-content":"","ast-featured-img":"","footer-sml-layout":"","theme-transparent-header-meta":"","adv-header-id-meta":"","stick-header-meta":"","header-above-stick-meta":"","header-main-stick-meta":"","header-below-stick-meta":"","astra-migrate-meta-layouts":"set","ast-page-background-enabled":"default","ast-page-background-meta":{"desktop":{"background-color":"var(--ast-global-color-4)","background-image":"","background-repeat":"repeat","background-position":"center center","background-size":"auto","background-attachment":"scroll","background-type":"","background-media":"","overlay-type":"","overlay-color":"","overlay-opacity":"","overlay-gradient":""},"tablet":{"background-color":"","background-image":"","background-repeat":"repeat","background-position":"center center","background-size":"auto","background-attachment":"scroll","background-type":"","background-media":"","overlay-type":"","overlay-color":"","overlay-opacity":"","overlay-gradient":""},"mobile":{"background-color":"","background-image":"","background-repeat":"repeat","background-position":"center center","background-size":"auto","background-attachment":"scroll","background-type":"","background-media":"","overlay-type":"","overlay-color":"","overlay-opacity":"","overlay-gradient":""}},"ast-content-background-meta":{"desktop":{"background-color":"var(--ast-global-color-5)","background-image":"","background-repeat":"repeat","background-position":"center center","background-size":"auto","background-attachment":"scroll","background-type":"","background-media":"","overlay-type":"","overlay-color":"","overlay-opacity":"","overlay-gradient":""},"tablet":{"background-color":"var(--ast-global-color-5)","background-image":"","background-repeat":"repeat","background-position":"center center","background-size":"auto","background-attachment":"scroll","background-type":"","background-media":"","overlay-type":"","overlay-color":"","overlay-opacity":"","overlay-gradient":""},"mobile":{"background-color":"var(--ast-global-color-5)","background-image":"","background-repeat":"repeat","background-position":"center center","background-size":"auto","background-attachment":"scroll","background-type":"","background-media":"","overlay-type":"","overlay-color":"","overlay-opacity":"","overlay-gradient":""}},"footnotes":""},"class_list":["post-8301","page","type-page","status-publish","hentry"],"post_mailing_queue_ids":[],"_links":{"self":[{"href":"https:\/\/agora.xtec.cat\/ceip-annexa-jp\/wp-json\/wp\/v2\/pages\/8301","targetHints":{"allow":["GET"]}}],"collection":[{"href":"https:\/\/agora.xtec.cat\/ceip-annexa-jp\/wp-json\/wp\/v2\/pages"}],"about":[{"href":"https:\/\/agora.xtec.cat\/ceip-annexa-jp\/wp-json\/wp\/v2\/types\/page"}],"author":[{"embeddable":true,"href":"https:\/\/agora.xtec.cat\/ceip-annexa-jp\/wp-json\/wp\/v2\/users\/1"}],"replies":[{"embeddable":true,"href":"https:\/\/agora.xtec.cat\/ceip-annexa-jp\/wp-json\/wp\/v2\/comments?post=8301"}],"version-history":[{"count":6,"href":"https:\/\/agora.xtec.cat\/ceip-annexa-jp\/wp-json\/wp\/v2\/pages\/8301\/revisions"}],"predecessor-version":[{"id":8410,"href":"https:\/\/agora.xtec.cat\/ceip-annexa-jp\/wp-json\/wp\/v2\/pages\/8301\/revisions\/8410"}],"up":[{"embeddable":true,"href":"https:\/\/agora.xtec.cat\/ceip-annexa-jp\/wp-json\/wp\/v2\/pages\/22"}],"wp:attachment":[{"href":"https:\/\/agora.xtec.cat\/ceip-annexa-jp\/wp-json\/wp\/v2\/media?parent=8301"}],"curies":[{"name":"wp","href":"https:\/\/api.w.org\/{rel}","templated":true}]}}