{"id":7142,"date":"2025-03-24T13:01:09","date_gmt":"2025-03-24T12:01:09","guid":{"rendered":"https:\/\/agora.xtec.cat\/ceip-annexa-jp\/?page_id=7142"},"modified":"2026-03-23T14:13:43","modified_gmt":"2026-03-23T13:13:43","slug":"ii-concurs-literari-clara-sales","status":"publish","type":"page","link":"https:\/\/agora.xtec.cat\/ceip-annexa-jp\/ii-concurs-literari-clara-sales\/","title":{"rendered":"II Concurs Literari Clara Sales"},"content":{"rendered":"\n<div class=\"wp-block-columns is-layout-flex wp-container-core-columns-is-layout-1 wp-block-columns-is-layout-flex\">\n<div class=\"wp-block-column is-layout-flow wp-block-column-is-layout-flow\">\n<div data-wp-interactive=\"core\/file\" class=\"wp-block-file\"><object data-wp-bind--hidden=\"!state.hasPdfPreview\" hidden class=\"wp-block-file__embed\" data=\"https:\/\/agora.xtec.cat\/ceip-annexa-jp\/wp-content\/uploads\/usu1641\/2025\/03\/EL-LLEO-I-LA-NENA-Petons-i-pessigolles.pdf\" type=\"application\/pdf\" style=\"width:100%;height:600px\" aria-label=\"Incrustaci\u00f3 del fitxer 1r Premi: Classe dels Grangers (EI) El lle\u00f3 i la nena.\"><\/object><a id=\"wp-block-file--media-662d8c67-1cfe-4df5-9fb2-682250bb807f\" href=\"https:\/\/agora.xtec.cat\/ceip-annexa-jp\/wp-content\/uploads\/usu1641\/2025\/03\/EL-LLEO-I-LA-NENA-Petons-i-pessigolles.pdf\">1r Premi: Classe dels Grangers (EI) El lle\u00f3 i la nena<\/a><a href=\"https:\/\/agora.xtec.cat\/ceip-annexa-jp\/wp-content\/uploads\/usu1641\/2025\/03\/EL-LLEO-I-LA-NENA-Petons-i-pessigolles.pdf\" class=\"wp-block-file__button wp-element-button\" download aria-describedby=\"wp-block-file--media-662d8c67-1cfe-4df5-9fb2-682250bb807f\">Baixa<\/a><\/div>\n<\/div>\n\n\n\n<div class=\"wp-block-column is-layout-flow wp-block-column-is-layout-flow\">\n<figure class=\"wp-block-image size-large\"><a href=\"https:\/\/agora.xtec.cat\/ceip-annexa-jp\/wp-content\/uploads\/usu1641\/2022\/03\/CLARA-scaled.jpeg\"><img loading=\"lazy\" decoding=\"async\" width=\"1024\" height=\"748\" src=\"https:\/\/agora.xtec.cat\/ceip-annexa-jp\/wp-content\/uploads\/usu1641\/2022\/03\/CLARA-1024x748.jpeg\" alt=\"\" class=\"wp-image-2838\" srcset=\"https:\/\/agora.xtec.cat\/ceip-annexa-jp\/wp-content\/uploads\/usu1641\/2022\/03\/CLARA-1024x748.jpeg 1024w, https:\/\/agora.xtec.cat\/ceip-annexa-jp\/wp-content\/uploads\/usu1641\/2022\/03\/CLARA-300x219.jpeg 300w, https:\/\/agora.xtec.cat\/ceip-annexa-jp\/wp-content\/uploads\/usu1641\/2022\/03\/CLARA-768x561.jpeg 768w, https:\/\/agora.xtec.cat\/ceip-annexa-jp\/wp-content\/uploads\/usu1641\/2022\/03\/CLARA-1536x1122.jpeg 1536w, https:\/\/agora.xtec.cat\/ceip-annexa-jp\/wp-content\/uploads\/usu1641\/2022\/03\/CLARA-2048x1495.jpeg 2048w\" sizes=\"auto, (max-width: 1024px) 100vw, 1024px\" \/><\/a><\/figure>\n\n\n\n<div class=\"wp-block-file\"><a id=\"wp-block-file--media-68dfe828-c07b-40c8-b30d-100fb7816893\" href=\"https:\/\/agora.xtec.cat\/ceip-annexa-jp\/wp-content\/uploads\/usu1641\/2022\/03\/CLARA-scaled.jpeg\">1r Premi: Queralt Fern\u00e1ndez (C1) Clara<\/a><a href=\"https:\/\/agora.xtec.cat\/ceip-annexa-jp\/wp-content\/uploads\/usu1641\/2022\/03\/CLARA-scaled.jpeg\" class=\"wp-block-file__button wp-element-button\" download aria-describedby=\"wp-block-file--media-68dfe828-c07b-40c8-b30d-100fb7816893\">Baixa<\/a><\/div>\n<\/div>\n<\/div>\n\n\n\n<div class=\"wp-block-columns is-layout-flex wp-container-core-columns-is-layout-2 wp-block-columns-is-layout-flex\">\n<div class=\"wp-block-column is-layout-flow wp-block-column-is-layout-flow\">\n<figure class=\"wp-block-image size-large\"><a href=\"https:\/\/agora.xtec.cat\/ceip-annexa-jp\/wp-content\/uploads\/usu1641\/2022\/03\/UNA-scaled.jpeg\"><img loading=\"lazy\" decoding=\"async\" width=\"1024\" height=\"789\" src=\"https:\/\/agora.xtec.cat\/ceip-annexa-jp\/wp-content\/uploads\/usu1641\/2022\/03\/UNA-1024x789.jpeg\" alt=\"\" class=\"wp-image-2839\" srcset=\"https:\/\/agora.xtec.cat\/ceip-annexa-jp\/wp-content\/uploads\/usu1641\/2022\/03\/UNA-1024x789.jpeg 1024w, https:\/\/agora.xtec.cat\/ceip-annexa-jp\/wp-content\/uploads\/usu1641\/2022\/03\/UNA-300x231.jpeg 300w, https:\/\/agora.xtec.cat\/ceip-annexa-jp\/wp-content\/uploads\/usu1641\/2022\/03\/UNA-768x592.jpeg 768w, https:\/\/agora.xtec.cat\/ceip-annexa-jp\/wp-content\/uploads\/usu1641\/2022\/03\/UNA-1536x1184.jpeg 1536w, https:\/\/agora.xtec.cat\/ceip-annexa-jp\/wp-content\/uploads\/usu1641\/2022\/03\/UNA-2048x1579.jpeg 2048w\" sizes=\"auto, (max-width: 1024px) 100vw, 1024px\" \/><\/a><\/figure>\n\n\n\n<div class=\"wp-block-file\"><a id=\"wp-block-file--media-6f484757-e5be-4eac-9045-be07da44f4f2\" href=\"https:\/\/agora.xtec.cat\/ceip-annexa-jp\/wp-content\/uploads\/usu1641\/2022\/03\/UNA-scaled.jpeg\">2n Premi: Jan Frigola (C1) Una <\/a><a href=\"https:\/\/agora.xtec.cat\/ceip-annexa-jp\/wp-content\/uploads\/usu1641\/2022\/03\/UNA-scaled.jpeg\" class=\"wp-block-file__button wp-element-button\" download aria-describedby=\"wp-block-file--media-6f484757-e5be-4eac-9045-be07da44f4f2\">Baixa<\/a><\/div>\n<\/div>\n\n\n\n<div class=\"wp-block-column is-layout-flow wp-block-column-is-layout-flow\">\n<figure class=\"wp-block-image size-large\"><a href=\"https:\/\/agora.xtec.cat\/ceip-annexa-jp\/wp-content\/uploads\/usu1641\/2026\/03\/PANTERA-ROSA-1-scaled.jpeg\"><img loading=\"lazy\" decoding=\"async\" width=\"1024\" height=\"697\" src=\"https:\/\/agora.xtec.cat\/ceip-annexa-jp\/wp-content\/uploads\/usu1641\/2026\/03\/PANTERA-ROSA-1-1024x697.jpeg\" alt=\"\" class=\"wp-image-9078\" srcset=\"https:\/\/agora.xtec.cat\/ceip-annexa-jp\/wp-content\/uploads\/usu1641\/2026\/03\/PANTERA-ROSA-1-1024x697.jpeg 1024w, https:\/\/agora.xtec.cat\/ceip-annexa-jp\/wp-content\/uploads\/usu1641\/2026\/03\/PANTERA-ROSA-1-300x204.jpeg 300w, https:\/\/agora.xtec.cat\/ceip-annexa-jp\/wp-content\/uploads\/usu1641\/2026\/03\/PANTERA-ROSA-1-768x523.jpeg 768w, https:\/\/agora.xtec.cat\/ceip-annexa-jp\/wp-content\/uploads\/usu1641\/2026\/03\/PANTERA-ROSA-1-1536x1046.jpeg 1536w, https:\/\/agora.xtec.cat\/ceip-annexa-jp\/wp-content\/uploads\/usu1641\/2026\/03\/PANTERA-ROSA-1-2048x1394.jpeg 2048w\" sizes=\"auto, (max-width: 1024px) 100vw, 1024px\" \/><\/a><\/figure>\n\n\n\n<div class=\"wp-block-file\"><a id=\"wp-block-file--media-d9743249-c1a2-4db9-8575-513c92135187\" href=\"https:\/\/agora.xtec.cat\/ceip-annexa-jp\/wp-content\/uploads\/usu1641\/2026\/03\/PANTERA-ROSA-scaled.jpeg\">3r Premi: Coral\u00ed Sal\u00f3 (C1) Pantera ROSA<\/a><a href=\"https:\/\/agora.xtec.cat\/ceip-annexa-jp\/wp-content\/uploads\/usu1641\/2026\/03\/PANTERA-ROSA-scaled.jpeg\" class=\"wp-block-file__button wp-element-button\" download aria-describedby=\"wp-block-file--media-d9743249-c1a2-4db9-8575-513c92135187\">Baixa<\/a><\/div>\n<\/div>\n<\/div>\n\n\n\n<div class=\"wp-block-columns is-layout-flex wp-container-core-columns-is-layout-3 wp-block-columns-is-layout-flex\">\n<div class=\"wp-block-column is-layout-flow wp-block-column-is-layout-flow\">\n<figure class=\"wp-block-image size-large\"><a href=\"https:\/\/agora.xtec.cat\/ceip-annexa-jp\/wp-content\/uploads\/usu1641\/2026\/03\/1-Pepitu-Arnau-Julia-Bronsoms.jpg\"><img loading=\"lazy\" decoding=\"async\" width=\"1024\" height=\"725\" src=\"https:\/\/agora.xtec.cat\/ceip-annexa-jp\/wp-content\/uploads\/usu1641\/2026\/03\/1-Pepitu-Arnau-Julia-Bronsoms-1024x725.jpg\" alt=\"\" class=\"wp-image-9081\" srcset=\"https:\/\/agora.xtec.cat\/ceip-annexa-jp\/wp-content\/uploads\/usu1641\/2026\/03\/1-Pepitu-Arnau-Julia-Bronsoms-1024x725.jpg 1024w, https:\/\/agora.xtec.cat\/ceip-annexa-jp\/wp-content\/uploads\/usu1641\/2026\/03\/1-Pepitu-Arnau-Julia-Bronsoms-300x212.jpg 300w, https:\/\/agora.xtec.cat\/ceip-annexa-jp\/wp-content\/uploads\/usu1641\/2026\/03\/1-Pepitu-Arnau-Julia-Bronsoms-768x543.jpg 768w, https:\/\/agora.xtec.cat\/ceip-annexa-jp\/wp-content\/uploads\/usu1641\/2026\/03\/1-Pepitu-Arnau-Julia-Bronsoms-1536x1087.jpg 1536w, https:\/\/agora.xtec.cat\/ceip-annexa-jp\/wp-content\/uploads\/usu1641\/2026\/03\/1-Pepitu-Arnau-Julia-Bronsoms.jpg 1754w\" sizes=\"auto, (max-width: 1024px) 100vw, 1024px\" \/><\/a><\/figure>\n\n\n\n<div class=\"wp-block-file\"><a id=\"wp-block-file--media-a6c0c5ba-5840-4e18-bd25-8d3b3047480a\" href=\"https:\/\/agora.xtec.cat\/ceip-annexa-jp\/wp-content\/uploads\/usu1641\/2026\/03\/1-Pepitu-Arnau-Julia-Bronsoms-1.jpg\">1r Premi: Arnau Juli\u00e0 (C2) Pepitu<\/a><a href=\"https:\/\/agora.xtec.cat\/ceip-annexa-jp\/wp-content\/uploads\/usu1641\/2026\/03\/1-Pepitu-Arnau-Julia-Bronsoms-1.jpg\" class=\"wp-block-file__button wp-element-button\" download aria-describedby=\"wp-block-file--media-a6c0c5ba-5840-4e18-bd25-8d3b3047480a\">Baixa<\/a><\/div>\n<\/div>\n\n\n\n<div class=\"wp-block-column is-layout-flow wp-block-column-is-layout-flow\">\n<figure class=\"wp-block-image size-large\"><a href=\"https:\/\/agora.xtec.cat\/ceip-annexa-jp\/wp-content\/uploads\/usu1641\/2026\/03\/2-Linx-Cloe-Vinals-Lopez.jpg\"><img loading=\"lazy\" decoding=\"async\" width=\"1024\" height=\"725\" src=\"https:\/\/agora.xtec.cat\/ceip-annexa-jp\/wp-content\/uploads\/usu1641\/2026\/03\/2-Linx-Cloe-Vinals-Lopez-1024x725.jpg\" alt=\"\" class=\"wp-image-9082\" srcset=\"https:\/\/agora.xtec.cat\/ceip-annexa-jp\/wp-content\/uploads\/usu1641\/2026\/03\/2-Linx-Cloe-Vinals-Lopez-1024x725.jpg 1024w, https:\/\/agora.xtec.cat\/ceip-annexa-jp\/wp-content\/uploads\/usu1641\/2026\/03\/2-Linx-Cloe-Vinals-Lopez-300x212.jpg 300w, https:\/\/agora.xtec.cat\/ceip-annexa-jp\/wp-content\/uploads\/usu1641\/2026\/03\/2-Linx-Cloe-Vinals-Lopez-768x543.jpg 768w, https:\/\/agora.xtec.cat\/ceip-annexa-jp\/wp-content\/uploads\/usu1641\/2026\/03\/2-Linx-Cloe-Vinals-Lopez-1536x1087.jpg 1536w, https:\/\/agora.xtec.cat\/ceip-annexa-jp\/wp-content\/uploads\/usu1641\/2026\/03\/2-Linx-Cloe-Vinals-Lopez.jpg 1754w\" sizes=\"auto, (max-width: 1024px) 100vw, 1024px\" \/><\/a><\/figure>\n\n\n\n<div class=\"wp-block-file\"><a id=\"wp-block-file--media-8616146c-42c0-4fc8-bf76-f9910454b22b\" href=\"https:\/\/agora.xtec.cat\/ceip-annexa-jp\/wp-content\/uploads\/usu1641\/2026\/03\/2-Linx-Cloe-Vinals-Lopez-1.jpg\">2n Premi: Cloe Vi\u00f1als (C2) Linx<\/a><a href=\"https:\/\/agora.xtec.cat\/ceip-annexa-jp\/wp-content\/uploads\/usu1641\/2026\/03\/2-Linx-Cloe-Vinals-Lopez-1.jpg\" class=\"wp-block-file__button wp-element-button\" download aria-describedby=\"wp-block-file--media-8616146c-42c0-4fc8-bf76-f9910454b22b\">Baixa<\/a><\/div>\n<\/div>\n<\/div>\n\n\n\n<div class=\"wp-block-columns is-layout-flex wp-container-core-columns-is-layout-4 wp-block-columns-is-layout-flex\">\n<div class=\"wp-block-column is-layout-flow wp-block-column-is-layout-flow\">\n<figure class=\"wp-block-image size-large\"><a href=\"https:\/\/agora.xtec.cat\/ceip-annexa-jp\/wp-content\/uploads\/usu1641\/2026\/03\/3-sofi-Anabella-Sofia-Garcia-Quiroz.jpg\"><img loading=\"lazy\" decoding=\"async\" width=\"1024\" height=\"725\" src=\"https:\/\/agora.xtec.cat\/ceip-annexa-jp\/wp-content\/uploads\/usu1641\/2026\/03\/3-sofi-Anabella-Sofia-Garcia-Quiroz-1024x725.jpg\" alt=\"\" class=\"wp-image-9083\" srcset=\"https:\/\/agora.xtec.cat\/ceip-annexa-jp\/wp-content\/uploads\/usu1641\/2026\/03\/3-sofi-Anabella-Sofia-Garcia-Quiroz-1024x725.jpg 1024w, https:\/\/agora.xtec.cat\/ceip-annexa-jp\/wp-content\/uploads\/usu1641\/2026\/03\/3-sofi-Anabella-Sofia-Garcia-Quiroz-300x212.jpg 300w, https:\/\/agora.xtec.cat\/ceip-annexa-jp\/wp-content\/uploads\/usu1641\/2026\/03\/3-sofi-Anabella-Sofia-Garcia-Quiroz-768x543.jpg 768w, https:\/\/agora.xtec.cat\/ceip-annexa-jp\/wp-content\/uploads\/usu1641\/2026\/03\/3-sofi-Anabella-Sofia-Garcia-Quiroz-1536x1087.jpg 1536w, https:\/\/agora.xtec.cat\/ceip-annexa-jp\/wp-content\/uploads\/usu1641\/2026\/03\/3-sofi-Anabella-Sofia-Garcia-Quiroz.jpg 1754w\" sizes=\"auto, (max-width: 1024px) 100vw, 1024px\" \/><\/a><\/figure>\n\n\n\n<div class=\"wp-block-file\"><a id=\"wp-block-file--media-f45d7af9-4b1d-4e9c-a7bb-450886429bba\" href=\"https:\/\/agora.xtec.cat\/ceip-annexa-jp\/wp-content\/uploads\/usu1641\/2026\/03\/3-sofi-Anabella-Sofia-Garcia-Quiroz-1.jpg\">3r Premi: Anabella Sof\u00eda Garc\u00eda (C2) Sofi<\/a><a href=\"https:\/\/agora.xtec.cat\/ceip-annexa-jp\/wp-content\/uploads\/usu1641\/2026\/03\/3-sofi-Anabella-Sofia-Garcia-Quiroz-1.jpg\" class=\"wp-block-file__button wp-element-button\" download aria-describedby=\"wp-block-file--media-f45d7af9-4b1d-4e9c-a7bb-450886429bba\">Baixa<\/a><\/div>\n<\/div>\n\n\n\n<div class=\"wp-block-column is-layout-flow wp-block-column-is-layout-flow\">\n<div data-wp-interactive=\"core\/file\" class=\"wp-block-file\"><object data-wp-bind--hidden=\"!state.hasPdfPreview\" hidden class=\"wp-block-file__embed\" data=\"https:\/\/agora.xtec.cat\/ceip-annexa-jp\/wp-content\/uploads\/usu1641\/2026\/03\/Un-conte-per-escriure.pdf\" type=\"application\/pdf\" style=\"width:100%;height:600px\" aria-label=\"Incrustaci\u00f3 del fitxer 1r Premi: Mart\u00ed Barba (C3) Leonard.\"><\/object><a id=\"wp-block-file--media-34ee4de5-2927-45a8-a092-d337cb069e67\" href=\"https:\/\/agora.xtec.cat\/ceip-annexa-jp\/wp-content\/uploads\/usu1641\/2026\/03\/Un-conte-per-escriure.pdf\">1r Premi: Mart\u00ed Barba (C3) Leonard<\/a><a href=\"https:\/\/agora.xtec.cat\/ceip-annexa-jp\/wp-content\/uploads\/usu1641\/2026\/03\/Un-conte-per-escriure.pdf\" class=\"wp-block-file__button wp-element-button\" download aria-describedby=\"wp-block-file--media-34ee4de5-2927-45a8-a092-d337cb069e67\">Baixa<\/a><\/div>\n<\/div>\n<\/div>\n\n\n\n<div class=\"wp-block-columns is-layout-flex wp-container-core-columns-is-layout-5 wp-block-columns-is-layout-flex\">\n<div class=\"wp-block-column is-layout-flow wp-block-column-is-layout-flow\">\n<div data-wp-interactive=\"core\/file\" class=\"wp-block-file\"><object data-wp-bind--hidden=\"!state.hasPdfPreview\" hidden class=\"wp-block-file__embed\" data=\"https:\/\/agora.xtec.cat\/ceip-annexa-jp\/wp-content\/uploads\/usu1641\/2026\/03\/Els-dolents-tambe-ajuden.pdf\" type=\"application\/pdf\" style=\"width:100%;height:600px\" aria-label=\"Incrustaci\u00f3 del fitxer 2n Premi: Tess Mc Donnel (C3) Quaresmota.\"><\/object><a id=\"wp-block-file--media-f80fa2ce-56c2-4269-ba9b-35641906ddb5\" href=\"https:\/\/agora.xtec.cat\/ceip-annexa-jp\/wp-content\/uploads\/usu1641\/2026\/03\/Els-dolents-tambe-ajuden.pdf\">2n Premi: Tess Mc Donnel (C3) Quaresmota<\/a><a href=\"https:\/\/agora.xtec.cat\/ceip-annexa-jp\/wp-content\/uploads\/usu1641\/2026\/03\/Els-dolents-tambe-ajuden.pdf\" class=\"wp-block-file__button wp-element-button\" download aria-describedby=\"wp-block-file--media-f80fa2ce-56c2-4269-ba9b-35641906ddb5\">Baixa<\/a><\/div>\n<\/div>\n\n\n\n<div class=\"wp-block-column is-layout-flow wp-block-column-is-layout-flow\">\n<div data-wp-interactive=\"core\/file\" class=\"wp-block-file\"><object data-wp-bind--hidden=\"!state.hasPdfPreview\" hidden class=\"wp-block-file__embed\" data=\"https:\/\/agora.xtec.cat\/ceip-annexa-jp\/wp-content\/uploads\/usu1641\/2026\/03\/Les-notes-de-colors.pdf\" type=\"application\/pdf\" style=\"width:100%;height:600px\" aria-label=\"Incrustaci\u00f3 del fitxer 3r Premi: Gerard Puig (C3) GXZ.\"><\/object><a id=\"wp-block-file--media-1bed5726-dbf3-4aa1-ae21-7cf9c71f5f9b\" href=\"https:\/\/agora.xtec.cat\/ceip-annexa-jp\/wp-content\/uploads\/usu1641\/2026\/03\/Les-notes-de-colors.pdf\">3r Premi: Gerard Puig (C3) GXZ<\/a><a href=\"https:\/\/agora.xtec.cat\/ceip-annexa-jp\/wp-content\/uploads\/usu1641\/2026\/03\/Les-notes-de-colors.pdf\" class=\"wp-block-file__button wp-element-button\" download aria-describedby=\"wp-block-file--media-1bed5726-dbf3-4aa1-ae21-7cf9c71f5f9b\">Baixa<\/a><\/div>\n<\/div>\n<\/div>\n\n\n\n<div class=\"wp-block-columns is-layout-flex wp-container-core-columns-is-layout-6 wp-block-columns-is-layout-flex\">\n<div class=\"wp-block-column is-layout-flow wp-block-column-is-layout-flow\">\n<div data-wp-interactive=\"core\/file\" class=\"wp-block-file\"><object data-wp-bind--hidden=\"!state.hasPdfPreview\" hidden class=\"wp-block-file__embed\" data=\"https:\/\/agora.xtec.cat\/ceip-annexa-jp\/wp-content\/uploads\/usu1641\/2026\/03\/El-meu-diari.pdf\" type=\"application\/pdf\" style=\"width:100%;height:600px\" aria-label=\"Incrustaci\u00f3 del fitxer 1r Premi: Biel Pav\u00f3n (6\u00e8) Bielix.\"><\/object><a id=\"wp-block-file--media-8a8618d7-e486-4fa7-b293-f2dff0813aed\" href=\"https:\/\/agora.xtec.cat\/ceip-annexa-jp\/wp-content\/uploads\/usu1641\/2026\/03\/El-meu-diari.pdf\">1r Premi: Biel Pav\u00f3n (6\u00e8) Bielix<\/a><a href=\"https:\/\/agora.xtec.cat\/ceip-annexa-jp\/wp-content\/uploads\/usu1641\/2026\/03\/El-meu-diari.pdf\" class=\"wp-block-file__button wp-element-button\" download aria-describedby=\"wp-block-file--media-8a8618d7-e486-4fa7-b293-f2dff0813aed\">Baixa<\/a><\/div>\n<\/div>\n\n\n\n<div class=\"wp-block-column is-layout-flow wp-block-column-is-layout-flow\">\n<div data-wp-interactive=\"core\/file\" class=\"wp-block-file\"><object data-wp-bind--hidden=\"!state.hasPdfPreview\" hidden class=\"wp-block-file__embed\" data=\"https:\/\/agora.xtec.cat\/ceip-annexa-jp\/wp-content\/uploads\/usu1641\/2026\/03\/Passi-el-que-passi.pdf\" type=\"application\/pdf\" style=\"width:100%;height:600px\" aria-label=\"Incrustaci\u00f3 del fitxer 2n Premi: Julia Par\u00e9s (6\u00e8) Nekoma .\"><\/object><a id=\"wp-block-file--media-f40b0a1a-62fb-4093-885c-6f3acf76baeb\" href=\"https:\/\/agora.xtec.cat\/ceip-annexa-jp\/wp-content\/uploads\/usu1641\/2026\/03\/Passi-el-que-passi.pdf\">2n Premi: Julia Par\u00e9s (6\u00e8) Nekoma <\/a><a href=\"https:\/\/agora.xtec.cat\/ceip-annexa-jp\/wp-content\/uploads\/usu1641\/2026\/03\/Passi-el-que-passi.pdf\" class=\"wp-block-file__button wp-element-button\" download aria-describedby=\"wp-block-file--media-f40b0a1a-62fb-4093-885c-6f3acf76baeb\">Baixa<\/a><\/div>\n<\/div>\n<\/div>\n\n\n\n<div class=\"wp-block-columns is-layout-flex wp-container-core-columns-is-layout-7 wp-block-columns-is-layout-flex\">\n<div class=\"wp-block-column is-layout-flow wp-block-column-is-layout-flow\">\n<div data-wp-interactive=\"core\/file\" class=\"wp-block-file\"><object data-wp-bind--hidden=\"!state.hasPdfPreview\" hidden class=\"wp-block-file__embed\" data=\"https:\/\/agora.xtec.cat\/ceip-annexa-jp\/wp-content\/uploads\/usu1641\/2026\/03\/La-historia-inexplicable-den-rovello-1.pdf\" type=\"application\/pdf\" style=\"width:100%;height:600px\" aria-label=\"Incrustaci\u00f3 del fitxer 3r Premi: Manelic Prats (6\u00e8) Rossegacadires.\"><\/object><a id=\"wp-block-file--media-19bc0f1a-82b0-4809-babf-4ff83175f344\" href=\"https:\/\/agora.xtec.cat\/ceip-annexa-jp\/wp-content\/uploads\/usu1641\/2026\/03\/La-historia-inexplicable-den-rovello-1.pdf\">3r Premi: Manelic Prats (6\u00e8) Rossegacadires<\/a><a href=\"https:\/\/agora.xtec.cat\/ceip-annexa-jp\/wp-content\/uploads\/usu1641\/2026\/03\/La-historia-inexplicable-den-rovello-1.pdf\" class=\"wp-block-file__button wp-element-button\" download aria-describedby=\"wp-block-file--media-19bc0f1a-82b0-4809-babf-4ff83175f344\">Baixa<\/a><\/div>\n<\/div>\n\n\n\n<div class=\"wp-block-column is-layout-flow wp-block-column-is-layout-flow\"><\/div>\n<\/div>\n","protected":false},"excerpt":{"rendered":"","protected":false},"author":1,"featured_media":0,"parent":0,"menu_order":0,"comment_status":"closed","ping_status":"close","template":"","meta":{"_bbp_topic_count":0,"_bbp_reply_count":0,"_bbp_total_topic_count":0,"_bbp_total_reply_count":0,"_bbp_voice_count":0,"_bbp_anonymous_reply_count":0,"_bbp_topic_count_hidden":0,"_bbp_reply_count_hidden":0,"_bbp_forum_subforum_count":0,"site-sidebar-layout":"default","site-content-layout":"","ast-site-content-layout":"default","site-content-style":"default","site-sidebar-style":"default","ast-global-header-display":"","ast-banner-title-visibility":"","ast-main-header-display":"","ast-hfb-above-header-display":"","ast-hfb-below-header-display":"","ast-hfb-mobile-header-display":"","site-post-title":"","ast-breadcrumbs-content":"","ast-featured-img":"","footer-sml-layout":"","theme-transparent-header-meta":"","adv-header-id-meta":"","stick-header-meta":"","header-above-stick-meta":"","header-main-stick-meta":"","header-below-stick-meta":"","astra-migrate-meta-layouts":"set","ast-page-background-enabled":"default","ast-page-background-meta":{"desktop":{"background-color":"var(--ast-global-color-4)","background-image":"","background-repeat":"repeat","background-position":"center center","background-size":"auto","background-attachment":"scroll","background-type":"","background-media":"","overlay-type":"","overlay-color":"","overlay-opacity":"","overlay-gradient":""},"tablet":{"background-color":"","background-image":"","background-repeat":"repeat","background-position":"center center","background-size":"auto","background-attachment":"scroll","background-type":"","background-media":"","overlay-type":"","overlay-color":"","overlay-opacity":"","overlay-gradient":""},"mobile":{"background-color":"","background-image":"","background-repeat":"repeat","background-position":"center center","background-size":"auto","background-attachment":"scroll","background-type":"","background-media":"","overlay-type":"","overlay-color":"","overlay-opacity":"","overlay-gradient":""}},"ast-content-background-meta":{"desktop":{"background-color":"var(--ast-global-color-5)","background-image":"","background-repeat":"repeat","background-position":"center center","background-size":"auto","background-attachment":"scroll","background-type":"","background-media":"","overlay-type":"","overlay-color":"","overlay-opacity":"","overlay-gradient":""},"tablet":{"background-color":"var(--ast-global-color-5)","background-image":"","background-repeat":"repeat","background-position":"center center","background-size":"auto","background-attachment":"scroll","background-type":"","background-media":"","overlay-type":"","overlay-color":"","overlay-opacity":"","overlay-gradient":""},"mobile":{"background-color":"var(--ast-global-color-5)","background-image":"","background-repeat":"repeat","background-position":"center center","background-size":"auto","background-attachment":"scroll","background-type":"","background-media":"","overlay-type":"","overlay-color":"","overlay-opacity":"","overlay-gradient":""}},"footnotes":""},"class_list":["post-7142","page","type-page","status-publish","hentry"],"post_mailing_queue_ids":[],"_links":{"self":[{"href":"https:\/\/agora.xtec.cat\/ceip-annexa-jp\/wp-json\/wp\/v2\/pages\/7142","targetHints":{"allow":["GET"]}}],"collection":[{"href":"https:\/\/agora.xtec.cat\/ceip-annexa-jp\/wp-json\/wp\/v2\/pages"}],"about":[{"href":"https:\/\/agora.xtec.cat\/ceip-annexa-jp\/wp-json\/wp\/v2\/types\/page"}],"author":[{"embeddable":true,"href":"https:\/\/agora.xtec.cat\/ceip-annexa-jp\/wp-json\/wp\/v2\/users\/1"}],"replies":[{"embeddable":true,"href":"https:\/\/agora.xtec.cat\/ceip-annexa-jp\/wp-json\/wp\/v2\/comments?post=7142"}],"version-history":[{"count":5,"href":"https:\/\/agora.xtec.cat\/ceip-annexa-jp\/wp-json\/wp\/v2\/pages\/7142\/revisions"}],"predecessor-version":[{"id":9101,"href":"https:\/\/agora.xtec.cat\/ceip-annexa-jp\/wp-json\/wp\/v2\/pages\/7142\/revisions\/9101"}],"wp:attachment":[{"href":"https:\/\/agora.xtec.cat\/ceip-annexa-jp\/wp-json\/wp\/v2\/media?parent=7142"}],"curies":[{"name":"wp","href":"https:\/\/api.w.org\/{rel}","templated":true}]}}