{"id":7138,"date":"2025-03-24T12:59:24","date_gmt":"2025-03-24T11:59:24","guid":{"rendered":"https:\/\/agora.xtec.cat\/ceip-annexa-jp\/?page_id=7138"},"modified":"2025-05-22T16:20:51","modified_gmt":"2025-05-22T14:20:51","slug":"i-concurs-literari-clara-sales","status":"publish","type":"page","link":"https:\/\/agora.xtec.cat\/ceip-annexa-jp\/i-concurs-literari-clara-sales\/","title":{"rendered":"I Concurs Literari Clara Sales"},"content":{"rendered":"\n<div class=\"wp-block-columns is-layout-flex wp-container-core-columns-is-layout-1 wp-block-columns-is-layout-flex\">\n<div class=\"wp-block-column is-layout-flow wp-block-column-is-layout-flow\">\n<div data-wp-interactive=\"core\/file\" class=\"wp-block-file\"><object data-wp-bind--hidden=\"!state.hasPdfPreview\" hidden class=\"wp-block-file__embed\" data=\"https:\/\/agora.xtec.cat\/ceip-annexa-jp\/wp-content\/uploads\/usu1641\/2025\/03\/EL-GUEPARD-QUE-VOLIA-APRENDRE-CANCONS.pdf\" type=\"application\/pdf\" style=\"width:100%;height:600px\" aria-label=\"Incrustaci\u00f3 del fitxer 1r premi: Classe Correfocs (EI) El guepard que volia aprendre can\u00e7ons.\"><\/object><a id=\"wp-block-file--media-2e68cc76-da59-4aa9-bf5c-43ba91352818\" href=\"https:\/\/agora.xtec.cat\/ceip-annexa-jp\/wp-content\/uploads\/usu1641\/2025\/03\/EL-GUEPARD-QUE-VOLIA-APRENDRE-CANCONS.pdf\">1r premi: Classe Correfocs (EI) El guepard que volia aprendre can\u00e7ons<\/a><a href=\"https:\/\/agora.xtec.cat\/ceip-annexa-jp\/wp-content\/uploads\/usu1641\/2025\/03\/EL-GUEPARD-QUE-VOLIA-APRENDRE-CANCONS.pdf\" class=\"wp-block-file__button wp-element-button\" download aria-describedby=\"wp-block-file--media-2e68cc76-da59-4aa9-bf5c-43ba91352818\">Baixa<\/a><\/div>\n<\/div>\n\n\n\n<div class=\"wp-block-column is-layout-flow wp-block-column-is-layout-flow\">\n<div data-wp-interactive=\"core\/file\" class=\"wp-block-file\"><object data-wp-bind--hidden=\"!state.hasPdfPreview\" hidden class=\"wp-block-file__embed\" data=\"https:\/\/agora.xtec.cat\/ceip-annexa-jp\/wp-content\/uploads\/usu1641\/2021\/03\/Egipte.pdf\" type=\"application\/pdf\" style=\"width:100%;height:600px\" aria-label=\"Incrustaci\u00f3 del fitxer 1r premi:  Hug Mont (C1) Egipte .\"><\/object><a id=\"wp-block-file--media-7e930aa1-a5a0-4d2f-b82c-083fb250badd\" href=\"https:\/\/agora.xtec.cat\/ceip-annexa-jp\/wp-content\/uploads\/usu1641\/2021\/03\/Egipte.pdf\">1r premi:  Hug Mont (C1) Egipte <\/a><a href=\"https:\/\/agora.xtec.cat\/ceip-annexa-jp\/wp-content\/uploads\/usu1641\/2021\/03\/Egipte.pdf\" class=\"wp-block-file__button wp-element-button\" download aria-describedby=\"wp-block-file--media-7e930aa1-a5a0-4d2f-b82c-083fb250badd\">Baixa<\/a><\/div>\n<\/div>\n<\/div>\n\n\n\n<div class=\"wp-block-columns is-layout-flex wp-container-core-columns-is-layout-2 wp-block-columns-is-layout-flex\">\n<div class=\"wp-block-column is-layout-flow wp-block-column-is-layout-flow\">\n<div data-wp-interactive=\"core\/file\" class=\"wp-block-file\"><object data-wp-bind--hidden=\"!state.hasPdfPreview\" hidden class=\"wp-block-file__embed\" data=\"https:\/\/agora.xtec.cat\/ceip-annexa-jp\/wp-content\/uploads\/usu1641\/2021\/03\/Unicorn.pdf\" type=\"application\/pdf\" style=\"width:100%;height:600px\" aria-label=\"Incrustaci\u00f3 del fitxer 2n Premi: Bruna Triad\u00fa (C1) Unicorn.\"><\/object><a id=\"wp-block-file--media-0557cb9c-af40-45d9-ac05-94cdcf59f938\" href=\"https:\/\/agora.xtec.cat\/ceip-annexa-jp\/wp-content\/uploads\/usu1641\/2021\/03\/Unicorn.pdf\">2n Premi: Bruna Triad\u00fa (C1) Unicorn<\/a><a href=\"https:\/\/agora.xtec.cat\/ceip-annexa-jp\/wp-content\/uploads\/usu1641\/2021\/03\/Unicorn.pdf\" class=\"wp-block-file__button wp-element-button\" download aria-describedby=\"wp-block-file--media-0557cb9c-af40-45d9-ac05-94cdcf59f938\">Baixa<\/a><\/div>\n<\/div>\n\n\n\n<div class=\"wp-block-column is-layout-flow wp-block-column-is-layout-flow\">\n<div data-wp-interactive=\"core\/file\" class=\"wp-block-file\"><object data-wp-bind--hidden=\"!state.hasPdfPreview\" hidden class=\"wp-block-file__embed\" data=\"https:\/\/agora.xtec.cat\/ceip-annexa-jp\/wp-content\/uploads\/usu1641\/2021\/03\/Natura.pdf\" type=\"application\/pdf\" style=\"width:100%;height:600px\" aria-label=\"Incrustaci\u00f3 del fitxer 3r Premi: Lia Igl\u00e9sies (C1) Natura.\"><\/object><a id=\"wp-block-file--media-44230fb0-cad6-4eb2-9fb4-4c89146a3bce\" href=\"https:\/\/agora.xtec.cat\/ceip-annexa-jp\/wp-content\/uploads\/usu1641\/2021\/03\/Natura.pdf\">3r Premi: Lia Igl\u00e9sies (C1) Natura<\/a><a href=\"https:\/\/agora.xtec.cat\/ceip-annexa-jp\/wp-content\/uploads\/usu1641\/2021\/03\/Natura.pdf\" class=\"wp-block-file__button wp-element-button\" download aria-describedby=\"wp-block-file--media-44230fb0-cad6-4eb2-9fb4-4c89146a3bce\">Baixa<\/a><\/div>\n<\/div>\n<\/div>\n\n\n\n<div class=\"wp-block-columns is-layout-flex wp-container-core-columns-is-layout-3 wp-block-columns-is-layout-flex\">\n<div class=\"wp-block-column is-layout-flow wp-block-column-is-layout-flow\">\n<div data-wp-interactive=\"core\/file\" class=\"wp-block-file\"><object data-wp-bind--hidden=\"!state.hasPdfPreview\" hidden class=\"wp-block-file__embed\" data=\"https:\/\/agora.xtec.cat\/ceip-annexa-jp\/wp-content\/uploads\/usu1641\/2021\/03\/ATOM.pdf\" type=\"application\/pdf\" style=\"width:100%;height:600px\" aria-label=\"Incrustaci\u00f3 del fitxer 1r Premi: Pep Mas\u00f3 (C2) Atom.\"><\/object><a id=\"wp-block-file--media-0d0f0888-d76d-4c3f-863c-c943f71578ca\" href=\"https:\/\/agora.xtec.cat\/ceip-annexa-jp\/wp-content\/uploads\/usu1641\/2021\/03\/ATOM.pdf\">1r Premi: Pep Mas\u00f3 (C2) Atom<\/a><a href=\"https:\/\/agora.xtec.cat\/ceip-annexa-jp\/wp-content\/uploads\/usu1641\/2021\/03\/ATOM.pdf\" class=\"wp-block-file__button wp-element-button\" download aria-describedby=\"wp-block-file--media-0d0f0888-d76d-4c3f-863c-c943f71578ca\">Baixa<\/a><\/div>\n<\/div>\n\n\n\n<div class=\"wp-block-column is-layout-flow wp-block-column-is-layout-flow\">\n<div data-wp-interactive=\"core\/file\" class=\"wp-block-file\"><object data-wp-bind--hidden=\"!state.hasPdfPreview\" hidden class=\"wp-block-file__embed\" data=\"https:\/\/agora.xtec.cat\/ceip-annexa-jp\/wp-content\/uploads\/usu1641\/2021\/03\/JUNA.pdf\" type=\"application\/pdf\" style=\"width:100%;height:600px\" aria-label=\"Incrustaci\u00f3 del fitxer 2n Premi: Nora Rodr\u00edguez (C2)  Juna.\"><\/object><a id=\"wp-block-file--media-0569b6ee-74f1-4b2a-8c4e-cd86c5308f48\" href=\"https:\/\/agora.xtec.cat\/ceip-annexa-jp\/wp-content\/uploads\/usu1641\/2021\/03\/JUNA.pdf\">2n Premi: Nora Rodr\u00edguez (C2)  Juna<\/a><a href=\"https:\/\/agora.xtec.cat\/ceip-annexa-jp\/wp-content\/uploads\/usu1641\/2021\/03\/JUNA.pdf\" class=\"wp-block-file__button wp-element-button\" download aria-describedby=\"wp-block-file--media-0569b6ee-74f1-4b2a-8c4e-cd86c5308f48\">Baixa<\/a><\/div>\n<\/div>\n<\/div>\n\n\n\n<div class=\"wp-block-columns is-layout-flex wp-container-core-columns-is-layout-4 wp-block-columns-is-layout-flex\">\n<div class=\"wp-block-column is-layout-flow wp-block-column-is-layout-flow\">\n<div data-wp-interactive=\"core\/file\" class=\"wp-block-file\"><object data-wp-bind--hidden=\"!state.hasPdfPreview\" hidden class=\"wp-block-file__embed\" data=\"https:\/\/agora.xtec.cat\/ceip-annexa-jp\/wp-content\/uploads\/usu1641\/2021\/03\/CAT-POTTER-MOON.pdf\" type=\"application\/pdf\" style=\"width:100%;height:600px\" aria-label=\"Incrustaci\u00f3 del fitxer 3r premi: Nausica Piferrer (Cicle 2) L&#039;ukelele.\"><\/object><a id=\"wp-block-file--media-b0a7a3d0-55e9-45c7-8faf-a0d0bb32384d\" href=\"https:\/\/agora.xtec.cat\/ceip-annexa-jp\/wp-content\/uploads\/usu1641\/2021\/03\/CAT-POTTER-MOON.pdf\">3r premi: Nausica Piferrer (Cicle 2) L&#8217;ukelele<\/a><a href=\"https:\/\/agora.xtec.cat\/ceip-annexa-jp\/wp-content\/uploads\/usu1641\/2021\/03\/CAT-POTTER-MOON.pdf\" class=\"wp-block-file__button wp-element-button\" download aria-describedby=\"wp-block-file--media-b0a7a3d0-55e9-45c7-8faf-a0d0bb32384d\">Baixa<\/a><\/div>\n<\/div>\n\n\n\n<div class=\"wp-block-column is-layout-flow wp-block-column-is-layout-flow\">\n<div data-wp-interactive=\"core\/file\" class=\"wp-block-file\"><object data-wp-bind--hidden=\"!state.hasPdfPreview\" hidden class=\"wp-block-file__embed\" data=\"https:\/\/agora.xtec.cat\/ceip-annexa-jp\/wp-content\/uploads\/usu1641\/2021\/03\/EL-SOMNI-DE-LA-M\u00daSICA.docx.pdf\" type=\"application\/pdf\" style=\"width:100%;height:600px\" aria-label=\"Incrustaci\u00f3 del fitxer 1r premi: J\u00falia Par\u00e9s (C3) El somni de la m\u00fasica.docx.\"><\/object><a id=\"wp-block-file--media-29d515b6-426f-433d-85c3-a7871bcf030b\" href=\"https:\/\/agora.xtec.cat\/ceip-annexa-jp\/wp-content\/uploads\/usu1641\/2021\/03\/EL-SOMNI-DE-LA-M\u00daSICA.docx.pdf\">1r premi: J\u00falia Par\u00e9s (C3) El somni de la m\u00fasica.docx<\/a><a href=\"https:\/\/agora.xtec.cat\/ceip-annexa-jp\/wp-content\/uploads\/usu1641\/2021\/03\/EL-SOMNI-DE-LA-M\u00daSICA.docx.pdf\" class=\"wp-block-file__button wp-element-button\" download aria-describedby=\"wp-block-file--media-29d515b6-426f-433d-85c3-a7871bcf030b\">Baixa<\/a><\/div>\n<\/div>\n<\/div>\n\n\n\n<div class=\"wp-block-columns is-layout-flex wp-container-core-columns-is-layout-5 wp-block-columns-is-layout-flex\">\n<div class=\"wp-block-column is-layout-flow wp-block-column-is-layout-flow\">\n<div data-wp-interactive=\"core\/file\" class=\"wp-block-file\"><object data-wp-bind--hidden=\"!state.hasPdfPreview\" hidden class=\"wp-block-file__embed\" data=\"https:\/\/agora.xtec.cat\/ceip-annexa-jp\/wp-content\/uploads\/usu1641\/2025\/03\/Els-contes.docx.pdf\" type=\"application\/pdf\" style=\"width:100%;height:600px\" aria-label=\"Incrustaci\u00f3 del fitxer 2n premi: Gina Ausell\u00e9 (C3) Els contes.docx.\"><\/object><a id=\"wp-block-file--media-0a7f9e31-a247-4afe-a43d-d3829e7919ca\" href=\"https:\/\/agora.xtec.cat\/ceip-annexa-jp\/wp-content\/uploads\/usu1641\/2025\/03\/Els-contes.docx.pdf\">2n premi: Gina Ausell\u00e9 (C3) Els contes.docx<\/a><a href=\"https:\/\/agora.xtec.cat\/ceip-annexa-jp\/wp-content\/uploads\/usu1641\/2025\/03\/Els-contes.docx.pdf\" class=\"wp-block-file__button wp-element-button\" download aria-describedby=\"wp-block-file--media-0a7f9e31-a247-4afe-a43d-d3829e7919ca\">Baixa<\/a><\/div>\n<\/div>\n\n\n\n<div class=\"wp-block-column is-layout-flow wp-block-column-is-layout-flow\">\n<div data-wp-interactive=\"core\/file\" class=\"wp-block-file\"><object data-wp-bind--hidden=\"!state.hasPdfPreview\" hidden class=\"wp-block-file__embed\" data=\"https:\/\/agora.xtec.cat\/ceip-annexa-jp\/wp-content\/uploads\/usu1641\/2021\/03\/EL-LLIBRE-VIATGER.docx.pdf\" type=\"application\/pdf\" style=\"width:100%;height:600px\" aria-label=\"Incrustaci\u00f3 del fitxer 3r Premi: Sarah Busquets (C3) El llibre viatger.\"><\/object><a id=\"wp-block-file--media-24e2e5a8-c6d7-421a-b9a1-062226c7018c\" href=\"https:\/\/agora.xtec.cat\/ceip-annexa-jp\/wp-content\/uploads\/usu1641\/2021\/03\/EL-LLIBRE-VIATGER.docx.pdf\">3r Premi: Sarah Busquets (C3) El llibre viatger<\/a><a href=\"https:\/\/agora.xtec.cat\/ceip-annexa-jp\/wp-content\/uploads\/usu1641\/2021\/03\/EL-LLIBRE-VIATGER.docx.pdf\" class=\"wp-block-file__button wp-element-button\" download aria-describedby=\"wp-block-file--media-24e2e5a8-c6d7-421a-b9a1-062226c7018c\">Baixa<\/a><\/div>\n<\/div>\n<\/div>\n\n\n\n<div class=\"wp-block-columns is-layout-flex wp-container-core-columns-is-layout-6 wp-block-columns-is-layout-flex\">\n<div class=\"wp-block-column is-layout-flow wp-block-column-is-layout-flow\">\n<div data-wp-interactive=\"core\/file\" class=\"wp-block-file\"><object data-wp-bind--hidden=\"!state.hasPdfPreview\" hidden class=\"wp-block-file__embed\" data=\"https:\/\/agora.xtec.cat\/ceip-annexa-jp\/wp-content\/uploads\/usu1641\/2025\/03\/LAVI-I-EL-MONSTRE-PUDENT.pdf\" type=\"application\/pdf\" style=\"width:100%;height:600px\" aria-label=\"Incrustaci\u00f3 del fitxer 1r premi:  Mariona Pou (6\u00e8) L&#039;avi i el monstre pudent.\"><\/object><a id=\"wp-block-file--media-b768165a-59db-4aa5-8066-8b515267e28a\" href=\"https:\/\/agora.xtec.cat\/ceip-annexa-jp\/wp-content\/uploads\/usu1641\/2025\/03\/LAVI-I-EL-MONSTRE-PUDENT.pdf\">1r premi:  Mariona Pou (6\u00e8) L&#8217;avi i el monstre pudent<\/a><a href=\"https:\/\/agora.xtec.cat\/ceip-annexa-jp\/wp-content\/uploads\/usu1641\/2025\/03\/LAVI-I-EL-MONSTRE-PUDENT.pdf\" class=\"wp-block-file__button wp-element-button\" download aria-describedby=\"wp-block-file--media-b768165a-59db-4aa5-8066-8b515267e28a\">Baixa<\/a><\/div>\n<\/div>\n\n\n\n<div class=\"wp-block-column is-layout-flow wp-block-column-is-layout-flow\">\n<div data-wp-interactive=\"core\/file\" class=\"wp-block-file\"><object data-wp-bind--hidden=\"!state.hasPdfPreview\" hidden class=\"wp-block-file__embed\" data=\"https:\/\/agora.xtec.cat\/ceip-annexa-jp\/wp-content\/uploads\/usu1641\/2021\/03\/LA-R\u00c0DIO-SOLUCIONA.pdf\" type=\"application\/pdf\" style=\"width:100%;height:600px\" aria-label=\"Incrustaci\u00f3 del fitxer 2n premi: Silvan Suaya (6\u00e8) La r\u00e0dio soluciona.\"><\/object><a id=\"wp-block-file--media-16ea1f24-6997-4f74-99dc-904a12835a77\" href=\"https:\/\/agora.xtec.cat\/ceip-annexa-jp\/wp-content\/uploads\/usu1641\/2021\/03\/LA-R\u00c0DIO-SOLUCIONA.pdf\">2n premi: Silvan Suaya (6\u00e8) La r\u00e0dio soluciona<\/a><a href=\"https:\/\/agora.xtec.cat\/ceip-annexa-jp\/wp-content\/uploads\/usu1641\/2021\/03\/LA-R\u00c0DIO-SOLUCIONA.pdf\" class=\"wp-block-file__button wp-element-button\" download aria-describedby=\"wp-block-file--media-16ea1f24-6997-4f74-99dc-904a12835a77\">Baixa<\/a><\/div>\n<\/div>\n<\/div>\n\n\n\n<div class=\"wp-block-columns is-layout-flex wp-container-core-columns-is-layout-7 wp-block-columns-is-layout-flex\">\n<div class=\"wp-block-column is-layout-flow wp-block-column-is-layout-flow\">\n<div data-wp-interactive=\"core\/file\" class=\"wp-block-file\"><object data-wp-bind--hidden=\"!state.hasPdfPreview\" hidden class=\"wp-block-file__embed\" data=\"https:\/\/agora.xtec.cat\/ceip-annexa-jp\/wp-content\/uploads\/usu1641\/2025\/03\/LA-BEETHOVEN-DE-LEPOCA.pdf\" type=\"application\/pdf\" style=\"width:100%;height:600px\" aria-label=\"Incrustaci\u00f3 del fitxer 3r premi Mariona Mola (6\u00e8) La Beethoven de l&#039;\u00e8poca.\"><\/object><a id=\"wp-block-file--media-05f6ca7a-2af3-4a7b-a794-7a7f36de1d06\" href=\"https:\/\/agora.xtec.cat\/ceip-annexa-jp\/wp-content\/uploads\/usu1641\/2025\/03\/LA-BEETHOVEN-DE-LEPOCA.pdf\">3r premi Mariona Mola (6\u00e8) La Beethoven de l&#8217;\u00e8poca<\/a><a href=\"https:\/\/agora.xtec.cat\/ceip-annexa-jp\/wp-content\/uploads\/usu1641\/2025\/03\/LA-BEETHOVEN-DE-LEPOCA.pdf\" class=\"wp-block-file__button wp-element-button\" download aria-describedby=\"wp-block-file--media-05f6ca7a-2af3-4a7b-a794-7a7f36de1d06\">Baixa<\/a><\/div>\n<\/div>\n\n\n\n<div class=\"wp-block-column is-layout-flow wp-block-column-is-layout-flow\"><\/div>\n<\/div>\n","protected":false},"excerpt":{"rendered":"","protected":false},"author":1,"featured_media":0,"parent":0,"menu_order":0,"comment_status":"closed","ping_status":"close","template":"","meta":{"_bbp_topic_count":0,"_bbp_reply_count":0,"_bbp_total_topic_count":0,"_bbp_total_reply_count":0,"_bbp_voice_count":0,"_bbp_anonymous_reply_count":0,"_bbp_topic_count_hidden":0,"_bbp_reply_count_hidden":0,"_bbp_forum_subforum_count":0,"site-sidebar-layout":"default","site-content-layout":"","ast-site-content-layout":"default","site-content-style":"default","site-sidebar-style":"default","ast-global-header-display":"","ast-banner-title-visibility":"","ast-main-header-display":"","ast-hfb-above-header-display":"","ast-hfb-below-header-display":"","ast-hfb-mobile-header-display":"","site-post-title":"","ast-breadcrumbs-content":"","ast-featured-img":"","footer-sml-layout":"","theme-transparent-header-meta":"","adv-header-id-meta":"","stick-header-meta":"","header-above-stick-meta":"","header-main-stick-meta":"","header-below-stick-meta":"","astra-migrate-meta-layouts":"set","ast-page-background-enabled":"default","ast-page-background-meta":{"desktop":{"background-color":"var(--ast-global-color-4)","background-image":"","background-repeat":"repeat","background-position":"center center","background-size":"auto","background-attachment":"scroll","background-type":"","background-media":"","overlay-type":"","overlay-color":"","overlay-opacity":"","overlay-gradient":""},"tablet":{"background-color":"","background-image":"","background-repeat":"repeat","background-position":"center center","background-size":"auto","background-attachment":"scroll","background-type":"","background-media":"","overlay-type":"","overlay-color":"","overlay-opacity":"","overlay-gradient":""},"mobile":{"background-color":"","background-image":"","background-repeat":"repeat","background-position":"center center","background-size":"auto","background-attachment":"scroll","background-type":"","background-media":"","overlay-type":"","overlay-color":"","overlay-opacity":"","overlay-gradient":""}},"ast-content-background-meta":{"desktop":{"background-color":"var(--ast-global-color-5)","background-image":"","background-repeat":"repeat","background-position":"center center","background-size":"auto","background-attachment":"scroll","background-type":"","background-media":"","overlay-type":"","overlay-color":"","overlay-opacity":"","overlay-gradient":""},"tablet":{"background-color":"var(--ast-global-color-5)","background-image":"","background-repeat":"repeat","background-position":"center center","background-size":"auto","background-attachment":"scroll","background-type":"","background-media":"","overlay-type":"","overlay-color":"","overlay-opacity":"","overlay-gradient":""},"mobile":{"background-color":"var(--ast-global-color-5)","background-image":"","background-repeat":"repeat","background-position":"center center","background-size":"auto","background-attachment":"scroll","background-type":"","background-media":"","overlay-type":"","overlay-color":"","overlay-opacity":"","overlay-gradient":""}},"footnotes":""},"class_list":["post-7138","page","type-page","status-publish","hentry"],"post_mailing_queue_ids":[],"_links":{"self":[{"href":"https:\/\/agora.xtec.cat\/ceip-annexa-jp\/wp-json\/wp\/v2\/pages\/7138","targetHints":{"allow":["GET"]}}],"collection":[{"href":"https:\/\/agora.xtec.cat\/ceip-annexa-jp\/wp-json\/wp\/v2\/pages"}],"about":[{"href":"https:\/\/agora.xtec.cat\/ceip-annexa-jp\/wp-json\/wp\/v2\/types\/page"}],"author":[{"embeddable":true,"href":"https:\/\/agora.xtec.cat\/ceip-annexa-jp\/wp-json\/wp\/v2\/users\/1"}],"replies":[{"embeddable":true,"href":"https:\/\/agora.xtec.cat\/ceip-annexa-jp\/wp-json\/wp\/v2\/comments?post=7138"}],"version-history":[{"count":5,"href":"https:\/\/agora.xtec.cat\/ceip-annexa-jp\/wp-json\/wp\/v2\/pages\/7138\/revisions"}],"predecessor-version":[{"id":7472,"href":"https:\/\/agora.xtec.cat\/ceip-annexa-jp\/wp-json\/wp\/v2\/pages\/7138\/revisions\/7472"}],"wp:attachment":[{"href":"https:\/\/agora.xtec.cat\/ceip-annexa-jp\/wp-json\/wp\/v2\/media?parent=7138"}],"curies":[{"name":"wp","href":"https:\/\/api.w.org\/{rel}","templated":true}]}}