{"id":6885,"date":"2025-03-06T10:21:28","date_gmt":"2025-03-06T09:21:28","guid":{"rendered":"https:\/\/agora.xtec.cat\/ceip-annexa-jp\/?page_id=6885"},"modified":"2026-03-23T14:18:19","modified_gmt":"2026-03-23T13:18:19","slug":"concurs-literari-clara-sales","status":"publish","type":"page","link":"https:\/\/agora.xtec.cat\/ceip-annexa-jp\/concurs-literari-clara-sales\/","title":{"rendered":"Concurs Literari Clara Sales"},"content":{"rendered":"\n<figure class=\"wp-block-image alignleft is-resized\"><img loading=\"lazy\" decoding=\"async\" width=\"522\" height=\"394\" src=\"https:\/\/agora.xtec.cat\/ceip-annexa-jp\/wp-content\/uploads\/usu1641\/2021\/01\/Clara-Guitarra.jpg\" alt=\"\" class=\"wp-image-1748\" style=\"width:307px;height:auto\" srcset=\"https:\/\/agora.xtec.cat\/ceip-annexa-jp\/wp-content\/uploads\/usu1641\/2021\/01\/Clara-Guitarra.jpg 522w, https:\/\/agora.xtec.cat\/ceip-annexa-jp\/wp-content\/uploads\/usu1641\/2021\/01\/Clara-Guitarra-300x226.jpg 300w, https:\/\/agora.xtec.cat\/ceip-annexa-jp\/wp-content\/uploads\/usu1641\/2021\/01\/Clara-Guitarra-200x150.jpg 200w\" sizes=\"auto, (max-width: 522px) 100vw, 522px\" \/><\/figure>\n\n\n\n<p>La <strong>Clara <\/strong>va ser <strong>mestra i directora<\/strong> de l&#8217;Annexa durant diversos anys, per\u00f2 la seva hist\u00f2ria amb l&#8217;escola comen\u00e7a molt abans. Primer, va ser <strong>mare <\/strong>de l&#8217;Annexa, portant-hi els seus quatre fills. Ja aleshores, l&#8217;escola li captivava per la seva manera innovadora i diferent d&#8217;ensenyar, plena de projectes enriquidors. Tant li agradava aquell entorn que va decidir formar-hi part tamb\u00e9 com a mestra. Era una dona d&#8217;una empenta inesgotable, plena d&#8217;energia i bones idees, capa\u00e7 d&#8217;engrescar tot l&#8217;equip de mestres per impulsar i iniciar nous projectes.<\/p>\n\n\n\n<p>Dues de les seves grans passions eren la <strong>literatura i la m\u00fasica<\/strong>. Molts de vosaltres la recordareu amb la seva guitarra, <strong>cantant les can\u00e7ons de l&#8217;Annexa<\/strong>: <em>del bosc encantat<\/em>, <em>la m\u00e0quina del temps<\/em>, <em>del cel i la terra<\/em>, <em>la can\u00e7\u00f3 de la Socioteca<\/em>&#8230; Can\u00e7ons que ella mateixa va crear, cercant les melodies i escrivint-ne les lletres. La seva creativitat era immensa, li encantava jugar amb les paraules i donar vida a la imaginaci\u00f3. Les seves can\u00e7ons continuen omplint l&#8217;escola d&#8217;alegria, i quan sentim els nens i nenes cantar-les, ens ve a la mem\u00f2ria la seva veu c\u00e0lida i la seva guitarra sempre a punt per acompanyar-la.<\/p>\n\n\n\n<p>Un dels espais preferits de la Clara era la<strong> Socioteca<\/strong>. All\u00e0, explicava contes, llegendes, hist\u00f2ries, poesia i endevinalles, convertint cada sessi\u00f3 en un moment m\u00e0gic. Gr\u00e0cies a ella, l&#8217;hora de la Socioteca era un viatge a mons plens de fantasia i emoci\u00f3. Tenia el do de fer volar la imaginaci\u00f3 dels infants, creant instants que molts encara recordem amb tendresa. Era una mestra especial, que estimava profundament els seus alumnes.<\/p>\n\n\n\n<p>Els qui vam tenir la sort de con\u00e8ixer-la, vam compartir moments plens d&#8217;aprenentatges i complicitat. La Clara era una persona culta, intel\u00b7ligent i amb una gran capacitat per escoltar. El seu llegat viu en nosaltres, i el seu record el guardem com un tresor als nostres cors.<\/p>\n\n\n\n<p>Per tot aix\u00f2, i per molt m\u00e9s, hem volgut retre-li <strong>homenatge <\/strong>amb la creaci\u00f3 d&#8217;aquest <strong>concurs literari.<\/strong> Estem segurs que a ella li hauria fet molta il\u00b7lusi\u00f3 participar-hi.<\/p>\n\n\n\n<p>A continuaci\u00f3, trobareu els <strong>cartells <\/strong>de les diferents edicions del concurs. Si hi <strong>cliqueu <\/strong>a sobre, podreu gaudir llegint els <strong>guanyadors de cada curs!<\/strong><\/p>\n\n\n\n<div class=\"wp-block-columns is-layout-flex wp-container-core-columns-is-layout-3 wp-block-columns-is-layout-flex\">\n<div class=\"wp-block-column is-layout-flow wp-block-column-is-layout-flow\">\n<figure class=\"wp-block-image size-large\"><a href=\"https:\/\/agora.xtec.cat\/ceip-annexa-jp\/vi-concurs-literari-clara-sales\/\"><img loading=\"lazy\" decoding=\"async\" width=\"724\" height=\"1024\" src=\"https:\/\/agora.xtec.cat\/ceip-annexa-jp\/wp-content\/uploads\/usu1641\/2026\/03\/afiche-1-A-final-pdf-1-724x1024.jpg\" alt=\"\" class=\"wp-image-9048\" srcset=\"https:\/\/agora.xtec.cat\/ceip-annexa-jp\/wp-content\/uploads\/usu1641\/2026\/03\/afiche-1-A-final-pdf-1-724x1024.jpg 724w, https:\/\/agora.xtec.cat\/ceip-annexa-jp\/wp-content\/uploads\/usu1641\/2026\/03\/afiche-1-A-final-pdf-1-212x300.jpg 212w, https:\/\/agora.xtec.cat\/ceip-annexa-jp\/wp-content\/uploads\/usu1641\/2026\/03\/afiche-1-A-final-pdf-1-768x1086.jpg 768w, https:\/\/agora.xtec.cat\/ceip-annexa-jp\/wp-content\/uploads\/usu1641\/2026\/03\/afiche-1-A-final-pdf-1-1086x1536.jpg 1086w, https:\/\/agora.xtec.cat\/ceip-annexa-jp\/wp-content\/uploads\/usu1641\/2026\/03\/afiche-1-A-final-pdf-1-1448x2048.jpg 1448w, https:\/\/agora.xtec.cat\/ceip-annexa-jp\/wp-content\/uploads\/usu1641\/2026\/03\/afiche-1-A-final-pdf-1-scaled.jpg 1810w\" sizes=\"auto, (max-width: 724px) 100vw, 724px\" \/><\/a><\/figure>\n<\/div>\n\n\n\n<div class=\"wp-block-column is-layout-flow wp-block-column-is-layout-flow\">\n<figure class=\"wp-block-image size-full\"><a href=\"https:\/\/agora.xtec.cat\/ceip-annexa-jp\/general\/v-concurs-literari-clara-sales\/\"><img loading=\"lazy\" decoding=\"async\" width=\"496\" height=\"704\" src=\"https:\/\/agora.xtec.cat\/ceip-annexa-jp\/wp-content\/uploads\/usu1641\/2025\/03\/V-1.png\" alt=\"\" class=\"wp-image-6924\" srcset=\"https:\/\/agora.xtec.cat\/ceip-annexa-jp\/wp-content\/uploads\/usu1641\/2025\/03\/V-1.png 496w, https:\/\/agora.xtec.cat\/ceip-annexa-jp\/wp-content\/uploads\/usu1641\/2025\/03\/V-1-211x300.png 211w\" sizes=\"auto, (max-width: 496px) 100vw, 496px\" \/><\/a><\/figure>\n<\/div>\n\n\n\n<div class=\"wp-block-column is-layout-flow wp-block-column-is-layout-flow\">\n<div class=\"wp-block-columns is-layout-flex wp-container-core-columns-is-layout-2 wp-block-columns-is-layout-flex\">\n<div class=\"wp-block-column is-layout-flow wp-block-column-is-layout-flow\" style=\"flex-basis:100%\">\n<div class=\"wp-block-columns is-layout-flex wp-container-core-columns-is-layout-1 wp-block-columns-is-layout-flex\">\n<div class=\"wp-block-column is-layout-flow wp-block-column-is-layout-flow\" style=\"flex-basis:100%\">\n<figure class=\"wp-block-image size-full\"><a href=\"https:\/\/agora.xtec.cat\/ceip-annexa-jp\/general\/iv-concurs-literari-clara-sales\/\"><img loading=\"lazy\" decoding=\"async\" width=\"497\" height=\"705\" src=\"https:\/\/agora.xtec.cat\/ceip-annexa-jp\/wp-content\/uploads\/usu1641\/2025\/03\/IV.png\" alt=\"\" class=\"wp-image-6921\" srcset=\"https:\/\/agora.xtec.cat\/ceip-annexa-jp\/wp-content\/uploads\/usu1641\/2025\/03\/IV.png 497w, https:\/\/agora.xtec.cat\/ceip-annexa-jp\/wp-content\/uploads\/usu1641\/2025\/03\/IV-211x300.png 211w\" sizes=\"auto, (max-width: 497px) 100vw, 497px\" \/><\/a><\/figure>\n<\/div>\n<\/div>\n<\/div>\n<\/div>\n<\/div>\n<\/div>\n\n\n\n<div class=\"wp-block-columns is-layout-flex wp-container-core-columns-is-layout-4 wp-block-columns-is-layout-flex\">\n<div class=\"wp-block-column is-layout-flow wp-block-column-is-layout-flow\">\n<figure class=\"wp-block-image size-full\"><a href=\"https:\/\/agora.xtec.cat\/ceip-annexa-jp\/iii-concurs-literari-clara-sales\/\"><img loading=\"lazy\" decoding=\"async\" width=\"495\" height=\"702\" src=\"https:\/\/agora.xtec.cat\/ceip-annexa-jp\/wp-content\/uploads\/usu1641\/2025\/03\/III.png\" alt=\"\" class=\"wp-image-6920\" srcset=\"https:\/\/agora.xtec.cat\/ceip-annexa-jp\/wp-content\/uploads\/usu1641\/2025\/03\/III.png 495w, https:\/\/agora.xtec.cat\/ceip-annexa-jp\/wp-content\/uploads\/usu1641\/2025\/03\/III-212x300.png 212w\" sizes=\"auto, (max-width: 495px) 100vw, 495px\" \/><\/a><\/figure>\n<\/div>\n\n\n\n<div class=\"wp-block-column is-layout-flow wp-block-column-is-layout-flow\">\n<figure class=\"wp-block-image size-full\"><a href=\"https:\/\/agora.xtec.cat\/ceip-annexa-jp\/ii-concurs-literari-clara-sales\/\"><img loading=\"lazy\" decoding=\"async\" width=\"496\" height=\"697\" src=\"https:\/\/agora.xtec.cat\/ceip-annexa-jp\/wp-content\/uploads\/usu1641\/2025\/03\/II.png\" alt=\"\" class=\"wp-image-6919\" srcset=\"https:\/\/agora.xtec.cat\/ceip-annexa-jp\/wp-content\/uploads\/usu1641\/2025\/03\/II.png 496w, https:\/\/agora.xtec.cat\/ceip-annexa-jp\/wp-content\/uploads\/usu1641\/2025\/03\/II-213x300.png 213w\" sizes=\"auto, (max-width: 496px) 100vw, 496px\" \/><\/a><\/figure>\n<\/div>\n\n\n\n<div class=\"wp-block-column is-layout-flow wp-block-column-is-layout-flow\">\n<figure class=\"wp-block-image size-full\"><a href=\"https:\/\/agora.xtec.cat\/ceip-annexa-jp\/i-concurs-literari-clara-sales\/\"><img loading=\"lazy\" decoding=\"async\" width=\"496\" height=\"705\" src=\"https:\/\/agora.xtec.cat\/ceip-annexa-jp\/wp-content\/uploads\/usu1641\/2025\/03\/I.png\" alt=\"\" class=\"wp-image-6918\" srcset=\"https:\/\/agora.xtec.cat\/ceip-annexa-jp\/wp-content\/uploads\/usu1641\/2025\/03\/I.png 496w, https:\/\/agora.xtec.cat\/ceip-annexa-jp\/wp-content\/uploads\/usu1641\/2025\/03\/I-211x300.png 211w\" sizes=\"auto, (max-width: 496px) 100vw, 496px\" \/><\/a><\/figure>\n<\/div>\n<\/div>\n","protected":false},"excerpt":{"rendered":"<p>La Clara va ser mestra i directora de l&#8217;Annexa durant diversos anys, per\u00f2 la seva hist\u00f2ria amb l&#8217;escola comen\u00e7a molt [&hellip;]<\/p>\n","protected":false},"author":9,"featured_media":0,"parent":0,"menu_order":0,"comment_status":"closed","ping_status":"close","template":"","meta":{"_bbp_topic_count":0,"_bbp_reply_count":0,"_bbp_total_topic_count":0,"_bbp_total_reply_count":0,"_bbp_voice_count":0,"_bbp_anonymous_reply_count":0,"_bbp_topic_count_hidden":0,"_bbp_reply_count_hidden":0,"_bbp_forum_subforum_count":0,"site-sidebar-layout":"default","site-content-layout":"","ast-site-content-layout":"default","site-content-style":"default","site-sidebar-style":"default","ast-global-header-display":"","ast-banner-title-visibility":"","ast-main-header-display":"","ast-hfb-above-header-display":"","ast-hfb-below-header-display":"","ast-hfb-mobile-header-display":"","site-post-title":"","ast-breadcrumbs-content":"","ast-featured-img":"","footer-sml-layout":"","theme-transparent-header-meta":"","adv-header-id-meta":"","stick-header-meta":"","header-above-stick-meta":"","header-main-stick-meta":"","header-below-stick-meta":"","astra-migrate-meta-layouts":"set","ast-page-background-enabled":"default","ast-page-background-meta":{"desktop":{"background-color":"var(--ast-global-color-4)","background-image":"","background-repeat":"repeat","background-position":"center center","background-size":"auto","background-attachment":"scroll","background-type":"","background-media":"","overlay-type":"","overlay-color":"","overlay-opacity":"","overlay-gradient":""},"tablet":{"background-color":"","background-image":"","background-repeat":"repeat","background-position":"center center","background-size":"auto","background-attachment":"scroll","background-type":"","background-media":"","overlay-type":"","overlay-color":"","overlay-opacity":"","overlay-gradient":""},"mobile":{"background-color":"","background-image":"","background-repeat":"repeat","background-position":"center center","background-size":"auto","background-attachment":"scroll","background-type":"","background-media":"","overlay-type":"","overlay-color":"","overlay-opacity":"","overlay-gradient":""}},"ast-content-background-meta":{"desktop":{"background-color":"var(--ast-global-color-5)","background-image":"","background-repeat":"repeat","background-position":"center center","background-size":"auto","background-attachment":"scroll","background-type":"","background-media":"","overlay-type":"","overlay-color":"","overlay-opacity":"","overlay-gradient":""},"tablet":{"background-color":"var(--ast-global-color-5)","background-image":"","background-repeat":"repeat","background-position":"center center","background-size":"auto","background-attachment":"scroll","background-type":"","background-media":"","overlay-type":"","overlay-color":"","overlay-opacity":"","overlay-gradient":""},"mobile":{"background-color":"var(--ast-global-color-5)","background-image":"","background-repeat":"repeat","background-position":"center center","background-size":"auto","background-attachment":"scroll","background-type":"","background-media":"","overlay-type":"","overlay-color":"","overlay-opacity":"","overlay-gradient":""}},"footnotes":""},"class_list":["post-6885","page","type-page","status-publish","hentry"],"post_mailing_queue_ids":[],"_links":{"self":[{"href":"https:\/\/agora.xtec.cat\/ceip-annexa-jp\/wp-json\/wp\/v2\/pages\/6885","targetHints":{"allow":["GET"]}}],"collection":[{"href":"https:\/\/agora.xtec.cat\/ceip-annexa-jp\/wp-json\/wp\/v2\/pages"}],"about":[{"href":"https:\/\/agora.xtec.cat\/ceip-annexa-jp\/wp-json\/wp\/v2\/types\/page"}],"author":[{"embeddable":true,"href":"https:\/\/agora.xtec.cat\/ceip-annexa-jp\/wp-json\/wp\/v2\/users\/9"}],"replies":[{"embeddable":true,"href":"https:\/\/agora.xtec.cat\/ceip-annexa-jp\/wp-json\/wp\/v2\/comments?post=6885"}],"version-history":[{"count":6,"href":"https:\/\/agora.xtec.cat\/ceip-annexa-jp\/wp-json\/wp\/v2\/pages\/6885\/revisions"}],"predecessor-version":[{"id":9107,"href":"https:\/\/agora.xtec.cat\/ceip-annexa-jp\/wp-json\/wp\/v2\/pages\/6885\/revisions\/9107"}],"wp:attachment":[{"href":"https:\/\/agora.xtec.cat\/ceip-annexa-jp\/wp-json\/wp\/v2\/media?parent=6885"}],"curies":[{"name":"wp","href":"https:\/\/api.w.org\/{rel}","templated":true}]}}