{"id":6616,"date":"2025-02-18T10:43:16","date_gmt":"2025-02-18T09:43:16","guid":{"rendered":"https:\/\/agora.xtec.cat\/ceip-annexa-jp\/?page_id=6616"},"modified":"2025-06-16T11:15:16","modified_gmt":"2025-06-16T09:15:16","slug":"preinscripcio-25-26","status":"publish","type":"page","link":"https:\/\/agora.xtec.cat\/ceip-annexa-jp\/preinscripcio-25-26\/","title":{"rendered":"PREINSCRIPCI\u00d3 i MATR\u00cdCULA CURS 25-26"},"content":{"rendered":"\n<figure class=\"wp-block-image size-full is-resized is-style-rounded\"><a href=\"https:\/\/web.girona.cat\/educacio\/escolaritzacio\/3-16\"><img loading=\"lazy\" decoding=\"async\" width=\"1024\" height=\"328\" src=\"https:\/\/agora.xtec.cat\/ceip-annexa-jp\/wp-content\/uploads\/usu1641\/2025\/02\/baner-preinscripcions_infantil-primaria.jpg\" alt=\"\" class=\"wp-image-6736\" style=\"width:343px;height:auto\" srcset=\"https:\/\/agora.xtec.cat\/ceip-annexa-jp\/wp-content\/uploads\/usu1641\/2025\/02\/baner-preinscripcions_infantil-primaria.jpg 1024w, https:\/\/agora.xtec.cat\/ceip-annexa-jp\/wp-content\/uploads\/usu1641\/2025\/02\/baner-preinscripcions_infantil-primaria-300x96.jpg 300w, https:\/\/agora.xtec.cat\/ceip-annexa-jp\/wp-content\/uploads\/usu1641\/2025\/02\/baner-preinscripcions_infantil-primaria-768x246.jpg 768w\" sizes=\"auto, (max-width: 1024px) 100vw, 1024px\" \/><\/a><\/figure>\n\n\n\n<p><a href=\"https:\/\/drive.google.com\/file\/d\/1tlfedzvi19BJWbs_t5eH9lcHUhQX1p5Q\/view?usp=sharing\">Publicaci\u00f3 de l&#8217;oferta incial de places (11 de mar\u00e7)<\/a><\/p>\n\n\n\n<p>Del 12 al 26 de mar\u00e7 de 2025 (a partir de les 9 hores): presentaci\u00f3 de sol\u00b7licituds:<\/p>\n\n\n\n<p class=\"has-small-font-size\">\u00c9s molt important respectar les dates, perqu\u00e8 les sol\u00b7licituds que es presentin fora d&#8217;aquest termini perdran totes les prioritats que haurien pogut tenir a l&#8217;hora d&#8217;obtenir pla\u00e7a. Els criteris de prioritat serveixen per donar un puntuaci\u00f3 a cada sol\u00b7licitud. D&#8217;aquesta manera s&#8217;estableix l&#8217;ordre d&#8217;acc\u00e9s a les places de cada centre. Cal presentar la sol\u00b7licitud i adjuntar-hi la documentaci\u00f3 d&#8217;identificaci\u00f3 o de criteris que correspongui.<\/p>\n\n\n\n<p><a href=\"https:\/\/agora.xtec.cat\/ceip-annexa-jp\/wp-content\/uploads\/usu1641\/2025\/04\/INFORME_BAREM_PROVISIONAL_BAREM-1.pdf\">Publicaci\u00f3 del barem provisional (24 d&#8217;abril)<\/a><\/p>\n\n\n\n<p class=\"has-text-align-left\"><sub>El termini per a presentar reclamacions \u00e9s fins el dimarts 29 d&#8217;abril.<\/sub><\/p>\n\n\n\n<p><a href=\"https:\/\/agora.xtec.cat\/ceip-annexa-jp\/wp-content\/uploads\/usu1641\/2025\/05\/INFORME_BAREM_RESOLTES_BAREM.pdf\">&nbsp;Llistat de preinscrits amb les reclamacions resoltes<\/a><\/p>\n\n\n\n<p>N\u00daMERO DE DESEMPAT:&nbsp;<strong>76261<\/strong><\/p>\n\n\n\n<p><a href=\"https:\/\/agora.xtec.cat\/ceip-annexa-jp\/wp-content\/uploads\/usu1641\/2025\/05\/INFORME_BAREM_DEFINITIU_BAREM-ultim.pdf\">Publicaci\u00f3 de la llista ordenada<\/a><\/p>\n\n\n\n<p><strong>Alumnes assignats al centre <\/strong><\/p>\n\n\n\n<p><a href=\"https:\/\/agora.xtec.cat\/ceip-annexa-jp\/wp-content\/uploads\/usu1641\/2025\/06\/INFORME_ASSIGNADES_INFORME_ASSIGNADES-3.pdf\">Alumnes assignats al centre amb indicaci\u00f3 de la primera petici\u00f3 a 16\/06\/2025<\/a><\/p>\n\n\n\n<p><strong>Alumnes preinscrits al centre<\/strong><\/p>\n\n\n\n<p><a href=\"https:\/\/agora.xtec.cat\/ceip-annexa-jp\/wp-content\/uploads\/usu1641\/2025\/06\/INFORME_PREINSCRITES_OME_INFORME_PREINSCRITES_OME.pdf\">Alumnes preinscrits al centre 16\/06\/2025<\/a><\/p>\n\n\n\n<p><strong>Alumnes en llista d&#8217;espera<\/strong><\/p>\n\n\n\n<p><a href=\"https:\/\/agora.xtec.cat\/ceip-annexa-jp\/wp-content\/uploads\/usu1641\/2025\/06\/INFORME_LLISTA_ESPERA_OME_LLISTA_ESPERA.pdf\">Alumnes en llista d&#8217;espera<\/a><\/p>\n\n\n\n<p><\/p>\n","protected":false},"excerpt":{"rendered":"<p>Publicaci\u00f3 de l&#8217;oferta incial de places (11 de mar\u00e7) Del 12 al 26 de mar\u00e7 de 2025 (a partir de [&hellip;]<\/p>\n","protected":false},"author":9,"featured_media":0,"parent":0,"menu_order":0,"comment_status":"closed","ping_status":"close","template":"","meta":{"_bbp_topic_count":0,"_bbp_reply_count":0,"_bbp_total_topic_count":0,"_bbp_total_reply_count":0,"_bbp_voice_count":0,"_bbp_anonymous_reply_count":0,"_bbp_topic_count_hidden":0,"_bbp_reply_count_hidden":0,"_bbp_forum_subforum_count":0,"site-sidebar-layout":"default","site-content-layout":"","ast-site-content-layout":"default","site-content-style":"default","site-sidebar-style":"default","ast-global-header-display":"","ast-banner-title-visibility":"","ast-main-header-display":"","ast-hfb-above-header-display":"","ast-hfb-below-header-display":"","ast-hfb-mobile-header-display":"","site-post-title":"","ast-breadcrumbs-content":"","ast-featured-img":"","footer-sml-layout":"","theme-transparent-header-meta":"","adv-header-id-meta":"","stick-header-meta":"","header-above-stick-meta":"","header-main-stick-meta":"","header-below-stick-meta":"","astra-migrate-meta-layouts":"set","ast-page-background-enabled":"default","ast-page-background-meta":{"desktop":{"background-color":"var(--ast-global-color-4)","background-image":"","background-repeat":"repeat","background-position":"center center","background-size":"auto","background-attachment":"scroll","background-type":"","background-media":"","overlay-type":"","overlay-color":"","overlay-opacity":"","overlay-gradient":""},"tablet":{"background-color":"","background-image":"","background-repeat":"repeat","background-position":"center center","background-size":"auto","background-attachment":"scroll","background-type":"","background-media":"","overlay-type":"","overlay-color":"","overlay-opacity":"","overlay-gradient":""},"mobile":{"background-color":"","background-image":"","background-repeat":"repeat","background-position":"center center","background-size":"auto","background-attachment":"scroll","background-type":"","background-media":"","overlay-type":"","overlay-color":"","overlay-opacity":"","overlay-gradient":""}},"ast-content-background-meta":{"desktop":{"background-color":"var(--ast-global-color-5)","background-image":"","background-repeat":"repeat","background-position":"center center","background-size":"auto","background-attachment":"scroll","background-type":"","background-media":"","overlay-type":"","overlay-color":"","overlay-opacity":"","overlay-gradient":""},"tablet":{"background-color":"var(--ast-global-color-5)","background-image":"","background-repeat":"repeat","background-position":"center center","background-size":"auto","background-attachment":"scroll","background-type":"","background-media":"","overlay-type":"","overlay-color":"","overlay-opacity":"","overlay-gradient":""},"mobile":{"background-color":"var(--ast-global-color-5)","background-image":"","background-repeat":"repeat","background-position":"center center","background-size":"auto","background-attachment":"scroll","background-type":"","background-media":"","overlay-type":"","overlay-color":"","overlay-opacity":"","overlay-gradient":""}},"footnotes":""},"class_list":["post-6616","page","type-page","status-publish","hentry"],"post_mailing_queue_ids":[],"_links":{"self":[{"href":"https:\/\/agora.xtec.cat\/ceip-annexa-jp\/wp-json\/wp\/v2\/pages\/6616","targetHints":{"allow":["GET"]}}],"collection":[{"href":"https:\/\/agora.xtec.cat\/ceip-annexa-jp\/wp-json\/wp\/v2\/pages"}],"about":[{"href":"https:\/\/agora.xtec.cat\/ceip-annexa-jp\/wp-json\/wp\/v2\/types\/page"}],"author":[{"embeddable":true,"href":"https:\/\/agora.xtec.cat\/ceip-annexa-jp\/wp-json\/wp\/v2\/users\/9"}],"replies":[{"embeddable":true,"href":"https:\/\/agora.xtec.cat\/ceip-annexa-jp\/wp-json\/wp\/v2\/comments?post=6616"}],"version-history":[{"count":6,"href":"https:\/\/agora.xtec.cat\/ceip-annexa-jp\/wp-json\/wp\/v2\/pages\/6616\/revisions"}],"predecessor-version":[{"id":7639,"href":"https:\/\/agora.xtec.cat\/ceip-annexa-jp\/wp-json\/wp\/v2\/pages\/6616\/revisions\/7639"}],"wp:attachment":[{"href":"https:\/\/agora.xtec.cat\/ceip-annexa-jp\/wp-json\/wp\/v2\/media?parent=6616"}],"curies":[{"name":"wp","href":"https:\/\/api.w.org\/{rel}","templated":true}]}}