{"id":6573,"date":"2025-02-07T12:31:17","date_gmt":"2025-02-07T11:31:17","guid":{"rendered":"https:\/\/agora.xtec.cat\/ceip-annexa-jp\/?page_id=6573"},"modified":"2025-02-07T12:32:23","modified_gmt":"2025-02-07T11:32:23","slug":"els-lectovoluntaris","status":"publish","type":"page","link":"https:\/\/agora.xtec.cat\/ceip-annexa-jp\/projecte-educatiu\/els-lectovoluntaris\/","title":{"rendered":"Els Lectovoluntaris"},"content":{"rendered":"\n<p><strong>Lectovoluntaris <\/strong>\u00e9s una iniciativa educativa que t\u00e9 com a objectiu millorar la comprensi\u00f3 lectora dels infants mitjan\u00e7ant l\u2019acompanyament d\u2019una persona volunt\u00e0ria. A trav\u00e9s de sessions de lectura individuals i din\u00e0miques, es vol despertar el gust per la lectura i enfortir les habilitats comunicatives dels nens i nenes. <br><br>Aquest projecte es desenvolupa dins l\u2019horari escolar, col\u00b7laborant amb les escoles per oferir un suport personalitzat als infants que necessiten refor\u00e7ar la seva compet\u00e8ncia lectora. Es basa en la relaci\u00f3 de confian\u00e7a entre l\u2019infant i el seu mentor o mentora, creant un ambient positiu i motivador. La metodologia emprada combina jocs, converses i activitats adaptades a cada infant, assegurant aix\u00ed una experi\u00e8ncia enriquidora i personalitzada.<\/p>\n\n\n\n<div class=\"wp-block-columns is-layout-flex wp-container-core-columns-is-layout-1 wp-block-columns-is-layout-flex\">\n<div class=\"wp-block-column is-layout-flow wp-block-column-is-layout-flow\">\n<figure class=\"wp-block-image size-full\"><a href=\"https:\/\/agora.xtec.cat\/ceip-annexa-jp\/wp-content\/uploads\/usu1641\/2025\/02\/IMG_7431.jpg\"><img loading=\"lazy\" decoding=\"async\" width=\"480\" height=\"640\" src=\"https:\/\/agora.xtec.cat\/ceip-annexa-jp\/wp-content\/uploads\/usu1641\/2025\/02\/IMG_7431.jpg\" alt=\"\" class=\"wp-image-6574\" srcset=\"https:\/\/agora.xtec.cat\/ceip-annexa-jp\/wp-content\/uploads\/usu1641\/2025\/02\/IMG_7431.jpg 480w, https:\/\/agora.xtec.cat\/ceip-annexa-jp\/wp-content\/uploads\/usu1641\/2025\/02\/IMG_7431-225x300.jpg 225w\" sizes=\"auto, (max-width: 480px) 100vw, 480px\" \/><\/a><\/figure>\n<\/div>\n\n\n\n<div class=\"wp-block-column is-layout-flow wp-block-column-is-layout-flow\">\n<figure class=\"wp-block-image size-full\"><a href=\"https:\/\/agora.xtec.cat\/ceip-annexa-jp\/wp-content\/uploads\/usu1641\/2025\/02\/IMG_7432.jpg\"><img loading=\"lazy\" decoding=\"async\" width=\"640\" height=\"480\" src=\"https:\/\/agora.xtec.cat\/ceip-annexa-jp\/wp-content\/uploads\/usu1641\/2025\/02\/IMG_7432.jpg\" alt=\"\" class=\"wp-image-6575\" srcset=\"https:\/\/agora.xtec.cat\/ceip-annexa-jp\/wp-content\/uploads\/usu1641\/2025\/02\/IMG_7432.jpg 640w, https:\/\/agora.xtec.cat\/ceip-annexa-jp\/wp-content\/uploads\/usu1641\/2025\/02\/IMG_7432-300x225.jpg 300w\" sizes=\"auto, (max-width: 640px) 100vw, 640px\" \/><\/a><\/figure>\n<\/div>\n<\/div>\n","protected":false},"excerpt":{"rendered":"<p>Lectovoluntaris \u00e9s una iniciativa educativa que t\u00e9 com a objectiu millorar la comprensi\u00f3 lectora dels infants mitjan\u00e7ant l\u2019acompanyament d\u2019una persona [&hellip;]<\/p>\n","protected":false},"author":9,"featured_media":6575,"parent":64,"menu_order":20,"comment_status":"closed","ping_status":"close","template":"","meta":{"_bbp_topic_count":0,"_bbp_reply_count":0,"_bbp_total_topic_count":0,"_bbp_total_reply_count":0,"_bbp_voice_count":0,"_bbp_anonymous_reply_count":0,"_bbp_topic_count_hidden":0,"_bbp_reply_count_hidden":0,"_bbp_forum_subforum_count":0,"site-sidebar-layout":"default","site-content-layout":"","ast-site-content-layout":"default","site-content-style":"default","site-sidebar-style":"default","ast-global-header-display":"","ast-banner-title-visibility":"","ast-main-header-display":"","ast-hfb-above-header-display":"","ast-hfb-below-header-display":"","ast-hfb-mobile-header-display":"","site-post-title":"","ast-breadcrumbs-content":"","ast-featured-img":"","footer-sml-layout":"","theme-transparent-header-meta":"","adv-header-id-meta":"","stick-header-meta":"","header-above-stick-meta":"","header-main-stick-meta":"","header-below-stick-meta":"","astra-migrate-meta-layouts":"set","ast-page-background-enabled":"default","ast-page-background-meta":{"desktop":{"background-color":"var(--ast-global-color-4)","background-image":"","background-repeat":"repeat","background-position":"center center","background-size":"auto","background-attachment":"scroll","background-type":"","background-media":"","overlay-type":"","overlay-color":"","overlay-opacity":"","overlay-gradient":""},"tablet":{"background-color":"","background-image":"","background-repeat":"repeat","background-position":"center center","background-size":"auto","background-attachment":"scroll","background-type":"","background-media":"","overlay-type":"","overlay-color":"","overlay-opacity":"","overlay-gradient":""},"mobile":{"background-color":"","background-image":"","background-repeat":"repeat","background-position":"center center","background-size":"auto","background-attachment":"scroll","background-type":"","background-media":"","overlay-type":"","overlay-color":"","overlay-opacity":"","overlay-gradient":""}},"ast-content-background-meta":{"desktop":{"background-color":"var(--ast-global-color-5)","background-image":"","background-repeat":"repeat","background-position":"center center","background-size":"auto","background-attachment":"scroll","background-type":"","background-media":"","overlay-type":"","overlay-color":"","overlay-opacity":"","overlay-gradient":""},"tablet":{"background-color":"var(--ast-global-color-5)","background-image":"","background-repeat":"repeat","background-position":"center center","background-size":"auto","background-attachment":"scroll","background-type":"","background-media":"","overlay-type":"","overlay-color":"","overlay-opacity":"","overlay-gradient":""},"mobile":{"background-color":"var(--ast-global-color-5)","background-image":"","background-repeat":"repeat","background-position":"center center","background-size":"auto","background-attachment":"scroll","background-type":"","background-media":"","overlay-type":"","overlay-color":"","overlay-opacity":"","overlay-gradient":""}},"footnotes":""},"class_list":["post-6573","page","type-page","status-publish","has-post-thumbnail","hentry"],"post_mailing_queue_ids":[],"_links":{"self":[{"href":"https:\/\/agora.xtec.cat\/ceip-annexa-jp\/wp-json\/wp\/v2\/pages\/6573","targetHints":{"allow":["GET"]}}],"collection":[{"href":"https:\/\/agora.xtec.cat\/ceip-annexa-jp\/wp-json\/wp\/v2\/pages"}],"about":[{"href":"https:\/\/agora.xtec.cat\/ceip-annexa-jp\/wp-json\/wp\/v2\/types\/page"}],"author":[{"embeddable":true,"href":"https:\/\/agora.xtec.cat\/ceip-annexa-jp\/wp-json\/wp\/v2\/users\/9"}],"replies":[{"embeddable":true,"href":"https:\/\/agora.xtec.cat\/ceip-annexa-jp\/wp-json\/wp\/v2\/comments?post=6573"}],"version-history":[{"count":2,"href":"https:\/\/agora.xtec.cat\/ceip-annexa-jp\/wp-json\/wp\/v2\/pages\/6573\/revisions"}],"predecessor-version":[{"id":6578,"href":"https:\/\/agora.xtec.cat\/ceip-annexa-jp\/wp-json\/wp\/v2\/pages\/6573\/revisions\/6578"}],"up":[{"embeddable":true,"href":"https:\/\/agora.xtec.cat\/ceip-annexa-jp\/wp-json\/wp\/v2\/pages\/64"}],"wp:featuredmedia":[{"embeddable":true,"href":"https:\/\/agora.xtec.cat\/ceip-annexa-jp\/wp-json\/wp\/v2\/media\/6575"}],"wp:attachment":[{"href":"https:\/\/agora.xtec.cat\/ceip-annexa-jp\/wp-json\/wp\/v2\/media?parent=6573"}],"curies":[{"name":"wp","href":"https:\/\/api.w.org\/{rel}","templated":true}]}}