{"id":560,"date":"2018-01-17T17:55:33","date_gmt":"2018-01-17T16:55:33","guid":{"rendered":"http:\/\/agora.xtec.cat\/ceip-annexa-jp\/?page_id=560"},"modified":"2024-01-30T15:55:40","modified_gmt":"2024-01-30T14:55:40","slug":"socioteca","status":"publish","type":"page","link":"https:\/\/agora.xtec.cat\/ceip-annexa-jp\/projecte-educatiu\/socioteca\/","title":{"rendered":"Socioteca"},"content":{"rendered":"<p><span style=\"font-weight: 400;\">La <\/span><b>Socioteca Joaquim Franch <\/b><span style=\"font-weight: 400;\">\u00e9s un espai d\u2019aprenentatge obert al barri per afavorir l\u2019acc\u00e9s al coneixement i facilitar l\u2019acc\u00e9s a les NTIC, una zona d\u2019estudi i de lectura, un lloc de trobada, de conviv\u00e8ncia i de relaci\u00f3 intergeneracional per a alumnes, fam\u00edlies i ve\u00efns i ve\u00efnes.<\/span><\/p>\n<p><a href=\"https:\/\/agora.xtec.cat\/ceip-annexa-jp\/wp-content\/uploads\/usu1641\/2024\/01\/IMG_6447-2-scaled.jpg\"><img loading=\"lazy\" decoding=\"async\" class=\"aligncenter wp-image-5435\" src=\"https:\/\/agora.xtec.cat\/ceip-annexa-jp\/wp-content\/uploads\/usu1641\/2024\/01\/IMG_6447-2-scaled.jpg\" alt=\"\" width=\"414\" height=\"310\" srcset=\"https:\/\/agora.xtec.cat\/ceip-annexa-jp\/wp-content\/uploads\/usu1641\/2024\/01\/IMG_6447-2-scaled.jpg 2560w, https:\/\/agora.xtec.cat\/ceip-annexa-jp\/wp-content\/uploads\/usu1641\/2024\/01\/IMG_6447-2-300x225.jpg 300w, https:\/\/agora.xtec.cat\/ceip-annexa-jp\/wp-content\/uploads\/usu1641\/2024\/01\/IMG_6447-2-1024x768.jpg 1024w, https:\/\/agora.xtec.cat\/ceip-annexa-jp\/wp-content\/uploads\/usu1641\/2024\/01\/IMG_6447-2-768x576.jpg 768w, https:\/\/agora.xtec.cat\/ceip-annexa-jp\/wp-content\/uploads\/usu1641\/2024\/01\/IMG_6447-2-1536x1152.jpg 1536w, https:\/\/agora.xtec.cat\/ceip-annexa-jp\/wp-content\/uploads\/usu1641\/2024\/01\/IMG_6447-2-2048x1536.jpg 2048w, https:\/\/agora.xtec.cat\/ceip-annexa-jp\/wp-content\/uploads\/usu1641\/2024\/01\/IMG_6447-2-200x150.jpg 200w\" sizes=\"auto, (max-width: 414px) 100vw, 414px\" \/><\/a><\/p>\n<p>En horari lectiu, tots els infants del centre van una hora a la setmana a la Socioteca per treballar el gust per la lectura i continguts de formaci\u00f3 d\u2019usuaris a partir d&#8217;activitats de dinamitzaci\u00f3 lectora. Tamb\u00e9 s&#8217;ofereix als infants la possibilitats de fer pr\u00e9stec. L\u2019escola fa, a m\u00e9s, a trav\u00e9s de la comissi\u00f3 de Socioteca del claustre, pr\u00e9stec de material de lectura per assortir les biblioteques d\u2019aula i de fons de consulta per complementar els continguts de les diferents \u00e0rees.<\/p>\n<p><span style=\"font-weight: 400;\">Durant l\u2019estona d\u2019esbarjo, s&#8217;obre tres dies a la setmana pels alumnes de C3 i 6\u00e8.<\/span><\/p>\n<p><a href=\"https:\/\/agora.xtec.cat\/ceip-annexa-jp\/wp-content\/uploads\/usu1641\/2024\/01\/IMG_6442-1-scaled.jpg\"><img loading=\"lazy\" decoding=\"async\" class=\"wp-image-5429 alignright\" src=\"https:\/\/agora.xtec.cat\/ceip-annexa-jp\/wp-content\/uploads\/usu1641\/2024\/01\/IMG_6442-1-scaled.jpg\" alt=\"\" width=\"294\" height=\"220\" srcset=\"https:\/\/agora.xtec.cat\/ceip-annexa-jp\/wp-content\/uploads\/usu1641\/2024\/01\/IMG_6442-1-scaled.jpg 2560w, https:\/\/agora.xtec.cat\/ceip-annexa-jp\/wp-content\/uploads\/usu1641\/2024\/01\/IMG_6442-1-300x225.jpg 300w, https:\/\/agora.xtec.cat\/ceip-annexa-jp\/wp-content\/uploads\/usu1641\/2024\/01\/IMG_6442-1-1024x768.jpg 1024w, https:\/\/agora.xtec.cat\/ceip-annexa-jp\/wp-content\/uploads\/usu1641\/2024\/01\/IMG_6442-1-768x576.jpg 768w, https:\/\/agora.xtec.cat\/ceip-annexa-jp\/wp-content\/uploads\/usu1641\/2024\/01\/IMG_6442-1-1536x1152.jpg 1536w, https:\/\/agora.xtec.cat\/ceip-annexa-jp\/wp-content\/uploads\/usu1641\/2024\/01\/IMG_6442-1-2048x1536.jpg 2048w, https:\/\/agora.xtec.cat\/ceip-annexa-jp\/wp-content\/uploads\/usu1641\/2024\/01\/IMG_6442-1-200x150.jpg 200w\" sizes=\"auto, (max-width: 294px) 100vw, 294px\" \/><\/a><\/p>\n<p><span style=\"font-weight: 400;\">Es fan, al llarg del curs, diverses exposicions temporals en motiu de dates i celebracions concretes o d\u2019activitats del centre (exposicions de llibres d&#8217;un tema o un autor concret, aprofitant les efem\u00e8rides que tamb\u00e9 es treballen a l&#8217;escola o amb la voluntat de potenciar la lectura de determinats llibres.<\/span><\/p>\n<p>A m\u00e9s a m\u00e9s, aquest any hem inicat un club de lectura amb els alumnes de sis\u00e8 en horari escolar i participem al concurs &#8220;Atrapallibres&#8221; de l\u2019IBBYCAT amb C3. Tamb\u00e9 participem al concurs &#8220;El gust per la lectura&#8221; del Departament d\u2019educaci\u00f3 amb cicle 2.<\/p>\n<p><a href=\"https:\/\/agora.xtec.cat\/ceip-annexa-jp\/wp-content\/uploads\/usu1641\/2024\/01\/IMG_6066-1-scaled.jpg\"><img loading=\"lazy\" decoding=\"async\" class=\"wp-image-5428 alignleft\" src=\"https:\/\/agora.xtec.cat\/ceip-annexa-jp\/wp-content\/uploads\/usu1641\/2024\/01\/IMG_6066-1-scaled.jpg\" alt=\"\" width=\"271\" height=\"203\" srcset=\"https:\/\/agora.xtec.cat\/ceip-annexa-jp\/wp-content\/uploads\/usu1641\/2024\/01\/IMG_6066-1-scaled.jpg 2560w, https:\/\/agora.xtec.cat\/ceip-annexa-jp\/wp-content\/uploads\/usu1641\/2024\/01\/IMG_6066-1-300x225.jpg 300w, https:\/\/agora.xtec.cat\/ceip-annexa-jp\/wp-content\/uploads\/usu1641\/2024\/01\/IMG_6066-1-1024x768.jpg 1024w, https:\/\/agora.xtec.cat\/ceip-annexa-jp\/wp-content\/uploads\/usu1641\/2024\/01\/IMG_6066-1-768x576.jpg 768w, https:\/\/agora.xtec.cat\/ceip-annexa-jp\/wp-content\/uploads\/usu1641\/2024\/01\/IMG_6066-1-1536x1152.jpg 1536w, https:\/\/agora.xtec.cat\/ceip-annexa-jp\/wp-content\/uploads\/usu1641\/2024\/01\/IMG_6066-1-2048x1536.jpg 2048w, https:\/\/agora.xtec.cat\/ceip-annexa-jp\/wp-content\/uploads\/usu1641\/2024\/01\/IMG_6066-1-200x150.jpg 200w\" sizes=\"auto, (max-width: 271px) 100vw, 271px\" \/><\/a> Fora de l&#8217;horari lectiu la Socioteca obre cada dia de 2\/4 de 5 a 2\/4 de 7 de la tarda a tota la comunitat educativa. Esdev\u00e9 llavors<span style=\"font-weight: 400;\">\u00a0un <\/span>espai afavoridor de la cohesi\u00f3 social <span style=\"font-weight: 400;\">tot oferint a tot l\u2019alumnat del centre un espai on fer els deures, oferir material i guiatge per al foment de la lectura amb l&#8217;acompanyament d&#8217;una monitora que\u00a0 a part de vetllar perqu\u00e8 hi hagi un ambient acollidor i tranquil ens pot ajudar a escollir o recomanar la lectura m\u00e9s adequada i a fer-ne el pr\u00e9stec.<\/span><\/p>\n<p><a href=\"https:\/\/agora.xtec.cat\/ceip-annexa-jp\/wp-content\/uploads\/usu1641\/2024\/01\/IMG_5948-scaled.jpg\"><img loading=\"lazy\" decoding=\"async\" class=\"wp-image-5424 alignright\" src=\"https:\/\/agora.xtec.cat\/ceip-annexa-jp\/wp-content\/uploads\/usu1641\/2024\/01\/IMG_5948-scaled.jpg\" alt=\"\" width=\"280\" height=\"210\" srcset=\"https:\/\/agora.xtec.cat\/ceip-annexa-jp\/wp-content\/uploads\/usu1641\/2024\/01\/IMG_5948-scaled.jpg 2560w, https:\/\/agora.xtec.cat\/ceip-annexa-jp\/wp-content\/uploads\/usu1641\/2024\/01\/IMG_5948-300x225.jpg 300w, https:\/\/agora.xtec.cat\/ceip-annexa-jp\/wp-content\/uploads\/usu1641\/2024\/01\/IMG_5948-1024x768.jpg 1024w, https:\/\/agora.xtec.cat\/ceip-annexa-jp\/wp-content\/uploads\/usu1641\/2024\/01\/IMG_5948-768x576.jpg 768w, https:\/\/agora.xtec.cat\/ceip-annexa-jp\/wp-content\/uploads\/usu1641\/2024\/01\/IMG_5948-1536x1152.jpg 1536w, https:\/\/agora.xtec.cat\/ceip-annexa-jp\/wp-content\/uploads\/usu1641\/2024\/01\/IMG_5948-2048x1536.jpg 2048w, https:\/\/agora.xtec.cat\/ceip-annexa-jp\/wp-content\/uploads\/usu1641\/2024\/01\/IMG_5948-200x150.jpg 200w\" sizes=\"auto, (max-width: 280px) 100vw, 280px\" \/><\/a><\/p>\n<p><span style=\"font-weight: 400;\">El curs 2020-21 la Socioteca va entrar a formar part d\u2019un Projecte Erasmus plus, coordinat pel departament d\u2019ensenyament i concretament amb el PuntEdu (Programa de biblioteques escolars de Catalunya).<\/span><\/p>\n<p><span style=\"font-weight: 400;\">Algunes de les activitats generades des de la Socioteca que funcionen amb car\u00e0cter regular \u2013 totes elles gratu\u00eftes i obertes al barri- s\u00f3n:<\/span><\/p>\n<ul>\n<li style=\"font-weight: 400;\" aria-level=\"1\"><span style=\"font-weight: 400;\">El programa<strong> LECXIT<\/strong>, que s\u2019ha dut a terme a partir del curs escolar 2014-15 a trav\u00e9s de la fundaci\u00f3 Bofill i que continua duent-se a terme gestionada per l&#8217;escola. Es tracta d\u2019un programa de voluntariat d\u2019acompanyament a la lectura destinat a nens i nenes de quart i cinqu\u00e8 de prim\u00e0ria.<\/span><\/li>\n<li style=\"font-weight: 400;\" aria-level=\"1\"><span style=\"font-weight: 400;\">Hi ha un club de lectura d\u2019adults que es troben mensualment i de forma ininterrompuda des de l\u2019inici de la socioteca. S\u2019assorteix del material a trav\u00e9s de la biblioteca de refer\u00e8ncia i ho gestiona la coordinadora de socioteca.<\/span><\/li>\n<\/ul>\n<p>La Socioteca de l\u2019Annexa es pot obrir cada tarda gr\u00e0cies a la subvenci\u00f3 que l\u2019Ajuntament de Girona atorga als projectes que es presenten dins la categoria Biblioteques obertes al barri<\/p>\n<p>&nbsp;<\/p>\n","protected":false},"excerpt":{"rendered":"<p>La Socioteca Joaquim Franch \u00e9s un espai d\u2019aprenentatge obert al barri per afavorir l\u2019acc\u00e9s al coneixement i facilitar l\u2019acc\u00e9s a [&hellip;]<\/p>\n","protected":false},"author":1,"featured_media":0,"parent":64,"menu_order":30,"comment_status":"closed","ping_status":"closed","template":"page-templates\/side-menu.php","meta":{"_bbp_topic_count":0,"_bbp_reply_count":0,"_bbp_total_topic_count":0,"_bbp_total_reply_count":0,"_bbp_voice_count":0,"_bbp_anonymous_reply_count":0,"_bbp_topic_count_hidden":0,"_bbp_reply_count_hidden":0,"_bbp_forum_subforum_count":0,"site-sidebar-layout":"default","site-content-layout":"","ast-site-content-layout":"","site-content-style":"default","site-sidebar-style":"default","ast-global-header-display":"","ast-banner-title-visibility":"","ast-main-header-display":"","ast-hfb-above-header-display":"","ast-hfb-below-header-display":"","ast-hfb-mobile-header-display":"","site-post-title":"","ast-breadcrumbs-content":"","ast-featured-img":"","footer-sml-layout":"","theme-transparent-header-meta":"","adv-header-id-meta":"","stick-header-meta":"","header-above-stick-meta":"","header-main-stick-meta":"","header-below-stick-meta":"","astra-migrate-meta-layouts":"default","ast-page-background-enabled":"default","ast-page-background-meta":{"desktop":{"background-color":"var(--ast-global-color-4)","background-image":"","background-repeat":"repeat","background-position":"center center","background-size":"auto","background-attachment":"scroll","background-type":"","background-media":"","overlay-type":"","overlay-color":"","overlay-opacity":"","overlay-gradient":""},"tablet":{"background-color":"","background-image":"","background-repeat":"repeat","background-position":"center center","background-size":"auto","background-attachment":"scroll","background-type":"","background-media":"","overlay-type":"","overlay-color":"","overlay-opacity":"","overlay-gradient":""},"mobile":{"background-color":"","background-image":"","background-repeat":"repeat","background-position":"center center","background-size":"auto","background-attachment":"scroll","background-type":"","background-media":"","overlay-type":"","overlay-color":"","overlay-opacity":"","overlay-gradient":""}},"ast-content-background-meta":{"desktop":{"background-color":"var(--ast-global-color-5)","background-image":"","background-repeat":"repeat","background-position":"center center","background-size":"auto","background-attachment":"scroll","background-type":"","background-media":"","overlay-type":"","overlay-color":"","overlay-opacity":"","overlay-gradient":""},"tablet":{"background-color":"var(--ast-global-color-5)","background-image":"","background-repeat":"repeat","background-position":"center center","background-size":"auto","background-attachment":"scroll","background-type":"","background-media":"","overlay-type":"","overlay-color":"","overlay-opacity":"","overlay-gradient":""},"mobile":{"background-color":"var(--ast-global-color-5)","background-image":"","background-repeat":"repeat","background-position":"center center","background-size":"auto","background-attachment":"scroll","background-type":"","background-media":"","overlay-type":"","overlay-color":"","overlay-opacity":"","overlay-gradient":""}},"footnotes":""},"class_list":["post-560","page","type-page","status-publish","hentry"],"post_mailing_queue_ids":[],"_links":{"self":[{"href":"https:\/\/agora.xtec.cat\/ceip-annexa-jp\/wp-json\/wp\/v2\/pages\/560","targetHints":{"allow":["GET"]}}],"collection":[{"href":"https:\/\/agora.xtec.cat\/ceip-annexa-jp\/wp-json\/wp\/v2\/pages"}],"about":[{"href":"https:\/\/agora.xtec.cat\/ceip-annexa-jp\/wp-json\/wp\/v2\/types\/page"}],"author":[{"embeddable":true,"href":"https:\/\/agora.xtec.cat\/ceip-annexa-jp\/wp-json\/wp\/v2\/users\/1"}],"replies":[{"embeddable":true,"href":"https:\/\/agora.xtec.cat\/ceip-annexa-jp\/wp-json\/wp\/v2\/comments?post=560"}],"version-history":[{"count":8,"href":"https:\/\/agora.xtec.cat\/ceip-annexa-jp\/wp-json\/wp\/v2\/pages\/560\/revisions"}],"predecessor-version":[{"id":5437,"href":"https:\/\/agora.xtec.cat\/ceip-annexa-jp\/wp-json\/wp\/v2\/pages\/560\/revisions\/5437"}],"up":[{"embeddable":true,"href":"https:\/\/agora.xtec.cat\/ceip-annexa-jp\/wp-json\/wp\/v2\/pages\/64"}],"wp:attachment":[{"href":"https:\/\/agora.xtec.cat\/ceip-annexa-jp\/wp-json\/wp\/v2\/media?parent=560"}],"curies":[{"name":"wp","href":"https:\/\/api.w.org\/{rel}","templated":true}]}}