{"id":557,"date":"2018-01-17T17:55:33","date_gmt":"2018-01-17T16:55:33","guid":{"rendered":"http:\/\/agora.xtec.cat\/ceip-annexa-jp\/?page_id=557"},"modified":"2024-01-29T17:11:16","modified_gmt":"2024-01-29T16:11:16","slug":"les-llengues-a-l-annexa","status":"publish","type":"page","link":"https:\/\/agora.xtec.cat\/ceip-annexa-jp\/projecte-educatiu\/les-llengues-a-l-annexa\/","title":{"rendered":"Les lleng\u00fces a l&#8217; Annexa"},"content":{"rendered":"<p>La llengua estrangera que aprenem a l&#8217;escola \u00e9s l&#8217;angl\u00e8s .L&#8217;introdu\u00efm a I3. Aquesta llengua \u00e9s<span style=\"font-weight: 400;\"> present a diversos \u00e0mbits de la vida escolar (l&#8217;emissora, la revista, la socioteca, les festivitats&#8230;).<\/span><\/p>\n<p>La metodologia que utilitzem es basa en la comunicaci\u00f3 oral i l&#8217;<em>Storytelling\u00a0<\/em>per despr\u00e9s donar pas a l&#8217;escriptura de textos breus, sempre des d&#8217;una vessant comunicativa.<\/p>\n<p><a href=\"https:\/\/agora.xtec.cat\/ceip-annexa-jp\/wp-content\/uploads\/usu1641\/2023\/01\/WhatsApp-Image-2023-01-26-at-13.21.08.jpeg\"><img loading=\"lazy\" decoding=\"async\" class=\"alignnone wp-image-3947\" src=\"https:\/\/agora.xtec.cat\/ceip-annexa-jp\/wp-content\/uploads\/usu1641\/2023\/01\/WhatsApp-Image-2023-01-26-at-13.21.08-1024x768.jpeg\" alt=\"\" width=\"295\" height=\"222\" srcset=\"https:\/\/agora.xtec.cat\/ceip-annexa-jp\/wp-content\/uploads\/usu1641\/2023\/01\/WhatsApp-Image-2023-01-26-at-13.21.08-1024x768.jpeg 1024w, https:\/\/agora.xtec.cat\/ceip-annexa-jp\/wp-content\/uploads\/usu1641\/2023\/01\/WhatsApp-Image-2023-01-26-at-13.21.08-300x225.jpeg 300w, https:\/\/agora.xtec.cat\/ceip-annexa-jp\/wp-content\/uploads\/usu1641\/2023\/01\/WhatsApp-Image-2023-01-26-at-13.21.08-768x576.jpeg 768w, https:\/\/agora.xtec.cat\/ceip-annexa-jp\/wp-content\/uploads\/usu1641\/2023\/01\/WhatsApp-Image-2023-01-26-at-13.21.08-1536x1152.jpeg 1536w, https:\/\/agora.xtec.cat\/ceip-annexa-jp\/wp-content\/uploads\/usu1641\/2023\/01\/WhatsApp-Image-2023-01-26-at-13.21.08-200x150.jpeg 200w, https:\/\/agora.xtec.cat\/ceip-annexa-jp\/wp-content\/uploads\/usu1641\/2023\/01\/WhatsApp-Image-2023-01-26-at-13.21.08.jpeg 1600w\" sizes=\"auto, (max-width: 295px) 100vw, 295px\" \/><\/a> <a href=\"https:\/\/agora.xtec.cat\/ceip-annexa-jp\/wp-content\/uploads\/usu1641\/2023\/01\/WhatsApp-Image-2023-01-26-at-13.09.36-1.jpeg\"><img loading=\"lazy\" decoding=\"async\" class=\"alignnone wp-image-3948\" src=\"https:\/\/agora.xtec.cat\/ceip-annexa-jp\/wp-content\/uploads\/usu1641\/2023\/01\/WhatsApp-Image-2023-01-26-at-13.09.36-1-768x1024.jpeg\" alt=\"\" width=\"164\" height=\"219\" srcset=\"https:\/\/agora.xtec.cat\/ceip-annexa-jp\/wp-content\/uploads\/usu1641\/2023\/01\/WhatsApp-Image-2023-01-26-at-13.09.36-1-768x1024.jpeg 768w, https:\/\/agora.xtec.cat\/ceip-annexa-jp\/wp-content\/uploads\/usu1641\/2023\/01\/WhatsApp-Image-2023-01-26-at-13.09.36-1-225x300.jpeg 225w, https:\/\/agora.xtec.cat\/ceip-annexa-jp\/wp-content\/uploads\/usu1641\/2023\/01\/WhatsApp-Image-2023-01-26-at-13.09.36-1-1152x1536.jpeg 1152w, https:\/\/agora.xtec.cat\/ceip-annexa-jp\/wp-content\/uploads\/usu1641\/2023\/01\/WhatsApp-Image-2023-01-26-at-13.09.36-1.jpeg 1536w\" sizes=\"auto, (max-width: 164px) 100vw, 164px\" \/><\/a> \u00a0<a href=\"https:\/\/agora.xtec.cat\/ceip-annexa-jp\/wp-content\/uploads\/usu1641\/2023\/01\/WhatsApp-Image-2023-01-26-at-13.11.18-1.jpeg\"><img loading=\"lazy\" decoding=\"async\" class=\"alignnone wp-image-3946\" src=\"https:\/\/agora.xtec.cat\/ceip-annexa-jp\/wp-content\/uploads\/usu1641\/2023\/01\/WhatsApp-Image-2023-01-26-at-13.11.18-1-768x1024.jpeg\" alt=\"\" width=\"164\" height=\"219\" srcset=\"https:\/\/agora.xtec.cat\/ceip-annexa-jp\/wp-content\/uploads\/usu1641\/2023\/01\/WhatsApp-Image-2023-01-26-at-13.11.18-1-768x1024.jpeg 768w, https:\/\/agora.xtec.cat\/ceip-annexa-jp\/wp-content\/uploads\/usu1641\/2023\/01\/WhatsApp-Image-2023-01-26-at-13.11.18-1-225x300.jpeg 225w, https:\/\/agora.xtec.cat\/ceip-annexa-jp\/wp-content\/uploads\/usu1641\/2023\/01\/WhatsApp-Image-2023-01-26-at-13.11.18-1-1152x1536.jpeg 1152w, https:\/\/agora.xtec.cat\/ceip-annexa-jp\/wp-content\/uploads\/usu1641\/2023\/01\/WhatsApp-Image-2023-01-26-at-13.11.18-1.jpeg 1536w\" sizes=\"auto, (max-width: 164px) 100vw, 164px\" \/><\/a><\/p>\n<p>\u00c9s a Cicle 3 quan iniciem els projectes eTwinning. <a href=\"http:\/\/www.etwinning.net\/es\/pub\/index.htm\"><span style=\"font-weight: 400;\">eTwinning<\/span><\/a><span style=\"font-weight: 400;\"> \u00e9s una iniciativa que d\u00f3na suport a projectes a la xarxa entre dos o m\u00e9s escoles en diversos pa\u00efsos europeus. Les escoles creen un projecte i el porten a terme utilitzant les Tecnologies de l&#8217;Aprenentatge i el Coneixement (TAC). Donar sentit a l&#8217;aprenentatge de la llengua \u00e9s un dels objectius principals d&#8217;eTwinning, juntament amb la relaci\u00f3 d\u2019intercanvi cultural i metodol\u00f2gic que s\u2019estableix entre els alumnes i el professorat dels diferents pa\u00efsos, tot utilitzant les TAC com a mitj\u00e0 de comunicaci\u00f3.<\/span><\/p>\n<p><a href=\"https:\/\/agora.xtec.cat\/ceip-annexa-jp\/wp-content\/uploads\/usu1641\/2023\/01\/WhatsApp-Image-2023-01-26-at-13.22.20.jpeg\"><img loading=\"lazy\" decoding=\"async\" class=\"alignnone wp-image-3940\" src=\"https:\/\/agora.xtec.cat\/ceip-annexa-jp\/wp-content\/uploads\/usu1641\/2023\/01\/WhatsApp-Image-2023-01-26-at-13.22.20-1024x1024.jpeg\" alt=\"\" width=\"200\" height=\"200\" srcset=\"https:\/\/agora.xtec.cat\/ceip-annexa-jp\/wp-content\/uploads\/usu1641\/2023\/01\/WhatsApp-Image-2023-01-26-at-13.22.20-1024x1024.jpeg 1024w, https:\/\/agora.xtec.cat\/ceip-annexa-jp\/wp-content\/uploads\/usu1641\/2023\/01\/WhatsApp-Image-2023-01-26-at-13.22.20-300x300.jpeg 300w, https:\/\/agora.xtec.cat\/ceip-annexa-jp\/wp-content\/uploads\/usu1641\/2023\/01\/WhatsApp-Image-2023-01-26-at-13.22.20-150x150.jpeg 150w, https:\/\/agora.xtec.cat\/ceip-annexa-jp\/wp-content\/uploads\/usu1641\/2023\/01\/WhatsApp-Image-2023-01-26-at-13.22.20-768x768.jpeg 768w, https:\/\/agora.xtec.cat\/ceip-annexa-jp\/wp-content\/uploads\/usu1641\/2023\/01\/WhatsApp-Image-2023-01-26-at-13.22.20-1536x1536.jpeg 1536w, https:\/\/agora.xtec.cat\/ceip-annexa-jp\/wp-content\/uploads\/usu1641\/2023\/01\/WhatsApp-Image-2023-01-26-at-13.22.20.jpeg 1600w\" sizes=\"auto, (max-width: 200px) 100vw, 200px\" \/><\/a><a href=\"https:\/\/agora.xtec.cat\/ceip-annexa-jp\/wp-content\/uploads\/usu1641\/2023\/01\/WhatsApp-Image-2023-01-26-at-13.18.29.jpeg\"><img loading=\"lazy\" decoding=\"async\" class=\"wp-image-3942 alignleft\" src=\"https:\/\/agora.xtec.cat\/ceip-annexa-jp\/wp-content\/uploads\/usu1641\/2023\/01\/WhatsApp-Image-2023-01-26-at-13.18.29-1024x768.jpeg\" alt=\"\" width=\"228\" height=\"171\" srcset=\"https:\/\/agora.xtec.cat\/ceip-annexa-jp\/wp-content\/uploads\/usu1641\/2023\/01\/WhatsApp-Image-2023-01-26-at-13.18.29-1024x768.jpeg 1024w, https:\/\/agora.xtec.cat\/ceip-annexa-jp\/wp-content\/uploads\/usu1641\/2023\/01\/WhatsApp-Image-2023-01-26-at-13.18.29-300x225.jpeg 300w, https:\/\/agora.xtec.cat\/ceip-annexa-jp\/wp-content\/uploads\/usu1641\/2023\/01\/WhatsApp-Image-2023-01-26-at-13.18.29-768x576.jpeg 768w, https:\/\/agora.xtec.cat\/ceip-annexa-jp\/wp-content\/uploads\/usu1641\/2023\/01\/WhatsApp-Image-2023-01-26-at-13.18.29-1536x1152.jpeg 1536w, https:\/\/agora.xtec.cat\/ceip-annexa-jp\/wp-content\/uploads\/usu1641\/2023\/01\/WhatsApp-Image-2023-01-26-at-13.18.29-200x150.jpeg 200w, https:\/\/agora.xtec.cat\/ceip-annexa-jp\/wp-content\/uploads\/usu1641\/2023\/01\/WhatsApp-Image-2023-01-26-at-13.18.29.jpeg 1600w\" sizes=\"auto, (max-width: 228px) 100vw, 228px\" \/><\/a><a href=\"https:\/\/agora.xtec.cat\/ceip-annexa-jp\/wp-content\/uploads\/usu1641\/2023\/01\/WhatsApp-Image-2023-01-26-at-13.15.20.jpeg\"><img loading=\"lazy\" decoding=\"async\" class=\"wp-image-3943 alignleft\" src=\"https:\/\/agora.xtec.cat\/ceip-annexa-jp\/wp-content\/uploads\/usu1641\/2023\/01\/WhatsApp-Image-2023-01-26-at-13.15.20-1024x1024.jpeg\" alt=\"\" width=\"202\" height=\"202\" srcset=\"https:\/\/agora.xtec.cat\/ceip-annexa-jp\/wp-content\/uploads\/usu1641\/2023\/01\/WhatsApp-Image-2023-01-26-at-13.15.20-1024x1024.jpeg 1024w, https:\/\/agora.xtec.cat\/ceip-annexa-jp\/wp-content\/uploads\/usu1641\/2023\/01\/WhatsApp-Image-2023-01-26-at-13.15.20-300x300.jpeg 300w, https:\/\/agora.xtec.cat\/ceip-annexa-jp\/wp-content\/uploads\/usu1641\/2023\/01\/WhatsApp-Image-2023-01-26-at-13.15.20-150x150.jpeg 150w, https:\/\/agora.xtec.cat\/ceip-annexa-jp\/wp-content\/uploads\/usu1641\/2023\/01\/WhatsApp-Image-2023-01-26-at-13.15.20-768x768.jpeg 768w, https:\/\/agora.xtec.cat\/ceip-annexa-jp\/wp-content\/uploads\/usu1641\/2023\/01\/WhatsApp-Image-2023-01-26-at-13.15.20-1536x1536.jpeg 1536w, https:\/\/agora.xtec.cat\/ceip-annexa-jp\/wp-content\/uploads\/usu1641\/2023\/01\/WhatsApp-Image-2023-01-26-at-13.15.20.jpeg 1600w\" sizes=\"auto, (max-width: 202px) 100vw, 202px\" \/><\/a><\/p>\n","protected":false},"excerpt":{"rendered":"<p>La llengua estrangera que aprenem a l&#8217;escola \u00e9s l&#8217;angl\u00e8s .L&#8217;introdu\u00efm a I3. Aquesta llengua \u00e9s present a diversos \u00e0mbits de [&hellip;]<\/p>\n","protected":false},"author":1,"featured_media":0,"parent":64,"menu_order":20,"comment_status":"closed","ping_status":"closed","template":"page-templates\/side-menu.php","meta":{"_bbp_topic_count":0,"_bbp_reply_count":0,"_bbp_total_topic_count":0,"_bbp_total_reply_count":0,"_bbp_voice_count":0,"_bbp_anonymous_reply_count":0,"_bbp_topic_count_hidden":0,"_bbp_reply_count_hidden":0,"_bbp_forum_subforum_count":0,"site-sidebar-layout":"default","site-content-layout":"","ast-site-content-layout":"","site-content-style":"default","site-sidebar-style":"default","ast-global-header-display":"","ast-banner-title-visibility":"","ast-main-header-display":"","ast-hfb-above-header-display":"","ast-hfb-below-header-display":"","ast-hfb-mobile-header-display":"","site-post-title":"","ast-breadcrumbs-content":"","ast-featured-img":"","footer-sml-layout":"","theme-transparent-header-meta":"","adv-header-id-meta":"","stick-header-meta":"","header-above-stick-meta":"","header-main-stick-meta":"","header-below-stick-meta":"","astra-migrate-meta-layouts":"default","ast-page-background-enabled":"default","ast-page-background-meta":{"desktop":{"background-color":"var(--ast-global-color-4)","background-image":"","background-repeat":"repeat","background-position":"center center","background-size":"auto","background-attachment":"scroll","background-type":"","background-media":"","overlay-type":"","overlay-color":"","overlay-opacity":"","overlay-gradient":""},"tablet":{"background-color":"","background-image":"","background-repeat":"repeat","background-position":"center center","background-size":"auto","background-attachment":"scroll","background-type":"","background-media":"","overlay-type":"","overlay-color":"","overlay-opacity":"","overlay-gradient":""},"mobile":{"background-color":"","background-image":"","background-repeat":"repeat","background-position":"center center","background-size":"auto","background-attachment":"scroll","background-type":"","background-media":"","overlay-type":"","overlay-color":"","overlay-opacity":"","overlay-gradient":""}},"ast-content-background-meta":{"desktop":{"background-color":"var(--ast-global-color-5)","background-image":"","background-repeat":"repeat","background-position":"center center","background-size":"auto","background-attachment":"scroll","background-type":"","background-media":"","overlay-type":"","overlay-color":"","overlay-opacity":"","overlay-gradient":""},"tablet":{"background-color":"var(--ast-global-color-5)","background-image":"","background-repeat":"repeat","background-position":"center center","background-size":"auto","background-attachment":"scroll","background-type":"","background-media":"","overlay-type":"","overlay-color":"","overlay-opacity":"","overlay-gradient":""},"mobile":{"background-color":"var(--ast-global-color-5)","background-image":"","background-repeat":"repeat","background-position":"center center","background-size":"auto","background-attachment":"scroll","background-type":"","background-media":"","overlay-type":"","overlay-color":"","overlay-opacity":"","overlay-gradient":""}},"footnotes":""},"class_list":["post-557","page","type-page","status-publish","hentry"],"post_mailing_queue_ids":[],"_links":{"self":[{"href":"https:\/\/agora.xtec.cat\/ceip-annexa-jp\/wp-json\/wp\/v2\/pages\/557","targetHints":{"allow":["GET"]}}],"collection":[{"href":"https:\/\/agora.xtec.cat\/ceip-annexa-jp\/wp-json\/wp\/v2\/pages"}],"about":[{"href":"https:\/\/agora.xtec.cat\/ceip-annexa-jp\/wp-json\/wp\/v2\/types\/page"}],"author":[{"embeddable":true,"href":"https:\/\/agora.xtec.cat\/ceip-annexa-jp\/wp-json\/wp\/v2\/users\/1"}],"replies":[{"embeddable":true,"href":"https:\/\/agora.xtec.cat\/ceip-annexa-jp\/wp-json\/wp\/v2\/comments?post=557"}],"version-history":[{"count":5,"href":"https:\/\/agora.xtec.cat\/ceip-annexa-jp\/wp-json\/wp\/v2\/pages\/557\/revisions"}],"predecessor-version":[{"id":5422,"href":"https:\/\/agora.xtec.cat\/ceip-annexa-jp\/wp-json\/wp\/v2\/pages\/557\/revisions\/5422"}],"up":[{"embeddable":true,"href":"https:\/\/agora.xtec.cat\/ceip-annexa-jp\/wp-json\/wp\/v2\/pages\/64"}],"wp:attachment":[{"href":"https:\/\/agora.xtec.cat\/ceip-annexa-jp\/wp-json\/wp\/v2\/media?parent=557"}],"curies":[{"name":"wp","href":"https:\/\/api.w.org\/{rel}","templated":true}]}}