{"id":555,"date":"2018-01-17T17:55:32","date_gmt":"2018-01-17T16:55:32","guid":{"rendered":"http:\/\/agora.xtec.cat\/ceip-annexa-jp\/?page_id=555"},"modified":"2023-10-23T12:50:37","modified_gmt":"2023-10-23T10:50:37","slug":"emissora","status":"publish","type":"page","link":"https:\/\/agora.xtec.cat\/ceip-annexa-jp\/projecte-educatiu\/emissora\/","title":{"rendered":"R\u00e0dio Annexa"},"content":{"rendered":"<p style=\"text-align: justify;\"><span style=\"font-weight: 400;\"><br \/>\nEl projecte de l&#8217;<strong>Emissora escolar &#8211; R\u00c0DIO ANNEXA<\/strong> \u00e9s un projecte pensat per treballar la llengua &#8211; tant escrita com oral &#8211; en un context <\/span><span style=\"font-weight: 400;\">funcional i significatiu per als alumnes.<\/span><\/p>\n<p style=\"text-align: justify;\"><span style=\"font-weight: 400;\">L\u2019Emissora emet el seu programa en directe, cada divendres a dos quarts de dotze i, gr\u00e0cies al circuit intern de megafonia de l\u2019escola, present a totes les aules i espais comuns, tot l&#8217;alumnat l\u2019escolta al mateix moment i en fan un treball posterior, adaptat a cada cicle (omplir buits, preguntes d&#8217;escolta activa, bingos&#8230;).\u00a0<\/span><\/p>\n<p style=\"text-align: justify;\"><span style=\"font-weight: 400;\"> Els sis grups de Cicle 3 i sis\u00e8 de prim\u00e0ria s\u00f3n qui assumeixen, de forma rotativa i des de l\u2019\u00e0rea de llengua, l\u2019elaboraci\u00f3 del gui\u00f3 del programa. Aix\u00ed, a partir d&#8217;una tem\u00e0tica pautada, trien les can\u00e7ons que sonaran al llarg del programa, seleccionen les not\u00edcies que han destacat aquella setmana, donen algun tastet cultural i moltes coses m\u00e9s. A m\u00e9s a m\u00e9s, s\u00f3n qui s\u2019encarrega de la locuci\u00f3 el dia de l&#8217;emissi\u00f3 en directe. <\/span><\/p>\n<p style=\"text-align: justify;\"><span style=\"font-weight: 400;\">D&#8217;altra banda, l&#8217;alumnat de sis\u00e8 s\u00f3n qui, per torns, assumeix el control t\u00e8cnic durant cada emissi\u00f3. Aix\u00ed, hi ha un alumne que fa la tasca de t\u00e8cnic de so, amb el seu aprenent, que s\u00f3n els que activen i desactiven els micr\u00f2fons dels locutors i qui puja i baixa el volum de la m\u00fasica. Tamb\u00e9 hi ha un alumne que fa de t\u00e8cnic de m\u00fasiques, \u00e9s a dir, \u00e9s l&#8217;encarregat de posar i treure les can\u00e7ons, sintonies i enregistraments en el moment adequat.<\/span><span style=\"font-weight: 400;\">\u00a0<span style=\"font-family: inherit; font-size: 1em;\"><br \/>\n<\/span><\/span><\/p>\n<table style=\"border-collapse: collapse; width: 100%;\">\n<tbody>\n<tr>\n<td style=\"width: 50%;\"><img loading=\"lazy\" decoding=\"async\" class=\"aligncenter size-medium wp-image-4933\" src=\"https:\/\/agora.xtec.cat\/ceip-annexa-jp\/wp-content\/uploads\/usu1641\/2023\/10\/WhatsApp-Image-2023-10-20-at-12.11.45-300x169.jpeg\" alt=\"\" width=\"300\" height=\"169\" srcset=\"https:\/\/agora.xtec.cat\/ceip-annexa-jp\/wp-content\/uploads\/usu1641\/2023\/10\/WhatsApp-Image-2023-10-20-at-12.11.45-300x169.jpeg 300w, https:\/\/agora.xtec.cat\/ceip-annexa-jp\/wp-content\/uploads\/usu1641\/2023\/10\/WhatsApp-Image-2023-10-20-at-12.11.45-1024x576.jpeg 1024w, https:\/\/agora.xtec.cat\/ceip-annexa-jp\/wp-content\/uploads\/usu1641\/2023\/10\/WhatsApp-Image-2023-10-20-at-12.11.45-768x432.jpeg 768w, https:\/\/agora.xtec.cat\/ceip-annexa-jp\/wp-content\/uploads\/usu1641\/2023\/10\/WhatsApp-Image-2023-10-20-at-12.11.45-1536x863.jpeg 1536w, https:\/\/agora.xtec.cat\/ceip-annexa-jp\/wp-content\/uploads\/usu1641\/2023\/10\/WhatsApp-Image-2023-10-20-at-12.11.45.jpeg 2048w\" sizes=\"auto, (max-width: 300px) 100vw, 300px\" \/><\/td>\n<td style=\"width: 50%;\"><img loading=\"lazy\" decoding=\"async\" class=\"aligncenter size-medium wp-image-4903\" src=\"https:\/\/agora.xtec.cat\/ceip-annexa-jp\/wp-content\/uploads\/usu1641\/2023\/10\/IMG-7195-300x225.jpg\" alt=\"\" width=\"300\" height=\"225\" srcset=\"https:\/\/agora.xtec.cat\/ceip-annexa-jp\/wp-content\/uploads\/usu1641\/2023\/10\/IMG-7195-300x225.jpg 300w, https:\/\/agora.xtec.cat\/ceip-annexa-jp\/wp-content\/uploads\/usu1641\/2023\/10\/IMG-7195-1024x768.jpg 1024w, https:\/\/agora.xtec.cat\/ceip-annexa-jp\/wp-content\/uploads\/usu1641\/2023\/10\/IMG-7195-768x576.jpg 768w, https:\/\/agora.xtec.cat\/ceip-annexa-jp\/wp-content\/uploads\/usu1641\/2023\/10\/IMG-7195-1536x1152.jpg 1536w, https:\/\/agora.xtec.cat\/ceip-annexa-jp\/wp-content\/uploads\/usu1641\/2023\/10\/IMG-7195-2048x1536.jpg 2048w, https:\/\/agora.xtec.cat\/ceip-annexa-jp\/wp-content\/uploads\/usu1641\/2023\/10\/IMG-7195-200x150.jpg 200w\" sizes=\"auto, (max-width: 300px) 100vw, 300px\" \/><span style=\"font-family: inherit; font-size: 1em; text-align: justify;\">\u00a0 \u00a0 \u00a0 \u00a0 \u00a0 \u00a0 \u00a0 \u00a0 \u00a0<\/span><\/td>\n<\/tr>\n<\/tbody>\n<\/table>\n<p style=\"text-align: justify;\"><span>Algunes de les seccions fixes del programa que preparen els alumnes de cicle 3 i 6\u00e8 s\u00f3n : <b><em>l&#8217;estil<em>\u00a0musica<\/em>l de la setmana<\/em>, <em>not\u00edcies de l\u2019Annexa i del m\u00f3n<\/em>, <em>tastets culturals<\/em><\/b><strong>, l\u2019enigma i la frase feta de la setmana, <em>aniversaris i l&#8217;acudit<\/em><span style=\"font-weight: 400;\">.<\/span><\/strong><\/span><\/p>\n<p style=\"text-align: justify;\"><span style=\"font-weight: 400;\">A cada programa tamb\u00e9 hi ha seccions en qu\u00e8 els altres cicles de l&#8217;escola, per torns, poden participar. S\u00f3n <em><strong>el curs convidat<\/strong><\/em> i\u00a0l\u2019<em><strong>English corner<\/strong><\/em>.\u00a0D\u2019aquesta manera tots i cadascun dels cicles de l\u2019escola tenen ocasi\u00f3 de participar en els programes.<\/span><span style=\"font-family: inherit; font-size: 1em;\">\u00a0 \u00a0<\/span><\/p>\n<p style=\"text-align: justify;\"><span style=\"font-weight: 400;\"> Es fan programes especials per a ocasions concretes: Setmana de la Ci\u00e8ncia, Setmana Cultural, festes o altres diades. Durant el curs tamb\u00e9 es fa algun programa en directe al gimn\u00e0s, davant de tots els alumnes de l&#8217;escola, per tal que puguin veure la feina que implica cada emissi\u00f3. Finalment, hi ha tres emissores a l&#8217;any (en diades especials, com la de Sant Jordi) que es retransmeten en directe amb format v\u00eddeo, aix\u00ed l&#8217;alumnat de l&#8217;escola pot tenir un tastet del funcionament de la r\u00e0dio.<\/span><\/p>\n<table style=\"border-collapse: collapse; width: 100%;\">\n<tbody>\n<tr>\n<td style=\"width: 50%;\"><img loading=\"lazy\" decoding=\"async\" class=\"aligncenter size-medium wp-image-4507\" src=\"https:\/\/agora.xtec.cat\/ceip-annexa-jp\/wp-content\/uploads\/usu1641\/2023\/06\/b5026b7d-e33c-4afa-9ed7-ef2912737d75-300x169.jpg\" alt=\"\" width=\"300\" height=\"169\" srcset=\"https:\/\/agora.xtec.cat\/ceip-annexa-jp\/wp-content\/uploads\/usu1641\/2023\/06\/b5026b7d-e33c-4afa-9ed7-ef2912737d75-300x169.jpg 300w, https:\/\/agora.xtec.cat\/ceip-annexa-jp\/wp-content\/uploads\/usu1641\/2023\/06\/b5026b7d-e33c-4afa-9ed7-ef2912737d75-1024x576.jpg 1024w, https:\/\/agora.xtec.cat\/ceip-annexa-jp\/wp-content\/uploads\/usu1641\/2023\/06\/b5026b7d-e33c-4afa-9ed7-ef2912737d75-768x432.jpg 768w, https:\/\/agora.xtec.cat\/ceip-annexa-jp\/wp-content\/uploads\/usu1641\/2023\/06\/b5026b7d-e33c-4afa-9ed7-ef2912737d75-1536x864.jpg 1536w, https:\/\/agora.xtec.cat\/ceip-annexa-jp\/wp-content\/uploads\/usu1641\/2023\/06\/b5026b7d-e33c-4afa-9ed7-ef2912737d75.jpg 2016w\" sizes=\"auto, (max-width: 300px) 100vw, 300px\" \/><\/td>\n<td style=\"width: 50%;\"><img loading=\"lazy\" decoding=\"async\" class=\"aligncenter size-medium wp-image-4276\" src=\"https:\/\/agora.xtec.cat\/ceip-annexa-jp\/wp-content\/uploads\/usu1641\/2023\/04\/0-1-300x225.jpg\" alt=\"\" width=\"300\" height=\"225\" srcset=\"https:\/\/agora.xtec.cat\/ceip-annexa-jp\/wp-content\/uploads\/usu1641\/2023\/04\/0-1-300x225.jpg 300w, https:\/\/agora.xtec.cat\/ceip-annexa-jp\/wp-content\/uploads\/usu1641\/2023\/04\/0-1-200x150.jpg 200w, https:\/\/agora.xtec.cat\/ceip-annexa-jp\/wp-content\/uploads\/usu1641\/2023\/04\/0-1.jpg 480w\" sizes=\"auto, (max-width: 300px) 100vw, 300px\" \/><\/td>\n<\/tr>\n<\/tbody>\n<\/table>\n<p>Seguidament, el programa \u00e9s editat per ser penjat<span style=\"font-weight: 400;\">\u00a0al blog de <a href=\"https:\/\/agora.xtec.cat\/ceip-annexa-jp\/categoria\/general\/radio-annexa\/\"><strong>r\u00e0dio Annexa<\/strong><\/a>. Aix\u00f2 permet que sigui accessible per tot l&#8217;alumnat i les seves fam\u00edlies.<\/span><\/p>\n<p>Us deixem amb un v\u00eddeo resum de la nostra R\u00e0dio!<\/p>\n<div class=\"ast-oembed-container \" style=\"height: 100%;\"><iframe loading=\"lazy\" title=\"Estudi del projecte d\u2019emissora de ra\u0300dio escolar a l\u2019Escola Annexa\" width=\"500\" height=\"281\" src=\"https:\/\/www.youtube.com\/embed\/adLNPHruwrQ?feature=oembed\" frameborder=\"0\" allow=\"accelerometer; autoplay; clipboard-write; encrypted-media; gyroscope; picture-in-picture; web-share\" referrerpolicy=\"strict-origin-when-cross-origin\" allowfullscreen><\/iframe><\/div>\n","protected":false},"excerpt":{"rendered":"<p>El projecte de l&#8217;Emissora escolar &#8211; R\u00c0DIO ANNEXA \u00e9s un projecte pensat per treballar la llengua &#8211; tant escrita com [&hellip;]<\/p>\n","protected":false},"author":1,"featured_media":0,"parent":64,"menu_order":15,"comment_status":"closed","ping_status":"closed","template":"page-templates\/side-menu.php","meta":{"_bbp_topic_count":0,"_bbp_reply_count":0,"_bbp_total_topic_count":0,"_bbp_total_reply_count":0,"_bbp_voice_count":0,"_bbp_anonymous_reply_count":0,"_bbp_topic_count_hidden":0,"_bbp_reply_count_hidden":0,"_bbp_forum_subforum_count":0,"site-sidebar-layout":"default","site-content-layout":"","ast-site-content-layout":"","site-content-style":"default","site-sidebar-style":"default","ast-global-header-display":"","ast-banner-title-visibility":"","ast-main-header-display":"","ast-hfb-above-header-display":"","ast-hfb-below-header-display":"","ast-hfb-mobile-header-display":"","site-post-title":"","ast-breadcrumbs-content":"","ast-featured-img":"","footer-sml-layout":"","theme-transparent-header-meta":"","adv-header-id-meta":"","stick-header-meta":"","header-above-stick-meta":"","header-main-stick-meta":"","header-below-stick-meta":"","astra-migrate-meta-layouts":"default","ast-page-background-enabled":"default","ast-page-background-meta":{"desktop":{"background-color":"var(--ast-global-color-4)","background-image":"","background-repeat":"repeat","background-position":"center center","background-size":"auto","background-attachment":"scroll","background-type":"","background-media":"","overlay-type":"","overlay-color":"","overlay-opacity":"","overlay-gradient":""},"tablet":{"background-color":"","background-image":"","background-repeat":"repeat","background-position":"center center","background-size":"auto","background-attachment":"scroll","background-type":"","background-media":"","overlay-type":"","overlay-color":"","overlay-opacity":"","overlay-gradient":""},"mobile":{"background-color":"","background-image":"","background-repeat":"repeat","background-position":"center center","background-size":"auto","background-attachment":"scroll","background-type":"","background-media":"","overlay-type":"","overlay-color":"","overlay-opacity":"","overlay-gradient":""}},"ast-content-background-meta":{"desktop":{"background-color":"var(--ast-global-color-5)","background-image":"","background-repeat":"repeat","background-position":"center center","background-size":"auto","background-attachment":"scroll","background-type":"","background-media":"","overlay-type":"","overlay-color":"","overlay-opacity":"","overlay-gradient":""},"tablet":{"background-color":"var(--ast-global-color-5)","background-image":"","background-repeat":"repeat","background-position":"center center","background-size":"auto","background-attachment":"scroll","background-type":"","background-media":"","overlay-type":"","overlay-color":"","overlay-opacity":"","overlay-gradient":""},"mobile":{"background-color":"var(--ast-global-color-5)","background-image":"","background-repeat":"repeat","background-position":"center center","background-size":"auto","background-attachment":"scroll","background-type":"","background-media":"","overlay-type":"","overlay-color":"","overlay-opacity":"","overlay-gradient":""}},"footnotes":""},"class_list":["post-555","page","type-page","status-publish","hentry"],"post_mailing_queue_ids":[],"_links":{"self":[{"href":"https:\/\/agora.xtec.cat\/ceip-annexa-jp\/wp-json\/wp\/v2\/pages\/555","targetHints":{"allow":["GET"]}}],"collection":[{"href":"https:\/\/agora.xtec.cat\/ceip-annexa-jp\/wp-json\/wp\/v2\/pages"}],"about":[{"href":"https:\/\/agora.xtec.cat\/ceip-annexa-jp\/wp-json\/wp\/v2\/types\/page"}],"author":[{"embeddable":true,"href":"https:\/\/agora.xtec.cat\/ceip-annexa-jp\/wp-json\/wp\/v2\/users\/1"}],"replies":[{"embeddable":true,"href":"https:\/\/agora.xtec.cat\/ceip-annexa-jp\/wp-json\/wp\/v2\/comments?post=555"}],"version-history":[{"count":8,"href":"https:\/\/agora.xtec.cat\/ceip-annexa-jp\/wp-json\/wp\/v2\/pages\/555\/revisions"}],"predecessor-version":[{"id":3738,"href":"https:\/\/agora.xtec.cat\/ceip-annexa-jp\/wp-json\/wp\/v2\/pages\/555\/revisions\/3738"}],"up":[{"embeddable":true,"href":"https:\/\/agora.xtec.cat\/ceip-annexa-jp\/wp-json\/wp\/v2\/pages\/64"}],"wp:attachment":[{"href":"https:\/\/agora.xtec.cat\/ceip-annexa-jp\/wp-json\/wp\/v2\/media?parent=555"}],"curies":[{"name":"wp","href":"https:\/\/api.w.org\/{rel}","templated":true}]}}