{"id":30,"date":"2014-09-18T12:30:23","date_gmt":"2014-09-18T11:30:23","guid":{"rendered":"http:\/\/agora.xtec.cat\/ceip-annexa-jp\/?page_id=30"},"modified":"2025-09-30T12:58:01","modified_gmt":"2025-09-30T10:58:01","slug":"mestres","status":"publish","type":"page","link":"https:\/\/agora.xtec.cat\/ceip-annexa-jp\/lescola\/mestres\/","title":{"rendered":"Equip de mestres"},"content":{"rendered":"\n<h4 class=\"wp-block-heading\">Us presentem l&#8217;equip de mestres per al curs 2025-2026:<\/h4>\n\n\n\n<figure class=\"wp-block-image size-large\"><a href=\"https:\/\/agora.xtec.cat\/ceip-annexa-jp\/wp-content\/uploads\/usu1641\/2025\/09\/WhatsApp-Image-2025-09-03-at-11.17.44.jpeg\"><img loading=\"lazy\" decoding=\"async\" width=\"1024\" height=\"578\" src=\"https:\/\/agora.xtec.cat\/ceip-annexa-jp\/wp-content\/uploads\/usu1641\/2025\/09\/WhatsApp-Image-2025-09-03-at-11.17.44-1024x578.jpeg\" alt=\"\" class=\"wp-image-7721\" srcset=\"https:\/\/agora.xtec.cat\/ceip-annexa-jp\/wp-content\/uploads\/usu1641\/2025\/09\/WhatsApp-Image-2025-09-03-at-11.17.44-1024x578.jpeg 1024w, https:\/\/agora.xtec.cat\/ceip-annexa-jp\/wp-content\/uploads\/usu1641\/2025\/09\/WhatsApp-Image-2025-09-03-at-11.17.44-300x169.jpeg 300w, https:\/\/agora.xtec.cat\/ceip-annexa-jp\/wp-content\/uploads\/usu1641\/2025\/09\/WhatsApp-Image-2025-09-03-at-11.17.44-768x433.jpeg 768w, https:\/\/agora.xtec.cat\/ceip-annexa-jp\/wp-content\/uploads\/usu1641\/2025\/09\/WhatsApp-Image-2025-09-03-at-11.17.44-1536x867.jpeg 1536w, https:\/\/agora.xtec.cat\/ceip-annexa-jp\/wp-content\/uploads\/usu1641\/2025\/09\/WhatsApp-Image-2025-09-03-at-11.17.44.jpeg 1600w\" sizes=\"auto, (max-width: 1024px) 100vw, 1024px\" \/><\/a><\/figure>\n\n\n\n<h5 class=\"wp-block-heading\">TUTORIES EI (I3-I4): LA MASIA CATALANA<\/h5>\n\n\n\n<figure class=\"wp-block-table\"><table class=\"has-fixed-layout\"><tbody><tr><td>EI A &#8211; CAMPEROLS: Mar Madri\u00e0 <a href=\"mailto:mar.madria@escolaannexa.cat\" data-type=\"link\" data-id=\"mailtomar.madria@escolaannexa.cat\" target=\"_blank\" rel=\"noreferrer noopener\">mar.madria@escolaannexa.cat<\/a><\/td><\/tr><tr><td>EI B &#8211; GRANGERS: Cris Fontcuberta  <a href=\"mailto:cristina.fontcuberta@escolaannexa.cat\">cristina.fontcuberta@escolaannexa.cat<\/a><\/td><\/tr><tr><td>EI C &#8211; PASTORS: Dolors Llagostera <a href=\"mailto:dolors.llagostera@escolaannexa.cat\">dolors.llagostera@escolaannexa.cat<\/a><\/td><\/tr><tr><td>EI D &#8211; HORTOLANS: Nora Reverter <a href=\"mailto:nora.reverter@escolaannexa.cat\">nora.reverter@escolaannexa.cat<\/a><\/td><\/tr><\/tbody><\/table><\/figure>\n\n\n\n<h5 class=\"wp-block-heading\">TUTORIES C1 (I5-P1): EL BOSC ENCANTAT<\/h5>\n\n\n\n<figure class=\"wp-block-table\"><table class=\"has-fixed-layout\"><tbody><tr><td>C1 A &#8211; GAVARRES: Isabel Rosa <a href=\"mailto:isabel.rosa@escolaannexa.cat\">isabel.rosa@escolaannexa.cat<\/a><\/td><\/tr><tr><td>C1 B &#8211; DEVESA: Anna Casanova <a href=\"mailto:anna.casanova@escolaannexa.cat\">anna.casanova@escolaannexa.cat<\/a> i Llu\u00eds Gordaliza <a href=\"mailto:lluis.gordaliza@escolaannexa.cat\">lluis.gordaliza@escolaannexa.cat<\/a><\/td><\/tr><tr><td>C1 C &#8211; VALL DE SANT DANIEL: Carla Mercader <a href=\"mailto:carla.mercader@escolaannexa.cat\">carla.mercader@escolaannexa.cat<\/a><\/td><\/tr><tr><td>C1 D &#8211; BOSC DE PALAU: Marta Escura <a href=\"mailto:marta.escura@escolaannexa.cat\">marta.escura@escolaannexa.cat<\/a><\/td><\/tr><\/tbody><\/table><\/figure>\n\n\n\n<h5 class=\"wp-block-heading\">TUTORIES C2 (P2-P3): LA VOLTA AL M\u00d3N<\/h5>\n\n\n\n<figure class=\"wp-block-table\"><table class=\"has-fixed-layout\"><tbody><tr><td>C2 A &#8211; TREN D&#8217;OLOT: Alba Llopart <a href=\"mailto:alba.llopart@escolaannexa.cat\">alba.llopart@escolaannexa.cat<\/a><\/td><\/tr><tr><td>C2 B &#8211; ICTINEU: Helena Rosas <a href=\"mailto:helena.rosas@escolaannexa.cat\">helena.rosas@escolaannexa.cat<\/a><\/td><\/tr><tr><td>C2 C &#8211; KITTY HAWK: Cristina Sans\u00f3 <a href=\"mailto:cristina.sanso@escolaannexa.cat\">cristina.sanso@escolaannexa.cat<\/a><\/td><\/tr><\/tbody><\/table><\/figure>\n\n\n\n<h5 class=\"wp-block-heading\">TUTORIES C3 (P4-P5): AMUNT EL TEL\u00d3<\/h5>\n\n\n\n<figure class=\"wp-block-table\"><table class=\"has-fixed-layout\"><tbody><tr><td>C3 A &#8211; SCALA: Gemma Torrabadella <a href=\"mailto:gemma.torrabadella@escolaannexa.cat\">gemma.torrabadella@escolaannexa.cat<\/a><\/td><\/tr><tr><td>C3 B &#8211; GLOBE: Francesc Brugu\u00e9 <a href=\"mailto:francesc.brugue@escolaannexa.cat\">francesc.brugue@escolaannexa.cat<\/a><\/td><\/tr><tr><td>C3 C &#8211; BROADWAY: Agust\u00ed Alvarez <a href=\"mailto:agusti.alvarez@escolaannexa.cat\">agusti.alvarez@escolaannexa.cat<\/a><\/td><\/tr><tr><td>C3 D &#8211; EPIDAURE: Eva Grau <a href=\"mailto:eva.grau@escolaannexa.cat\">eva.grau@escolaannexa.cat<\/a><\/td><\/tr><\/tbody><\/table><\/figure>\n\n\n\n<h5 class=\"wp-block-heading\">TUTORIES 6\u00e8 (P6): UN CURS DE CINE!<\/h5>\n\n\n\n<figure class=\"wp-block-table\"><table class=\"has-fixed-layout\"><tbody><tr><td>6\u00e8 A &#8211; GUIONISTES: N\u00faria Pinsach <a href=\"mailto:nuria.pinsach@escolaannexa.cat\">nuria.pinsach@escolaannexa.cat<\/a><\/td><\/tr><tr><td>6\u00e8 B &#8211; EDITORES: Alex Pepiol <a href=\"mailto:alex.pepiol@escolaannexa.cat\">alex.pepiol@escolaannexa.cat<\/a><\/td><\/tr><\/tbody><\/table><\/figure>\n\n\n\n<h5 class=\"wp-block-heading\">ESPECIALISTES<\/h5>\n\n\n\n<figure class=\"wp-block-table\"><table class=\"has-fixed-layout\"><tbody><tr><td>M\u00daSICA: Rosanna Berenguer&nbsp;<\/td><\/tr><tr><td>EDUCACI\u00d3 F\u00cdSICA: Laura F\u00e0bregas<\/td><\/tr><tr><td>ENGLISH: Marina Massanas, Laura Balat, Maria Rieradevall<\/td><\/tr><tr><td>ATENCI\u00d3 A LA DIVERSITAT: In\u00e9s Cigliuti (mestra Educaci\u00f3 Especial), Anna Cabarrocas (mestra Educaci\u00f3 Especial), Alba Torras (mestra SIEI), Anna Fern\u00e1ndez (Educadora SIEI), Alba Rispau (mestra Aula Acollida), Ana Maria Pascual (mestra suport), Mariona Vin\u00f3s (mestra suport), Gemma Torner (TEI), Carol Pag\u00e8s (vetlladora) i Gl\u00f2ria Garcia (vetlladora).<\/td><\/tr><tr><td>SOCIOTECA: Gemma Mart\u00ednez<\/td><\/tr><tr><td>TEATRE: Enric Pujades i Carme Val (mestra volunt\u00e0ria)<\/td><\/tr><tr><td>RELIGI\u00d3: Anabel Algarra<\/td><\/tr><\/tbody><\/table><\/figure>\n\n\n\n<h5 class=\"wp-block-heading\">EQUIP DIRECTIU<\/h5>\n\n\n\n<figure class=\"wp-block-table\"><table class=\"has-fixed-layout\"><tbody><tr><td>DIRECTORA: Iolanda Moya <a href=\"mailto:b7001449@xtec.cat\">b7001449@xtec.cat<\/a><\/td><\/tr><tr><td>CAP D&#8217;ESTUDIS: Enric Pujades <a href=\"mailto:b7001449@xtec.cat\">b7001449@xtec.cat<\/a><\/td><\/tr><tr><td>SECRET\u00c0RIA: N\u00faria Pinsach <a href=\"mailto:b7001449@xtec.cat\">b7001449@xtec.cat<\/a><\/td><\/tr><\/tbody><\/table><\/figure>\n\n\n\n<h5 class=\"wp-block-heading\">ADMINISTRACI\u00d3 I CONSERGERIA<\/h5>\n\n\n\n<figure class=\"wp-block-table\"><table class=\"has-fixed-layout\"><tbody><tr><td>ADMINISTRACI\u00d3: Cati Vil\u00e0 <a href=\"mailto:cristina.fontcuberta@escolaannexa.cat\"><\/a><a href=\"mailto:administracio@escolaannexa.cat\">administracio@escolaannexa.cat<\/a><\/td><\/tr><tr><td>CONSERGERIA: Andreu Ruano (Alfred Hern\u00e1ndez)<\/td><\/tr><\/tbody><\/table><\/figure>\n\n\n\n<p><\/p>\n","protected":false},"excerpt":{"rendered":"<p>Us presentem l&#8217;equip de mestres per al curs 2025-2026: TUTORIES EI (I3-I4): LA MASIA CATALANA EI A &#8211; CAMPEROLS: Mar [&hellip;]<\/p>\n","protected":false},"author":1,"featured_media":0,"parent":22,"menu_order":25,"comment_status":"closed","ping_status":"closed","template":"","meta":{"_bbp_topic_count":0,"_bbp_reply_count":0,"_bbp_total_topic_count":0,"_bbp_total_reply_count":0,"_bbp_voice_count":0,"_bbp_anonymous_reply_count":0,"_bbp_topic_count_hidden":0,"_bbp_reply_count_hidden":0,"_bbp_forum_subforum_count":0,"site-sidebar-layout":"default","site-content-layout":"","ast-site-content-layout":"default","site-content-style":"default","site-sidebar-style":"default","ast-global-header-display":"","ast-banner-title-visibility":"","ast-main-header-display":"","ast-hfb-above-header-display":"","ast-hfb-below-header-display":"","ast-hfb-mobile-header-display":"","site-post-title":"","ast-breadcrumbs-content":"","ast-featured-img":"","footer-sml-layout":"","theme-transparent-header-meta":"","adv-header-id-meta":"","stick-header-meta":"","header-above-stick-meta":"","header-main-stick-meta":"","header-below-stick-meta":"","astra-migrate-meta-layouts":"set","ast-page-background-enabled":"default","ast-page-background-meta":{"desktop":{"background-color":"var(--ast-global-color-4)","background-image":"","background-repeat":"repeat","background-position":"center center","background-size":"auto","background-attachment":"scroll","background-type":"","background-media":"","overlay-type":"","overlay-color":"","overlay-opacity":"","overlay-gradient":""},"tablet":{"background-color":"","background-image":"","background-repeat":"repeat","background-position":"center center","background-size":"auto","background-attachment":"scroll","background-type":"","background-media":"","overlay-type":"","overlay-color":"","overlay-opacity":"","overlay-gradient":""},"mobile":{"background-color":"","background-image":"","background-repeat":"repeat","background-position":"center center","background-size":"auto","background-attachment":"scroll","background-type":"","background-media":"","overlay-type":"","overlay-color":"","overlay-opacity":"","overlay-gradient":""}},"ast-content-background-meta":{"desktop":{"background-color":"var(--ast-global-color-5)","background-image":"","background-repeat":"repeat","background-position":"center center","background-size":"auto","background-attachment":"scroll","background-type":"","background-media":"","overlay-type":"","overlay-color":"","overlay-opacity":"","overlay-gradient":""},"tablet":{"background-color":"var(--ast-global-color-5)","background-image":"","background-repeat":"repeat","background-position":"center center","background-size":"auto","background-attachment":"scroll","background-type":"","background-media":"","overlay-type":"","overlay-color":"","overlay-opacity":"","overlay-gradient":""},"mobile":{"background-color":"var(--ast-global-color-5)","background-image":"","background-repeat":"repeat","background-position":"center center","background-size":"auto","background-attachment":"scroll","background-type":"","background-media":"","overlay-type":"","overlay-color":"","overlay-opacity":"","overlay-gradient":""}},"footnotes":""},"class_list":["post-30","page","type-page","status-publish","hentry"],"post_mailing_queue_ids":[],"_links":{"self":[{"href":"https:\/\/agora.xtec.cat\/ceip-annexa-jp\/wp-json\/wp\/v2\/pages\/30","targetHints":{"allow":["GET"]}}],"collection":[{"href":"https:\/\/agora.xtec.cat\/ceip-annexa-jp\/wp-json\/wp\/v2\/pages"}],"about":[{"href":"https:\/\/agora.xtec.cat\/ceip-annexa-jp\/wp-json\/wp\/v2\/types\/page"}],"author":[{"embeddable":true,"href":"https:\/\/agora.xtec.cat\/ceip-annexa-jp\/wp-json\/wp\/v2\/users\/1"}],"replies":[{"embeddable":true,"href":"https:\/\/agora.xtec.cat\/ceip-annexa-jp\/wp-json\/wp\/v2\/comments?post=30"}],"version-history":[{"count":6,"href":"https:\/\/agora.xtec.cat\/ceip-annexa-jp\/wp-json\/wp\/v2\/pages\/30\/revisions"}],"predecessor-version":[{"id":7795,"href":"https:\/\/agora.xtec.cat\/ceip-annexa-jp\/wp-json\/wp\/v2\/pages\/30\/revisions\/7795"}],"up":[{"embeddable":true,"href":"https:\/\/agora.xtec.cat\/ceip-annexa-jp\/wp-json\/wp\/v2\/pages\/22"}],"wp:attachment":[{"href":"https:\/\/agora.xtec.cat\/ceip-annexa-jp\/wp-json\/wp\/v2\/media?parent=30"}],"curies":[{"name":"wp","href":"https:\/\/api.w.org\/{rel}","templated":true}]}}