{"id":28,"date":"2014-09-18T12:29:35","date_gmt":"2014-09-18T11:29:35","guid":{"rendered":"http:\/\/agora.xtec.cat\/ceip-annexa-jp\/?page_id=28"},"modified":"2026-01-27T08:31:10","modified_gmt":"2026-01-27T07:31:10","slug":"consell-escolar","status":"publish","type":"page","link":"https:\/\/agora.xtec.cat\/ceip-annexa-jp\/lescola\/consell-escolar\/","title":{"rendered":"Consell Escolar"},"content":{"rendered":"<p>El Consell Escolar \u00e9s l&#8217;\u00f2rgan de govern de l&#8217;escola. Est\u00e0 compost per representants del personal docent, de les fam\u00edlies, de l&#8217;AFA, del Personal d&#8217;Administraci\u00f3 i Serveis (PAS), del Personal d&#8217;Atenci\u00f3 Educativa (PAE) i d&#8217;un representant de l&#8217;Ajuntament. Els representants surten elegits per votaci\u00f3. Les seves funcions s\u00f3n, entre d&#8217;altres, aprovar el pressupost del centre, fer-ne el seguiment i aprovar-ne la liquidaci\u00f3; aprovar el reglament de r\u00e8gim intern del centre; promoure la conservaci\u00f3 i renovaci\u00f3 de les instal\u00b7lacions i material escolar; analitzar i valorar el funcionament general de l&#8217;escola, l&#8217;evoluci\u00f3 del rendiment escolar; elaborar un informe que s&#8217;inclou en la mem\u00f2ria anual. El Consell Escolar es reuneix preceptivament una vegada al trimestre i un cop a l&#8217;inici i a final de curs. Les eleccions al Consell Escolar tenen lloc cada dos anys i se&#8217;n renova la meitat dels seus membres.<\/p>\n<p><a href=\"https:\/\/agora.xtec.cat\/ceip-annexa-jp\/wp-content\/uploads\/usu1641\/2025\/09\/funcions_consell_escolar.pdf.pdf\"><span style=\"color: #ff6600;\"><strong>Funcions del Consell Escolar<\/strong><\/span><\/a><\/p>\n<p><strong>Actualment el Consell Escolar est\u00e0 compost per:<\/strong><\/p>\n<p><span lang=\"CA\">Direcci\u00f3:\u00a0<\/span><span lang=\"CA\">Iolanda Moya<\/span><\/p>\n<p><span lang=\"CA\">Cap d&#8217;estudis: <\/span><span lang=\"CA\"><span lang=\"CA\">Enric Pujades<\/span><\/span><\/p>\n<p><span lang=\"CA\">Secret\u00e0ria: <\/span><span lang=\"CA\">N\u00faria Pinsach<\/span><\/p>\n<p><span lang=\"CA\">Representant del PAS: <\/span><span lang=\"CA\">Cati Vil\u00e0<\/span><\/p>\n<p><span lang=\"CA\">Representant del PAE : Ana Fern\u00e1ndez<\/span><\/p>\n<p><span lang=\"CA\">Representant de l&#8217;AFA: <\/span><span lang=\"CA\">L\u00eddia Artigas\u00a0<\/span><\/p>\n<p><span lang=\"CA\">Representants de l&#8217;Ajuntament: Joaquim Ayats<\/span><\/p>\n<p><span lang=\"CA\">Representants de les fam\u00edlies:<\/span> Rosa Collado, Jordi Juli\u00e0,\u00a0 Paula Albanell, Paz Castillo, Pol Gu\u00e0rdia i L\u00eddia Artigas (representant de l&#8217;AFA).<\/p>\n<p><span lang=\"CA\">Representants del claustre: Alba Llopart, Dolors Llagostera, Marina Massanas, Rosanna Berenguer, Carla Mercader i Anna Casanova.\u00a0<\/span><\/p>\n<p><img loading=\"lazy\" decoding=\"async\" class=\"aligncenter size-large wp-image-8179\" src=\"https:\/\/agora.xtec.cat\/ceip-annexa-jp\/wp-content\/uploads\/usu1641\/2025\/12\/Composicio-Consell-Escolar-curs-25-26-3-724x1024.png\" alt=\"\" width=\"724\" height=\"1024\" srcset=\"https:\/\/agora.xtec.cat\/ceip-annexa-jp\/wp-content\/uploads\/usu1641\/2025\/12\/Composicio-Consell-Escolar-curs-25-26-3-724x1024.png 724w, https:\/\/agora.xtec.cat\/ceip-annexa-jp\/wp-content\/uploads\/usu1641\/2025\/12\/Composicio-Consell-Escolar-curs-25-26-3-212x300.png 212w, https:\/\/agora.xtec.cat\/ceip-annexa-jp\/wp-content\/uploads\/usu1641\/2025\/12\/Composicio-Consell-Escolar-curs-25-26-3-768x1086.png 768w, https:\/\/agora.xtec.cat\/ceip-annexa-jp\/wp-content\/uploads\/usu1641\/2025\/12\/Composicio-Consell-Escolar-curs-25-26-3-1086x1536.png 1086w, https:\/\/agora.xtec.cat\/ceip-annexa-jp\/wp-content\/uploads\/usu1641\/2025\/12\/Composicio-Consell-Escolar-curs-25-26-3-1448x2048.png 1448w, https:\/\/agora.xtec.cat\/ceip-annexa-jp\/wp-content\/uploads\/usu1641\/2025\/12\/Composicio-Consell-Escolar-curs-25-26-3.png 1587w\" sizes=\"auto, (max-width: 724px) 100vw, 724px\" \/><\/p>\n<p><strong>ACTES CONSELL ESCOLAR CURS 2025-2026:<\/strong><\/p>\n<p><a href=\"https:\/\/drive.google.com\/file\/d\/1C6KXax8yHXDNl0qOxtjLqjHzwRiFFSW7\/view?usp=drive_link\">01. Acta Consell Escolar 13-10-25<\/a><\/p>\n<p><a href=\"https:\/\/docs.google.com\/document\/d\/1C8gAvD3eYVBEb4CZbZjs13WAHpz2MMRZEtME5i5fjjA\/edit?usp=sharing\">02. Acta Consell Escolar 26-01-26<\/a><\/p>\n\n\n<p><\/p>\n","protected":false},"excerpt":{"rendered":"<p>El Consell Escolar \u00e9s l&#8217;\u00f2rgan de govern de l&#8217;escola. Est\u00e0 compost per representants del personal docent, de les fam\u00edlies, de [&hellip;]<\/p>\n","protected":false},"author":1,"featured_media":0,"parent":22,"menu_order":30,"comment_status":"closed","ping_status":"closed","template":"","meta":{"_bbp_topic_count":0,"_bbp_reply_count":0,"_bbp_total_topic_count":0,"_bbp_total_reply_count":0,"_bbp_voice_count":0,"_bbp_anonymous_reply_count":0,"_bbp_topic_count_hidden":0,"_bbp_reply_count_hidden":0,"_bbp_forum_subforum_count":0,"site-sidebar-layout":"default","site-content-layout":"","ast-site-content-layout":"default","site-content-style":"default","site-sidebar-style":"default","ast-global-header-display":"","ast-banner-title-visibility":"","ast-main-header-display":"","ast-hfb-above-header-display":"","ast-hfb-below-header-display":"","ast-hfb-mobile-header-display":"","site-post-title":"","ast-breadcrumbs-content":"","ast-featured-img":"","footer-sml-layout":"","theme-transparent-header-meta":"","adv-header-id-meta":"","stick-header-meta":"","header-above-stick-meta":"","header-main-stick-meta":"","header-below-stick-meta":"","astra-migrate-meta-layouts":"set","ast-page-background-enabled":"default","ast-page-background-meta":{"desktop":{"background-color":"var(--ast-global-color-4)","background-image":"","background-repeat":"repeat","background-position":"center center","background-size":"auto","background-attachment":"scroll","background-type":"","background-media":"","overlay-type":"","overlay-color":"","overlay-opacity":"","overlay-gradient":""},"tablet":{"background-color":"","background-image":"","background-repeat":"repeat","background-position":"center center","background-size":"auto","background-attachment":"scroll","background-type":"","background-media":"","overlay-type":"","overlay-color":"","overlay-opacity":"","overlay-gradient":""},"mobile":{"background-color":"","background-image":"","background-repeat":"repeat","background-position":"center center","background-size":"auto","background-attachment":"scroll","background-type":"","background-media":"","overlay-type":"","overlay-color":"","overlay-opacity":"","overlay-gradient":""}},"ast-content-background-meta":{"desktop":{"background-color":"var(--ast-global-color-5)","background-image":"","background-repeat":"repeat","background-position":"center center","background-size":"auto","background-attachment":"scroll","background-type":"","background-media":"","overlay-type":"","overlay-color":"","overlay-opacity":"","overlay-gradient":""},"tablet":{"background-color":"var(--ast-global-color-5)","background-image":"","background-repeat":"repeat","background-position":"center center","background-size":"auto","background-attachment":"scroll","background-type":"","background-media":"","overlay-type":"","overlay-color":"","overlay-opacity":"","overlay-gradient":""},"mobile":{"background-color":"var(--ast-global-color-5)","background-image":"","background-repeat":"repeat","background-position":"center center","background-size":"auto","background-attachment":"scroll","background-type":"","background-media":"","overlay-type":"","overlay-color":"","overlay-opacity":"","overlay-gradient":""}},"footnotes":""},"class_list":["post-28","page","type-page","status-publish","hentry"],"post_mailing_queue_ids":[],"_links":{"self":[{"href":"https:\/\/agora.xtec.cat\/ceip-annexa-jp\/wp-json\/wp\/v2\/pages\/28","targetHints":{"allow":["GET"]}}],"collection":[{"href":"https:\/\/agora.xtec.cat\/ceip-annexa-jp\/wp-json\/wp\/v2\/pages"}],"about":[{"href":"https:\/\/agora.xtec.cat\/ceip-annexa-jp\/wp-json\/wp\/v2\/types\/page"}],"author":[{"embeddable":true,"href":"https:\/\/agora.xtec.cat\/ceip-annexa-jp\/wp-json\/wp\/v2\/users\/1"}],"replies":[{"embeddable":true,"href":"https:\/\/agora.xtec.cat\/ceip-annexa-jp\/wp-json\/wp\/v2\/comments?post=28"}],"version-history":[{"count":6,"href":"https:\/\/agora.xtec.cat\/ceip-annexa-jp\/wp-json\/wp\/v2\/pages\/28\/revisions"}],"predecessor-version":[{"id":8412,"href":"https:\/\/agora.xtec.cat\/ceip-annexa-jp\/wp-json\/wp\/v2\/pages\/28\/revisions\/8412"}],"up":[{"embeddable":true,"href":"https:\/\/agora.xtec.cat\/ceip-annexa-jp\/wp-json\/wp\/v2\/pages\/22"}],"wp:attachment":[{"href":"https:\/\/agora.xtec.cat\/ceip-annexa-jp\/wp-json\/wp\/v2\/media?parent=28"}],"curies":[{"name":"wp","href":"https:\/\/api.w.org\/{rel}","templated":true}]}}