{"id":73,"date":"2014-09-18T14:01:51","date_gmt":"2014-09-18T14:01:51","guid":{"rendered":"http:\/\/agora.xtec.cat\/ceip-angelsgarriga-elvendrell\/?page_id=73"},"modified":"2023-10-19T09:50:21","modified_gmt":"2023-10-19T07:50:21","slug":"menjador-escolar","status":"publish","type":"page","link":"https:\/\/agora.xtec.cat\/ceip-angelsgarriga-elvendrell\/serveis\/menjador-escolar\/","title":{"rendered":"Menjador escolar"},"content":{"rendered":"<p><a href=\"http:\/\/blog.7itria.cat\/\"><img loading=\"lazy\" decoding=\"async\" class=\"wp-image-424 size-full aligncenter\" src=\"http:\/\/agora.xtec.cat\/ceip-angelsgarriga-elvendrell\/wp-content\/uploads\/usu161\/2014\/09\/catering-service.jpg\" alt=\"catering-service\" width=\"200\" height=\"200\" srcset=\"https:\/\/agora.xtec.cat\/ceip-angelsgarriga-elvendrell\/wp-content\/uploads\/usu161\/2014\/09\/catering-service.jpg 200w, https:\/\/agora.xtec.cat\/ceip-angelsgarriga-elvendrell\/wp-content\/uploads\/usu161\/2014\/09\/catering-service-150x150.jpg 150w\" sizes=\"auto, (max-width: 200px) 100vw, 200px\" \/><\/a><\/p>\n<p>Aquest \u00e9s l&#8217;espai on es publiquen els articles sobre el nostre menjador. On es deixa reflectida la feina que es fa i com es du a terme el nostre projecte educatiu. \u00c9s un espai on els pares entendran m\u00e9s b\u00e9 com i qu\u00e8 fan\u00a0els seus fills\u00a0mentre\u00a0estan\u00a0al menjador.<\/p>\n<p>Feu clic <a href=\"https:\/\/agora.xtec.cat\/ceip-angelsgarriga-elvendrell\/wp-content\/uploads\/usu161\/2023\/10\/menu.pdf\" target=\"_blank\" rel=\"noopener\">aqu\u00ed<\/a> per tal d&#8217;accedir al <strong>Men\u00fa del 1r trimestre del curs 2023-24<\/strong>.<\/p>\n<p>Feu clic <a href=\"https:\/\/agora.xtec.cat\/ceip-angelsgarriga-elvendrell\/wp-content\/uploads\/usu161\/2023\/02\/Espai-educatiu-migdia.pdf\" target=\"_blank\" rel=\"noopener\">aqu\u00ed<\/a> per tal d&#8217;accedir al document <strong>Espai educatiu<\/strong>.<\/p>\n<p>Feu clic <a href=\"https:\/\/agora.xtec.cat\/ceip-angelsgarriga-elvendrell\/wp-content\/uploads\/usu161\/2023\/02\/Servim-nos.pdf\" target=\"_blank\" rel=\"noopener\">aqu\u00ed<\/a> per tal d&#8217;accedir al projecte <strong>Servim-nos<\/strong>.<\/p>\n<p>Feu clic <a href=\"https:\/\/agora.xtec.cat\/ceip-angelsgarriga-elvendrell\/wp-content\/uploads\/usu161\/2021\/09\/CARTA-PRESENTACIO-INSCRIPCIONS-NOVES.pdf\">aqu\u00ed<\/a> per tal d&#8217;accedir a la <strong>Carta de presentaci\u00f3 d&#8217;inscripcions noves<\/strong>.<\/p>\n<p>Feu clic <a href=\"https:\/\/agora.xtec.cat\/ceip-angelsgarriga-elvendrell\/wp-content\/uploads\/usu161\/2022\/09\/049-CARTA-PREUS-2022-2023.pdf\">aqu\u00ed<\/a> per tal d&#8217;accedir a la <strong>Carta de preus<\/strong>.<\/p>\n<p>Feu clic <a href=\"https:\/\/agora.xtec.cat\/ceip-angelsgarriga-elvendrell\/wp-content\/uploads\/usu161\/2021\/09\/PROCEDIMENT-INSCRIPCIO-I-SIGNATURA-DIGITAL_Servei-de-menjador.pdf\">aqu\u00ed<\/a> per tal d&#8217;accedir al procediment d&#8217;<strong>Inscripci\u00f3<\/strong>.<\/p>\n<p>&nbsp;<\/p>\n<p><strong>Responsable del menjador:<\/strong><br \/>\nSra. Anna Ponce<br \/>\nHorari: de dilluns a divendres de 9 a 9:30 hores<br \/>\nTel\u00e8fon: 617478653<\/p>\n<p>&nbsp;<\/p>\n<p>&nbsp;<\/p>\n","protected":false},"excerpt":{"rendered":"<p>Aquest \u00e9s l&#8217;espai on es publiquen els articles sobre el nostre menjador. On es deixa reflectida la feina que es fa i com es du a terme el nostre projecte educatiu. \u00c9s un espai on els pares entendran m\u00e9s b\u00e9 com i qu\u00e8 fan\u00a0els seus fills\u00a0mentre\u00a0estan\u00a0al menjador. Feu clic aqu\u00ed per tal d&#8217;accedir al Men\u00fa [&hellip;]<\/p>\n","protected":false},"author":2,"featured_media":0,"parent":66,"menu_order":30,"comment_status":"closed","ping_status":"closed","template":"page-templates\/side-menu.php","meta":{"_bbp_topic_count":0,"_bbp_reply_count":0,"_bbp_total_topic_count":0,"_bbp_total_reply_count":0,"_bbp_voice_count":0,"_bbp_anonymous_reply_count":0,"_bbp_topic_count_hidden":0,"_bbp_reply_count_hidden":0,"_bbp_forum_subforum_count":0,"site-sidebar-layout":"default","site-content-layout":"","ast-site-content-layout":"","site-content-style":"default","site-sidebar-style":"default","ast-global-header-display":"","ast-banner-title-visibility":"","ast-main-header-display":"","ast-hfb-above-header-display":"","ast-hfb-below-header-display":"","ast-hfb-mobile-header-display":"","site-post-title":"","ast-breadcrumbs-content":"","ast-featured-img":"","footer-sml-layout":"","theme-transparent-header-meta":"","adv-header-id-meta":"","stick-header-meta":"","header-above-stick-meta":"","header-main-stick-meta":"","header-below-stick-meta":"","astra-migrate-meta-layouts":"default","ast-page-background-enabled":"default","ast-page-background-meta":{"desktop":{"background-color":"var(--ast-global-color-4)","background-image":"","background-repeat":"repeat","background-position":"center center","background-size":"auto","background-attachment":"scroll","background-type":"","background-media":"","overlay-type":"","overlay-color":"","overlay-opacity":"","overlay-gradient":""},"tablet":{"background-color":"","background-image":"","background-repeat":"repeat","background-position":"center center","background-size":"auto","background-attachment":"scroll","background-type":"","background-media":"","overlay-type":"","overlay-color":"","overlay-opacity":"","overlay-gradient":""},"mobile":{"background-color":"","background-image":"","background-repeat":"repeat","background-position":"center center","background-size":"auto","background-attachment":"scroll","background-type":"","background-media":"","overlay-type":"","overlay-color":"","overlay-opacity":"","overlay-gradient":""}},"ast-content-background-meta":{"desktop":{"background-color":"var(--ast-global-color-5)","background-image":"","background-repeat":"repeat","background-position":"center center","background-size":"auto","background-attachment":"scroll","background-type":"","background-media":"","overlay-type":"","overlay-color":"","overlay-opacity":"","overlay-gradient":""},"tablet":{"background-color":"var(--ast-global-color-5)","background-image":"","background-repeat":"repeat","background-position":"center center","background-size":"auto","background-attachment":"scroll","background-type":"","background-media":"","overlay-type":"","overlay-color":"","overlay-opacity":"","overlay-gradient":""},"mobile":{"background-color":"var(--ast-global-color-5)","background-image":"","background-repeat":"repeat","background-position":"center center","background-size":"auto","background-attachment":"scroll","background-type":"","background-media":"","overlay-type":"","overlay-color":"","overlay-opacity":"","overlay-gradient":""}},"footnotes":""},"class_list":["post-73","page","type-page","status-publish","hentry"],"post_mailing_queue_ids":[],"_links":{"self":[{"href":"https:\/\/agora.xtec.cat\/ceip-angelsgarriga-elvendrell\/wp-json\/wp\/v2\/pages\/73","targetHints":{"allow":["GET"]}}],"collection":[{"href":"https:\/\/agora.xtec.cat\/ceip-angelsgarriga-elvendrell\/wp-json\/wp\/v2\/pages"}],"about":[{"href":"https:\/\/agora.xtec.cat\/ceip-angelsgarriga-elvendrell\/wp-json\/wp\/v2\/types\/page"}],"author":[{"embeddable":true,"href":"https:\/\/agora.xtec.cat\/ceip-angelsgarriga-elvendrell\/wp-json\/wp\/v2\/users\/2"}],"replies":[{"embeddable":true,"href":"https:\/\/agora.xtec.cat\/ceip-angelsgarriga-elvendrell\/wp-json\/wp\/v2\/comments?post=73"}],"version-history":[{"count":7,"href":"https:\/\/agora.xtec.cat\/ceip-angelsgarriga-elvendrell\/wp-json\/wp\/v2\/pages\/73\/revisions"}],"predecessor-version":[{"id":7171,"href":"https:\/\/agora.xtec.cat\/ceip-angelsgarriga-elvendrell\/wp-json\/wp\/v2\/pages\/73\/revisions\/7171"}],"up":[{"embeddable":true,"href":"https:\/\/agora.xtec.cat\/ceip-angelsgarriga-elvendrell\/wp-json\/wp\/v2\/pages\/66"}],"wp:attachment":[{"href":"https:\/\/agora.xtec.cat\/ceip-angelsgarriga-elvendrell\/wp-json\/wp\/v2\/media?parent=73"}],"curies":[{"name":"wp","href":"https:\/\/api.w.org\/{rel}","templated":true}]}}