{"id":256,"date":"2016-09-29T14:29:40","date_gmt":"2016-09-29T13:29:40","guid":{"rendered":"http:\/\/agora.xtec.cat\/ceip-angelsgarriga-elvendrell\/?page_id=256"},"modified":"2026-01-27T13:01:13","modified_gmt":"2026-01-27T12:01:13","slug":"consell-escolar","status":"publish","type":"page","link":"https:\/\/agora.xtec.cat\/ceip-angelsgarriga-elvendrell\/lescola\/consell-escolar\/","title":{"rendered":"Consell Escolar"},"content":{"rendered":"<p><strong>CURS 2025-2026<\/strong><\/p>\n<p><strong>EQUIP DIRECTIU<\/strong>\u00a0\u00a0\u00a0\u00a0\u00a0\u00a0\u00a0\u00a0\u00a0\u00a0\u00a0\u00a0\u00a0\u00a0\u00a0\u00a0\u00a0\u00a0\u00a0\u00a0\u00a0\u00a0\u00a0\u00a0\u00a0\u00a0\u00a0\u00a0\u00a0 <strong><br \/>\n<\/strong>DIRECTORA: Amaya Ayape Fas<\/p>\n<p>CAP D\u2019ESTUDIS: Laura Rivero Zapata<\/p>\n<p>SECRET\u00c0RIA: Maite Royo Garcia<\/p>\n<p><strong>SECTOR MESTRES<br \/>\n<\/strong><\/p>\n<p>Juliana Ballester Vidal<\/p>\n<p>Joan Cant\u00f3 Ferrer<\/p>\n<p>Cristina Muelas Rodriguez<\/p>\n<p>Laura Ortiz Padr\u00f3<\/p>\n<p>Odette P\u00e9rez Rej\u00f3n Garcia<\/p>\n<p>Sandra Romero Ayll\u00f3n<\/p>\n<p><strong>SECTOR FAM\u00cdLIES<\/strong><\/p>\n<p>Cristina Amaya Ferrer<\/p>\n<p>\u00cd\u00f1igo Anaut Rufas<\/p>\n<p>Javier Verdejo Bermejo<\/p>\n<p>Soraya Valencia Ar\u00e9valo<\/p>\n<p>Eli Garc\u00eda Pros<\/p>\n<p>Alba Galindo Ecay<\/p>\n<p><strong>AFA<br \/>\n<\/strong>Silvia Dur\u00e1n Pairo<\/p>\n<p><strong>AJUNTAMENT<\/strong><br \/>\nFrancesc Nieto Ordo\u00f1ez<\/p>\n<p><strong>PAS<\/strong><br \/>\nRaquel Garcia L\u00f3pez<\/p>\n<p><strong>PAE<\/strong><br \/>\nCarmina Garcia Mir\u00f3<\/p>\n","protected":false},"excerpt":{"rendered":"<p>CURS 2025-2026 EQUIP DIRECTIU\u00a0\u00a0\u00a0\u00a0\u00a0\u00a0\u00a0\u00a0\u00a0\u00a0\u00a0\u00a0\u00a0\u00a0\u00a0\u00a0\u00a0\u00a0\u00a0\u00a0\u00a0\u00a0\u00a0\u00a0\u00a0\u00a0\u00a0\u00a0\u00a0 DIRECTORA: Amaya Ayape Fas CAP D\u2019ESTUDIS: Laura Rivero Zapata SECRET\u00c0RIA: Maite Royo Garcia SECTOR MESTRES Juliana Ballester Vidal Joan Cant\u00f3 Ferrer Cristina Muelas Rodriguez Laura Ortiz Padr\u00f3 Odette P\u00e9rez Rej\u00f3n Garcia Sandra Romero Ayll\u00f3n SECTOR FAM\u00cdLIES Cristina Amaya Ferrer \u00cd\u00f1igo Anaut Rufas Javier Verdejo Bermejo Soraya Valencia Ar\u00e9valo Eli Garc\u00eda Pros [&hellip;]<\/p>\n","protected":false},"author":3,"featured_media":0,"parent":22,"menu_order":0,"comment_status":"closed","ping_status":"closed","template":"","meta":{"_bbp_topic_count":0,"_bbp_reply_count":0,"_bbp_total_topic_count":0,"_bbp_total_reply_count":0,"_bbp_voice_count":0,"_bbp_anonymous_reply_count":0,"_bbp_topic_count_hidden":0,"_bbp_reply_count_hidden":0,"_bbp_forum_subforum_count":0,"site-sidebar-layout":"default","site-content-layout":"","ast-site-content-layout":"default","site-content-style":"default","site-sidebar-style":"default","ast-global-header-display":"","ast-banner-title-visibility":"","ast-main-header-display":"","ast-hfb-above-header-display":"","ast-hfb-below-header-display":"","ast-hfb-mobile-header-display":"","site-post-title":"","ast-breadcrumbs-content":"","ast-featured-img":"","footer-sml-layout":"","theme-transparent-header-meta":"","adv-header-id-meta":"","stick-header-meta":"","header-above-stick-meta":"","header-main-stick-meta":"","header-below-stick-meta":"","astra-migrate-meta-layouts":"set","ast-page-background-enabled":"default","ast-page-background-meta":{"desktop":{"background-color":"var(--ast-global-color-4)","background-image":"","background-repeat":"repeat","background-position":"center center","background-size":"auto","background-attachment":"scroll","background-type":"","background-media":"","overlay-type":"","overlay-color":"","overlay-opacity":"","overlay-gradient":""},"tablet":{"background-color":"","background-image":"","background-repeat":"repeat","background-position":"center center","background-size":"auto","background-attachment":"scroll","background-type":"","background-media":"","overlay-type":"","overlay-color":"","overlay-opacity":"","overlay-gradient":""},"mobile":{"background-color":"","background-image":"","background-repeat":"repeat","background-position":"center center","background-size":"auto","background-attachment":"scroll","background-type":"","background-media":"","overlay-type":"","overlay-color":"","overlay-opacity":"","overlay-gradient":""}},"ast-content-background-meta":{"desktop":{"background-color":"var(--ast-global-color-5)","background-image":"","background-repeat":"repeat","background-position":"center center","background-size":"auto","background-attachment":"scroll","background-type":"","background-media":"","overlay-type":"","overlay-color":"","overlay-opacity":"","overlay-gradient":""},"tablet":{"background-color":"var(--ast-global-color-5)","background-image":"","background-repeat":"repeat","background-position":"center center","background-size":"auto","background-attachment":"scroll","background-type":"","background-media":"","overlay-type":"","overlay-color":"","overlay-opacity":"","overlay-gradient":""},"mobile":{"background-color":"var(--ast-global-color-5)","background-image":"","background-repeat":"repeat","background-position":"center center","background-size":"auto","background-attachment":"scroll","background-type":"","background-media":"","overlay-type":"","overlay-color":"","overlay-opacity":"","overlay-gradient":""}},"footnotes":""},"class_list":["post-256","page","type-page","status-publish","hentry"],"post_mailing_queue_ids":[],"_links":{"self":[{"href":"https:\/\/agora.xtec.cat\/ceip-angelsgarriga-elvendrell\/wp-json\/wp\/v2\/pages\/256","targetHints":{"allow":["GET"]}}],"collection":[{"href":"https:\/\/agora.xtec.cat\/ceip-angelsgarriga-elvendrell\/wp-json\/wp\/v2\/pages"}],"about":[{"href":"https:\/\/agora.xtec.cat\/ceip-angelsgarriga-elvendrell\/wp-json\/wp\/v2\/types\/page"}],"author":[{"embeddable":true,"href":"https:\/\/agora.xtec.cat\/ceip-angelsgarriga-elvendrell\/wp-json\/wp\/v2\/users\/3"}],"replies":[{"embeddable":true,"href":"https:\/\/agora.xtec.cat\/ceip-angelsgarriga-elvendrell\/wp-json\/wp\/v2\/comments?post=256"}],"version-history":[{"count":6,"href":"https:\/\/agora.xtec.cat\/ceip-angelsgarriga-elvendrell\/wp-json\/wp\/v2\/pages\/256\/revisions"}],"predecessor-version":[{"id":7556,"href":"https:\/\/agora.xtec.cat\/ceip-angelsgarriga-elvendrell\/wp-json\/wp\/v2\/pages\/256\/revisions\/7556"}],"up":[{"embeddable":true,"href":"https:\/\/agora.xtec.cat\/ceip-angelsgarriga-elvendrell\/wp-json\/wp\/v2\/pages\/22"}],"wp:attachment":[{"href":"https:\/\/agora.xtec.cat\/ceip-angelsgarriga-elvendrell\/wp-json\/wp\/v2\/media?parent=256"}],"curies":[{"name":"wp","href":"https:\/\/api.w.org\/{rel}","templated":true}]}}