{"id":254,"date":"2016-09-29T14:29:03","date_gmt":"2016-09-29T13:29:03","guid":{"rendered":"http:\/\/agora.xtec.cat\/ceip-angelsgarriga-elvendrell\/?page_id=254"},"modified":"2026-04-15T09:32:53","modified_gmt":"2026-04-15T07:32:53","slug":"professorat","status":"publish","type":"page","link":"https:\/\/agora.xtec.cat\/ceip-angelsgarriga-elvendrell\/lescola\/professorat\/","title":{"rendered":"Equip hum\u00e0 curs 2025-2026"},"content":{"rendered":"<table style=\"border-collapse: collapse; width: 63.9736%; height: 124px;\">\n<tbody>\n<tr style=\"height: 28px;\">\n<td style=\"width: 70.5942%; height: 28px; text-align: center;\" colspan=\"2\"><strong>EQUIP DIRECTIU<\/strong><\/td>\n<\/tr>\n<tr style=\"height: 32px;\">\n<td style=\"width: 26.5075%; height: 32px; text-align: center;\">DIRECTORA<\/td>\n<td style=\"width: 44.0867%; height: 32px;\">Amaya Ayape Fas<\/td>\n<\/tr>\n<tr style=\"height: 32px;\">\n<td style=\"width: 26.5075%; height: 32px; text-align: center;\">CAP D\u2019ESTUDIS<\/td>\n<td style=\"width: 44.0867%; height: 32px;\">\u00a0Laura Rivero Zapata<\/td>\n<\/tr>\n<tr style=\"height: 32px;\">\n<td style=\"width: 26.5075%; height: 32px; text-align: center;\">SECRET\u00c0RIA<\/td>\n<td style=\"width: 44.0867%; height: 32px;\">\u00a0Maite Royo Garc\u00eda<\/td>\n<\/tr>\n<\/tbody>\n<\/table>\n<table style=\"border-collapse: collapse; width: 64.6539%; height: 230px;\">\n<tbody>\n<tr style=\"height: 32px;\">\n<td style=\"width: 72.7439%; text-align: center; height: 32px;\" colspan=\"2\"><strong>EDUCACI\u00d3 INFANTIL<\/strong><\/td>\n<\/tr>\n<tr style=\"height: 32px;\">\n<td style=\"width: 22.5922%; height: 32px; text-align: center;\">I3A<\/td>\n<td style=\"width: 50.1517%; height: 32px;\">Queralt Andr\u00e9s Rebollo i Beatriz Avil\u00e9s Valle<\/td>\n<\/tr>\n<tr style=\"height: 26px;\">\n<td style=\"width: 22.5922%; height: 26px; text-align: center;\">I3B<\/td>\n<td style=\"width: 50.1517%; height: 26px;\">Laura Ramos Maldonado<\/td>\n<\/tr>\n<tr style=\"height: 32px;\">\n<td style=\"width: 22.5922%; height: 32px; text-align: center;\">I4A<\/td>\n<td style=\"width: 50.1517%; height: 32px;\">Vanesa Blanco Abril<\/td>\n<\/tr>\n<tr style=\"height: 12px;\">\n<td style=\"width: 22.5922%; height: 12px; text-align: center;\">I4B<\/td>\n<td style=\"width: 50.1517%; height: 12px;\">Montserrat L\u00f3pez Pe\u00f1as<\/td>\n<\/tr>\n<tr style=\"height: 32px;\">\n<td style=\"width: 22.5922%; height: 32px; text-align: center;\">I5A<\/td>\n<td style=\"width: 50.1517%; height: 32px;\">Lorena Mu\u00f1oz Arjona<\/td>\n<\/tr>\n<tr style=\"height: 32px;\">\n<td style=\"width: 22.5922%; height: 32px; text-align: center;\">I5B<\/td>\n<td style=\"width: 50.1517%; height: 32px;\">Laura Ortiz Padr\u00f3<\/td>\n<\/tr>\n<tr style=\"height: 32px;\">\n<td style=\"width: 22.5922%; height: 32px; text-align: center;\">AT. DIVERSITAT<\/td>\n<td style=\"width: 50.1517%; height: 32px;\">Ariadna Aymam\u00ed<\/td>\n<\/tr>\n<tr>\n<td style=\"width: 22.5922%; text-align: center;\">SUP. INFANTIL<\/td>\n<td style=\"width: 50.1517%;\">N\u00faria Gomez Sadurn\u00ed<\/td>\n<\/tr>\n<\/tbody>\n<\/table>\n<table style=\"border-collapse: collapse; width: 64.4284%; height: 556px;\">\n<tbody>\n<tr style=\"height: 32px;\">\n<td style=\"width: 64.5894%; text-align: center; height: 32px;\" colspan=\"2\"><strong>EDUCACI\u00d3 PRIM\u00c0RIA<\/strong><\/td>\n<\/tr>\n<tr style=\"height: 32px;\">\n<td style=\"width: 64.5894%; height: 32px; text-align: center;\" colspan=\"2\">1r CICLE<\/td>\n<\/tr>\n<tr style=\"height: 32px;\">\n<td style=\"width: 24.2466%; height: 32px; text-align: center;\">1rA<\/td>\n<td style=\"width: 40.3428%; height: 32px;\">Elena S\u00e1nchez Mart\u00ednez<\/td>\n<\/tr>\n<tr style=\"height: 32px;\">\n<td style=\"width: 24.2466%; height: 32px; text-align: center;\">1rB<\/td>\n<td style=\"width: 40.3428%; height: 32px;\">Juliana Ballester Vidal<\/td>\n<\/tr>\n<tr style=\"height: 32px;\">\n<td style=\"width: 24.2466%; height: 32px; text-align: center;\">2nA<\/td>\n<td style=\"width: 40.3428%; height: 32px;\">Tere del Valle Tornay<\/td>\n<\/tr>\n<tr style=\"height: 32px;\">\n<td style=\"width: 24.2466%; height: 32px; text-align: center;\">2nB<\/td>\n<td style=\"width: 40.3428%; height: 32px;\">Lorena Blanco Segura<\/td>\n<\/tr>\n<tr style=\"height: 32px;\">\n<td style=\"width: 64.5894%; height: 32px; text-align: center;\" colspan=\"2\">2n CICLE<\/td>\n<\/tr>\n<tr style=\"height: 32px;\">\n<td style=\"width: 24.2466%; height: 32px; text-align: center;\">3rA<\/td>\n<td style=\"width: 40.3428%; height: 32px;\">A\u00efda Pi\u00f1ol Zoroa i Eva Gimeno Navarro<\/td>\n<\/tr>\n<tr style=\"height: 32px;\">\n<td style=\"width: 24.2466%; height: 32px; text-align: center;\">3rB<\/td>\n<td style=\"width: 40.3428%; height: 32px;\">Araceli Alt\u00e8s del Rio \/ Daniel Alfano<\/td>\n<\/tr>\n<tr style=\"height: 32px;\">\n<td style=\"width: 24.2466%; height: 32px; text-align: center;\">4tA<\/td>\n<td style=\"width: 40.3428%; height: 32px;\"><span style=\"font-size: 16px; font-style: normal; font-weight: 400;\">Xavier Orobitg Llopis \/ Maria Elena Mercereyes\u00a0<\/span><\/td>\n<\/tr>\n<tr style=\"height: 34px;\">\n<td style=\"width: 24.2466%; height: 34px; text-align: center;\">4tB<\/td>\n<td style=\"width: 40.3428%; height: 34px;\">Maria Romeu Chinarro<\/td>\n<\/tr>\n<tr style=\"height: 32px;\">\n<td style=\"width: 64.5894%; height: 32px; text-align: center;\" colspan=\"2\">3r CICLE<\/td>\n<\/tr>\n<tr style=\"height: 32px;\">\n<td style=\"width: 24.2466%; height: 32px; text-align: center;\">5\u00e8A<\/td>\n<td style=\"width: 40.3428%; height: 32px;\">Carmen Garcia Garcia<\/td>\n<\/tr>\n<tr style=\"height: 32px;\">\n<td style=\"width: 24.2466%; height: 32px; text-align: center;\">5\u00e8B<\/td>\n<td style=\"width: 40.3428%; height: 32px;\">Miquel Benavent Vila<\/td>\n<\/tr>\n<tr style=\"height: 32px;\">\n<td style=\"width: 24.2466%; height: 32px; text-align: center;\">6\u00e8A<\/td>\n<td style=\"width: 40.3428%; height: 32px;\">Laia Ribera Marimon<\/td>\n<\/tr>\n<tr style=\"height: 32px;\">\n<td style=\"width: 24.2466%; height: 32px; text-align: center;\">6\u00e8B<\/td>\n<td style=\"width: 40.3428%; height: 32px;\">Maite Royo Garcia<\/td>\n<\/tr>\n<tr style=\"height: 32px;\">\n<td style=\"width: 24.2466%; height: 32px; text-align: center;\">6\u00e8C<\/td>\n<td style=\"width: 40.3428%; height: 32px;\">Sandra Romero Ayll\u00f3n<\/td>\n<\/tr>\n<\/tbody>\n<\/table>\n<table style=\"border-collapse: collapse; width: 64.7941%; height: 559px;\">\n<tbody>\n<tr style=\"height: 32px;\">\n<td style=\"width: 64.7945%; text-align: center; height: 32px;\" colspan=\"2\"><strong>MESTRES ESPECIALISTES<\/strong><\/td>\n<\/tr>\n<tr style=\"height: 26px;\">\n<td style=\"width: 24.5205%; height: 26px; text-align: center;\">ED. F\u00cdSICA<\/td>\n<td style=\"width: 40.274%; height: 26px;\">David Garc\u00eda Hidalgo<\/td>\n<\/tr>\n<tr style=\"height: 32px;\">\n<td style=\"width: 24.5205%; height: 32px; text-align: center;\">ED. F\u00cdSICA \/ ROB\u00d2TICA<\/td>\n<td style=\"width: 40.274%; height: 32px;\">Marc Soley Marras\u00e9<\/td>\n<\/tr>\n<tr style=\"height: 32px;\">\n<td style=\"width: 24.5205%; height: 32px; text-align: center;\">M\u00daSICA<\/td>\n<td style=\"width: 40.274%; height: 32px;\">Emma Torrents Bosch<\/td>\n<\/tr>\n<tr style=\"height: 32px;\">\n<td style=\"width: 24.5205%; height: 32px; text-align: center;\">ANGL\u00c8S<\/td>\n<td style=\"width: 40.274%; height: 32px;\">Amaya Ayape Fas<br \/>\nLaura Rivero Zapata<br \/>\nAlicia Alpuente Navarro<\/td>\n<\/tr>\n<tr style=\"height: 32px;\">\n<td style=\"width: 24.5205%; height: 32px; text-align: center;\">ANGL\u00c8S \/ SCIENCE<\/td>\n<td style=\"width: 40.274%; height: 32px;\">Odette P\u00e9rez-Rej\u00f3n Garc\u00eda<\/td>\n<\/tr>\n<tr style=\"height: 32px;\">\n<td style=\"width: 24.5205%; height: 32px; text-align: center;\">RELIGI\u00d3<\/td>\n<td style=\"width: 40.274%; height: 32px;\">Natalia Andreu Fern\u00e1ndez<\/td>\n<\/tr>\n<tr style=\"height: 32px;\">\n<td style=\"width: 24.5205%; height: 32px; text-align: center;\">AT. DIVERSITAT<\/td>\n<td style=\"width: 40.274%; height: 32px;\">Miriam Badia Fortuny<br \/>\nRosa Maria Costa<\/td>\n<\/tr>\n<tr style=\"height: 32px;\">\n<td style=\"width: 24.5205%; height: 32px; text-align: center;\">SIEI<\/td>\n<td style=\"width: 40.274%; height: 32px;\">Cristina Muelas Rodr\u00edguez<br \/>\nAndrea Cabr\u00e9 Carceller<\/td>\n<\/tr>\n<tr style=\"height: 32px;\">\n<td style=\"width: 24.5205%; height: 32px; text-align: center;\">EDUCADORA EE<\/td>\n<td style=\"width: 40.274%; height: 32px;\">Carmina Garc\u00eda Mir\u00f3<br \/>\nVanesa Ros Pi\u00f1ol<\/td>\n<\/tr>\n<tr style=\"height: 32px;\">\n<td style=\"width: 24.5205%; height: 32px; text-align: center;\">AUXILIAR EE<\/td>\n<td style=\"width: 40.274%; height: 32px;\">Mariona Vives Borr\u00e1s<\/td>\n<\/tr>\n<tr style=\"height: 53px;\">\n<td style=\"width: 24.5205%; text-align: center; height: 53px;\">AULA D&#8217;ACOLLIDA<\/td>\n<td style=\"width: 40.274%; height: 53px;\">Andrea Torrijos Vera<\/td>\n<\/tr>\n<\/tbody>\n<\/table>\n<table style=\"border-collapse: collapse; width: 64.7941%;\">\n<tbody>\n<tr>\n<td style=\"width: 64.7945%; text-align: center;\" colspan=\"2\"><strong>PERSONAL PAS<\/strong><\/td>\n<\/tr>\n<tr>\n<td style=\"width: 25.1022%; text-align: center;\">TEI<\/td>\n<td style=\"width: 39.6923%;\">Gixane Juli\u00e0 Mart\u00ednez \/ Estefania Lobato Ponce<\/td>\n<\/tr>\n<tr>\n<td style=\"width: 25.1022%; text-align: center;\">CONSERGE<\/td>\n<td style=\"width: 39.6923%;\">Robert Julian Sierra<\/td>\n<\/tr>\n<tr>\n<td style=\"width: 25.1022%; text-align: center;\">ADMINISTRATIU<\/td>\n<td style=\"width: 39.6923%;\">Alicia Fresnedoso L\u00f3pez<\/td>\n<\/tr>\n<\/tbody>\n<\/table>\n<table style=\"border-collapse: collapse; width: 64.657%;\">\n<tbody>\n<tr>\n<td style=\"width: 64.6575%; text-align: center;\" colspan=\"2\"><strong>EAP<\/strong><\/td>\n<\/tr>\n<tr>\n<td style=\"width: 21.9655%; text-align: center;\">PSICOPEDAGOGA<\/td>\n<td style=\"width: 42.692%;\">Miriam Bujald\u00f3n<\/td>\n<\/tr>\n<tr>\n<td style=\"width: 21.9655%; text-align: center;\">TREBALLADORA SOCIAL<\/td>\n<td style=\"width: 42.692%;\">Fernanda Rubio<\/td>\n<\/tr>\n<\/tbody>\n<\/table>\n","protected":false},"excerpt":{"rendered":"<p>EQUIP DIRECTIU DIRECTORA Amaya Ayape Fas CAP D\u2019ESTUDIS \u00a0Laura Rivero Zapata SECRET\u00c0RIA \u00a0Maite Royo Garc\u00eda EDUCACI\u00d3 INFANTIL I3A Queralt Andr\u00e9s Rebollo i Beatriz Avil\u00e9s Valle I3B Laura Ramos Maldonado I4A Vanesa Blanco Abril I4B Montserrat L\u00f3pez Pe\u00f1as I5A Lorena Mu\u00f1oz Arjona I5B Laura Ortiz Padr\u00f3 AT. DIVERSITAT Ariadna Aymam\u00ed SUP. INFANTIL N\u00faria Gomez Sadurn\u00ed EDUCACI\u00d3 [&hellip;]<\/p>\n","protected":false},"author":3,"featured_media":0,"parent":22,"menu_order":0,"comment_status":"closed","ping_status":"closed","template":"","meta":{"_bbp_topic_count":0,"_bbp_reply_count":0,"_bbp_total_topic_count":0,"_bbp_total_reply_count":0,"_bbp_voice_count":0,"_bbp_anonymous_reply_count":0,"_bbp_topic_count_hidden":0,"_bbp_reply_count_hidden":0,"_bbp_forum_subforum_count":0,"site-sidebar-layout":"default","site-content-layout":"","ast-site-content-layout":"default","site-content-style":"default","site-sidebar-style":"default","ast-global-header-display":"","ast-banner-title-visibility":"","ast-main-header-display":"","ast-hfb-above-header-display":"","ast-hfb-below-header-display":"","ast-hfb-mobile-header-display":"","site-post-title":"","ast-breadcrumbs-content":"","ast-featured-img":"","footer-sml-layout":"","theme-transparent-header-meta":"default","adv-header-id-meta":"","stick-header-meta":"","header-above-stick-meta":"","header-main-stick-meta":"","header-below-stick-meta":"","astra-migrate-meta-layouts":"set","ast-page-background-enabled":"default","ast-page-background-meta":{"desktop":{"background-color":"var(--ast-global-color-4)","background-image":"","background-repeat":"repeat","background-position":"center center","background-size":"auto","background-attachment":"scroll","background-type":"","background-media":"","overlay-type":"","overlay-color":"","overlay-opacity":"","overlay-gradient":""},"tablet":{"background-color":"","background-image":"","background-repeat":"repeat","background-position":"center center","background-size":"auto","background-attachment":"scroll","background-type":"","background-media":"","overlay-type":"","overlay-color":"","overlay-opacity":"","overlay-gradient":""},"mobile":{"background-color":"","background-image":"","background-repeat":"repeat","background-position":"center center","background-size":"auto","background-attachment":"scroll","background-type":"","background-media":"","overlay-type":"","overlay-color":"","overlay-opacity":"","overlay-gradient":""}},"ast-content-background-meta":{"desktop":{"background-color":"var(--ast-global-color-5)","background-image":"","background-repeat":"repeat","background-position":"center center","background-size":"auto","background-attachment":"scroll","background-type":"","background-media":"","overlay-type":"","overlay-color":"","overlay-opacity":"","overlay-gradient":""},"tablet":{"background-color":"var(--ast-global-color-5)","background-image":"","background-repeat":"repeat","background-position":"center center","background-size":"auto","background-attachment":"scroll","background-type":"","background-media":"","overlay-type":"","overlay-color":"","overlay-opacity":"","overlay-gradient":""},"mobile":{"background-color":"var(--ast-global-color-5)","background-image":"","background-repeat":"repeat","background-position":"center center","background-size":"auto","background-attachment":"scroll","background-type":"","background-media":"","overlay-type":"","overlay-color":"","overlay-opacity":"","overlay-gradient":""}},"footnotes":""},"class_list":["post-254","page","type-page","status-publish","hentry"],"post_mailing_queue_ids":[],"_links":{"self":[{"href":"https:\/\/agora.xtec.cat\/ceip-angelsgarriga-elvendrell\/wp-json\/wp\/v2\/pages\/254","targetHints":{"allow":["GET"]}}],"collection":[{"href":"https:\/\/agora.xtec.cat\/ceip-angelsgarriga-elvendrell\/wp-json\/wp\/v2\/pages"}],"about":[{"href":"https:\/\/agora.xtec.cat\/ceip-angelsgarriga-elvendrell\/wp-json\/wp\/v2\/types\/page"}],"author":[{"embeddable":true,"href":"https:\/\/agora.xtec.cat\/ceip-angelsgarriga-elvendrell\/wp-json\/wp\/v2\/users\/3"}],"replies":[{"embeddable":true,"href":"https:\/\/agora.xtec.cat\/ceip-angelsgarriga-elvendrell\/wp-json\/wp\/v2\/comments?post=254"}],"version-history":[{"count":6,"href":"https:\/\/agora.xtec.cat\/ceip-angelsgarriga-elvendrell\/wp-json\/wp\/v2\/pages\/254\/revisions"}],"predecessor-version":[{"id":7672,"href":"https:\/\/agora.xtec.cat\/ceip-angelsgarriga-elvendrell\/wp-json\/wp\/v2\/pages\/254\/revisions\/7672"}],"up":[{"embeddable":true,"href":"https:\/\/agora.xtec.cat\/ceip-angelsgarriga-elvendrell\/wp-json\/wp\/v2\/pages\/22"}],"wp:attachment":[{"href":"https:\/\/agora.xtec.cat\/ceip-angelsgarriga-elvendrell\/wp-json\/wp\/v2\/media?parent=254"}],"curies":[{"name":"wp","href":"https:\/\/api.w.org\/{rel}","templated":true}]}}