{"id":201,"date":"2016-09-22T08:42:18","date_gmt":"2016-09-22T07:42:18","guid":{"rendered":"http:\/\/agora.xtec.cat\/ceip-angelsgarriga-elvendrell\/?page_id=201"},"modified":"2025-12-18T10:38:10","modified_gmt":"2025-12-18T09:38:10","slug":"documentscentre","status":"publish","type":"page","link":"https:\/\/agora.xtec.cat\/ceip-angelsgarriga-elvendrell\/lescola\/documentscentre\/","title":{"rendered":"Documents de centre"},"content":{"rendered":"<p>En aquesta p\u00e0gina es recullen alguns dels principals documents de centre:<\/p>\n<table style=\"border-collapse: collapse; width: 100%; height: 307px;\" border=\"1\">\n<tbody>\n<tr style=\"height: 31px;\">\n<td style=\"width: 40.6666%; text-align: center; height: 31px;\"><strong>NOM DOCUMENT<\/strong><\/td>\n<td style=\"width: 26%; text-align: center; height: 31px;\"><strong>DATA D&#8217;ACTUALITZACI\u00d3<\/strong><\/td>\n<td style=\"width: 33.3333%; text-align: center; height: 31px;\"><strong>ARXIU<\/strong><\/td>\n<\/tr>\n<tr style=\"height: 54px;\">\n<td style=\"width: 40.6666%; height: 54px;\">Pla Anual de Centre<\/td>\n<td style=\"width: 26%; height: 54px; text-align: center;\">Octubre 2025<\/td>\n<td style=\"width: 33.3333%; text-align: center; height: 54px;\"><a href=\"https:\/\/agora.xtec.cat\/ceip-angelsgarriga-elvendrell\/wp-content\/uploads\/usu161\/2025\/12\/PAC-PGA-25-26.docx.pdf\"><img loading=\"lazy\" decoding=\"async\" class=\"alignnone\" src=\"https:\/\/agora.xtec.cat\/ceip-angelsgarriga-elvendrell\/wp-content\/uploads\/usu161\/2019\/02\/pdf.jpg\" alt=\"\" width=\"39\" height=\"37\" \/><\/a><\/td>\n<\/tr>\n<tr style=\"height: 54px;\">\n<td style=\"width: 40.6666%; height: 54px;\">NOFC (Normativa d&#8217;organitzaci\u00f3 i funcionament de centre)<\/td>\n<td style=\"width: 26%; height: 54px; text-align: center;\">Desembre 2025<\/td>\n<td style=\"width: 33.3333%; height: 54px;\"><a href=\"https:\/\/agora.xtec.cat\/ceip-angelsgarriga-elvendrell\/wp-content\/uploads\/usu161\/2025\/12\/NOFC-desembre2025-5.pdf\"><img loading=\"lazy\" decoding=\"async\" class=\"aligncenter wp-image-2938\" src=\"https:\/\/agora.xtec.cat\/ceip-angelsgarriga-elvendrell\/wp-content\/uploads\/usu161\/2019\/02\/pdf.jpg\" alt=\"\" width=\"38\" height=\"36\" \/><\/a><\/td>\n<\/tr>\n<tr style=\"height: 52px;\">\n<td style=\"width: 40.6666%; height: 52px;\">Carta de Comprom\u00eds<\/td>\n<td style=\"width: 26%; height: 52px; text-align: center;\"><\/td>\n<td style=\"width: 33.3333%; height: 52px;\"><a href=\"https:\/\/agora.xtec.cat\/ceip-angelsgarriga-elvendrell\/wp-content\/uploads\/usu161\/2025\/12\/carta-de-compromis-escola-Angels-Garriga-aprovada.pdf\"><img loading=\"lazy\" decoding=\"async\" class=\"aligncenter wp-image-2938\" src=\"https:\/\/agora.xtec.cat\/ceip-angelsgarriga-elvendrell\/wp-content\/uploads\/usu161\/2019\/02\/pdf.jpg\" alt=\"\" width=\"38\" height=\"36\" \/><\/a><\/td>\n<\/tr>\n<tr style=\"height: 53px;\">\n<td style=\"width: 40.6666%; height: 53px;\">Projecte Ling\u00fc\u00edstic<\/td>\n<td style=\"width: 26%; height: 53px; text-align: center;\">Octubre 2019<\/td>\n<td style=\"width: 33.3333%; height: 53px;\"><a href=\"https:\/\/agora.xtec.cat\/ceip-angelsgarriga-elvendrell\/wp-content\/uploads\/usu161\/2021\/10\/PROJECTE-linguistic-2018-19.pdf\"><img loading=\"lazy\" decoding=\"async\" class=\"aligncenter wp-image-2938\" src=\"https:\/\/agora.xtec.cat\/ceip-angelsgarriga-elvendrell\/wp-content\/uploads\/usu161\/2019\/02\/pdf.jpg\" alt=\"\" width=\"39\" height=\"37\" \/><\/a><\/td>\n<\/tr>\n<tr style=\"height: 52px;\">\n<td style=\"width: 40.6666%; height: 63px;\">Pla de Conviv\u00e8ncia<\/td>\n<td style=\"width: 26%; height: 63px; text-align: center;\">Juny 2021<\/td>\n<td style=\"width: 33.3333%; height: 63px; text-align: center;\"><a href=\"https:\/\/agora.xtec.cat\/ceip-angelsgarriga-elvendrell\/wp-content\/uploads\/usu161\/2021\/07\/P.-Conviv%C3%A8ncia-juny-2021-1.pdf\"><img loading=\"lazy\" decoding=\"async\" class=\"alignnone\" src=\"https:\/\/agora.xtec.cat\/ceip-angelsgarriga-elvendrell\/wp-content\/uploads\/usu161\/2019\/02\/pdf.jpg\" alt=\"\" width=\"39\" height=\"37\" \/><\/a><\/td>\n<\/tr>\n<tr>\n<td style=\"width: 40.6666%;\">Pla d&#8217;acollida digital ALUMNAT<\/td>\n<td style=\"width: 26%; text-align: center;\">Vigent<\/td>\n<td style=\"width: 33.3333%; text-align: center;\"><a href=\"https:\/\/agora.xtec.cat\/ceip-angelsgarriga-elvendrell\/wp-content\/uploads\/usu161\/2023\/09\/Pla-dacollida-digital-ALUMNAT-1.pdf\"><img loading=\"lazy\" decoding=\"async\" class=\"alignnone\" src=\"https:\/\/agora.xtec.cat\/ceip-angelsgarriga-elvendrell\/wp-content\/uploads\/usu161\/2019\/02\/pdf.jpg\" alt=\"\" width=\"39\" height=\"37\" \/><\/a><\/td>\n<\/tr>\n<tr>\n<td style=\"width: 40.6666%;\">Pla d&#8217;acollida digital FAM\u00cdLIES<\/td>\n<td style=\"width: 26%; text-align: center;\">Vigent<\/td>\n<td style=\"width: 33.3333%; text-align: center;\"><a href=\"https:\/\/agora.xtec.cat\/ceip-angelsgarriga-elvendrell\/wp-content\/uploads\/usu161\/2023\/09\/Pla-dacollida-digital-FAMILIES.pdf\"><img loading=\"lazy\" decoding=\"async\" class=\"alignnone\" src=\"https:\/\/agora.xtec.cat\/ceip-angelsgarriga-elvendrell\/wp-content\/uploads\/usu161\/2019\/02\/pdf.jpg\" alt=\"\" width=\"39\" height=\"37\" \/><\/a><\/td>\n<\/tr>\n<\/tbody>\n<\/table>\n<div><\/div>\n<div><\/div>\n<div><\/div>\n","protected":false},"excerpt":{"rendered":"<p>En aquesta p\u00e0gina es recullen alguns dels principals documents de centre: NOM DOCUMENT DATA D&#8217;ACTUALITZACI\u00d3 ARXIU Pla Anual de Centre Octubre 2025 NOFC (Normativa d&#8217;organitzaci\u00f3 i funcionament de centre) Desembre 2025 Carta de Comprom\u00eds Projecte Ling\u00fc\u00edstic Octubre 2019 Pla de Conviv\u00e8ncia Juny 2021 Pla d&#8217;acollida digital ALUMNAT Vigent Pla d&#8217;acollida digital FAM\u00cdLIES Vigent<\/p>\n","protected":false},"author":1,"featured_media":0,"parent":22,"menu_order":0,"comment_status":"closed","ping_status":"closed","template":"","meta":{"_bbp_topic_count":0,"_bbp_reply_count":0,"_bbp_total_topic_count":0,"_bbp_total_reply_count":0,"_bbp_voice_count":0,"_bbp_anonymous_reply_count":0,"_bbp_topic_count_hidden":0,"_bbp_reply_count_hidden":0,"_bbp_forum_subforum_count":0,"site-sidebar-layout":"default","site-content-layout":"","ast-site-content-layout":"default","site-content-style":"default","site-sidebar-style":"default","ast-global-header-display":"","ast-banner-title-visibility":"","ast-main-header-display":"","ast-hfb-above-header-display":"","ast-hfb-below-header-display":"","ast-hfb-mobile-header-display":"","site-post-title":"","ast-breadcrumbs-content":"","ast-featured-img":"","footer-sml-layout":"","theme-transparent-header-meta":"default","adv-header-id-meta":"","stick-header-meta":"","header-above-stick-meta":"","header-main-stick-meta":"","header-below-stick-meta":"","astra-migrate-meta-layouts":"set","ast-page-background-enabled":"default","ast-page-background-meta":{"desktop":{"background-color":"var(--ast-global-color-4)","background-image":"","background-repeat":"repeat","background-position":"center center","background-size":"auto","background-attachment":"scroll","background-type":"","background-media":"","overlay-type":"","overlay-color":"","overlay-opacity":"","overlay-gradient":""},"tablet":{"background-color":"","background-image":"","background-repeat":"repeat","background-position":"center center","background-size":"auto","background-attachment":"scroll","background-type":"","background-media":"","overlay-type":"","overlay-color":"","overlay-opacity":"","overlay-gradient":""},"mobile":{"background-color":"","background-image":"","background-repeat":"repeat","background-position":"center center","background-size":"auto","background-attachment":"scroll","background-type":"","background-media":"","overlay-type":"","overlay-color":"","overlay-opacity":"","overlay-gradient":""}},"ast-content-background-meta":{"desktop":{"background-color":"var(--ast-global-color-5)","background-image":"","background-repeat":"repeat","background-position":"center center","background-size":"auto","background-attachment":"scroll","background-type":"","background-media":"","overlay-type":"","overlay-color":"","overlay-opacity":"","overlay-gradient":""},"tablet":{"background-color":"var(--ast-global-color-5)","background-image":"","background-repeat":"repeat","background-position":"center center","background-size":"auto","background-attachment":"scroll","background-type":"","background-media":"","overlay-type":"","overlay-color":"","overlay-opacity":"","overlay-gradient":""},"mobile":{"background-color":"var(--ast-global-color-5)","background-image":"","background-repeat":"repeat","background-position":"center center","background-size":"auto","background-attachment":"scroll","background-type":"","background-media":"","overlay-type":"","overlay-color":"","overlay-opacity":"","overlay-gradient":""}},"footnotes":""},"class_list":["post-201","page","type-page","status-publish","hentry"],"post_mailing_queue_ids":[],"_links":{"self":[{"href":"https:\/\/agora.xtec.cat\/ceip-angelsgarriga-elvendrell\/wp-json\/wp\/v2\/pages\/201","targetHints":{"allow":["GET"]}}],"collection":[{"href":"https:\/\/agora.xtec.cat\/ceip-angelsgarriga-elvendrell\/wp-json\/wp\/v2\/pages"}],"about":[{"href":"https:\/\/agora.xtec.cat\/ceip-angelsgarriga-elvendrell\/wp-json\/wp\/v2\/types\/page"}],"author":[{"embeddable":true,"href":"https:\/\/agora.xtec.cat\/ceip-angelsgarriga-elvendrell\/wp-json\/wp\/v2\/users\/1"}],"replies":[{"embeddable":true,"href":"https:\/\/agora.xtec.cat\/ceip-angelsgarriga-elvendrell\/wp-json\/wp\/v2\/comments?post=201"}],"version-history":[{"count":5,"href":"https:\/\/agora.xtec.cat\/ceip-angelsgarriga-elvendrell\/wp-json\/wp\/v2\/pages\/201\/revisions"}],"predecessor-version":[{"id":7548,"href":"https:\/\/agora.xtec.cat\/ceip-angelsgarriga-elvendrell\/wp-json\/wp\/v2\/pages\/201\/revisions\/7548"}],"up":[{"embeddable":true,"href":"https:\/\/agora.xtec.cat\/ceip-angelsgarriga-elvendrell\/wp-json\/wp\/v2\/pages\/22"}],"wp:attachment":[{"href":"https:\/\/agora.xtec.cat\/ceip-angelsgarriga-elvendrell\/wp-json\/wp\/v2\/media?parent=201"}],"curies":[{"name":"wp","href":"https:\/\/api.w.org\/{rel}","templated":true}]}}