{"id":196,"date":"2016-09-22T08:37:50","date_gmt":"2016-09-22T07:37:50","guid":{"rendered":"http:\/\/agora.xtec.cat\/ceip-angelsgarriga-elvendrell\/?page_id=196"},"modified":"2016-09-22T10:32:05","modified_gmt":"2016-09-22T09:32:05","slug":"biografia-angels-garriga","status":"publish","type":"page","link":"https:\/\/agora.xtec.cat\/ceip-angelsgarriga-elvendrell\/lescola\/biografia-angels-garriga\/","title":{"rendered":"Biografia \u00c0ngels Garriga"},"content":{"rendered":"<p><a href=\"http:\/\/agora.xtec.cat\/ceip-angelsgarriga-elvendrell\/wp-content\/uploads\/usu161\/2016\/09\/unnamed.jpg\"><img loading=\"lazy\" decoding=\"async\" class=\"wp-image-242 alignleft\" src=\"http:\/\/agora.xtec.cat\/ceip-angelsgarriga-elvendrell\/wp-content\/uploads\/usu161\/2016\/09\/unnamed.jpg\" alt=\"unnamed\" width=\"250\" height=\"285\" \/><\/a><\/p>\n<p>\u00c0ngels Garriga va n\u00e9ixer a Sant Vicen\u00e7 de Calders, filla d\u2019Anton Garriga, de fam\u00edlia pagesa i secretari municipal, i de Marta \u00c0ngela Mart\u00edn. Quan la petita \u00c0ngels tenia quatres mesos, la fam\u00edlia es va traslladar a Barcelona. \u00c0ngels Garriga va anar a l\u2019escola-classe de Donya Carmen Serra, una bona mestra, dins del precari panorama de l\u2019escola de l\u2019\u00e8poca. A Gr\u00e0cia tamb\u00e9 freq\u00fcenta la parr\u00f2quia de Jes\u00fas, el rector de la qual \u00e9s el seu oncle Marcel\u00b7l\u00ed Garriga. Hi coneix Artur Martorell i tamb\u00e9 moss\u00e8n Batlle. En un ambient familiar que, de mica en mica es va impregnant del catalanisme cultural, \u00c0ngels Garriga estudia a la Normal on acaba amb \u201cPremio extraordinario\u201d i guanya les oposicions. Del 1920 al 1923, cursa els Estudis Normals de la Mancomunitat de Catalunya, formaci\u00f3 superior per a mestres ja titulats. All\u00ed trob\u00e0 grans mestres: P. Vila, P. Fabra, C. Riba, A. Gal\u00ed i tants d\u2019altres. En sort\u00ed com a primera de la promoci\u00f3. Al mateix temps aprofundeix en les seves conviccions cristianes i catalanistes i entra a formar part de la Federaci\u00f3 de Mestres Nacionals de Catalunya. L\u2019any 1924 es casa amb Josep Mata. Tingueren quatre fills, Josep, Marta, Maria i Eul\u00e0lia. Marta, esdevindr\u00e0 amb el temps una altra figura cabdal de la pedagogia catalana. \u00c0ngels Garriga enviud\u00e0 ben aviat: el seu marit mor\u00ed d\u2019accident de treball el 1934, a Madrid.<\/p>\n<p>\u00c0ngels Garriga exerc\u00ed de mestra municipal de Barcelona de 1923 a 1931, al Grup Escolar \u201cBaixeras\u201d, i com a mestra nacional del Patronat Escolar de l&#8217;Ajuntament de Barcelona al Grup Escolar \u201cPere Vila\u201d, des de 1931. Tamb\u00e9 va ser mestra de Pr\u00e0ctiques a l\u2019Escola Normal de la Generalitat. \u00c0ngels Garriga esdev\u00e9 una persona de refer\u00e8ncia al \u201cPere Vila\u201d dirigida per F\u00e8lix Mart\u00ed Alpera. Dinamitz\u00e0 el teatre, sortides i visites, el c\u00e0lcul mental, la hist\u00f2ria&#8230; El per\u00edode revolucionari despr\u00e9s del cop d\u2019estat del 36 provoca que \u00c0ngels Garriga pateixi una primera depuraci\u00f3 per les seves conviccions religioses. Ha de deixar l\u2019escola i treballa a les noves oficines de la Generalitat. Amb la vict\u00f2ria franquista ve una altra depuraci\u00f3 de signe contrari. Separada del seu lloc de treball al llavors anomenat &#8220;Grupo Escolar Pedro Vila&#8221;, treball\u00e0 a la \u201cEscuela Unitaria de Ni\u00f1as&#8221; de Gran Via, fins a 1945. A partir d\u2019aquell any s\u2019agreuja una par\u00e0lisi, probablement una esclerosi m\u00faltiple, que l\u2019obliga a jubilar-se.<\/p>\n<p>El 1946, amb la seva filla Marta Mata convalescent van a viure a la casa pairal del marit, Josep Mata i Virgili, a Cal Mata, a Saifores, un llogaret de Banyeres del Pened\u00e8s. Hi comen\u00e7\u00e0 a organitzar activitats de lleure, a escriure llibres, adaptacions liter\u00e0ries, fins a programes de r\u00e0dio a R\u00e0dio Vendrell on introdu\u00ed una secci\u00f3 liter\u00e0ria en catal\u00e0. Rebia visites d\u2019antics professors com Vila, Martorell i Gal\u00ed i comen\u00e7\u00e0 a acollir les noves fornades de mestres que s\u2019aplegaven al voltant de la seva filla, Marta Mata. All\u00ed va escriure, entre altres, el primer llibre d&#8217;aprenentatge de lectura en catal\u00e0 despr\u00e9s de la guerra, (1965), Beceroles Estels (1967) i \u201cUn r\u00e8tol per a Curt\u00f3\u201d, s\u00edntesi de la relaci\u00f3 entre escola i poble, a partir de la descripci\u00f3 de les activitats dels infants de Saifores. Col\u00b7labora amb \u201cCavall Fort\u201d, amb les editorials \u201cNova Terra\u201d, i \u201cLa Galera\u201d. A partir de la fundaci\u00f3 de l&#8217;Escola de Mestres Rosa Sensat, \u00c0ngels Garriga torna a viure amb la seva filla Marta, a Barcelona, amb per\u00edodes de vacances entre Tarragona i Saifores. La mort li arriba al nou local de \u201cRosa Sensat\u201d on hi havia un habitatge per les alumnes de fora de Barcelona.<\/p>\n<p>En l&#8217;actualitat la Fundaci\u00f3 \u00c0ngels Garriga de Mata organitza activitats destinades a la conviv\u00e8ncia escolar a la casa de Saifores\u00a0on vivia, Cal Mata.<\/p>\n<p><span style=\"text-decoration: underline;\"><strong>Obres<\/strong><\/span><\/p>\n<p>Escrigu\u00e9\u00a0\u201c<strong><u>Beceroles<\/u><\/strong>\u201d (1965), llibre d&#8217;aprenentatge de lectura, \u201c<strong><u>Estels<\/u><\/strong>\u201d (1967) llibre de lectura escolar on es recull la seva experi\u00e8ncia de mestra als G. E. Baixeras i Pere Vila, i \u201c<strong><u>Un r\u00e8tol per a Curt\u00f3<\/u><\/strong>\u201d, on es narra la hist\u00f2ria de les activitats dels infants de\u00a0Saifores\u00a0(Curt\u00f3 al llibre), orientades per la seva filla\u00a0Marta\u00a0i inspirades per \u00c0ngels Garriga. A partir de la fundaci\u00f3 de l&#8217;Escola de Mestres Rosa Sensat, \u00c0ngels Garriga visqu\u00e9 a\u00a0Saifores\u00a0durant els per\u00edodes de vacances, i a\u00a0Tarragona\u00a0amb el seu fill Josep, o a\u00a0Barcelona, amb la filla\u00a0Marta, a Rosa Sensat, on mor\u00ed l&#8217;any\u00a01967.<\/p>\n","protected":false},"excerpt":{"rendered":"<p>\u00c0ngels Garriga va n\u00e9ixer a Sant Vicen\u00e7 de Calders, filla d\u2019Anton Garriga, de fam\u00edlia pagesa i secretari municipal, i de Marta \u00c0ngela Mart\u00edn. Quan la petita \u00c0ngels tenia quatres mesos, la fam\u00edlia es va traslladar a Barcelona. \u00c0ngels Garriga va anar a l\u2019escola-classe de Donya Carmen Serra, una bona mestra, dins del precari panorama de [&hellip;]<\/p>\n","protected":false},"author":1,"featured_media":0,"parent":22,"menu_order":0,"comment_status":"closed","ping_status":"closed","template":"","meta":{"_bbp_topic_count":0,"_bbp_reply_count":0,"_bbp_total_topic_count":0,"_bbp_total_reply_count":0,"_bbp_voice_count":0,"_bbp_anonymous_reply_count":0,"_bbp_topic_count_hidden":0,"_bbp_reply_count_hidden":0,"_bbp_forum_subforum_count":0,"site-sidebar-layout":"default","site-content-layout":"","ast-site-content-layout":"","site-content-style":"default","site-sidebar-style":"default","ast-global-header-display":"","ast-banner-title-visibility":"","ast-main-header-display":"","ast-hfb-above-header-display":"","ast-hfb-below-header-display":"","ast-hfb-mobile-header-display":"","site-post-title":"","ast-breadcrumbs-content":"","ast-featured-img":"","footer-sml-layout":"","theme-transparent-header-meta":"","adv-header-id-meta":"","stick-header-meta":"","header-above-stick-meta":"","header-main-stick-meta":"","header-below-stick-meta":"","astra-migrate-meta-layouts":"default","ast-page-background-enabled":"default","ast-page-background-meta":{"desktop":{"background-color":"var(--ast-global-color-4)","background-image":"","background-repeat":"repeat","background-position":"center center","background-size":"auto","background-attachment":"scroll","background-type":"","background-media":"","overlay-type":"","overlay-color":"","overlay-opacity":"","overlay-gradient":""},"tablet":{"background-color":"","background-image":"","background-repeat":"repeat","background-position":"center center","background-size":"auto","background-attachment":"scroll","background-type":"","background-media":"","overlay-type":"","overlay-color":"","overlay-opacity":"","overlay-gradient":""},"mobile":{"background-color":"","background-image":"","background-repeat":"repeat","background-position":"center center","background-size":"auto","background-attachment":"scroll","background-type":"","background-media":"","overlay-type":"","overlay-color":"","overlay-opacity":"","overlay-gradient":""}},"ast-content-background-meta":{"desktop":{"background-color":"var(--ast-global-color-5)","background-image":"","background-repeat":"repeat","background-position":"center center","background-size":"auto","background-attachment":"scroll","background-type":"","background-media":"","overlay-type":"","overlay-color":"","overlay-opacity":"","overlay-gradient":""},"tablet":{"background-color":"var(--ast-global-color-5)","background-image":"","background-repeat":"repeat","background-position":"center center","background-size":"auto","background-attachment":"scroll","background-type":"","background-media":"","overlay-type":"","overlay-color":"","overlay-opacity":"","overlay-gradient":""},"mobile":{"background-color":"var(--ast-global-color-5)","background-image":"","background-repeat":"repeat","background-position":"center center","background-size":"auto","background-attachment":"scroll","background-type":"","background-media":"","overlay-type":"","overlay-color":"","overlay-opacity":"","overlay-gradient":""}},"footnotes":""},"class_list":["post-196","page","type-page","status-publish","hentry"],"post_mailing_queue_ids":[],"_links":{"self":[{"href":"https:\/\/agora.xtec.cat\/ceip-angelsgarriga-elvendrell\/wp-json\/wp\/v2\/pages\/196","targetHints":{"allow":["GET"]}}],"collection":[{"href":"https:\/\/agora.xtec.cat\/ceip-angelsgarriga-elvendrell\/wp-json\/wp\/v2\/pages"}],"about":[{"href":"https:\/\/agora.xtec.cat\/ceip-angelsgarriga-elvendrell\/wp-json\/wp\/v2\/types\/page"}],"author":[{"embeddable":true,"href":"https:\/\/agora.xtec.cat\/ceip-angelsgarriga-elvendrell\/wp-json\/wp\/v2\/users\/1"}],"replies":[{"embeddable":true,"href":"https:\/\/agora.xtec.cat\/ceip-angelsgarriga-elvendrell\/wp-json\/wp\/v2\/comments?post=196"}],"version-history":[{"count":3,"href":"https:\/\/agora.xtec.cat\/ceip-angelsgarriga-elvendrell\/wp-json\/wp\/v2\/pages\/196\/revisions"}],"predecessor-version":[{"id":245,"href":"https:\/\/agora.xtec.cat\/ceip-angelsgarriga-elvendrell\/wp-json\/wp\/v2\/pages\/196\/revisions\/245"}],"up":[{"embeddable":true,"href":"https:\/\/agora.xtec.cat\/ceip-angelsgarriga-elvendrell\/wp-json\/wp\/v2\/pages\/22"}],"wp:attachment":[{"href":"https:\/\/agora.xtec.cat\/ceip-angelsgarriga-elvendrell\/wp-json\/wp\/v2\/media?parent=196"}],"curies":[{"name":"wp","href":"https:\/\/api.w.org\/{rel}","templated":true}]}}