{"id":9637,"date":"2025-05-15T16:52:30","date_gmt":"2025-05-15T14:52:30","guid":{"rendered":"https:\/\/agora.xtec.cat\/ceip-angelguimera\/?page_id=9637"},"modified":"2025-11-13T15:47:18","modified_gmt":"2025-11-13T14:47:18","slug":"informacio-families","status":"publish","type":"page","link":"https:\/\/agora.xtec.cat\/ceip-angelguimera\/informacio-families\/","title":{"rendered":"INFORMACI\u00d3 FAM\u00cdLIES"},"content":{"rendered":"\n<div class=\"wp-block-columns is-layout-flex wp-container-core-columns-is-layout-1 wp-block-columns-is-layout-flex\">\n<div class=\"wp-block-column is-layout-flow wp-block-column-is-layout-flow\">\n<p><mark style=\"background-color:rgba(0, 0, 0, 0)\" class=\"has-inline-color has-ast-global-color-1-color\"><strong>INFORMACI\u00d3 B\u00c0SICA<\/strong><\/mark><\/p>\n\n\n\n<p><a href=\"https:\/\/agora.xtec.cat\/ceip-angelguimera\/material-curs-25-26\/\" target=\"_blank\" rel=\"noreferrer noopener\">MATERIAL 25-26<\/a><\/p>\n\n\n\n<p><a href=\"https:\/\/drive.google.com\/file\/d\/1dkFAl9FiZuab3JgeVvyDT5gov7npp6UC\/view?usp=sharing\">CALENDARI 25-26<\/a><\/p>\n\n\n\n<p><a href=\"https:\/\/www.google.com\/maps?hl=ca&amp;gl=es&amp;um=1&amp;ie=UTF-8&amp;fb=1&amp;sa=X&amp;ftid=0x12a69ece739e97a9:0x9e6e322e77a93722\">COMPRA DE BATES<\/a><\/p>\n\n\n\n<p><a href=\"https:\/\/av.santillana.es\/av\/login\/choice\">ACC\u00c9S ALS LLIBRES SANTILLANA<\/a> (usuari i contrasenya de l&#8217;enganxina)<\/p>\n<\/div>\n\n\n\n<div class=\"wp-block-column is-layout-flow wp-block-column-is-layout-flow\">\n<p><strong><mark style=\"background-color:rgba(0, 0, 0, 0)\" class=\"has-inline-color has-ast-global-color-1-color\">AVISOS ESCOLA I AVISOS AFA<\/mark><\/strong><\/p>\n\n\n\n<p><a href=\"https:\/\/drive.google.com\/file\/d\/1E4Avzt8KwPDAgMxTgfixX0gnPTQT3QOE\/view?usp=drive_link\" target=\"_blank\" rel=\"noreferrer noopener\">AVISOS <\/a><\/p>\n\n\n\n<p><a href=\"https:\/\/www.google.com\/maps\/place\/Esports+Truga+T%C3%A0rrega\/@41.6469723,1.1371699,17z\/data=!3m1!4b1!4m6!3m5!1s0x12a69ecc4b45dc53:0x9e00278ee3a1f10!8m2!3d41.6469683!4d1.1397448!16s%2Fg%2F11c1thbd89?hl=ca&amp;entry=ttu&amp;g_ep=EgoyMDI1MDkyOS4wIKXMDSoASAFQAw%3D%3D\">COMPRA DE XANDALL<\/a><\/p>\n<\/div>\n\n\n\n<div class=\"wp-block-column is-layout-flow wp-block-column-is-layout-flow\">\n<p><strong><mark style=\"background-color:rgba(0, 0, 0, 0)\" class=\"has-inline-color has-ast-global-color-1-color\">PARTICIPA!<\/mark><\/strong><\/p>\n\n\n\n<p><a href=\"https:\/\/forms.gle\/v7dvHBJ97AkmzsZd8\">BORSA DE VOLUNTARIS<\/a><\/p>\n<\/div>\n<\/div>\n\n\n\n<p><\/p>\n\n\n\n<p><\/p>\n\n\n\n<div class=\"wp-block-columns is-layout-flex wp-container-core-columns-is-layout-2 wp-block-columns-is-layout-flex\">\n<div class=\"wp-block-column is-layout-flow wp-block-column-is-layout-flow\">\n<p><strong><mark style=\"background-color:rgba(0, 0, 0, 0)\" class=\"has-inline-color has-ast-global-color-1-color\">TUTORIAL FOTOGRAFIES<\/mark><\/strong><\/p>\n\n\n\n<p><a href=\"https:\/\/agora.xtec.cat\/ceip-angelguimera\/acces-fotografies\/\" target=\"_blank\" rel=\"noreferrer noopener\">ACC\u00c9S FOTOGRAFIES<\/a><\/p>\n<\/div>\n\n\n\n<div class=\"wp-block-column is-layout-flow wp-block-column-is-layout-flow\">\n<p><strong><mark style=\"background-color:rgba(0, 0, 0, 0)\" class=\"has-inline-color has-ast-global-color-1-color\">TUTORIALS APP<\/mark><\/strong><\/p>\n\n\n\n<p><a href=\"https:\/\/play.google.com\/store\/apps\/details?id=com.dumainteractiva.angelguimera&amp;hl=ca&amp;pli=1\" target=\"_blank\" rel=\"noreferrer noopener\">ANDROID<\/a>\/<a href=\"https:\/\/apps.apple.com\/es\/app\/escola-%C3%A0ngel-guimer%C3%A0\/id1532028718\" target=\"_blank\" rel=\"noreferrer noopener\">IOS<\/a><\/p>\n\n\n\n<p><a href=\"https:\/\/drive.google.com\/file\/d\/1brVZxAwhIb1VcZDP2uoJO9M1216z8gFI\/view?usp=sharing\">AUTORITZACIONS<\/a><\/p>\n\n\n\n<p><a href=\"https:\/\/drive.google.com\/file\/d\/13CDe31LfMOINoy8PR-ZEgWNqbZPVO4ed\/view?usp=sharing\">COMUNICATS<\/a><\/p>\n\n\n\n<p><a href=\"https:\/\/drive.google.com\/file\/d\/10Z3kQGfNhn0HYpYyCIkBEVA9lyB-pzXH\/view?usp=sharing\">CONTACTE<\/a><\/p>\n\n\n\n<p><a href=\"https:\/\/drive.google.com\/file\/d\/1WhPsEEkP7Gw3htph7O-sUZOlorC_l2Vo\/view?usp=sharing\">INSTAL\u00b7LACI\u00d3 APP<\/a><\/p>\n\n\n\n<p><a href=\"https:\/\/drive.google.com\/file\/d\/1WhPsEEkP7Gw3htph7O-sUZOlorC_l2Vo\/view?usp=sharing\">PAGAMENTS<\/a><\/p>\n<\/div>\n\n\n\n<div class=\"wp-block-column is-layout-flow wp-block-column-is-layout-flow\">\n<p><mark style=\"background-color:rgba(0, 0, 0, 0)\" class=\"has-inline-color has-ast-global-color-1-color\"><strong>INFORMES I ENTREVISTES<\/strong><\/mark><\/p>\n\n\n\n<p><a href=\"https:\/\/drive.google.com\/file\/d\/1ixLI99sUboTVcblhF4j4LqbJa7SMumqL\/view\">EXPLICACI\u00d3 INFORMES<\/a><\/p>\n\n\n\n<p><a href=\"https:\/\/drive.google.com\/file\/d\/1bO_vgjiv0KP0oFj9qFe4iTXLcMAYgLHk\/view\">DEMANAR CITA PER A ENTREVISTES<\/a><\/p>\n<\/div>\n<\/div>\n\n\n\n<p><strong><mark style=\"background-color:rgba(0, 0, 0, 0)\" class=\"has-inline-color has-ast-global-color-1-color\">ENLLA\u00c7OS D&#8217;INTER\u00c8S<\/mark><\/strong><\/p>\n\n\n\n<p><a href=\"https:\/\/www.cafeisocialmedia.cat\/\">Pantalles a la inf\u00e0ncia i adolesc\u00e8ncia<\/a><\/p>\n\n\n\n<p><a href=\"https:\/\/cdnebasnet.com\/data\/cms\/urgell\/uploads\/docs\/Transport%20Escolar\/25-26\/HorarisTransportEscolarUrgell2526v1.pdf?1756984003?1756984003\">Horaris de transport<\/a> Consell Comarcal Urgell<\/p>\n\n\n\n<p><a href=\"https:\/\/documents.espai.educacio.gencat.cat\/documents_publics\/Pla-digitalitzacio-responsable.pdf\">Menys pantalla, m\u00e9s vida! Pla de digitalitzaci\u00f3 responsable<\/a><\/p>\n","protected":false},"excerpt":{"rendered":"<p>INFORMACI\u00d3 B\u00c0SICA MATERIAL 25-26 CALENDARI 25-26 COMPRA DE BATES ACC\u00c9S ALS LLIBRES SANTILLANA (usuari i contrasenya de l&#8217;enganxina) AVISOS ESCOLA I AVISOS AFA AVISOS COMPRA DE XANDALL PARTICIPA! BORSA DE VOLUNTARIS TUTORIAL FOTOGRAFIES ACC\u00c9S FOTOGRAFIES TUTORIALS APP ANDROID\/IOS AUTORITZACIONS COMUNICATS CONTACTE INSTAL\u00b7LACI\u00d3 APP PAGAMENTS INFORMES I ENTREVISTES EXPLICACI\u00d3 INFORMES DEMANAR CITA PER A ENTREVISTES ENLLA\u00c7OS [&hellip;]<\/p>\n","protected":false},"author":1,"featured_media":0,"parent":0,"menu_order":0,"comment_status":"closed","ping_status":"close","template":"","meta":{"_bbp_topic_count":0,"_bbp_reply_count":0,"_bbp_total_topic_count":0,"_bbp_total_reply_count":0,"_bbp_voice_count":0,"_bbp_anonymous_reply_count":0,"_bbp_topic_count_hidden":0,"_bbp_reply_count_hidden":0,"_bbp_forum_subforum_count":0,"site-sidebar-layout":"default","site-content-layout":"","ast-site-content-layout":"default","site-content-style":"default","site-sidebar-style":"default","ast-global-header-display":"","ast-banner-title-visibility":"","ast-main-header-display":"","ast-hfb-above-header-display":"","ast-hfb-below-header-display":"","ast-hfb-mobile-header-display":"","site-post-title":"","ast-breadcrumbs-content":"","ast-featured-img":"","footer-sml-layout":"","theme-transparent-header-meta":"","adv-header-id-meta":"","stick-header-meta":"","header-above-stick-meta":"","header-main-stick-meta":"","header-below-stick-meta":"","astra-migrate-meta-layouts":"set","ast-page-background-enabled":"default","ast-page-background-meta":{"desktop":{"background-color":"var(--ast-global-color-4)","background-image":"","background-repeat":"repeat","background-position":"center center","background-size":"auto","background-attachment":"scroll","background-type":"","background-media":"","overlay-type":"","overlay-color":"","overlay-opacity":"","overlay-gradient":""},"tablet":{"background-color":"","background-image":"","background-repeat":"repeat","background-position":"center center","background-size":"auto","background-attachment":"scroll","background-type":"","background-media":"","overlay-type":"","overlay-color":"","overlay-opacity":"","overlay-gradient":""},"mobile":{"background-color":"","background-image":"","background-repeat":"repeat","background-position":"center center","background-size":"auto","background-attachment":"scroll","background-type":"","background-media":"","overlay-type":"","overlay-color":"","overlay-opacity":"","overlay-gradient":""}},"ast-content-background-meta":{"desktop":{"background-color":"var(--ast-global-color-5)","background-image":"","background-repeat":"repeat","background-position":"center center","background-size":"auto","background-attachment":"scroll","background-type":"","background-media":"","overlay-type":"","overlay-color":"","overlay-opacity":"","overlay-gradient":""},"tablet":{"background-color":"var(--ast-global-color-5)","background-image":"","background-repeat":"repeat","background-position":"center center","background-size":"auto","background-attachment":"scroll","background-type":"","background-media":"","overlay-type":"","overlay-color":"","overlay-opacity":"","overlay-gradient":""},"mobile":{"background-color":"var(--ast-global-color-5)","background-image":"","background-repeat":"repeat","background-position":"center center","background-size":"auto","background-attachment":"scroll","background-type":"","background-media":"","overlay-type":"","overlay-color":"","overlay-opacity":"","overlay-gradient":""}},"footnotes":""},"class_list":["post-9637","page","type-page","status-publish","hentry"],"post_mailing_queue_ids":[],"_links":{"self":[{"href":"https:\/\/agora.xtec.cat\/ceip-angelguimera\/wp-json\/wp\/v2\/pages\/9637","targetHints":{"allow":["GET"]}}],"collection":[{"href":"https:\/\/agora.xtec.cat\/ceip-angelguimera\/wp-json\/wp\/v2\/pages"}],"about":[{"href":"https:\/\/agora.xtec.cat\/ceip-angelguimera\/wp-json\/wp\/v2\/types\/page"}],"author":[{"embeddable":true,"href":"https:\/\/agora.xtec.cat\/ceip-angelguimera\/wp-json\/wp\/v2\/users\/1"}],"replies":[{"embeddable":true,"href":"https:\/\/agora.xtec.cat\/ceip-angelguimera\/wp-json\/wp\/v2\/comments?post=9637"}],"version-history":[{"count":5,"href":"https:\/\/agora.xtec.cat\/ceip-angelguimera\/wp-json\/wp\/v2\/pages\/9637\/revisions"}],"predecessor-version":[{"id":10187,"href":"https:\/\/agora.xtec.cat\/ceip-angelguimera\/wp-json\/wp\/v2\/pages\/9637\/revisions\/10187"}],"wp:attachment":[{"href":"https:\/\/agora.xtec.cat\/ceip-angelguimera\/wp-json\/wp\/v2\/media?parent=9637"}],"curies":[{"name":"wp","href":"https:\/\/api.w.org\/{rel}","templated":true}]}}