{"id":8239,"date":"2024-03-05T16:34:18","date_gmt":"2024-03-05T15:34:18","guid":{"rendered":"https:\/\/agora.xtec.cat\/ceip-angelguimera\/?page_id=8239"},"modified":"2026-04-15T09:10:12","modified_gmt":"2026-04-15T07:10:12","slug":"preinscripcio-escolar-2024-25","status":"publish","type":"page","link":"https:\/\/agora.xtec.cat\/ceip-angelguimera\/preinscripcio-escolar-2024-25\/","title":{"rendered":"PREINSCRIPCI\u00d3 ESCOLAR 2026-27"},"content":{"rendered":"\n<figure class=\"wp-block-image size-large is-resized\"><a href=\"https:\/\/agora.xtec.cat\/ceip-angelguimera\/wp-content\/uploads\/usu637\/2026\/03\/Preinscripcio_baners_Web_educacio__Preinscripcio_web_educacio_1900x372_3imatges.jpg\"><img loading=\"lazy\" decoding=\"async\" width=\"1024\" height=\"200\" src=\"https:\/\/agora.xtec.cat\/ceip-angelguimera\/wp-content\/uploads\/usu637\/2026\/03\/Preinscripcio_baners_Web_educacio__Preinscripcio_web_educacio_1900x372_3imatges-1024x200.jpg\" alt=\"\" class=\"wp-image-10636\" style=\"width:1031px;height:auto\" srcset=\"https:\/\/agora.xtec.cat\/ceip-angelguimera\/wp-content\/uploads\/usu637\/2026\/03\/Preinscripcio_baners_Web_educacio__Preinscripcio_web_educacio_1900x372_3imatges-1024x200.jpg 1024w, https:\/\/agora.xtec.cat\/ceip-angelguimera\/wp-content\/uploads\/usu637\/2026\/03\/Preinscripcio_baners_Web_educacio__Preinscripcio_web_educacio_1900x372_3imatges-300x59.jpg 300w, https:\/\/agora.xtec.cat\/ceip-angelguimera\/wp-content\/uploads\/usu637\/2026\/03\/Preinscripcio_baners_Web_educacio__Preinscripcio_web_educacio_1900x372_3imatges-768x150.jpg 768w, https:\/\/agora.xtec.cat\/ceip-angelguimera\/wp-content\/uploads\/usu637\/2026\/03\/Preinscripcio_baners_Web_educacio__Preinscripcio_web_educacio_1900x372_3imatges-1536x301.jpg 1536w, https:\/\/agora.xtec.cat\/ceip-angelguimera\/wp-content\/uploads\/usu637\/2026\/03\/Preinscripcio_baners_Web_educacio__Preinscripcio_web_educacio_1900x372_3imatges.jpg 1900w\" sizes=\"auto, (max-width: 1024px) 100vw, 1024px\" \/><\/a><\/figure>\n\n\n\n<figure class=\"wp-block-table aligncenter is-style-stripes has-medium-font-size\"><table><tbody><tr><td class=\"has-text-align-center\" data-align=\"center\"><a href=\"https:\/\/preinscripcio.gencat.cat\/ca\/inici\/\" target=\"_blank\" rel=\"noopener\"><strong>Informaci\u00f3 general sobre la preinscripci\u00f3<\/strong><\/a><br><br><strong>Podeu fer la preinscripci\u00f3 des de casa, \u00e9s molt f\u00e0cil<\/strong> si el vostre infant ja ha estat matriculat a la guarderia! Necessiteu ajuda per fer la preinscripci\u00f3? Podeu anar a l&#8217;OME de l&#8217;Ajuntament o b\u00e9 demanar cita per fer-ho a la Secretaria de l&#8217;escola.<br><\/td><\/tr><tr><td class=\"has-text-align-center\" data-align=\"center\"><strong><mark style=\"background-color:rgba(0, 0, 0, 0)\" class=\"has-inline-color has-ast-global-color-1-color\">Informaci\u00f3 sobre l&#8217;escola \u00c0ngel Guimer\u00e0, codi 25004531<\/mark><\/strong><br><strong><br><\/strong><a href=\"https:\/\/agora.xtec.cat\/ceip-angelguimera\/wp-content\/uploads\/usu637\/2014\/09\/1.-PROJECTE-EDUCATIU.pdf\" target=\"_blank\" rel=\"noreferrer noopener\">Projecte educatiu<\/a>\u00a0(en revisi\u00f3) \u00a0 <a href=\"https:\/\/drive.google.com\/file\/d\/1UZkWC9h5CnFfzOPo2KtQoICXYhsIcqKX\/view?usp=drive_link\" target=\"_blank\" rel=\"noreferrer noopener\">Carta de comprom\u00eds educatiu<\/a>\u00a0 \u00a0 <a href=\"https:\/\/agora.xtec.cat\/ceip-angelguimera\/wp-content\/uploads\/usu637\/2024\/03\/Area-dinfluencia-Tarrega.pdf\" target=\"_blank\" rel=\"noreferrer noopener\">Zona educativa<\/a><a href=\"https:\/\/agora.xtec.cat\/ceip-angelguimera\/wp-content\/uploads\/usu637\/2024\/03\/Area-dinfluencia-Tarrega.pdf\"> <\/a><br><a href=\"https:\/\/drive.google.com\/file\/d\/1Jq5PBK2kQ9SE_DZB4f-z0MyKD8LnQ3YU\/view?usp=drive_link\" target=\"_blank\" rel=\"noreferrer noopener\">Portes Obertes<\/a>\u00a0 \u00a0<a href=\"https:\/\/calendar.app.google\/2HM1xT21HRMGAGuH8\" target=\"_blank\" rel=\"noreferrer noopener\">Visites personalitzades<\/a> D<span style=\"color: revert; font-size: revert; font-weight: revert; font-family: inherit;\">emaneu cita online, o al 973 310 700<\/span><br><strong><a href=\"https:\/\/drive.google.com\/file\/d\/1b_bhJBRIUI7ftjK748mK5UkqFmxvFwIr\/view?usp=sharing\">Oferta de llocs escolars<\/a>. <\/strong>3 de mar\u00e7<\/td><\/tr><tr><td class=\"has-text-align-center\" data-align=\"center\"><span style=\"color: revert; font-size: revert; font-weight: revert; text-align: center; font-family: inherit;\"><strong>Presentaci\u00f3 de sol\u00b7licituds <a href=\"https:\/\/educacio.gencat.cat\/ca\/tramits\/tramits-temes\/perinscripcio-obligatoris?&amp;moda=1\" target=\"_blank\" rel=\"noreferrer noopener\">Infantil<\/a><a href=\"https:\/\/educacio.gencat.cat\/ca\/tramits\/tramits-temes\/perinscripcio-obligatoris?&amp;moda=1\"> <\/a>i <a href=\"https:\/\/educacio.gencat.cat\/ca\/tramits\/tramits-temes\/perinscripcio-obligatoris?&amp;moda=2\" target=\"_blank\" rel=\"noreferrer noopener\">Prim\u00e0ria<\/a>.<\/strong> <\/span>4 al 18 de mar\u00e7. Documentaci\u00f3 fins el 19 de mar\u00e7<br><sub>Nom\u00e9s una preinscripci\u00f3 per alumne. Cada preinscripci\u00f3 pot incloure diverses peticions de centres. Quan es detecten dues preinscripcions diferents, s&#8217;anul\u00b7len totes i es perd els drets de prioritat.<\/sub><\/td><\/tr><tr><td class=\"has-text-align-center\" data-align=\"center\"><span style=\"color: #000000;\"><strong>LLISTES: <a href=\"https:\/\/drive.google.com\/file\/d\/1xiHnfeIgt7TMDHfDgz6LtHbFbpC1hjv9\/view?usp=sharing\">Sol\u00b7licituds de preinscripci\u00f3 al centre amb puntuaci\u00f3 provisional. <\/a><\/strong><\/span><mark>15 d&#8217;abril<\/mark><\/td><\/tr><tr><td class=\"has-text-align-center\" data-align=\"center\"><span style=\"color: #000000;\"><strong><a href=\"https:\/\/www.youtube.com\/watch?v=Y1HTJ25ueeY\">Reclamaci\u00f3 a la llista amb la puntuaci\u00f3 provisional.<\/a> <\/strong><\/span><mark>15 al 20 d&#8217;abril<\/mark><\/td><\/tr><tr><td class=\"has-text-align-center\" data-align=\"center\"><span style=\"color: #000000;\"><strong>LLISTES: Sol\u00b7licituds de preinscripci\u00f3 al centre amb reclamacions resoltes.<\/strong> 23 d&#8217;abril<\/span><\/td><\/tr><tr><td class=\"has-text-align-center\" data-align=\"center\"><strong>N\u00famero de desempat:<\/strong> (sorteig 28 d&#8217;abril)<\/td><\/tr><tr><td class=\"has-text-align-center\" data-align=\"center\"><span style=\"color: #000000;\"><strong>LLISTES: Llista ordenada de les preinscripcions al centre.<\/strong> 29 d&#8217;abril<\/span><\/td><\/tr><tr><td class=\"has-text-align-center\" data-align=\"center\"><strong>LLISTES: Oferta definitiva de llocs escolars.<\/strong> <span style=\"color: #000000;\">10 de juny<\/span><\/td><\/tr><tr><td class=\"has-text-align-center\" data-align=\"center\"><strong><span style=\"color: #000000;\">LLISTES:&nbsp;<\/span>Alumnes assignats al centre amb indicaci\u00f3 de la primera petici\u00f3 i llista d&#8217;espera.<\/strong> <br>Llista d&#8217;espera<br>10<span style=\"color: #000000;\"> de juny<\/span><\/td><\/tr><tr><td class=\"has-text-align-center\" data-align=\"center\"><strong>Reclamacions davant la comissi\u00f3 de garanties d&#8217;admissi\u00f3. <\/strong>10 al 12 de juny<\/td><\/tr><tr><td class=\"has-text-align-center\" data-align=\"center\"><strong>Matr\u00edcula:<\/strong> del 22 al 30 de juny. Donarem hora a les fam\u00edlies per convocar-les a la matr\u00edcula i a les sessions informatives del juny.<\/td><\/tr><tr><td class=\"has-text-align-center\" data-align=\"center\">En el segon cicle d&#8217;educaci\u00f3 infantil i els ensenyaments obligatoris, l&#8217;alumne\/a perd la pla\u00e7a assignada si no s&#8217;incorpora al centre en el termini de dues setmanes des de l&#8217;inici de curs o des de l&#8217;assignaci\u00f3 de pla\u00e7a, o si, un cop matriculat, deixa d&#8217;assistir al centre durant el termini de dos mesos.<\/td><\/tr><\/tbody><\/table><\/figure>\n\n\n\n<p><\/p>\n","protected":false},"excerpt":{"rendered":"<p>Informaci\u00f3 general sobre la preinscripci\u00f3 Podeu fer la preinscripci\u00f3 des de casa, \u00e9s molt f\u00e0cil si el vostre infant ja ha estat matriculat a la guarderia! Necessiteu ajuda per fer la preinscripci\u00f3? Podeu anar a l&#8217;OME de l&#8217;Ajuntament o b\u00e9 demanar cita per fer-ho a la Secretaria de l&#8217;escola. Informaci\u00f3 sobre l&#8217;escola \u00c0ngel Guimer\u00e0, codi [&hellip;]<\/p>\n","protected":false},"author":1,"featured_media":0,"parent":0,"menu_order":0,"comment_status":"closed","ping_status":"closed","template":"","meta":{"_bbp_topic_count":0,"_bbp_reply_count":0,"_bbp_total_topic_count":0,"_bbp_total_reply_count":0,"_bbp_voice_count":0,"_bbp_anonymous_reply_count":0,"_bbp_topic_count_hidden":0,"_bbp_reply_count_hidden":0,"_bbp_forum_subforum_count":0,"site-sidebar-layout":"default","site-content-layout":"","ast-site-content-layout":"default","site-content-style":"default","site-sidebar-style":"default","ast-global-header-display":"","ast-banner-title-visibility":"","ast-main-header-display":"","ast-hfb-above-header-display":"","ast-hfb-below-header-display":"","ast-hfb-mobile-header-display":"","site-post-title":"","ast-breadcrumbs-content":"","ast-featured-img":"","footer-sml-layout":"","theme-transparent-header-meta":"","adv-header-id-meta":"","stick-header-meta":"","header-above-stick-meta":"","header-main-stick-meta":"","header-below-stick-meta":"","astra-migrate-meta-layouts":"set","ast-page-background-enabled":"default","ast-page-background-meta":{"desktop":{"background-color":"var(--ast-global-color-4)","background-image":"","background-repeat":"repeat","background-position":"center center","background-size":"auto","background-attachment":"scroll","background-type":"","background-media":"","overlay-type":"","overlay-color":"","overlay-opacity":"","overlay-gradient":""},"tablet":{"background-color":"","background-image":"","background-repeat":"repeat","background-position":"center center","background-size":"auto","background-attachment":"scroll","background-type":"","background-media":"","overlay-type":"","overlay-color":"","overlay-opacity":"","overlay-gradient":""},"mobile":{"background-color":"","background-image":"","background-repeat":"repeat","background-position":"center center","background-size":"auto","background-attachment":"scroll","background-type":"","background-media":"","overlay-type":"","overlay-color":"","overlay-opacity":"","overlay-gradient":""}},"ast-content-background-meta":{"desktop":{"background-color":"var(--ast-global-color-5)","background-image":"","background-repeat":"repeat","background-position":"center center","background-size":"auto","background-attachment":"scroll","background-type":"","background-media":"","overlay-type":"","overlay-color":"","overlay-opacity":"","overlay-gradient":""},"tablet":{"background-color":"var(--ast-global-color-5)","background-image":"","background-repeat":"repeat","background-position":"center center","background-size":"auto","background-attachment":"scroll","background-type":"","background-media":"","overlay-type":"","overlay-color":"","overlay-opacity":"","overlay-gradient":""},"mobile":{"background-color":"var(--ast-global-color-5)","background-image":"","background-repeat":"repeat","background-position":"center center","background-size":"auto","background-attachment":"scroll","background-type":"","background-media":"","overlay-type":"","overlay-color":"","overlay-opacity":"","overlay-gradient":""}},"footnotes":""},"class_list":["post-8239","page","type-page","status-publish","hentry"],"post_mailing_queue_ids":[],"_links":{"self":[{"href":"https:\/\/agora.xtec.cat\/ceip-angelguimera\/wp-json\/wp\/v2\/pages\/8239","targetHints":{"allow":["GET"]}}],"collection":[{"href":"https:\/\/agora.xtec.cat\/ceip-angelguimera\/wp-json\/wp\/v2\/pages"}],"about":[{"href":"https:\/\/agora.xtec.cat\/ceip-angelguimera\/wp-json\/wp\/v2\/types\/page"}],"author":[{"embeddable":true,"href":"https:\/\/agora.xtec.cat\/ceip-angelguimera\/wp-json\/wp\/v2\/users\/1"}],"replies":[{"embeddable":true,"href":"https:\/\/agora.xtec.cat\/ceip-angelguimera\/wp-json\/wp\/v2\/comments?post=8239"}],"version-history":[{"count":6,"href":"https:\/\/agora.xtec.cat\/ceip-angelguimera\/wp-json\/wp\/v2\/pages\/8239\/revisions"}],"predecessor-version":[{"id":10776,"href":"https:\/\/agora.xtec.cat\/ceip-angelguimera\/wp-json\/wp\/v2\/pages\/8239\/revisions\/10776"}],"wp:attachment":[{"href":"https:\/\/agora.xtec.cat\/ceip-angelguimera\/wp-json\/wp\/v2\/media?parent=8239"}],"curies":[{"name":"wp","href":"https:\/\/api.w.org\/{rel}","templated":true}]}}