{"id":7581,"date":"2023-07-05T11:33:07","date_gmt":"2023-07-05T09:33:07","guid":{"rendered":"https:\/\/agora.xtec.cat\/ceip-angelguimera\/?page_id=7581"},"modified":"2025-10-21T10:36:01","modified_gmt":"2025-10-21T08:36:01","slug":"programa-de-tecnics-dintegracio-social","status":"publish","type":"page","link":"https:\/\/agora.xtec.cat\/ceip-angelguimera\/serveis\/programa-de-tecnics-dintegracio-social\/","title":{"rendered":"Programa de T\u00e8cnics d&#8217;Integraci\u00f3 Social"},"content":{"rendered":"<p><strong>El CURS 2025-2026 el Departament d&#8217;Educaci\u00f3 ens ha deixat sense persona T\u00e8cnica d&#8217;integraci\u00f3 social per manca de pressupost. Estem treballant per revertir aquesta situaci\u00f3.<\/strong><\/p>\n<p>El centre NO compta amb una t\u00e8cnica d&#8217;integraci\u00f3 social que forma part del <strong>programa de t\u00e8cnics d&#8217;integraci\u00f3 social i educadors socials cofinan\u00e7at per fons europeus,\u00a0<\/strong>els objectius del qual s\u00f3n:<\/p>\n<ul>\n<li>Prevenir l&#8217;abandonament prematur i el frac\u00e0s escolar.<\/li>\n<li>Procurar el benestar emocional dels alumnes.<\/li>\n<li>Facilitar una bona conviv\u00e8ncia en els centres educatius.<\/li>\n<li>Contribuir a l&#8217;orientaci\u00f3 dels alumnes.<\/li>\n<li>Fomentar la implicaci\u00f3 de les fam\u00edlies.<\/li>\n<li>Fomentar el vincle entre l&#8217;escola i el seu entorn.<\/li>\n<li>Contribuir al desenvolupament de plans d&#8217;\u00e0mbit comunitari.<\/li>\n<li>Reduir l&#8217;absentisme escolar.\u00a0\u00a0\u200b\u200b<\/li>\n<\/ul>\n<p><a href=\"https:\/\/agora.xtec.cat\/ceip-angelguimera\/wp-content\/uploads\/usu637\/2023\/07\/logos-programa-PAE.png\"><img loading=\"lazy\" decoding=\"async\" class=\"alignnone size-full wp-image-7585\" src=\"https:\/\/agora.xtec.cat\/ceip-angelguimera\/wp-content\/uploads\/usu637\/2023\/07\/logos-programa-PAE.png\" alt=\"\" width=\"976\" height=\"100\" srcset=\"https:\/\/agora.xtec.cat\/ceip-angelguimera\/wp-content\/uploads\/usu637\/2023\/07\/logos-programa-PAE.png 976w, https:\/\/agora.xtec.cat\/ceip-angelguimera\/wp-content\/uploads\/usu637\/2023\/07\/logos-programa-PAE-300x31.png 300w, https:\/\/agora.xtec.cat\/ceip-angelguimera\/wp-content\/uploads\/usu637\/2023\/07\/logos-programa-PAE-768x79.png 768w\" sizes=\"auto, (max-width: 976px) 100vw, 976px\" \/><\/a><\/p>\n","protected":false},"excerpt":{"rendered":"<p>El CURS 2025-2026 el Departament d&#8217;Educaci\u00f3 ens ha deixat sense persona T\u00e8cnica d&#8217;integraci\u00f3 social per manca de pressupost. Estem treballant per revertir aquesta situaci\u00f3. El centre NO compta amb una t\u00e8cnica d&#8217;integraci\u00f3 social que forma part del programa de t\u00e8cnics d&#8217;integraci\u00f3 social i educadors socials cofinan\u00e7at per fons europeus,\u00a0els objectius del qual s\u00f3n: Prevenir l&#8217;abandonament [&hellip;]<\/p>\n","protected":false},"author":1,"featured_media":0,"parent":66,"menu_order":0,"comment_status":"closed","ping_status":"closed","template":"","meta":{"_bbp_topic_count":0,"_bbp_reply_count":0,"_bbp_total_topic_count":0,"_bbp_total_reply_count":0,"_bbp_voice_count":0,"_bbp_anonymous_reply_count":0,"_bbp_topic_count_hidden":0,"_bbp_reply_count_hidden":0,"_bbp_forum_subforum_count":0,"site-sidebar-layout":"default","site-content-layout":"","ast-site-content-layout":"default","site-content-style":"default","site-sidebar-style":"default","ast-global-header-display":"","ast-banner-title-visibility":"","ast-main-header-display":"","ast-hfb-above-header-display":"","ast-hfb-below-header-display":"","ast-hfb-mobile-header-display":"","site-post-title":"","ast-breadcrumbs-content":"","ast-featured-img":"","footer-sml-layout":"","theme-transparent-header-meta":"","adv-header-id-meta":"","stick-header-meta":"","header-above-stick-meta":"","header-main-stick-meta":"","header-below-stick-meta":"","astra-migrate-meta-layouts":"set","ast-page-background-enabled":"default","ast-page-background-meta":{"desktop":{"background-color":"var(--ast-global-color-4)","background-image":"","background-repeat":"repeat","background-position":"center center","background-size":"auto","background-attachment":"scroll","background-type":"","background-media":"","overlay-type":"","overlay-color":"","overlay-opacity":"","overlay-gradient":""},"tablet":{"background-color":"","background-image":"","background-repeat":"repeat","background-position":"center center","background-size":"auto","background-attachment":"scroll","background-type":"","background-media":"","overlay-type":"","overlay-color":"","overlay-opacity":"","overlay-gradient":""},"mobile":{"background-color":"","background-image":"","background-repeat":"repeat","background-position":"center center","background-size":"auto","background-attachment":"scroll","background-type":"","background-media":"","overlay-type":"","overlay-color":"","overlay-opacity":"","overlay-gradient":""}},"ast-content-background-meta":{"desktop":{"background-color":"var(--ast-global-color-5)","background-image":"","background-repeat":"repeat","background-position":"center center","background-size":"auto","background-attachment":"scroll","background-type":"","background-media":"","overlay-type":"","overlay-color":"","overlay-opacity":"","overlay-gradient":""},"tablet":{"background-color":"var(--ast-global-color-5)","background-image":"","background-repeat":"repeat","background-position":"center center","background-size":"auto","background-attachment":"scroll","background-type":"","background-media":"","overlay-type":"","overlay-color":"","overlay-opacity":"","overlay-gradient":""},"mobile":{"background-color":"var(--ast-global-color-5)","background-image":"","background-repeat":"repeat","background-position":"center center","background-size":"auto","background-attachment":"scroll","background-type":"","background-media":"","overlay-type":"","overlay-color":"","overlay-opacity":"","overlay-gradient":""}},"footnotes":""},"class_list":["post-7581","page","type-page","status-publish","hentry"],"post_mailing_queue_ids":[],"_links":{"self":[{"href":"https:\/\/agora.xtec.cat\/ceip-angelguimera\/wp-json\/wp\/v2\/pages\/7581","targetHints":{"allow":["GET"]}}],"collection":[{"href":"https:\/\/agora.xtec.cat\/ceip-angelguimera\/wp-json\/wp\/v2\/pages"}],"about":[{"href":"https:\/\/agora.xtec.cat\/ceip-angelguimera\/wp-json\/wp\/v2\/types\/page"}],"author":[{"embeddable":true,"href":"https:\/\/agora.xtec.cat\/ceip-angelguimera\/wp-json\/wp\/v2\/users\/1"}],"replies":[{"embeddable":true,"href":"https:\/\/agora.xtec.cat\/ceip-angelguimera\/wp-json\/wp\/v2\/comments?post=7581"}],"version-history":[{"count":3,"href":"https:\/\/agora.xtec.cat\/ceip-angelguimera\/wp-json\/wp\/v2\/pages\/7581\/revisions"}],"predecessor-version":[{"id":10059,"href":"https:\/\/agora.xtec.cat\/ceip-angelguimera\/wp-json\/wp\/v2\/pages\/7581\/revisions\/10059"}],"up":[{"embeddable":true,"href":"https:\/\/agora.xtec.cat\/ceip-angelguimera\/wp-json\/wp\/v2\/pages\/66"}],"wp:attachment":[{"href":"https:\/\/agora.xtec.cat\/ceip-angelguimera\/wp-json\/wp\/v2\/media?parent=7581"}],"curies":[{"name":"wp","href":"https:\/\/api.w.org\/{rel}","templated":true}]}}