{"id":71,"date":"2014-09-18T12:44:56","date_gmt":"2014-09-18T11:44:56","guid":{"rendered":"http:\/\/agora.xtec.cat\/ceip-angelguimera\/?page_id=71"},"modified":"2023-09-25T13:39:49","modified_gmt":"2023-09-25T11:39:49","slug":"serveis-digitals","status":"publish","type":"page","link":"https:\/\/agora.xtec.cat\/ceip-angelguimera\/serveis\/serveis-digitals\/","title":{"rendered":"Serveis digitals"},"content":{"rendered":"<p>L&#8217;escola est\u00e0 immersa en un proc\u00e9s de digitalitzaci\u00f3. Els serveis amb els quals comptem actualment s\u00f3n els seg\u00fcents:<\/p>\n<p><strong>\u25cf Aplicaci\u00f3 m\u00f2bil: <a href=\"https:\/\/play.google.com\/store\/apps\/details?id=com.dumainteractiva.angelguimera&amp;hl=ca&amp;gl=US&amp;pli=1\">Android<\/a> \/ <a href=\"https:\/\/apps.apple.com\/es\/app\/escola-%C3%A0ngel-guimer%C3%A0\/id1532028718\">Iphone<\/a><\/strong><\/p>\n<p>Utilitzem l\u2019app com a via de comunicaci\u00f3 entre el centre i les fam\u00edlies. Quan les fam\u00edlies formalitzen la matr\u00edcula a I3 se\u2019ls explica com descarregar-la i se\u2019ls hi facilita una contrasenya perqu\u00e8 puguin instal\u00b7lar-la al m\u00f2bil. Si hi ha alumnes nouvinguts al llarg del curs es fa el mateix procediment.<\/p>\n<p>Aquesta aplicaci\u00f3 \u00e9s gratu\u00efta i permet fer pagaments amb targeta. En cas que alguna fam\u00edlia necessiti ajuda per entrar a l&#8217;aplicaci\u00f3 pot passar per secretaria.<\/p>\n<p><a href=\"https:\/\/educaciodigital.cat\/ceip-angelguimera\/moodle\/\"><strong>\u25cf Entorn Virtual d\u2019Aprenentatge (EVA) &#8211; Moodle Eix<\/strong><\/a><\/p>\n<p>A partir de Cicle Mitj\u00e0 es comen\u00e7a a treballar amb el Moodle. S&#8217;introdueixen els conceptes basics i s&#8217;augmenten progressivament les tasques a realitzar mitjan\u00e7ant aquest entorn. L&#8217;alumnat disposa d&#8217;usuari i contrasenya per utilitzar aquest Entorn Virtual d&#8217;Aprenentatge.<\/p>\n<p><strong>\u25cf Ordinador personal i\/o Mifi<\/strong><\/p>\n<p>A partir del curs 22\/23 es proporciona un ordinador personal i\/o Mifi a l\u2019alumnat de cicle superior. Les fam\u00edlies accepten aquest material i es comprometen a fer-ne un bon \u00fas mitjan\u00e7ant un document que retornen signat al centre.<\/p>\n<p><a href=\"https:\/\/agora.xtec.cat\/ceip-angelguimera\/\">\u25cf<strong> Web del centre &#8211; Nodes<\/strong>\u00a0<\/a><\/p>\n<p>La p\u00e0gina web de l&#8217;Escola \u00e9s el mitj\u00e0 de comunicaci\u00f3 entre el claustre i les fam\u00edlies.<br \/>\nEn aquest espai web s&#8217;hi pengen articles sobre activitats de l&#8217;escola i informacions<\/p>\n<ul>\n<li><strong><a href=\"https:\/\/t.me\/s\/Angel_Guimera?before=164\">Telegram<\/a><\/strong><\/li>\n<\/ul>\n<p>Les informacions que es publiquen al web s&#8217;enllacen directament al canal de Telegram de l&#8217;escola.<\/p>\n<ul>\n<li><strong><a href=\"https:\/\/instagram.com\/angelguimera.tarrega?igshid=MzRlODBiNWFlZA==\">Instagram<\/a><\/strong><\/li>\n<\/ul>\n<p>A partir del curs 23-24 l&#8217;escola disposa d&#8217;un perfil a Instagram per fer difusi\u00f3 de les activitats que es realitzen.<\/p>\n","protected":false},"excerpt":{"rendered":"<p>L&#8217;escola est\u00e0 immersa en un proc\u00e9s de digitalitzaci\u00f3. Els serveis amb els quals comptem actualment s\u00f3n els seg\u00fcents: \u25cf Aplicaci\u00f3 m\u00f2bil: Android \/ Iphone Utilitzem l\u2019app com a via de comunicaci\u00f3 entre el centre i les fam\u00edlies. Quan les fam\u00edlies formalitzen la matr\u00edcula a I3 se\u2019ls explica com descarregar-la i se\u2019ls hi facilita una contrasenya [&hellip;]<\/p>\n","protected":false},"author":1,"featured_media":0,"parent":66,"menu_order":10,"comment_status":"closed","ping_status":"closed","template":"page-templates\/side-menu.php","meta":{"_bbp_topic_count":0,"_bbp_reply_count":0,"_bbp_total_topic_count":0,"_bbp_total_reply_count":0,"_bbp_voice_count":0,"_bbp_anonymous_reply_count":0,"_bbp_topic_count_hidden":0,"_bbp_reply_count_hidden":0,"_bbp_forum_subforum_count":0,"site-sidebar-layout":"default","site-content-layout":"","ast-site-content-layout":"","site-content-style":"default","site-sidebar-style":"default","ast-global-header-display":"","ast-banner-title-visibility":"","ast-main-header-display":"","ast-hfb-above-header-display":"","ast-hfb-below-header-display":"","ast-hfb-mobile-header-display":"","site-post-title":"","ast-breadcrumbs-content":"","ast-featured-img":"","footer-sml-layout":"","theme-transparent-header-meta":"","adv-header-id-meta":"","stick-header-meta":"","header-above-stick-meta":"","header-main-stick-meta":"","header-below-stick-meta":"","astra-migrate-meta-layouts":"default","ast-page-background-enabled":"default","ast-page-background-meta":{"desktop":{"background-color":"var(--ast-global-color-4)","background-image":"","background-repeat":"repeat","background-position":"center center","background-size":"auto","background-attachment":"scroll","background-type":"","background-media":"","overlay-type":"","overlay-color":"","overlay-opacity":"","overlay-gradient":""},"tablet":{"background-color":"","background-image":"","background-repeat":"repeat","background-position":"center center","background-size":"auto","background-attachment":"scroll","background-type":"","background-media":"","overlay-type":"","overlay-color":"","overlay-opacity":"","overlay-gradient":""},"mobile":{"background-color":"","background-image":"","background-repeat":"repeat","background-position":"center center","background-size":"auto","background-attachment":"scroll","background-type":"","background-media":"","overlay-type":"","overlay-color":"","overlay-opacity":"","overlay-gradient":""}},"ast-content-background-meta":{"desktop":{"background-color":"var(--ast-global-color-5)","background-image":"","background-repeat":"repeat","background-position":"center center","background-size":"auto","background-attachment":"scroll","background-type":"","background-media":"","overlay-type":"","overlay-color":"","overlay-opacity":"","overlay-gradient":""},"tablet":{"background-color":"var(--ast-global-color-5)","background-image":"","background-repeat":"repeat","background-position":"center center","background-size":"auto","background-attachment":"scroll","background-type":"","background-media":"","overlay-type":"","overlay-color":"","overlay-opacity":"","overlay-gradient":""},"mobile":{"background-color":"var(--ast-global-color-5)","background-image":"","background-repeat":"repeat","background-position":"center center","background-size":"auto","background-attachment":"scroll","background-type":"","background-media":"","overlay-type":"","overlay-color":"","overlay-opacity":"","overlay-gradient":""}},"footnotes":""},"class_list":["post-71","page","type-page","status-publish","hentry"],"post_mailing_queue_ids":[],"_links":{"self":[{"href":"https:\/\/agora.xtec.cat\/ceip-angelguimera\/wp-json\/wp\/v2\/pages\/71","targetHints":{"allow":["GET"]}}],"collection":[{"href":"https:\/\/agora.xtec.cat\/ceip-angelguimera\/wp-json\/wp\/v2\/pages"}],"about":[{"href":"https:\/\/agora.xtec.cat\/ceip-angelguimera\/wp-json\/wp\/v2\/types\/page"}],"author":[{"embeddable":true,"href":"https:\/\/agora.xtec.cat\/ceip-angelguimera\/wp-json\/wp\/v2\/users\/1"}],"replies":[{"embeddable":true,"href":"https:\/\/agora.xtec.cat\/ceip-angelguimera\/wp-json\/wp\/v2\/comments?post=71"}],"version-history":[{"count":3,"href":"https:\/\/agora.xtec.cat\/ceip-angelguimera\/wp-json\/wp\/v2\/pages\/71\/revisions"}],"predecessor-version":[{"id":7627,"href":"https:\/\/agora.xtec.cat\/ceip-angelguimera\/wp-json\/wp\/v2\/pages\/71\/revisions\/7627"}],"up":[{"embeddable":true,"href":"https:\/\/agora.xtec.cat\/ceip-angelguimera\/wp-json\/wp\/v2\/pages\/66"}],"wp:attachment":[{"href":"https:\/\/agora.xtec.cat\/ceip-angelguimera\/wp-json\/wp\/v2\/media?parent=71"}],"curies":[{"name":"wp","href":"https:\/\/api.w.org\/{rel}","templated":true}]}}