{"id":5103,"date":"2022-05-05T16:35:37","date_gmt":"2022-05-05T14:35:37","guid":{"rendered":"https:\/\/agora.xtec.cat\/ceip-angelguimera\/?page_id=5103"},"modified":"2022-09-17T20:20:04","modified_gmt":"2022-09-17T18:20:04","slug":"documentacio-basica","status":"publish","type":"page","link":"https:\/\/agora.xtec.cat\/ceip-angelguimera\/estrategia-digital\/cultura-digital\/documentacio-basica\/","title":{"rendered":"Documentaci\u00f3 b\u00e0sica"},"content":{"rendered":"<p>A continuaci\u00f3 trobareu tot all\u00f2 relacionat amb la cultura digital reflectida als documents b\u00e0sics del centre.<\/p>\n<p><a href=\"http:\/\/agora.xtec.cat\/ceip-angelguimera\/wp-content\/uploads\/usu637\/2014\/09\/1.-PROJECTE-EDUCATIU.pdf\"><b>PEC<\/b><\/a><\/p>\n<p><strong>En el PEC de l\u2019escola l\u2019\u00e0mbit digital queda reflectit en dos aspectes:<\/strong><\/p>\n<ul>\n<li style=\"font-weight: 400;\"><span style=\"font-weight: 400;\">A totes les aules trobem com a m\u00ednim un ordinador de sobretaula amb connexi\u00f3 a internet. Tamb\u00e9 hi ha connexi\u00f3 wifi a tota l\u2019escola. Totes les aules disposen d\u2019una pissarra digital o blanca i un can\u00f3.\u00a0<\/span><\/li>\n<li style=\"font-weight: 400;\"><span style=\"font-weight: 400;\">El claustre de l\u2019escola s\u2019organitza en diferents comissions per tal de vetllar pel funcionament de diferents \u00e0mbits. Entre elles trobem: LIC, estrat\u00e8gia digital, festes, escola verda i atenci\u00f3 a la diversitat.\u00a0<\/span><\/li>\n<\/ul>\n<p><a href=\"https:\/\/agora.xtec.cat\/ceip-angelguimera\/wp-content\/uploads\/usu637\/2021\/11\/5.-NOF-1.pdf\"><b>NOFC<\/b><\/a><\/p>\n<p><b>Les normes d\u2019organitzaci\u00f3 i funcionament del centre fan refer\u00e8ncia a l\u2019\u00e0mbit digital en els seg\u00fcents punts:<\/b><\/p>\n<ul>\n<li style=\"font-weight: 400;\"><span style=\"font-weight: 400;\">L\u2019escola disposa d\u2019un mestre que realitza les funcions de coordinador d\u2019inform\u00e0tica. Entre les seves funcions hi ha: proposar criteris per optimitzar els recursos inform\u00e0tics, assessorar la comunitat educativa, vetllar pel manteniment dels equipaments o orientar l\u2019equip docent en eines i aplicacions \u00fatils en la seva activitat.\u00a0<\/span><\/li>\n<li style=\"font-weight: 400;\"><span style=\"font-weight: 400;\">En l\u2019apartat dels drets de l\u2019alumnat s\u2019esmenta que tots els nens i nenes tenen el dret b\u00e0sic d\u2019\u00e9sser educats en el discurs audiovisual.<\/span><\/li>\n<li style=\"font-weight: 400;\"><span style=\"font-weight: 400;\">Quant a l\u2019organitzaci\u00f3 de l\u2019equip docent en comissions, les NOFC expliquen que \u201cles comissions estaran formades per un o dos mestres de cada cicle, de manera que tots els mestres del centre formin part d\u2019una comissi\u00f3\u201d. Una d\u2019elles \u00e9s la comissi\u00f3 digital.<\/span><\/li>\n<li style=\"font-weight: 400;\"><span style=\"font-weight: 400;\">En l\u2019apartat de normes de conviv\u00e8ncia, el punt 27 especifica que \u201cels alumnes no poden dur cap tipus d\u2019aparell electr\u00f2nic (joguines, r\u00e0dios&#8230;). Nom\u00e9s seran permesos si s\u2019han d\u2019utilitzar per desenvolupar alguna activitat docent\u201d i el punt 28 esmenta que \u201cels alumnes no poden dur m\u00f2bil a l\u2019escola. Si els duen podran ser requisats. Els m\u00f2bils es retornaran als pares dels alumnes, que hauran de venir a recollir-los al centre. El centre no es fa responsable de la desaparici\u00f3 de cap m\u00f2bil ni de la seva recerca\u201d.<\/span><\/li>\n<li style=\"font-weight: 400;\"><span style=\"font-weight: 400;\">En refer\u00e8ncia a la comunicaci\u00f3 amb les fam\u00edlies, s\u2019utilitzen el Web i els blocs de l\u2019escola per informar les fam\u00edlies sobre les diferents activitats que realitzen els alumnes dins i fora l\u2019aula.<\/span><\/li>\n<\/ul>\n","protected":false},"excerpt":{"rendered":"<p>A continuaci\u00f3 trobareu tot all\u00f2 relacionat amb la cultura digital reflectida als documents b\u00e0sics del centre. PEC En el PEC de l\u2019escola l\u2019\u00e0mbit digital queda reflectit en dos aspectes: A totes les aules trobem com a m\u00ednim un ordinador de sobretaula amb connexi\u00f3 a internet. Tamb\u00e9 hi ha connexi\u00f3 wifi a tota l\u2019escola. Totes les [&hellip;]<\/p>\n","protected":false},"author":1,"featured_media":0,"parent":5082,"menu_order":0,"comment_status":"closed","ping_status":"closed","template":"page-templates\/side-menu.php","meta":{"_bbp_topic_count":0,"_bbp_reply_count":0,"_bbp_total_topic_count":0,"_bbp_total_reply_count":0,"_bbp_voice_count":0,"_bbp_anonymous_reply_count":0,"_bbp_topic_count_hidden":0,"_bbp_reply_count_hidden":0,"_bbp_forum_subforum_count":0,"site-sidebar-layout":"default","site-content-layout":"","ast-site-content-layout":"","site-content-style":"default","site-sidebar-style":"default","ast-global-header-display":"","ast-banner-title-visibility":"","ast-main-header-display":"","ast-hfb-above-header-display":"","ast-hfb-below-header-display":"","ast-hfb-mobile-header-display":"","site-post-title":"","ast-breadcrumbs-content":"","ast-featured-img":"","footer-sml-layout":"","theme-transparent-header-meta":"","adv-header-id-meta":"","stick-header-meta":"","header-above-stick-meta":"","header-main-stick-meta":"","header-below-stick-meta":"","astra-migrate-meta-layouts":"default","ast-page-background-enabled":"default","ast-page-background-meta":{"desktop":{"background-color":"var(--ast-global-color-4)","background-image":"","background-repeat":"repeat","background-position":"center center","background-size":"auto","background-attachment":"scroll","background-type":"","background-media":"","overlay-type":"","overlay-color":"","overlay-opacity":"","overlay-gradient":""},"tablet":{"background-color":"","background-image":"","background-repeat":"repeat","background-position":"center center","background-size":"auto","background-attachment":"scroll","background-type":"","background-media":"","overlay-type":"","overlay-color":"","overlay-opacity":"","overlay-gradient":""},"mobile":{"background-color":"","background-image":"","background-repeat":"repeat","background-position":"center center","background-size":"auto","background-attachment":"scroll","background-type":"","background-media":"","overlay-type":"","overlay-color":"","overlay-opacity":"","overlay-gradient":""}},"ast-content-background-meta":{"desktop":{"background-color":"var(--ast-global-color-5)","background-image":"","background-repeat":"repeat","background-position":"center center","background-size":"auto","background-attachment":"scroll","background-type":"","background-media":"","overlay-type":"","overlay-color":"","overlay-opacity":"","overlay-gradient":""},"tablet":{"background-color":"var(--ast-global-color-5)","background-image":"","background-repeat":"repeat","background-position":"center center","background-size":"auto","background-attachment":"scroll","background-type":"","background-media":"","overlay-type":"","overlay-color":"","overlay-opacity":"","overlay-gradient":""},"mobile":{"background-color":"var(--ast-global-color-5)","background-image":"","background-repeat":"repeat","background-position":"center center","background-size":"auto","background-attachment":"scroll","background-type":"","background-media":"","overlay-type":"","overlay-color":"","overlay-opacity":"","overlay-gradient":""}},"footnotes":""},"class_list":["post-5103","page","type-page","status-publish","hentry"],"post_mailing_queue_ids":[],"_links":{"self":[{"href":"https:\/\/agora.xtec.cat\/ceip-angelguimera\/wp-json\/wp\/v2\/pages\/5103","targetHints":{"allow":["GET"]}}],"collection":[{"href":"https:\/\/agora.xtec.cat\/ceip-angelguimera\/wp-json\/wp\/v2\/pages"}],"about":[{"href":"https:\/\/agora.xtec.cat\/ceip-angelguimera\/wp-json\/wp\/v2\/types\/page"}],"author":[{"embeddable":true,"href":"https:\/\/agora.xtec.cat\/ceip-angelguimera\/wp-json\/wp\/v2\/users\/1"}],"replies":[{"embeddable":true,"href":"https:\/\/agora.xtec.cat\/ceip-angelguimera\/wp-json\/wp\/v2\/comments?post=5103"}],"version-history":[{"count":3,"href":"https:\/\/agora.xtec.cat\/ceip-angelguimera\/wp-json\/wp\/v2\/pages\/5103\/revisions"}],"predecessor-version":[{"id":5771,"href":"https:\/\/agora.xtec.cat\/ceip-angelguimera\/wp-json\/wp\/v2\/pages\/5103\/revisions\/5771"}],"up":[{"embeddable":true,"href":"https:\/\/agora.xtec.cat\/ceip-angelguimera\/wp-json\/wp\/v2\/pages\/5082"}],"wp:attachment":[{"href":"https:\/\/agora.xtec.cat\/ceip-angelguimera\/wp-json\/wp\/v2\/media?parent=5103"}],"curies":[{"name":"wp","href":"https:\/\/api.w.org\/{rel}","templated":true}]}}